{"id":96,"date":"2020-03-10T08:23:28","date_gmt":"2020-03-10T07:23:28","guid":{"rendered":"http:\/\/liguegolfbfc.org\/?page_id=96"},"modified":"2021-02-16T08:50:56","modified_gmt":"2021-02-16T07:50:56","slug":"dames-mid-amateurs-competition-de-ligue","status":"publish","type":"page","link":"https:\/\/liguegolfbfc.org\/index.php\/dames-mid-amateurs-competition-de-ligue\/","title":{"rendered":"DAMES MID-AMATEURS | COMPETITION DE LIGUE"},"content":{"rendered":"\n<p><\/p>\n\n\n\n<h2 class=\"wp-block-heading\"><\/h2>\n\n\n\n<hr class=\"wp-block-separator\"\/>\n\n\n\n<p class=\"has-small-font-size\"><em>Infos utiles : Les d\u00e9parts du 1er tour des comp\u00e9titions individuelles et par \u00e9quipe sont publi\u00e9es sur le Site Internet de la Ligue et\/ou sur la Page Facebook, au plus tard la veille de l\u2019\u00e9preuve. Les participants peuvent aussi contacter directement le Club ou utiliser l\u2019application FFGolf via leur smartphone pour connaitre leur horaire de d\u00e9part. La Ligue se r\u00e9serve le droit de modifier ou d\u2019annuler une \u00e9preuve. En cas doute sur la tenue d\u2019une \u00e9preuve, merci de prendre contact directement avec le Club qui re\u00e7oit l\u2019\u00e9preuve.<\/em><\/p>\n","protected":false},"excerpt":{"rendered":"<p>Infos utiles : Les d\u00e9parts du 1er tour des comp\u00e9titions individuelles et par \u00e9quipe sont publi\u00e9es sur le Site Internet de la Ligue et\/ou sur la Page Facebook, au plus tard la veille de l\u2019\u00e9preuve. Les participants peuvent aussi contacter directement le Club ou utiliser l\u2019application FFGolf via leur smartphone pour connaitre leur horaire de [&hellip;]<\/p>\n","protected":false},"author":1,"featured_media":0,"parent":0,"menu_order":0,"comment_status":"closed","ping_status":"closed","template":"page-templates\/page-full-width.php","meta":{"footnotes":""},"class_list":["post-96","page","type-page","status-publish","hentry"],"jetpack_sharing_enabled":true,"_links":{"self":[{"href":"https:\/\/liguegolfbfc.org\/index.php\/wp-json\/wp\/v2\/pages\/96","targetHints":{"allow":["GET"]}}],"collection":[{"href":"https:\/\/liguegolfbfc.org\/index.php\/wp-json\/wp\/v2\/pages"}],"about":[{"href":"https:\/\/liguegolfbfc.org\/index.php\/wp-json\/wp\/v2\/types\/page"}],"author":[{"embeddable":true,"href":"https:\/\/liguegolfbfc.org\/index.php\/wp-json\/wp\/v2\/users\/1"}],"replies":[{"embeddable":true,"href":"https:\/\/liguegolfbfc.org\/index.php\/wp-json\/wp\/v2\/comments?post=96"}],"version-history":[{"count":24,"href":"https:\/\/liguegolfbfc.org\/index.php\/wp-json\/wp\/v2\/pages\/96\/revisions"}],"predecessor-version":[{"id":4477,"href":"https:\/\/liguegolfbfc.org\/index.php\/wp-json\/wp\/v2\/pages\/96\/revisions\/4477"}],"wp:attachment":[{"href":"https:\/\/liguegolfbfc.org\/index.php\/wp-json\/wp\/v2\/media?parent=96"}],"curies":[{"name":"wp","href":"https:\/\/api.w.org\/{rel}","templated":true}]}}