{"id":849,"date":"2020-03-21T14:14:57","date_gmt":"2020-03-21T13:14:57","guid":{"rendered":"http:\/\/liguegolfbfc.org\/?page_id=849"},"modified":"2025-03-06T14:38:05","modified_gmt":"2025-03-06T13:38:05","slug":"ligue-merite-index-tee","status":"publish","type":"page","link":"https:\/\/liguegolfbfc.org\/index.php\/ligue-merite-index-tee\/","title":{"rendered":"LIGUE | M\u00c9RITE, INDEX, TEE DE D\u00c9PART"},"content":{"rendered":"\n<h2 class=\"wp-block-heading\">Le calcul des M\u00e9rites <\/h2>\n\n\n\n<p>Le nouveau classement du m\u00e9rite amateurs est fonction d\u2019une moyenne des points de performance de toutes les comp\u00e9titions jou\u00e9es sur les 12 derniers mois, et non plus la somme des points des 8 meilleures performances des 12 derniers mois.<\/p>\n\n\n\n<p><a aria-label=\"Consulter le m\u00e9rite FFG (s\u2019ouvre dans un nouvel onglet)\" href=\"https:\/\/www.ffgolf.org\/Jouer\/Toutes-categories-Messieurs-Dames\/Classement-nationaux\/Merite-national-Messieurs\" target=\"_blank\" rel=\"noreferrer noopener\">Consultez le m\u00e9rite FFG<\/a><\/p>\n\n\n\n<h2 class=\"wp-block-heading\">Index du joueur<\/h2>\n\n\n\n<p>En 2025, votre nouvel INDEX correspondra \u00e0 la moyenne arrondie de vos 8 meilleures cartes jou\u00e9es sur les 20 derni\u00e8res cartes enregistr\u00e9es (en partie amicale, challenge, ou comp\u00e9tition individuelle) .&nbsp;<\/p>\n\n\n\n<p>Pour \u00e9valuer le HCP jou\u00e9, le score net Stableford est compar\u00e9 \u00e0 36. Chaque point au-dessus de 36 correspond \u00e0 1 point de mieux jou\u00e9 par rapport au HCP pr\u00e9c\u00e9dent.<\/p>\n\n\n\n<p>Formule de calcul : HCP jou\u00e9 = HCP de r\u00e9f\u00e9rence + (36 \u2013 Score net Stableford)<\/p>\n\n\n\n<p>Certains ajustements suppl\u00e9mentaires sont aussi appliqu\u00e9s dans le calcul. <\/p>\n\n\n\n<p><a aria-label=\"Consultez les documents de r\u00e9f\u00e9rence pour en savoir plus (s\u2019ouvre dans un nouvel onglet)\" rel=\"noreferrer noopener\" href=\"https:\/\/www.ffgolf.org\/Jouer\/World-Handicap-System?utm_source=whs&amp;utm_medium=habillage&amp;utm_campaign=desktop\" target=\"_blank\">Consultez les documents FFGOLF de r\u00e9f\u00e9rence pour en savoir plus  sur le WHS<\/a>.<\/p>\n\n\n\n<h2 class=\"wp-block-heading\">D\u00e9parts recommand\u00e9s<\/h2>\n\n\n\n<p>La F\u00e9d\u00e9ration Fran\u00e7aise de Golf (ffgolf) et ses clubs ont mis en place les <strong>d\u00e9parts recommand\u00e9s<\/strong> pour vous permettre de jouer mieux et plus rapidement, en choisissant la couleur de d\u00e9part adapt\u00e9e \u00e0 votre niveau de jeu, votre \u00e2ge et votre sexe. Cette initiative vise \u00e0 accro\u00eetre votre plaisir sur les parcours.<\/p>\n\n\n\n<p><strong>Pourquoi des d\u00e9parts recommand\u00e9s ?<\/strong><\/p>\n\n\n\n<p>Depuis le 6 novembre 2019, la ffgolf recommande une couleur de d\u00e9part sp\u00e9cifique pour chaque licenci\u00e9, d\u00e9termin\u00e9e en fonction de crit\u00e8res tels que le niveau de jeu, l\u2019\u00e2ge et le sexe. Cette recommandation n\u2019est pas obligatoire ; vous \u00eates libre de la suivre ou non. De plus, les clubs conservent la libert\u00e9 de d\u00e9finir leurs propres recommandations de d\u00e9part. L\u2019index reste la r\u00e9f\u00e9rence principale pour le jeu en comp\u00e9tition individuelle ou par \u00e9quipe.<\/p>\n\n\n\n<p>Lors de la saisie de vos parties amicales dans l\u2019Espace licenci\u00e9, la recommandation de d\u00e9part tiendra compte de la longueur du parcours s\u00e9lectionn\u00e9.<\/p>\n\n\n\n<p><strong>Pour qui ?<\/strong><\/p>\n\n\n\n<p>Tous les licenci\u00e9s de la ffgolf b\u00e9n\u00e9ficient d\u2019une couleur de d\u00e9part recommand\u00e9e. Pour les joueurs de moins de 17 ans, la tranche d\u2019\u00e2ge est \u00e9galement prise en compte. La couleur de d\u00e9part est attribu\u00e9e automatiquement selon un tableau de recommandations et peut \u00e9voluer au cours de l\u2019ann\u00e9e en fonction de votre progression ou de votre \u00e2ge.<\/p>\n\n\n\n<p>La couleur du d\u00e9part recommand\u00e9 appara\u00eet pour chaque golfeur sur sa licence digitale, accessible dans son Espace licenci\u00e9, dans l\u2019application ffgolf ou dans l\u2019application Kady.&nbsp;<\/p>\n\n\n\n<p>En r\u00e9sum\u00e9, les d\u00e9parts recommand\u00e9s sont con\u00e7us pour optimiser votre exp\u00e9rience de jeu en vous proposant une couleur de d\u00e9part adapt\u00e9e \u00e0 vos caract\u00e9ristiques personnelles, tout en respectant votre libert\u00e9 de choix et les sp\u00e9cificit\u00e9s de chaque club.<\/p>\n\n\n\n<figure class=\"wp-block-image size-large\"><img loading=\"lazy\" decoding=\"async\" width=\"586\" height=\"904\" src=\"http:\/\/liguegolfbfc.org\/wp-content\/uploads\/2020\/03\/DEPARTS.jpg\" alt=\"\" class=\"wp-image-1063\" srcset=\"https:\/\/liguegolfbfc.org\/wp-content\/uploads\/2020\/03\/DEPARTS.jpg 586w, https:\/\/liguegolfbfc.org\/wp-content\/uploads\/2020\/03\/DEPARTS-194x300.jpg 194w\" sizes=\"auto, (max-width: 586px) 100vw, 586px\" \/><\/figure>\n","protected":false},"excerpt":{"rendered":"<p>Le calcul des M\u00e9rites Le nouveau classement du m\u00e9rite amateurs est fonction d\u2019une moyenne des points de performance de toutes les comp\u00e9titions jou\u00e9es sur les 12 derniers mois, et non plus la somme des points des 8 meilleures performances des 12 derniers mois. Consultez le m\u00e9rite FFG Index du joueur En 2025, votre nouvel INDEX [&hellip;]<\/p>\n","protected":false},"author":1,"featured_media":0,"parent":0,"menu_order":0,"comment_status":"closed","ping_status":"closed","template":"page-templates\/page-full-width.php","meta":{"footnotes":""},"class_list":["post-849","page","type-page","status-publish","hentry"],"jetpack_sharing_enabled":true,"_links":{"self":[{"href":"https:\/\/liguegolfbfc.org\/index.php\/wp-json\/wp\/v2\/pages\/849","targetHints":{"allow":["GET"]}}],"collection":[{"href":"https:\/\/liguegolfbfc.org\/index.php\/wp-json\/wp\/v2\/pages"}],"about":[{"href":"https:\/\/liguegolfbfc.org\/index.php\/wp-json\/wp\/v2\/types\/page"}],"author":[{"embeddable":true,"href":"https:\/\/liguegolfbfc.org\/index.php\/wp-json\/wp\/v2\/users\/1"}],"replies":[{"embeddable":true,"href":"https:\/\/liguegolfbfc.org\/index.php\/wp-json\/wp\/v2\/comments?post=849"}],"version-history":[{"count":16,"href":"https:\/\/liguegolfbfc.org\/index.php\/wp-json\/wp\/v2\/pages\/849\/revisions"}],"predecessor-version":[{"id":16987,"href":"https:\/\/liguegolfbfc.org\/index.php\/wp-json\/wp\/v2\/pages\/849\/revisions\/16987"}],"wp:attachment":[{"href":"https:\/\/liguegolfbfc.org\/index.php\/wp-json\/wp\/v2\/media?parent=849"}],"curies":[{"name":"wp","href":"https:\/\/api.w.org\/{rel}","templated":true}]}}