{"id":79,"date":"2020-03-10T08:17:20","date_gmt":"2020-03-10T07:17:20","guid":{"rendered":"http:\/\/liguegolfbfc.org\/?page_id=79"},"modified":"2021-10-28T11:38:16","modified_gmt":"2021-10-28T09:38:16","slug":"dames-messieurs-seniors-competition-inter-club","status":"publish","type":"page","link":"https:\/\/liguegolfbfc.org\/index.php\/dames-messieurs-seniors-competition-inter-club\/","title":{"rendered":"DAMES ET MESSIEURS S\u00c9NIORS | COMP\u00c9TITION INTER-CLUB"},"content":{"rendered":"\n<p>Depuis 1992, l\u2019association \u00ab&nbsp; <strong>Seniors Golfeurs de Bourgogne Franche-Comt\u00e9 \u2013 SGBFC&nbsp;\u00bb<\/strong> organise des rencontres seniors inter-club sur 17 golfs de la r\u00e9gion. En moyenne 600 golfeurs (adh\u00e9rents de l\u2019association) participent chaque ann\u00e9e aux diverses rencontres propos\u00e9es.<\/p>\n\n\n\n<p>Un site internet d\u00e9di\u00e9 relaie toute l\u2019information&nbsp;:\nCalendrier, r\u00e9sultats, vademecum\u2026 pour l\u2019ensemble des seniors de la r\u00e9gion.<\/p>\n\n\n\n<p class=\"has-medium-font-size\"><a rel=\"noreferrer noopener\" href=\"https:\/\/sgbfc.jimdofree.com\" target=\"_blank\"><strong>www.sgbfc.jimdofree.com<\/strong><\/a><\/p>\n\n\n\n<p>Les comp\u00e9titions ont lieu en g\u00e9n\u00e9ral, le jeudi&nbsp; et sont \u00e9chelonn\u00e9es d\u2019Avril \u00e0 fin Octobre.<\/p>\n\n\n\n<p>Elles s\u2019organisent en&nbsp;trois groupes (A,B,C) selon les\nniveaux de jeux avec classement en net et en brut. Plusieurs types de\ncomp\u00e9tition ont lieu&nbsp;:<\/p>\n\n\n\n<ul class=\"wp-block-list\"><li>Un championnat inter-club (CHIC) (16 rencontres\npar saison et par groupe) en stroke play et stableford selon les s\u00e9ries avec <ul><li>classement individuel par s\u00e9rie par comp\u00e9tition\net classement annuel.<\/li><\/ul><ul><li>Classement inter-club<\/li><\/ul><ul><li>S\u00e9lection des six meilleurs clubs (TOP6)<\/li><\/ul><\/li><li>Un championnat match-Play par \u00e9quipe<\/li><li>Des rencontres avec d\u2019autres ligues pour le\nvainqueur du TOP6<\/li><li>Des amicales en scramble ou Greensome (14 par\nsaison)<\/li><\/ul>\n\n\n\n<figure class=\"wp-block-gallery columns-2 is-cropped wp-block-gallery-1 is-layout-flex wp-block-gallery-is-layout-flex\"><ul class=\"blocks-gallery-grid\"><li class=\"blocks-gallery-item\"><figure><a href=\"http:\/\/liguegolfbfc.org\/wp-content\/uploads\/2020\/03\/2019gdestValsorne.jpg\" data-rel=\"lightbox-gallery-A3ZgwGNJ\" data-rl_title=\"\" data-rl_caption=\"\" title=\"\"><img loading=\"lazy\" decoding=\"async\" width=\"1024\" height=\"768\" src=\"http:\/\/liguegolfbfc.org\/wp-content\/uploads\/2020\/03\/2019gdestValsorne.jpg\" alt=\"\" data-id=\"1301\" data-full-url=\"http:\/\/liguegolfbfc.org\/wp-content\/uploads\/2020\/03\/2019gdestValsorne.jpg\" data-link=\"http:\/\/liguegolfbfc.org\/index.php\/dames-messieurs-seniors-competition-inter-club\/2019gdestvalsorne\/\" class=\"wp-image-1301\" srcset=\"https:\/\/liguegolfbfc.org\/wp-content\/uploads\/2020\/03\/2019gdestValsorne.jpg 1024w, https:\/\/liguegolfbfc.org\/wp-content\/uploads\/2020\/03\/2019gdestValsorne-300x225.jpg 300w, https:\/\/liguegolfbfc.org\/wp-content\/uploads\/2020\/03\/2019gdestValsorne-768x576.jpg 768w\" sizes=\"auto, (max-width: 1024px) 100vw, 1024px\" \/><\/a><\/figure><\/li><li class=\"blocks-gallery-item\"><figure><a href=\"http:\/\/liguegolfbfc.org\/wp-content\/uploads\/2020\/03\/2019Top6Chailly.jpeg\" data-rel=\"lightbox-gallery-A3ZgwGNJ\" data-rl_title=\"\" data-rl_caption=\"\" title=\"\"><img loading=\"lazy\" decoding=\"async\" width=\"640\" height=\"480\" src=\"http:\/\/liguegolfbfc.org\/wp-content\/uploads\/2020\/03\/2019Top6Chailly.jpeg\" alt=\"\" data-id=\"1302\" data-full-url=\"http:\/\/liguegolfbfc.org\/wp-content\/uploads\/2020\/03\/2019Top6Chailly.jpeg\" data-link=\"http:\/\/liguegolfbfc.org\/index.php\/dames-messieurs-seniors-competition-inter-club\/2019top6chailly\/\" class=\"wp-image-1302\" srcset=\"https:\/\/liguegolfbfc.org\/wp-content\/uploads\/2020\/03\/2019Top6Chailly.jpeg 640w, https:\/\/liguegolfbfc.org\/wp-content\/uploads\/2020\/03\/2019Top6Chailly-300x225.jpeg 300w\" sizes=\"auto, (max-width: 640px) 100vw, 640px\" \/><\/a><\/figure><\/li><li class=\"blocks-gallery-item\"><figure><a href=\"http:\/\/liguegolfbfc.org\/wp-content\/uploads\/2020\/03\/20170615top6.jpg\" data-rel=\"lightbox-gallery-A3ZgwGNJ\" data-rl_title=\"\" data-rl_caption=\"\" title=\"\"><img loading=\"lazy\" decoding=\"async\" width=\"640\" height=\"427\" src=\"http:\/\/liguegolfbfc.org\/wp-content\/uploads\/2020\/03\/20170615top6.jpg\" alt=\"\" data-id=\"1303\" data-full-url=\"http:\/\/liguegolfbfc.org\/wp-content\/uploads\/2020\/03\/20170615top6.jpg\" data-link=\"http:\/\/liguegolfbfc.org\/index.php\/dames-messieurs-seniors-competition-inter-club\/20170615top6\/\" class=\"wp-image-1303\" srcset=\"https:\/\/liguegolfbfc.org\/wp-content\/uploads\/2020\/03\/20170615top6.jpg 640w, https:\/\/liguegolfbfc.org\/wp-content\/uploads\/2020\/03\/20170615top6-300x200.jpg 300w, https:\/\/liguegolfbfc.org\/wp-content\/uploads\/2020\/03\/20170615top6-272x182.jpg 272w\" sizes=\"auto, (max-width: 640px) 100vw, 640px\" \/><\/a><\/figure><\/li><li class=\"blocks-gallery-item\"><figure><a href=\"http:\/\/liguegolfbfc.org\/wp-content\/uploads\/2020\/03\/Top6-scaled.jpg\" data-rel=\"lightbox-gallery-A3ZgwGNJ\" data-rl_title=\"\" data-rl_caption=\"\" title=\"\"><img loading=\"lazy\" decoding=\"async\" width=\"1024\" height=\"683\" src=\"http:\/\/liguegolfbfc.org\/wp-content\/uploads\/2020\/03\/Top6-1024x683.jpg\" alt=\"\" data-id=\"1304\" data-full-url=\"http:\/\/liguegolfbfc.org\/wp-content\/uploads\/2020\/03\/Top6-scaled.jpg\" data-link=\"http:\/\/liguegolfbfc.org\/index.php\/dames-messieurs-seniors-competition-inter-club\/top6\/\" class=\"wp-image-1304\" srcset=\"https:\/\/liguegolfbfc.org\/wp-content\/uploads\/2020\/03\/Top6-1024x683.jpg 1024w, https:\/\/liguegolfbfc.org\/wp-content\/uploads\/2020\/03\/Top6-300x200.jpg 300w, https:\/\/liguegolfbfc.org\/wp-content\/uploads\/2020\/03\/Top6-768x512.jpg 768w, https:\/\/liguegolfbfc.org\/wp-content\/uploads\/2020\/03\/Top6-1536x1024.jpg 1536w, https:\/\/liguegolfbfc.org\/wp-content\/uploads\/2020\/03\/Top6-2048x1365.jpg 2048w, https:\/\/liguegolfbfc.org\/wp-content\/uploads\/2020\/03\/Top6-272x182.jpg 272w\" sizes=\"auto, (max-width: 1024px) 100vw, 1024px\" \/><\/a><\/figure><\/li><\/ul><\/figure>\n","protected":false},"excerpt":{"rendered":"<p>Depuis 1992, l\u2019association \u00ab&nbsp; Seniors Golfeurs de Bourgogne Franche-Comt\u00e9 \u2013 SGBFC&nbsp;\u00bb organise des rencontres seniors inter-club sur 17 golfs de la r\u00e9gion. En moyenne 600 golfeurs (adh\u00e9rents de l\u2019association) participent chaque ann\u00e9e aux diverses rencontres propos\u00e9es. Un site internet d\u00e9di\u00e9 relaie toute l\u2019information&nbsp;: Calendrier, r\u00e9sultats, vademecum\u2026 pour l\u2019ensemble des seniors de la r\u00e9gion. www.sgbfc.jimdofree.com Les [&hellip;]<\/p>\n","protected":false},"author":1,"featured_media":0,"parent":0,"menu_order":0,"comment_status":"closed","ping_status":"closed","template":"page-templates\/page-full-width.php","meta":{"footnotes":""},"class_list":["post-79","page","type-page","status-publish","hentry"],"jetpack_sharing_enabled":true,"_links":{"self":[{"href":"https:\/\/liguegolfbfc.org\/index.php\/wp-json\/wp\/v2\/pages\/79","targetHints":{"allow":["GET"]}}],"collection":[{"href":"https:\/\/liguegolfbfc.org\/index.php\/wp-json\/wp\/v2\/pages"}],"about":[{"href":"https:\/\/liguegolfbfc.org\/index.php\/wp-json\/wp\/v2\/types\/page"}],"author":[{"embeddable":true,"href":"https:\/\/liguegolfbfc.org\/index.php\/wp-json\/wp\/v2\/users\/1"}],"replies":[{"embeddable":true,"href":"https:\/\/liguegolfbfc.org\/index.php\/wp-json\/wp\/v2\/comments?post=79"}],"version-history":[{"count":12,"href":"https:\/\/liguegolfbfc.org\/index.php\/wp-json\/wp\/v2\/pages\/79\/revisions"}],"predecessor-version":[{"id":7847,"href":"https:\/\/liguegolfbfc.org\/index.php\/wp-json\/wp\/v2\/pages\/79\/revisions\/7847"}],"wp:attachment":[{"href":"https:\/\/liguegolfbfc.org\/index.php\/wp-json\/wp\/v2\/media?parent=79"}],"curies":[{"name":"wp","href":"https:\/\/api.w.org\/{rel}","templated":true}]}}