{"id":77,"date":"2020-03-10T08:16:58","date_gmt":"2020-03-10T07:16:58","guid":{"rendered":"http:\/\/liguegolfbfc.org\/?page_id=77"},"modified":"2025-07-28T12:23:49","modified_gmt":"2025-07-28T10:23:49","slug":"messieurs-seniors-competition-de-ligue","status":"publish","type":"page","link":"https:\/\/liguegolfbfc.org\/index.php\/messieurs-seniors-competition-de-ligue\/","title":{"rendered":"MESSIEURS S\u00c9NIORS | COMP\u00c9TITION DE LIGUE"},"content":{"rendered":"\n<h2 class=\"wp-block-heading has-white-color has-text-color has-background\" id=\"ProjetSportif2023\" style=\"background:linear-gradient(135deg,rgb(0,51,96) 0%,rgb(0,51,96) 55%,rgb(0,51,96) 100%)\"><strong>ANN\u00c9E 2025<\/strong><\/h2>\n\n\n\n<h4 class=\"wp-block-heading\">CHAMPIONNAT DE LIGUE SENIORS &#8211; Samedi 26 juillet &#8211; Golf Quetigny <\/h4>\n\n\n\n<div class=\"wp-block-columns is-layout-flex wp-container-core-columns-is-layout-9d6595d7 wp-block-columns-is-layout-flex\">\n<div class=\"wp-block-column is-layout-flow wp-block-column-is-layout-flow\">\n<figure class=\"wp-block-gallery has-nested-images columns-default is-cropped wp-block-gallery-1 is-layout-flex wp-block-gallery-is-layout-flex\">\n<figure class=\"wp-block-image size-large\"><a href=\"https:\/\/liguegolfbfc.org\/wp-content\/uploads\/2025\/07\/H.-Bouyssou.jpeg\" data-rel=\"lightbox-gallery-kKSCnfAj\" data-rl_title=\"\" data-rl_caption=\"\" title=\"\"><img loading=\"lazy\" decoding=\"async\" width=\"480\" height=\"360\" data-id=\"18560\" src=\"https:\/\/liguegolfbfc.org\/wp-content\/uploads\/2025\/07\/H.-Bouyssou.jpeg\" alt=\"\" class=\"wp-image-18560\" srcset=\"https:\/\/liguegolfbfc.org\/wp-content\/uploads\/2025\/07\/H.-Bouyssou.jpeg 480w, https:\/\/liguegolfbfc.org\/wp-content\/uploads\/2025\/07\/H.-Bouyssou-300x225.jpeg 300w\" sizes=\"auto, (max-width: 480px) 100vw, 480px\" \/><\/a><\/figure>\n<\/figure>\n<\/div>\n\n\n\n<div class=\"wp-block-column is-layout-flow wp-block-column-is-layout-flow\">\n<figure class=\"wp-block-gallery has-nested-images columns-default is-cropped wp-block-gallery-2 is-layout-flex wp-block-gallery-is-layout-flex\">\n<figure class=\"wp-block-image size-large\"><a href=\"https:\/\/liguegolfbfc.org\/wp-content\/uploads\/2025\/07\/F.-Durix.jpeg\" data-rel=\"lightbox-gallery-kKSCnfAj\" data-rl_title=\"\" data-rl_caption=\"\" title=\"\"><img loading=\"lazy\" decoding=\"async\" width=\"320\" height=\"240\" data-id=\"18561\" src=\"https:\/\/liguegolfbfc.org\/wp-content\/uploads\/2025\/07\/F.-Durix.jpeg\" alt=\"\" class=\"wp-image-18561\" srcset=\"https:\/\/liguegolfbfc.org\/wp-content\/uploads\/2025\/07\/F.-Durix.jpeg 320w, https:\/\/liguegolfbfc.org\/wp-content\/uploads\/2025\/07\/F.-Durix-300x225.jpeg 300w\" sizes=\"auto, (max-width: 320px) 100vw, 320px\" \/><\/a><\/figure>\n<\/figure>\n<\/div>\n\n\n\n<div class=\"wp-block-column is-layout-flow wp-block-column-is-layout-flow\">\n<figure class=\"wp-block-gallery has-nested-images columns-default is-cropped wp-block-gallery-3 is-layout-flex wp-block-gallery-is-layout-flex\">\n<figure class=\"wp-block-image size-full\"><a href=\"https:\/\/liguegolfbfc.org\/wp-content\/uploads\/2025\/07\/M.-Vernet.jpeg\" data-rel=\"lightbox-gallery-kKSCnfAj\" data-rl_title=\"\" data-rl_caption=\"\" title=\"\"><img loading=\"lazy\" decoding=\"async\" width=\"320\" height=\"240\" data-id=\"18563\" src=\"https:\/\/liguegolfbfc.org\/wp-content\/uploads\/2025\/07\/M.-Vernet.jpeg\" alt=\"\" class=\"wp-image-18563\" srcset=\"https:\/\/liguegolfbfc.org\/wp-content\/uploads\/2025\/07\/M.-Vernet.jpeg 320w, https:\/\/liguegolfbfc.org\/wp-content\/uploads\/2025\/07\/M.-Vernet-300x225.jpeg 300w\" sizes=\"auto, (max-width: 320px) 100vw, 320px\" \/><\/a><\/figure>\n<\/figure>\n<\/div>\n<\/div>\n\n\n\n<div class=\"wp-block-columns is-layout-flex wp-container-core-columns-is-layout-9d6595d7 wp-block-columns-is-layout-flex\">\n<div class=\"wp-block-column is-layout-flow wp-block-column-is-layout-flow\">\n<figure class=\"wp-block-gallery has-nested-images columns-default is-cropped wp-block-gallery-4 is-layout-flex wp-block-gallery-is-layout-flex\">\n<figure class=\"wp-block-image size-full\"><a href=\"https:\/\/liguegolfbfc.org\/wp-content\/uploads\/2025\/07\/T.-Nakos.jpeg\" data-rel=\"lightbox-gallery-kKSCnfAj\" data-rl_title=\"\" data-rl_caption=\"\" title=\"\"><img loading=\"lazy\" decoding=\"async\" width=\"320\" height=\"240\" data-id=\"18564\" src=\"https:\/\/liguegolfbfc.org\/wp-content\/uploads\/2025\/07\/T.-Nakos.jpeg\" alt=\"\" class=\"wp-image-18564\" srcset=\"https:\/\/liguegolfbfc.org\/wp-content\/uploads\/2025\/07\/T.-Nakos.jpeg 320w, https:\/\/liguegolfbfc.org\/wp-content\/uploads\/2025\/07\/T.-Nakos-300x225.jpeg 300w\" sizes=\"auto, (max-width: 320px) 100vw, 320px\" \/><\/a><\/figure>\n<\/figure>\n<\/div>\n\n\n\n<div class=\"wp-block-column is-layout-flow wp-block-column-is-layout-flow\">\n<figure class=\"wp-block-gallery has-nested-images columns-default is-cropped wp-block-gallery-5 is-layout-flex wp-block-gallery-is-layout-flex\">\n<figure class=\"wp-block-image size-large\"><a href=\"https:\/\/liguegolfbfc.org\/wp-content\/uploads\/2025\/07\/O.-Maingon.jpeg\" data-rel=\"lightbox-gallery-kKSCnfAj\" data-rl_title=\"\" data-rl_caption=\"\" title=\"\"><img loading=\"lazy\" decoding=\"async\" width=\"240\" height=\"320\" data-id=\"18565\" src=\"https:\/\/liguegolfbfc.org\/wp-content\/uploads\/2025\/07\/O.-Maingon.jpeg\" alt=\"\" class=\"wp-image-18565\" srcset=\"https:\/\/liguegolfbfc.org\/wp-content\/uploads\/2025\/07\/O.-Maingon.jpeg 240w, https:\/\/liguegolfbfc.org\/wp-content\/uploads\/2025\/07\/O.-Maingon-225x300.jpeg 225w\" sizes=\"auto, (max-width: 240px) 100vw, 240px\" \/><\/a><\/figure>\n<\/figure>\n<\/div>\n\n\n\n<div class=\"wp-block-column is-layout-flow wp-block-column-is-layout-flow\">\n<figure class=\"wp-block-gallery has-nested-images columns-default is-cropped wp-block-gallery-6 is-layout-flex wp-block-gallery-is-layout-flex\">\n<figure class=\"wp-block-image size-large\"><a href=\"https:\/\/liguegolfbfc.org\/wp-content\/uploads\/2025\/07\/Silvio-CViufici-vainqueur-Criterium.jpeg\" data-rel=\"lightbox-gallery-kKSCnfAj\" data-rl_title=\"\" data-rl_caption=\"\" title=\"\"><img loading=\"lazy\" decoding=\"async\" width=\"240\" height=\"320\" data-id=\"18567\" src=\"https:\/\/liguegolfbfc.org\/wp-content\/uploads\/2025\/07\/Silvio-CViufici-vainqueur-Criterium.jpeg\" alt=\"\" class=\"wp-image-18567\" srcset=\"https:\/\/liguegolfbfc.org\/wp-content\/uploads\/2025\/07\/Silvio-CViufici-vainqueur-Criterium.jpeg 240w, https:\/\/liguegolfbfc.org\/wp-content\/uploads\/2025\/07\/Silvio-CViufici-vainqueur-Criterium-225x300.jpeg 225w\" sizes=\"auto, (max-width: 240px) 100vw, 240px\" \/><\/a><\/figure>\n<\/figure>\n<\/div>\n<\/div>\n\n\n\n<p><strong>R\u00c9SULTATS<\/strong> <strong>DAMES<\/strong><br><strong>Championnat de Ligue<\/strong> : <br><strong><a rel=\"noreferrer noopener\" href=\"https:\/\/liguegolfbfc.org\/wp-content\/uploads\/2025\/07\/Championnat-Brut-D.pdf\" target=\"_blank\">R\u00e9sultats Brut<\/a><\/strong> Vainqueur H\u00e9l\u00e8ne <strong>Bouyssou <\/strong>(Chalon) &#8211; 2e Jacinthe <strong>Andr\u00e9<\/strong>(Dijon Bourg.) &#8211; 3e Pascale <strong>Laupr\u00eatre<\/strong> (Macon)<br><br><strong>Crit\u00e9rium <\/strong>:<br><strong><a rel=\"noreferrer noopener\" href=\"https:\/\/liguegolfbfc.org\/wp-content\/uploads\/2025\/07\/Criterium-Brut-Net-D.pdf\" target=\"_blank\">R\u00e9sultats Brut <\/a><\/strong> Vainqueur Odile <strong>Maingon <\/strong>(Quetigny) &#8211; 2e Patricia <strong>Bonnet <\/strong>(Dijon Bourg) &#8211; 3e Fran\u00e7oise <strong>Dausse<\/strong> (Avoise)<\/p>\n\n\n\n<p><strong>R\u00c9SULTATS<\/strong> <strong>MESSIEURS<\/strong> <br><strong>Championnat de ligue<\/strong> : <br><strong><a rel=\"noreferrer noopener\" href=\"https:\/\/liguegolfbfc.org\/wp-content\/uploads\/2025\/07\/Championnat-Brut-H.pdf\" target=\"_blank\">Brut Messieurs<\/a><\/strong> &#8211; Vainqueur Fr\u00e9d\u00e9ric <strong>Durix <\/strong>(Montceau) &#8211; 2e Marc <strong>Vernet<\/strong> (Quetigny) &#8211; 3e Florent <strong>Mil\u00e9si <\/strong>(Dijon Bourgogne)<br><a rel=\"noreferrer noopener\" href=\"https:\/\/liguegolfbfc.org\/wp-content\/uploads\/2025\/07\/Championnat-Brut-H-Senior-2.pdf\" target=\"_blank\"><strong>Brut Messieurs<\/strong> <strong>Seniors 2 <\/strong><\/a>Vainqueur Fr\u00e9d\u00e9ric <strong>Durix <\/strong>&#8211; 2e Marc <strong>Vernet<\/strong> &#8211; 3e Julien<strong> Narcisse<\/strong> (Chailly)<br><strong><a rel=\"noreferrer noopener\" href=\"https:\/\/liguegolfbfc.org\/wp-content\/uploads\/2025\/07\/Championnat-Brut-H-Senior-3.pdf\" target=\"_blank\">Brut Messieurs Seniors 3 <\/a><\/strong>Vainqueur Th\u00e9o <strong>Nakos<\/strong> (Quetigny) &#8211; 2e Joseph <strong>Maglione<\/strong> (Chalon) &#8211; 3e Alain<strong> Gaillard <\/strong>(Dijon Bourgogne)<\/p>\n\n\n\n<p><strong>Crit\u00e9rium <\/strong>: <strong><a rel=\"noreferrer noopener\" href=\"https:\/\/liguegolfbfc.org\/wp-content\/uploads\/2025\/07\/Criterium-Brut-Net-H.pdf\" target=\"_blank\">R\u00e9sultats Brut<\/a><\/strong> <br>Vainqueur Silvio <strong>Ciufici<\/strong> (Montceau) &#8211; 2e Eric<strong> Galland<\/strong> (Quetigny) &#8211; 3e Pierre <strong>Pagnon<\/strong> (Val d&rsquo;Amour)<\/p>\n\n\n\n<h4 class=\"wp-block-heading\"><strong>Droits d&rsquo;inscriptions par virement \u00e0 la ligue (lire r\u00e8glement de l&rsquo;\u00e9preuve)<\/strong><\/h4>\n\n\n\n<p><strong><a rel=\"noreferrer noopener\" href=\"https:\/\/liguegolfbfc.org\/wp-content\/uploads\/2025\/06\/MAJ-25.06.2025-CHAMPIONNAT-DE-LIGUE-SENIORS-ET-CRITERIUM.pdf\" target=\"_blank\">R\u00e8glement de l&rsquo;\u00e9preuve <\/a><\/strong><br><a rel=\"noreferrer noopener\" href=\"https:\/\/docs.google.com\/spreadsheets\/d\/1o2Et_JR8pXMRch54qErg-7PiQTdPLbthRGYyXjnASWE\/edit?usp=sharing\" target=\"_blank\">Visualisation Chant Ligue 2025<\/a><\/p>\n\n\n\n<p><strong><a rel=\"noreferrer noopener\" href=\"https:\/\/liguegolfbfc.org\/wp-content\/uploads\/2025\/07\/Departs-Championnat-BFC-SeniorV2.pdf\" target=\"_blank\">D\u00e9parts Chpt de ligue<\/a><\/strong> V2 suite \u00e0 des d\u00e9sistements ce 25\/07<br><strong><a rel=\"noreferrer noopener\" href=\"https:\/\/liguegolfbfc.org\/wp-content\/uploads\/2025\/07\/Departs-Criterium-BFC-Senior.pdf\" target=\"_blank\">D\u00e9parts Crit\u00e9rium<\/a><\/strong><\/p>\n\n\n\n<p><strong>D\u00e9parts simultan\u00e9s du 1 et du 10<\/strong>, en deux vagues, une le matin et une seconde l\u2019apr\u00e8s-midi <strong>(Selon le nombre d\u2019inscrits).<\/strong><\/p>\n\n\n\n<p><strong>Le cahier des charges des comp\u00e9titions f\u00e9d\u00e9rales s\u2019applique \u00e0 savoir, pas de mixit\u00e9 ni au niveau des sexes ni au niveau des groupes.<\/strong><br>La responsabilit\u00e9 des d\u00e9parts appartient au Comit\u00e9 de l\u2019\u00e9preuve, en fonction des inscriptions&nbsp;:<br><strong>Vague 1 le matin<\/strong>&nbsp;: Crit\u00e9rium&nbsp;: s\u00e9rie messieurs et s\u00e9rie dames par ordre croissant des index<br><strong>Vague 2 l\u2019apr\u00e8s-midi<\/strong>&nbsp;: Championnat&nbsp;: s\u00e9ries S1, S2, S3 par ordre d\u00e9croissant des index<\/p>\n\n\n\n<p><strong>Pour les d\u00e9parts de la vague 1 du matin, et seulement si des am\u00e9nagements sont possibles,<\/strong> il sera tenu compte des couples qui jouent la comp\u00e9tition et\/ou des joueurs qui covoiturent si kilom\u00e9trage important pour se rendre sur le lieu de la comp\u00e9tition.<\/p>\n\n\n\n<p><strong>Pour les d\u00e9parts de la vague 2 de l\u2019apr\u00e8s-midi<\/strong>&nbsp;: Pour la s\u00e9rie dames et les s\u00e9ries messieurs aucun am\u00e9nagement pour l\u2019ordre des d\u00e9parts.<\/p>\n\n\n\n<hr class=\"wp-block-separator has-alpha-channel-opacity\"\/>\n\n\n\n<h2 class=\"wp-block-heading\">Troph\u00e9e et Crit\u00e9rium Seniors<\/h2>\n\n\n\n<p>25 et 26 ao\u00fbt 2025 I Golf du Nivernais <\/p>\n\n\n<div class=\"wp-block-image\">\n<figure class=\"aligncenter size-large is-resized\"><img loading=\"lazy\" decoding=\"async\" src=\"https:\/\/liguegolfbfc.org\/wp-content\/uploads\/2025\/03\/TROPHEE-CRITERIUM-SENIORS-2025-724x1024.png\" alt=\"\" class=\"wp-image-17262\" width=\"390\" height=\"552\" srcset=\"https:\/\/liguegolfbfc.org\/wp-content\/uploads\/2025\/03\/TROPHEE-CRITERIUM-SENIORS-2025-724x1024.png 724w, https:\/\/liguegolfbfc.org\/wp-content\/uploads\/2025\/03\/TROPHEE-CRITERIUM-SENIORS-2025-212x300.png 212w, https:\/\/liguegolfbfc.org\/wp-content\/uploads\/2025\/03\/TROPHEE-CRITERIUM-SENIORS-2025-768x1086.png 768w, https:\/\/liguegolfbfc.org\/wp-content\/uploads\/2025\/03\/TROPHEE-CRITERIUM-SENIORS-2025-1086x1536.png 1086w, https:\/\/liguegolfbfc.org\/wp-content\/uploads\/2025\/03\/TROPHEE-CRITERIUM-SENIORS-2025.png 1414w\" sizes=\"auto, (max-width: 390px) 100vw, 390px\" \/><\/figure><\/div>\n\n\n<hr class=\"wp-block-separator has-alpha-channel-opacity\"\/>\n\n\n\n<p class=\"has-white-color has-vivid-cyan-blue-background-color has-text-color has-background\"><strong>CHAMPIONNAT DE LIGUE SENIORS DAMES ET MESSIEURS ET CRITERIUM<br>Samedi 27 Juillet 2024 &#8211; Golf de Dijon Bourgogne<\/strong><\/p>\n\n\n\n<p><strong><a href=\"https:\/\/sgbfc.jimdofree.com\/r%C3%A9sultats\/championnat-ligue-senior\/\" target=\"_blank\" rel=\"noreferrer noopener\">Tous les r\u00e9sultats <\/a><\/strong><\/p>\n\n\n\n<p>C<strong>hampion de Bourgogne<\/strong> &#8211; <strong>FAYET Jean-Pierre<\/strong><br><strong>Championne de Bourgogne <\/strong>&#8211; FAVRE-MATSUI Motoko<\/p>\n\n\n\n<p><strong><u>R\u00e9sultats par s\u00e9rie<\/u><\/strong><\/p>\n\n\n\n<p><strong>Serie 1&nbsp;: <\/strong>FAYET Jean-Pierre (Dijon Bourgogne)<br><strong>S\u00e9rie 2<\/strong> : DURIX Fr\u00e9d\u00e9ric (Montceau les Mines)<br><strong>S\u00e9rie 3<\/strong> MOREUX Daniel (Dijon Bourgogne)<\/p>\n\n\n\n<p><strong><u>CRITERIUM<\/u><br>Brut Dames&nbsp;:<\/strong> ZACCAGNINO Sylvie<br><strong>Brut Messieurs<\/strong>&nbsp;: PESCI Denis<\/p>\n\n\n\n<p><\/p>\n\n\n\n<div class=\"wp-block-columns is-layout-flex wp-container-core-columns-is-layout-9d6595d7 wp-block-columns-is-layout-flex\">\n<div class=\"wp-block-column is-layout-flow wp-block-column-is-layout-flow\">\n<figure class=\"wp-block-gallery has-nested-images columns-default is-cropped wp-block-gallery-7 is-layout-flex wp-block-gallery-is-layout-flex\">\n<figure class=\"wp-block-image size-large\"><a href=\"https:\/\/liguegolfbfc.org\/wp-content\/uploads\/2024\/07\/CHAMPIONNE.jpg\" data-rel=\"lightbox-gallery-kKSCnfAj\" data-rl_title=\"\" data-rl_caption=\"\" title=\"\"><img loading=\"lazy\" decoding=\"async\" width=\"640\" height=\"480\" data-id=\"15547\" src=\"https:\/\/liguegolfbfc.org\/wp-content\/uploads\/2024\/07\/CHAMPIONNE.jpg\" alt=\"\" class=\"wp-image-15547\" srcset=\"https:\/\/liguegolfbfc.org\/wp-content\/uploads\/2024\/07\/CHAMPIONNE.jpg 640w, https:\/\/liguegolfbfc.org\/wp-content\/uploads\/2024\/07\/CHAMPIONNE-300x225.jpg 300w\" sizes=\"auto, (max-width: 640px) 100vw, 640px\" \/><\/a><\/figure>\n<\/figure>\n<\/div>\n\n\n\n<div class=\"wp-block-column is-layout-flow wp-block-column-is-layout-flow\">\n<figure class=\"wp-block-gallery has-nested-images columns-default is-cropped wp-block-gallery-8 is-layout-flex wp-block-gallery-is-layout-flex\">\n<figure class=\"wp-block-image size-large\"><a href=\"https:\/\/liguegolfbfc.org\/wp-content\/uploads\/2024\/07\/MESS.jpg\" data-rel=\"lightbox-gallery-kKSCnfAj\" data-rl_title=\"\" data-rl_caption=\"\" title=\"\"><img loading=\"lazy\" decoding=\"async\" width=\"640\" height=\"480\" data-id=\"15548\" src=\"https:\/\/liguegolfbfc.org\/wp-content\/uploads\/2024\/07\/MESS.jpg\" alt=\"\" class=\"wp-image-15548\" srcset=\"https:\/\/liguegolfbfc.org\/wp-content\/uploads\/2024\/07\/MESS.jpg 640w, https:\/\/liguegolfbfc.org\/wp-content\/uploads\/2024\/07\/MESS-300x225.jpg 300w\" sizes=\"auto, (max-width: 640px) 100vw, 640px\" \/><\/a><\/figure>\n<\/figure>\n<\/div>\n<\/div>\n\n\n\n<div class=\"wp-block-columns is-layout-flex wp-container-core-columns-is-layout-9d6595d7 wp-block-columns-is-layout-flex\">\n<div class=\"wp-block-column is-layout-flow wp-block-column-is-layout-flow\">\n<figure class=\"wp-block-gallery has-nested-images columns-default is-cropped wp-block-gallery-9 is-layout-flex wp-block-gallery-is-layout-flex\">\n<figure class=\"wp-block-image size-full\"><img loading=\"lazy\" decoding=\"async\" width=\"640\" height=\"480\" data-id=\"15551\" src=\"https:\/\/liguegolfbfc.org\/wp-content\/uploads\/2024\/07\/M.jpg\" alt=\"\" class=\"wp-image-15551\" srcset=\"https:\/\/liguegolfbfc.org\/wp-content\/uploads\/2024\/07\/M.jpg 640w, https:\/\/liguegolfbfc.org\/wp-content\/uploads\/2024\/07\/M-300x225.jpg 300w\" sizes=\"auto, (max-width: 640px) 100vw, 640px\" \/><\/figure>\n<\/figure>\n<\/div>\n\n\n\n<div class=\"wp-block-column is-layout-flow wp-block-column-is-layout-flow\">\n<figure class=\"wp-block-gallery has-nested-images columns-default is-cropped wp-block-gallery-10 is-layout-flex wp-block-gallery-is-layout-flex\">\n<figure class=\"wp-block-image size-large\"><img loading=\"lazy\" decoding=\"async\" width=\"640\" height=\"480\" data-id=\"15550\" src=\"https:\/\/liguegolfbfc.org\/wp-content\/uploads\/2024\/07\/SCHATZ.jpg\" alt=\"\" class=\"wp-image-15550\" srcset=\"https:\/\/liguegolfbfc.org\/wp-content\/uploads\/2024\/07\/SCHATZ.jpg 640w, https:\/\/liguegolfbfc.org\/wp-content\/uploads\/2024\/07\/SCHATZ-300x225.jpg 300w\" sizes=\"auto, (max-width: 640px) 100vw, 640px\" \/><\/figure>\n<\/figure>\n<\/div>\n<\/div>\n\n\n\n<p><br><br><br><\/p>\n\n\n\n<p><strong><a href=\"https:\/\/liguegolfbfc.org\/wp-content\/uploads\/2024\/07\/Departs-Criterium-Championnat-Seniors-27072024.pdf\">D\u00e9parts crit\u00e9rium<\/a><\/strong><br><strong><a href=\"https:\/\/liguegolfbfc.org\/wp-content\/uploads\/2024\/07\/Liste-des-departs-Championnat-Ligue-Seniors2.pdf\" target=\"_blank\" rel=\"noreferrer noopener\">D\u00e9parts championnat de ligue<\/a><\/strong><\/p>\n\n\n\n<p><strong><a href=\"https:\/\/liguegolfbfc.org\/wp-content\/uploads\/2024\/07\/CHAMPIONNAT-DE-LIGUE-SENIORS-ET-CRITERIUM.pdf\">R\u00e8glement de la comp\u00e9tition<\/a><\/strong><br>i<strong><a rel=\"noreferrer noopener\" href=\"https:\/\/sgbfc.jimdofree.com\/inscriptions-aux-comp%C3%A9titions\/\" target=\"_blank\">nscriptions via ce lien<\/a><\/strong><\/p>\n\n\n\n<p><\/p>\n","protected":false},"excerpt":{"rendered":"<p>ANN\u00c9E 2025 CHAMPIONNAT DE LIGUE SENIORS &#8211; Samedi 26 juillet &#8211; Golf Quetigny R\u00c9SULTATS DAMESChampionnat de Ligue : R\u00e9sultats Brut Vainqueur H\u00e9l\u00e8ne Bouyssou (Chalon) &#8211; 2e Jacinthe Andr\u00e9(Dijon Bourg.) &#8211; 3e Pascale Laupr\u00eatre (Macon) Crit\u00e9rium :R\u00e9sultats Brut Vainqueur Odile Maingon (Quetigny) &#8211; 2e Patricia Bonnet (Dijon Bourg) &#8211; 3e Fran\u00e7oise Dausse (Avoise) R\u00c9SULTATS MESSIEURS Championnat [&hellip;]<\/p>\n","protected":false},"author":1,"featured_media":0,"parent":0,"menu_order":0,"comment_status":"closed","ping_status":"closed","template":"page-templates\/page-full-width.php","meta":{"footnotes":""},"class_list":["post-77","page","type-page","status-publish","hentry"],"jetpack_sharing_enabled":true,"_links":{"self":[{"href":"https:\/\/liguegolfbfc.org\/index.php\/wp-json\/wp\/v2\/pages\/77","targetHints":{"allow":["GET"]}}],"collection":[{"href":"https:\/\/liguegolfbfc.org\/index.php\/wp-json\/wp\/v2\/pages"}],"about":[{"href":"https:\/\/liguegolfbfc.org\/index.php\/wp-json\/wp\/v2\/types\/page"}],"author":[{"embeddable":true,"href":"https:\/\/liguegolfbfc.org\/index.php\/wp-json\/wp\/v2\/users\/1"}],"replies":[{"embeddable":true,"href":"https:\/\/liguegolfbfc.org\/index.php\/wp-json\/wp\/v2\/comments?post=77"}],"version-history":[{"count":51,"href":"https:\/\/liguegolfbfc.org\/index.php\/wp-json\/wp\/v2\/pages\/77\/revisions"}],"predecessor-version":[{"id":18569,"href":"https:\/\/liguegolfbfc.org\/index.php\/wp-json\/wp\/v2\/pages\/77\/revisions\/18569"}],"wp:attachment":[{"href":"https:\/\/liguegolfbfc.org\/index.php\/wp-json\/wp\/v2\/media?parent=77"}],"curies":[{"name":"wp","href":"https:\/\/api.w.org\/{rel}","templated":true}]}}