{"id":75,"date":"2020-03-10T08:16:35","date_gmt":"2020-03-10T07:16:35","guid":{"rendered":"http:\/\/liguegolfbfc.org\/?page_id=75"},"modified":"2026-02-04T21:41:40","modified_gmt":"2026-02-04T20:41:40","slug":"messieurs-mid-amateurs-competition-federale","status":"publish","type":"page","link":"https:\/\/liguegolfbfc.org\/index.php\/messieurs-mid-amateurs-competition-federale\/","title":{"rendered":"MESSIEURS MID-AMATEURS | COMP\u00c9TITION F\u00c9D\u00c9RALE"},"content":{"rendered":"\n<h2 class=\"wp-block-heading\">CHAMPIONNAT DE FRANCE PAR \u00c9QUIPE MID-AMATEURS MESSIEURS <\/h2>\n\n\n\n<h3 class=\"wp-block-heading\"><strong>Promotion Inter-R\u00e9gionale <\/strong><\/h3>\n\n\n\n<p>27 au 28 juin 2026 | Golf de Troyes l&rsquo;Ermitage<br><strong>\u00c9quipes engag\u00e9es<\/strong> : <\/p>\n\n\n\n<hr class=\"wp-block-separator has-alpha-channel-opacity\"\/>\n\n\n\n<h2 class=\"wp-block-heading\">3\u00e8me division Poule D<\/h2>\n\n\n\n<p>25 au 28 juin 2026 | Golf de St Etienne<br><strong>\u00c9quipe BFC Engag\u00e9e<\/strong> : La Chassagne<\/p>\n\n\n\n<hr class=\"wp-block-separator has-alpha-channel-opacity\"\/>\n\n\n\n<h2 class=\"wp-block-heading\">4\u00e8me division Poule D<\/h2>\n\n\n\n<p>25 au 28 juin 2026 | Golf de Macon la Salle<br><strong>\u00c9quipes BFC Engag\u00e9es<\/strong> : Besan\u00e7on &#8211; Chalon &#8211; Dijon Bourgogne &#8211; Macon &#8211; Pontarlier &#8211; Prunevelle -Quetigny &#8211; Roncemay &#8211; Val d&rsquo;Amour &#8211; Vosges du Sud<\/p>\n\n\n\n<hr class=\"wp-block-separator has-alpha-channel-opacity\"\/>\n\n\n\n<h2 class=\"wp-block-heading\"><strong>R\u00c9SULTATS 2025<\/strong><\/h2>\n\n\n\n<p><strong>3\u00e8me division poule B<\/strong><br>19-22 juin 2025 | Golf de Nancy Aingeray<br><strong>\u00c9quipes engag\u00e9es<\/strong> : Chassagne &#8211; Quetigny<br><strong><a href=\"https:\/\/www.ffgolf.org\/golf-amateur\/mid-amateurs\/calendrier-resultats\/national-international\/2025\/championnat-de-france-par-equipes-mid-amateurs-messieurs-3eme-division-b\/tableau-officiel\">infos et r\u00e9sultats<\/a><\/strong><\/p>\n\n\n\n<hr class=\"wp-block-separator has-alpha-channel-opacity\"\/>\n\n\n\n<h2 class=\"wp-block-heading\">CHAMPIONNAT DE FRANCE PAR \u00c9QUIPE MID-AMATEURS MESSIEURS <\/h2>\n\n\n\n<p><strong>4\u00e8me division poule D<\/strong><br>19-22 juin 2025 | Golf de Prunevelle<br><strong>Se maintient : <\/strong>Besan\u00e7on &#8211; Chailly &#8211; Chalon s\/Sa\u00f4ne &#8211; Dijon Bourgogne &#8211; Nivernais &#8211; Prunevelle  Rougemont &#8211; Val d\u2019Amour &#8211; Vosges du sud<br><strong><a href=\"https:\/\/www.ffgolf.org\/golf-amateur\/mid-amateurs\/calendrier-resultats\/national-international\/2025\/championnat-de-france-par-equipes-mid-amateurs-messieurs-4eme-division-d\/tableau-officiel\" target=\"_blank\" rel=\"noreferrer noopener\">infos et r\u00e9sultats<\/a><\/strong><\/p>\n\n\n\n<hr class=\"wp-block-separator has-alpha-channel-opacity\"\/>\n\n\n\n<h2 class=\"wp-block-heading\">CHAMPIONNAT DE FRANCE PAR \u00c9QUIPE MID-AMATEURS MESSIEURS<\/h2>\n\n\n\n<h2 class=\"wp-block-heading\"><strong>PROMOTION INTER-R\u00c9GIONALE<\/strong><br><\/h2>\n\n\n\n<p>21-22 juin 2025 | Golf de M\u00e2con<br><strong>Clubs montant en 4e division :<\/strong> Roncemay &#8211; Pontarlier &#8211; Macon &#8211; Chalons en Champagne <br><strong><a href=\"https:\/\/liguegolfbfc.org\/wp-content\/uploads\/2025\/06\/Promo-mid-am-hommes-finaux.pdf\" target=\"_blank\" rel=\"noreferrer noopener\">RESULTATS T1 et T2<\/a><\/strong><\/p>\n\n\n\n<hr class=\"wp-block-separator has-alpha-channel-opacity\"\/>\n","protected":false},"excerpt":{"rendered":"<p>CHAMPIONNAT DE FRANCE PAR \u00c9QUIPE MID-AMATEURS MESSIEURS Promotion Inter-R\u00e9gionale 27 au 28 juin 2026 | Golf de Troyes l&rsquo;Ermitage\u00c9quipes engag\u00e9es : 3\u00e8me division Poule D 25 au 28 juin 2026 | Golf de St Etienne\u00c9quipe BFC Engag\u00e9e : La Chassagne 4\u00e8me division Poule D 25 au 28 juin 2026 | Golf de Macon la Salle\u00c9quipes [&hellip;]<\/p>\n","protected":false},"author":1,"featured_media":0,"parent":0,"menu_order":0,"comment_status":"closed","ping_status":"closed","template":"page-templates\/page-full-width.php","meta":{"footnotes":""},"class_list":["post-75","page","type-page","status-publish","hentry"],"jetpack_sharing_enabled":true,"_links":{"self":[{"href":"https:\/\/liguegolfbfc.org\/index.php\/wp-json\/wp\/v2\/pages\/75","targetHints":{"allow":["GET"]}}],"collection":[{"href":"https:\/\/liguegolfbfc.org\/index.php\/wp-json\/wp\/v2\/pages"}],"about":[{"href":"https:\/\/liguegolfbfc.org\/index.php\/wp-json\/wp\/v2\/types\/page"}],"author":[{"embeddable":true,"href":"https:\/\/liguegolfbfc.org\/index.php\/wp-json\/wp\/v2\/users\/1"}],"replies":[{"embeddable":true,"href":"https:\/\/liguegolfbfc.org\/index.php\/wp-json\/wp\/v2\/comments?post=75"}],"version-history":[{"count":90,"href":"https:\/\/liguegolfbfc.org\/index.php\/wp-json\/wp\/v2\/pages\/75\/revisions"}],"predecessor-version":[{"id":19481,"href":"https:\/\/liguegolfbfc.org\/index.php\/wp-json\/wp\/v2\/pages\/75\/revisions\/19481"}],"wp:attachment":[{"href":"https:\/\/liguegolfbfc.org\/index.php\/wp-json\/wp\/v2\/media?parent=75"}],"curies":[{"name":"wp","href":"https:\/\/api.w.org\/{rel}","templated":true}]}}