{"id":73,"date":"2020-03-10T08:16:07","date_gmt":"2020-03-10T07:16:07","guid":{"rendered":"http:\/\/liguegolfbfc.org\/?page_id=73"},"modified":"2023-10-13T09:46:53","modified_gmt":"2023-10-13T07:46:53","slug":"messieurs-competition-internationale","status":"publish","type":"page","link":"https:\/\/liguegolfbfc.org\/index.php\/messieurs-competition-internationale\/","title":{"rendered":"MESSIEURS | COMPETITION INTERNATIONALE"},"content":{"rendered":"\n<h2 class=\"wp-block-heading\">INTERNATIONAUX DE FRANCE FOURSOME MIXTE<\/h2>\n\n\n\n<p><strong><a href=\"https:\/\/www.ffgolf.org\/golf-amateur\/toutes-categories\/calendrier-resultats\/national-international\/2023\/internationaux-de-france-de-foursome-mixte-trophee-thion-de-la-chaume\/scores\" target=\"_blank\" rel=\"noreferrer noopener\">Toutes les infos <\/a><\/strong><\/p>\n\n\n\n<hr class=\"wp-block-separator has-alpha-channel-opacity\"\/>\n\n\n\n<p>Nous sommes heureux de vous communiquer la liste des joueurs s\u00e9lectionn\u00e9s pour participer au <strong>Championnat d\u2019Europe par Equipes Messieurs<\/strong>, qui se d\u00e9roulera du 11 au 15 juillet au <em>Royal Waterloo Golf Club.<\/em><\/p>\n\n\n\n<p>AMAT Bastien&nbsp;&nbsp;&nbsp;&nbsp;&nbsp; &nbsp;&nbsp;&nbsp;&nbsp;&nbsp;&nbsp;&nbsp;&nbsp;&nbsp;&nbsp;&nbsp;&nbsp;&nbsp;&nbsp;&nbsp;<em>Golf de Chantilly<\/em><\/p>\n\n\n\n<p>BEAUVY Paul&nbsp;&nbsp;&nbsp;&nbsp;&nbsp;&nbsp;&nbsp;&nbsp;&nbsp;&nbsp;&nbsp;&nbsp;&nbsp;&nbsp;&nbsp;&nbsp;&nbsp;&nbsp;&nbsp;&nbsp;&nbsp;&nbsp; <em>Golf Bluegreen Pl\u00e9neuf-Val-Andr\u00e9<\/em><\/p>\n\n\n\n<p>BOULET Th\u00e9o&nbsp;&nbsp;&nbsp;&nbsp;&nbsp;&nbsp;&nbsp;&nbsp;&nbsp;&nbsp;&nbsp;&nbsp;&nbsp;&nbsp;&nbsp;&nbsp;&nbsp;&nbsp;&nbsp;&nbsp;&nbsp; <em>Golf de Chantilly<\/em><\/p>\n\n\n\n<p>COUVRA Martin&nbsp;&nbsp;&nbsp;&nbsp;&nbsp;&nbsp;&nbsp;&nbsp;&nbsp;&nbsp;&nbsp;&nbsp;&nbsp;&nbsp;&nbsp;&nbsp;&nbsp; <em>Golf de Cannes-Mougins<\/em><\/p>\n\n\n\n<p>DEBOVE Quentin&nbsp;&nbsp;&nbsp;&nbsp;&nbsp;&nbsp;&nbsp;&nbsp;&nbsp;&nbsp;&nbsp;&nbsp;&nbsp;&nbsp;&nbsp; <em>Paris International Golf Club<\/em><\/p>\n\n\n\n<p><strong>GIBOUDOT Maxence&nbsp;&nbsp;&nbsp;&nbsp;&nbsp;&nbsp;&nbsp;&nbsp;&nbsp; <em>Golf du Val de Sorne<\/em><\/strong><\/p>\n\n\n\n<p>Pour suivre les actualit\u00e9s :  <a href=\"https:\/\/www.ffgolf.org\/golf-amateur\/toutes-categories\/calendrier-resultats\/equipes-de-france\/20232\/championnat-d-europe-par-equipes-messieurs\">https:\/\/www.ffgolf.org\/golf-amateur\/toutes-categories\/calendrier-resultats\/equipes-de-france\/20232\/championnat-d-europe-par-equipes-messieurs<\/a><\/p>\n","protected":false},"excerpt":{"rendered":"<p>INTERNATIONAUX DE FRANCE FOURSOME MIXTE Toutes les infos Nous sommes heureux de vous communiquer la liste des joueurs s\u00e9lectionn\u00e9s pour participer au Championnat d\u2019Europe par Equipes Messieurs, qui se d\u00e9roulera du 11 au 15 juillet au Royal Waterloo Golf Club. AMAT Bastien&nbsp;&nbsp;&nbsp;&nbsp;&nbsp; &nbsp;&nbsp;&nbsp;&nbsp;&nbsp;&nbsp;&nbsp;&nbsp;&nbsp;&nbsp;&nbsp;&nbsp;&nbsp;&nbsp;&nbsp;Golf de Chantilly BEAUVY Paul&nbsp;&nbsp;&nbsp;&nbsp;&nbsp;&nbsp;&nbsp;&nbsp;&nbsp;&nbsp;&nbsp;&nbsp;&nbsp;&nbsp;&nbsp;&nbsp;&nbsp;&nbsp;&nbsp;&nbsp;&nbsp;&nbsp; Golf Bluegreen Pl\u00e9neuf-Val-Andr\u00e9 BOULET Th\u00e9o&nbsp;&nbsp;&nbsp;&nbsp;&nbsp;&nbsp;&nbsp;&nbsp;&nbsp;&nbsp;&nbsp;&nbsp;&nbsp;&nbsp;&nbsp;&nbsp;&nbsp;&nbsp;&nbsp;&nbsp;&nbsp; Golf de Chantilly [&hellip;]<\/p>\n","protected":false},"author":1,"featured_media":0,"parent":0,"menu_order":0,"comment_status":"closed","ping_status":"closed","template":"page-templates\/page-full-width.php","meta":{"footnotes":""},"class_list":["post-73","page","type-page","status-publish","hentry"],"jetpack_sharing_enabled":true,"_links":{"self":[{"href":"https:\/\/liguegolfbfc.org\/index.php\/wp-json\/wp\/v2\/pages\/73","targetHints":{"allow":["GET"]}}],"collection":[{"href":"https:\/\/liguegolfbfc.org\/index.php\/wp-json\/wp\/v2\/pages"}],"about":[{"href":"https:\/\/liguegolfbfc.org\/index.php\/wp-json\/wp\/v2\/types\/page"}],"author":[{"embeddable":true,"href":"https:\/\/liguegolfbfc.org\/index.php\/wp-json\/wp\/v2\/users\/1"}],"replies":[{"embeddable":true,"href":"https:\/\/liguegolfbfc.org\/index.php\/wp-json\/wp\/v2\/comments?post=73"}],"version-history":[{"count":10,"href":"https:\/\/liguegolfbfc.org\/index.php\/wp-json\/wp\/v2\/pages\/73\/revisions"}],"predecessor-version":[{"id":13491,"href":"https:\/\/liguegolfbfc.org\/index.php\/wp-json\/wp\/v2\/pages\/73\/revisions\/13491"}],"wp:attachment":[{"href":"https:\/\/liguegolfbfc.org\/index.php\/wp-json\/wp\/v2\/media?parent=73"}],"curies":[{"name":"wp","href":"https:\/\/api.w.org\/{rel}","templated":true}]}}