{"id":69,"date":"2020-03-10T08:15:18","date_gmt":"2020-03-10T07:15:18","guid":{"rendered":"http:\/\/liguegolfbfc.org\/?page_id=69"},"modified":"2026-03-25T11:31:03","modified_gmt":"2026-03-25T10:31:03","slug":"dames-messieurs-competition-de-ligue","status":"publish","type":"page","link":"https:\/\/liguegolfbfc.org\/index.php\/dames-messieurs-competition-de-ligue\/","title":{"rendered":"DAMES ET MESSIEURS | COMP\u00c9TITION DE LIGUE"},"content":{"rendered":"\n<h2 class=\"wp-block-heading\"><strong>CHAMPIONNAT DE LIGUE PAR \u00c9QUIPE<\/strong> <strong>DAMES &amp; MESSIEURS <\/strong><br><strong>25\/26 AVRIL 2026<\/strong><\/h2>\n\n\n\n<div class=\"wp-block-columns is-layout-flex wp-container-core-columns-is-layout-9d6595d7 wp-block-columns-is-layout-flex\">\n<div class=\"wp-block-column is-layout-flow wp-block-column-is-layout-flow\"><\/div>\n\n\n\n<div class=\"wp-block-column is-layout-flow wp-block-column-is-layout-flow\">\n<p><strong><a href=\"https:\/\/liguegolfbfc.org\/wp-content\/uploads\/2025\/05\/resultats-chpt-de-ligue-par-equipes-2025.pdf\" target=\"_blank\" rel=\"noreferrer noopener\">R\u00e9sultats 2025<\/a><\/strong><\/p>\n\n\n\n<p><strong><a href=\"https:\/\/liguegolfbfc.org\/wp-content\/uploads\/2026\/03\/Reglt-Chpt-ligue-par-equipe.pdf\">R\u00e8glements des \u00e9preuves 2026<\/a><\/strong><br><br><\/p>\n<\/div>\n<\/div>\n\n\n\n<p><strong>La r\u00e9union des capitaines aura lieu le vendredi soir \u00e0 19h00.<\/strong><\/p>\n\n\n\n<p>1\u00e8re division Messieurs et Dames : Golf de Quetigny<br>2\u00e8me division Messieurs et \u00e9quipe 2 : Golf de Macon la Salle<br>Promotion Messieurs et Dames : Golf du Val de Sorne<br><\/p>\n\n\n\n<p><strong>25\/26 avril<\/strong> <strong>2026<\/strong><br><strong>Division 1 Messieurs<\/strong> : Golf de Quetigny<br><strong>Clubs engag\u00e9s <\/strong>: Besan\u00e7on &#8211; Chalon \u2013 Dijon Bourgogne &#8211; La Chassagne \u2013 Pontarlier \u2013 Quetigny &#8211; Roncemay &#8211; Vosges du Sud<\/p>\n\n\n\n<p><strong>R\u00e9union des capitaines<\/strong> 2026 : la veille de la comp\u00e9tition<\/p>\n\n\n\n<p><strong>VAINQUEUR 2025<\/strong> Dijon Bourgogne<\/p>\n\n\n\n<div class=\"wp-block-columns is-layout-flex wp-container-core-columns-is-layout-9d6595d7 wp-block-columns-is-layout-flex\">\n<div class=\"wp-block-column is-layout-flow wp-block-column-is-layout-flow\" style=\"flex-basis:25%\"><\/div>\n\n\n\n<div class=\"wp-block-column is-layout-flow wp-block-column-is-layout-flow\" style=\"flex-basis:50%\">\n<figure class=\"wp-block-gallery has-nested-images columns-default is-cropped wp-block-gallery-1 is-layout-flex wp-block-gallery-is-layout-flex\">\n<figure class=\"wp-block-image size-large\"><a href=\"https:\/\/liguegolfbfc.org\/wp-content\/uploads\/2025\/04\/Norges-vainqieur-1ere-division-scaled.jpg\" data-rel=\"lightbox-gallery-NYFKYNNj\" data-rl_title=\"\" data-rl_caption=\"\" title=\"\"><img loading=\"lazy\" decoding=\"async\" width=\"1024\" height=\"576\" data-id=\"17673\" src=\"https:\/\/liguegolfbfc.org\/wp-content\/uploads\/2025\/04\/Norges-vainqieur-1ere-division-1024x576.jpg\" alt=\"\" class=\"wp-image-17673\" srcset=\"https:\/\/liguegolfbfc.org\/wp-content\/uploads\/2025\/04\/Norges-vainqieur-1ere-division-1024x576.jpg 1024w, https:\/\/liguegolfbfc.org\/wp-content\/uploads\/2025\/04\/Norges-vainqieur-1ere-division-300x169.jpg 300w, https:\/\/liguegolfbfc.org\/wp-content\/uploads\/2025\/04\/Norges-vainqieur-1ere-division-768x432.jpg 768w, https:\/\/liguegolfbfc.org\/wp-content\/uploads\/2025\/04\/Norges-vainqieur-1ere-division-1536x864.jpg 1536w, https:\/\/liguegolfbfc.org\/wp-content\/uploads\/2025\/04\/Norges-vainqieur-1ere-division-2048x1152.jpg 2048w\" sizes=\"auto, (max-width: 1024px) 100vw, 1024px\" \/><\/a><\/figure>\n<\/figure>\n<\/div>\n\n\n\n<div class=\"wp-block-column is-layout-flow wp-block-column-is-layout-flow\" style=\"flex-basis:25%\"><\/div>\n<\/div>\n\n\n\n<hr class=\"wp-block-separator has-alpha-channel-opacity\"\/>\n\n\n\n<p id=\"Dames\"><strong>25\/26 avril 2026<\/strong><br><strong>Division 1 Dames <\/strong>: Golf de Besan\u00e7on<br><strong>Clubs engag\u00e9s<\/strong> : Avoise &#8211; Besan\u00e7on &#8211; Bournel \u2013 Chalon \u2013 Dijon Bourgogne &#8211; Prunevelle &#8211; Quetigny <br>Val de Sorne&nbsp;<br><strong>R\u00e9union des capitaines<\/strong> <strong>2026<\/strong> : la veille de la comp\u00e9tition \u00e0 19h.<\/p>\n\n\n\n<p><strong>VAINQUEUR<\/strong> <strong>2025<\/strong> Avoise<\/p>\n\n\n\n<div class=\"wp-block-columns is-layout-flex wp-container-core-columns-is-layout-9d6595d7 wp-block-columns-is-layout-flex\">\n<div class=\"wp-block-column is-layout-flow wp-block-column-is-layout-flow\" style=\"flex-basis:25%\"><\/div>\n\n\n\n<div class=\"wp-block-column is-layout-flow wp-block-column-is-layout-flow\" style=\"flex-basis:50%\">\n<figure class=\"wp-block-gallery has-nested-images columns-default is-cropped wp-block-gallery-2 is-layout-flex wp-block-gallery-is-layout-flex\">\n<figure class=\"wp-block-image size-large\"><a href=\"https:\/\/liguegolfbfc.org\/wp-content\/uploads\/2025\/04\/Avoise-vainqueur-1ere-division-scaled.jpg\" data-rel=\"lightbox-gallery-NYFKYNNj\" data-rl_title=\"\" data-rl_caption=\"\" title=\"\"><img loading=\"lazy\" decoding=\"async\" width=\"1024\" height=\"576\" data-id=\"17675\" src=\"https:\/\/liguegolfbfc.org\/wp-content\/uploads\/2025\/04\/Avoise-vainqueur-1ere-division-1024x576.jpg\" alt=\"\" class=\"wp-image-17675\" srcset=\"https:\/\/liguegolfbfc.org\/wp-content\/uploads\/2025\/04\/Avoise-vainqueur-1ere-division-1024x576.jpg 1024w, https:\/\/liguegolfbfc.org\/wp-content\/uploads\/2025\/04\/Avoise-vainqueur-1ere-division-300x169.jpg 300w, https:\/\/liguegolfbfc.org\/wp-content\/uploads\/2025\/04\/Avoise-vainqueur-1ere-division-768x432.jpg 768w, https:\/\/liguegolfbfc.org\/wp-content\/uploads\/2025\/04\/Avoise-vainqueur-1ere-division-1536x864.jpg 1536w, https:\/\/liguegolfbfc.org\/wp-content\/uploads\/2025\/04\/Avoise-vainqueur-1ere-division-2048x1152.jpg 2048w\" sizes=\"auto, (max-width: 1024px) 100vw, 1024px\" \/><\/a><\/figure>\n<\/figure>\n<\/div>\n\n\n\n<div class=\"wp-block-column is-layout-flow wp-block-column-is-layout-flow\" style=\"flex-basis:25%\"><\/div>\n<\/div>\n\n\n\n<hr class=\"wp-block-separator has-alpha-channel-opacity\"\/>\n\n\n\n<p><strong>25\/26 avril 2026<\/strong> <br><strong>Division 2 Messieurs <\/strong>&#8211; Golf de Macon la Salle<br><strong>Clubs engag\u00e9s<\/strong> : Avoise &#8211; Beaune &#8211; Chailly -Nivernais &#8211; Prunevelle &#8211; Le Rochat &#8211; Rougemont &#8211; Val d\u2019Amour <\/p>\n\n\n\n<p><strong>R\u00e9union des capitaines<\/strong> 2026 : la veille de la comp\u00e9tition \u00e0 19h00.<\/p>\n\n\n\n<p><strong>Vainqueurs 2025 <\/strong> Pontarlier et Quetigny montent en 1\u00e8re division en 2026<\/p>\n\n\n\n<div class=\"wp-block-columns is-layout-flex wp-container-core-columns-is-layout-9d6595d7 wp-block-columns-is-layout-flex\">\n<div class=\"wp-block-column is-layout-flow wp-block-column-is-layout-flow\">\n<figure class=\"wp-block-gallery has-nested-images columns-default is-cropped wp-block-gallery-3 is-layout-flex wp-block-gallery-is-layout-flex\">\n<figure class=\"wp-block-image size-large\"><a href=\"https:\/\/liguegolfbfc.org\/wp-content\/uploads\/2025\/04\/Pontarlier-monte-en-1ere-division.jpg\" data-rel=\"lightbox-gallery-NYFKYNNj\" data-rl_title=\"\" data-rl_caption=\"\" title=\"\"><img loading=\"lazy\" decoding=\"async\" width=\"960\" height=\"720\" data-id=\"17677\" src=\"https:\/\/liguegolfbfc.org\/wp-content\/uploads\/2025\/04\/Pontarlier-monte-en-1ere-division.jpg\" alt=\"\" class=\"wp-image-17677\" srcset=\"https:\/\/liguegolfbfc.org\/wp-content\/uploads\/2025\/04\/Pontarlier-monte-en-1ere-division.jpg 960w, https:\/\/liguegolfbfc.org\/wp-content\/uploads\/2025\/04\/Pontarlier-monte-en-1ere-division-300x225.jpg 300w, https:\/\/liguegolfbfc.org\/wp-content\/uploads\/2025\/04\/Pontarlier-monte-en-1ere-division-768x576.jpg 768w\" sizes=\"auto, (max-width: 960px) 100vw, 960px\" \/><\/a><\/figure>\n<\/figure>\n<\/div>\n\n\n\n<div class=\"wp-block-column is-layout-flow wp-block-column-is-layout-flow\">\n<figure class=\"wp-block-gallery has-nested-images columns-default is-cropped wp-block-gallery-4 is-layout-flex wp-block-gallery-is-layout-flex\">\n<figure class=\"wp-block-image size-large\"><a href=\"https:\/\/liguegolfbfc.org\/wp-content\/uploads\/2025\/04\/WhatsApp-Image-2025-04-29-at-15.29.37.jpeg\" data-rel=\"lightbox-gallery-NYFKYNNj\" data-rl_title=\"\" data-rl_caption=\"\" title=\"\"><img loading=\"lazy\" decoding=\"async\" width=\"1024\" height=\"838\" data-id=\"17686\" src=\"https:\/\/liguegolfbfc.org\/wp-content\/uploads\/2025\/04\/WhatsApp-Image-2025-04-29-at-15.29.37-1024x838.jpeg\" alt=\"\" class=\"wp-image-17686\" srcset=\"https:\/\/liguegolfbfc.org\/wp-content\/uploads\/2025\/04\/WhatsApp-Image-2025-04-29-at-15.29.37-1024x838.jpeg 1024w, https:\/\/liguegolfbfc.org\/wp-content\/uploads\/2025\/04\/WhatsApp-Image-2025-04-29-at-15.29.37-300x245.jpeg 300w, https:\/\/liguegolfbfc.org\/wp-content\/uploads\/2025\/04\/WhatsApp-Image-2025-04-29-at-15.29.37-768x628.jpeg 768w, https:\/\/liguegolfbfc.org\/wp-content\/uploads\/2025\/04\/WhatsApp-Image-2025-04-29-at-15.29.37-1536x1257.jpeg 1536w, https:\/\/liguegolfbfc.org\/wp-content\/uploads\/2025\/04\/WhatsApp-Image-2025-04-29-at-15.29.37.jpeg 1600w\" sizes=\"auto, (max-width: 1024px) 100vw, 1024px\" \/><\/a><\/figure>\n<\/figure>\n<\/div>\n<\/div>\n\n\n\n<hr class=\"wp-block-separator has-alpha-channel-opacity\"\/>\n\n\n\n<p><strong>25\/26 avril 2026<\/strong><br><strong>\u00c9quipes 2 Messieurs<\/strong> : Golf de Macon la Salle <strong> <\/strong><\/p>\n\n\n\n<p><strong>Clubs engag\u00e9s<\/strong> : Beaune &#8211; Chalon &#8211; Chassagne &#8211; Dijon Bourgogne &#8211; Nivernais &#8211; Pontarlier &#8211; Prunevelle Quetigny<br><strong>R\u00e9union des capitaines<\/strong> : la veille de la comp\u00e9tition \u00e0 19h00.<\/p>\n\n\n\n<p><strong>Vainqueur 2025<\/strong> Chalon championne des \u00e9quipes 2<\/p>\n\n\n\n<div class=\"wp-block-columns is-layout-flex wp-container-core-columns-is-layout-9d6595d7 wp-block-columns-is-layout-flex\">\n<div class=\"wp-block-column is-layout-flow wp-block-column-is-layout-flow\" style=\"flex-basis:25%\"><\/div>\n\n\n\n<div class=\"wp-block-column is-layout-flow wp-block-column-is-layout-flow\" style=\"flex-basis:50%\">\n<figure class=\"wp-block-gallery has-nested-images columns-default is-cropped wp-block-gallery-5 is-layout-flex wp-block-gallery-is-layout-flex\">\n<figure class=\"wp-block-image size-large\"><a href=\"https:\/\/liguegolfbfc.org\/wp-content\/uploads\/2025\/04\/Chalon-championne-des-equipes-2-Messieurs.jpg\" data-rel=\"lightbox-gallery-NYFKYNNj\" data-rl_title=\"\" data-rl_caption=\"\" title=\"\"><img loading=\"lazy\" decoding=\"async\" width=\"1024\" height=\"803\" data-id=\"17678\" src=\"https:\/\/liguegolfbfc.org\/wp-content\/uploads\/2025\/04\/Chalon-championne-des-equipes-2-Messieurs-1024x803.jpg\" alt=\"\" class=\"wp-image-17678\" srcset=\"https:\/\/liguegolfbfc.org\/wp-content\/uploads\/2025\/04\/Chalon-championne-des-equipes-2-Messieurs-1024x803.jpg 1024w, https:\/\/liguegolfbfc.org\/wp-content\/uploads\/2025\/04\/Chalon-championne-des-equipes-2-Messieurs-300x235.jpg 300w, https:\/\/liguegolfbfc.org\/wp-content\/uploads\/2025\/04\/Chalon-championne-des-equipes-2-Messieurs-768x602.jpg 768w, https:\/\/liguegolfbfc.org\/wp-content\/uploads\/2025\/04\/Chalon-championne-des-equipes-2-Messieurs-1536x1205.jpg 1536w, https:\/\/liguegolfbfc.org\/wp-content\/uploads\/2025\/04\/Chalon-championne-des-equipes-2-Messieurs.jpg 1599w\" sizes=\"auto, (max-width: 1024px) 100vw, 1024px\" \/><\/a><\/figure>\n<\/figure>\n<\/div>\n\n\n\n<div class=\"wp-block-column is-layout-flow wp-block-column-is-layout-flow\" style=\"flex-basis:25%\"><\/div>\n<\/div>\n\n\n\n<hr class=\"wp-block-separator has-alpha-channel-opacity\"\/>\n\n\n\n<p><strong>25\/26 avril 2026<\/strong><br><strong>Promotions Messieurs <\/strong>: Golf de Val de Sorne<br><strong>Clubs engag\u00e9s<\/strong> : Autun &#8211; Bournel &#8211; Mont St Jean &#8211; Montceau &#8211; Val de Sorne &#8211; Quatre Saisons &#8211; Tanlay<br><strong>R\u00e9union des capitaines<\/strong> 2026 : la veille de la comp\u00e9tition<\/p>\n\n\n\n<p><br><strong><a href=\"https:\/\/liguegolfbfc.org\/wp-content\/uploads\/2025\/04\/classement-tour_12-complet.pdf\" target=\"_blank\" rel=\"noreferrer noopener\">R\u00e9sultats 2025 <\/a><\/strong>Avoise et Nivernais montent en division 2<\/p>\n\n\n\n<div class=\"wp-block-columns is-layout-flex wp-container-core-columns-is-layout-9d6595d7 wp-block-columns-is-layout-flex\">\n<div class=\"wp-block-column is-layout-flow wp-block-column-is-layout-flow\">\n<figure class=\"wp-block-gallery has-nested-images columns-default is-cropped wp-block-gallery-6 is-layout-flex wp-block-gallery-is-layout-flex\">\n<figure class=\"wp-block-image size-large\"><a href=\"https:\/\/liguegolfbfc.org\/wp-content\/uploads\/2025\/04\/Avoise-monte-en-2e-divisions.jpg\" data-rel=\"lightbox-gallery-NYFKYNNj\" data-rl_title=\"\" data-rl_caption=\"\" title=\"\"><img loading=\"lazy\" decoding=\"async\" width=\"1024\" height=\"768\" data-id=\"17679\" src=\"https:\/\/liguegolfbfc.org\/wp-content\/uploads\/2025\/04\/Avoise-monte-en-2e-divisions-1024x768.jpg\" alt=\"\" class=\"wp-image-17679\" srcset=\"https:\/\/liguegolfbfc.org\/wp-content\/uploads\/2025\/04\/Avoise-monte-en-2e-divisions-1024x768.jpg 1024w, https:\/\/liguegolfbfc.org\/wp-content\/uploads\/2025\/04\/Avoise-monte-en-2e-divisions-300x225.jpg 300w, https:\/\/liguegolfbfc.org\/wp-content\/uploads\/2025\/04\/Avoise-monte-en-2e-divisions-768x576.jpg 768w, https:\/\/liguegolfbfc.org\/wp-content\/uploads\/2025\/04\/Avoise-monte-en-2e-divisions-1536x1152.jpg 1536w, https:\/\/liguegolfbfc.org\/wp-content\/uploads\/2025\/04\/Avoise-monte-en-2e-divisions.jpg 1600w\" sizes=\"auto, (max-width: 1024px) 100vw, 1024px\" \/><\/a><\/figure>\n<\/figure>\n<\/div>\n\n\n\n<div class=\"wp-block-column is-layout-flow wp-block-column-is-layout-flow\">\n<figure class=\"wp-block-gallery has-nested-images columns-default is-cropped wp-block-gallery-7 is-layout-flex wp-block-gallery-is-layout-flex\">\n<figure class=\"wp-block-image size-large\"><a href=\"https:\/\/liguegolfbfc.org\/wp-content\/uploads\/2025\/04\/equipe-nivernais-1-1-scaled.jpg\" data-rel=\"lightbox-gallery-NYFKYNNj\" data-rl_title=\"\" data-rl_caption=\"\" title=\"\"><img loading=\"lazy\" decoding=\"async\" width=\"1024\" height=\"768\" data-id=\"17684\" src=\"https:\/\/liguegolfbfc.org\/wp-content\/uploads\/2025\/04\/equipe-nivernais-1-1-1024x768.jpg\" alt=\"\" class=\"wp-image-17684\" srcset=\"https:\/\/liguegolfbfc.org\/wp-content\/uploads\/2025\/04\/equipe-nivernais-1-1-1024x768.jpg 1024w, https:\/\/liguegolfbfc.org\/wp-content\/uploads\/2025\/04\/equipe-nivernais-1-1-300x225.jpg 300w, https:\/\/liguegolfbfc.org\/wp-content\/uploads\/2025\/04\/equipe-nivernais-1-1-768x576.jpg 768w, https:\/\/liguegolfbfc.org\/wp-content\/uploads\/2025\/04\/equipe-nivernais-1-1-1536x1152.jpg 1536w, https:\/\/liguegolfbfc.org\/wp-content\/uploads\/2025\/04\/equipe-nivernais-1-1-2048x1536.jpg 2048w\" sizes=\"auto, (max-width: 1024px) 100vw, 1024px\" \/><\/a><\/figure>\n<\/figure>\n<\/div>\n<\/div>\n\n\n\n<hr class=\"wp-block-separator has-alpha-channel-opacity\"\/>\n\n\n\n<p><strong>25\/26 avril 2026<\/strong><br><strong>Promotions Dames <\/strong>&#8211; Golf de Val de Sorne <br><strong>Clubs engag\u00e9s <\/strong>: Autun &#8211; Chassagne &#8211; Le Rochat &#8211; Nivernais &#8211; Roncemay &#8211; Rougemont &#8211; Val d&rsquo;Amour Vosges du Sud<br><strong>R\u00e9union des capitaines<\/strong> : la veille de la comp\u00e9tition \u00e0 19h00.<br><br><strong>R\u00e9sultats 2025<\/strong> <strong> <\/strong>Prunevelle et Quetigny montent en division 1<\/p>\n\n\n\n<div class=\"wp-block-columns is-layout-flex wp-container-core-columns-is-layout-9d6595d7 wp-block-columns-is-layout-flex\">\n<div class=\"wp-block-column is-layout-flow wp-block-column-is-layout-flow\">\n<figure class=\"wp-block-gallery has-nested-images columns-default is-cropped wp-block-gallery-8 is-layout-flex wp-block-gallery-is-layout-flex\">\n<figure class=\"wp-block-image size-large\"><a href=\"https:\/\/liguegolfbfc.org\/wp-content\/uploads\/2025\/04\/Pruenvelle-monte-en-1ere-division.jpg\" data-rel=\"lightbox-gallery-NYFKYNNj\" data-rl_title=\"\" data-rl_caption=\"\" title=\"\"><img loading=\"lazy\" decoding=\"async\" width=\"768\" height=\"1024\" data-id=\"17680\" src=\"https:\/\/liguegolfbfc.org\/wp-content\/uploads\/2025\/04\/Pruenvelle-monte-en-1ere-division-768x1024.jpg\" alt=\"\" class=\"wp-image-17680\" srcset=\"https:\/\/liguegolfbfc.org\/wp-content\/uploads\/2025\/04\/Pruenvelle-monte-en-1ere-division-768x1024.jpg 768w, https:\/\/liguegolfbfc.org\/wp-content\/uploads\/2025\/04\/Pruenvelle-monte-en-1ere-division-225x300.jpg 225w, https:\/\/liguegolfbfc.org\/wp-content\/uploads\/2025\/04\/Pruenvelle-monte-en-1ere-division-1152x1536.jpg 1152w, https:\/\/liguegolfbfc.org\/wp-content\/uploads\/2025\/04\/Pruenvelle-monte-en-1ere-division.jpg 1536w\" sizes=\"auto, (max-width: 768px) 100vw, 768px\" \/><\/a><\/figure>\n<\/figure>\n<\/div>\n\n\n\n<div class=\"wp-block-column is-layout-flow wp-block-column-is-layout-flow\">\n<figure class=\"wp-block-gallery has-nested-images columns-default is-cropped wp-block-gallery-9 is-layout-flex wp-block-gallery-is-layout-flex\">\n<figure class=\"wp-block-image size-large\"><a href=\"https:\/\/liguegolfbfc.org\/wp-content\/uploads\/2025\/04\/Quetigny-monte-en-1ere-division-1.jpg\" data-rel=\"lightbox-gallery-NYFKYNNj\" data-rl_title=\"\" data-rl_caption=\"\" title=\"\"><img loading=\"lazy\" decoding=\"async\" width=\"768\" height=\"1024\" data-id=\"17681\" src=\"https:\/\/liguegolfbfc.org\/wp-content\/uploads\/2025\/04\/Quetigny-monte-en-1ere-division-1-768x1024.jpg\" alt=\"\" class=\"wp-image-17681\" srcset=\"https:\/\/liguegolfbfc.org\/wp-content\/uploads\/2025\/04\/Quetigny-monte-en-1ere-division-1-768x1024.jpg 768w, https:\/\/liguegolfbfc.org\/wp-content\/uploads\/2025\/04\/Quetigny-monte-en-1ere-division-1-225x300.jpg 225w, https:\/\/liguegolfbfc.org\/wp-content\/uploads\/2025\/04\/Quetigny-monte-en-1ere-division-1-1152x1536.jpg 1152w, https:\/\/liguegolfbfc.org\/wp-content\/uploads\/2025\/04\/Quetigny-monte-en-1ere-division-1.jpg 1200w\" sizes=\"auto, (max-width: 768px) 100vw, 768px\" \/><\/a><\/figure>\n<\/figure>\n<\/div>\n<\/div>\n\n\n\n<p><br><\/p>\n\n\n\n<hr class=\"wp-block-separator has-text-color has-black-color has-alpha-channel-opacity has-black-background-color has-background is-style-wide\"\/>\n\n\n\n<hr class=\"wp-block-separator has-alpha-channel-opacity\"\/>\n\n\n\n<p><em><strong>Infos utiles<\/strong> : Les d\u00e9parts du 1er tour des  comp\u00e9titions individuelles et par \u00e9quipe sont publi\u00e9es sur le Site  Internet de la Ligue et sur la Page Facebook, au plus tard la veille de  l\u2019\u00e9preuve. Les participants peuvent aussi contacter directement le Club ou utiliser l\u2019application FFGolf via leur smartphone pour connaitre leur  horaire de d\u00e9part. La Ligue se r\u00e9serve le droit de modifier ou  d\u2019annuler une \u00e9preuve. En cas doute sur la tenue d\u2019une \u00e9preuve, merci de  prendre contact directement avec le Club qui re\u00e7oit la comp\u00e9tition.<\/em><\/p>\n","protected":false},"excerpt":{"rendered":"<p>CHAMPIONNAT DE LIGUE PAR \u00c9QUIPE DAMES &amp; MESSIEURS 25\/26 AVRIL 2026 R\u00e9sultats 2025 R\u00e8glements des \u00e9preuves 2026 La r\u00e9union des capitaines aura lieu le vendredi soir \u00e0 19h00. 1\u00e8re division Messieurs et Dames : Golf de Quetigny2\u00e8me division Messieurs et \u00e9quipe 2 : Golf de Macon la SallePromotion Messieurs et Dames : Golf du Val [&hellip;]<\/p>\n","protected":false},"author":1,"featured_media":0,"parent":0,"menu_order":0,"comment_status":"closed","ping_status":"closed","template":"page-templates\/page-full-width.php","meta":{"footnotes":""},"class_list":["post-69","page","type-page","status-publish","hentry"],"jetpack_sharing_enabled":true,"_links":{"self":[{"href":"https:\/\/liguegolfbfc.org\/index.php\/wp-json\/wp\/v2\/pages\/69","targetHints":{"allow":["GET"]}}],"collection":[{"href":"https:\/\/liguegolfbfc.org\/index.php\/wp-json\/wp\/v2\/pages"}],"about":[{"href":"https:\/\/liguegolfbfc.org\/index.php\/wp-json\/wp\/v2\/types\/page"}],"author":[{"embeddable":true,"href":"https:\/\/liguegolfbfc.org\/index.php\/wp-json\/wp\/v2\/users\/1"}],"replies":[{"embeddable":true,"href":"https:\/\/liguegolfbfc.org\/index.php\/wp-json\/wp\/v2\/comments?post=69"}],"version-history":[{"count":378,"href":"https:\/\/liguegolfbfc.org\/index.php\/wp-json\/wp\/v2\/pages\/69\/revisions"}],"predecessor-version":[{"id":19980,"href":"https:\/\/liguegolfbfc.org\/index.php\/wp-json\/wp\/v2\/pages\/69\/revisions\/19980"}],"wp:attachment":[{"href":"https:\/\/liguegolfbfc.org\/index.php\/wp-json\/wp\/v2\/media?parent=69"}],"curies":[{"name":"wp","href":"https:\/\/api.w.org\/{rel}","templated":true}]}}