{"id":52,"date":"2020-03-09T18:17:17","date_gmt":"2020-03-09T17:17:17","guid":{"rendered":"http:\/\/liguegolfbfc.org\/?page_id=52"},"modified":"2026-04-22T10:30:23","modified_gmt":"2026-04-22T08:30:23","slug":"dames-et-messieurs-trophees-seniors","status":"publish","type":"page","link":"https:\/\/liguegolfbfc.org\/index.php\/dames-et-messieurs-trophees-seniors\/","title":{"rendered":"DAMES ET MESSIEURS | TROPH\u00c9ES S\u00c9NIORS &amp; CLASSIC MID-AMATEURS"},"content":{"rendered":"\n<h2 class=\"wp-block-heading has-white-color has-text-color has-background\" id=\"ProjetSportif2023\" style=\"background:linear-gradient(135deg,rgb(0,51,96) 0%,rgb(0,51,96) 55%,rgb(0,51,96) 100%)\">ANN\u00c9E 2026<\/h2>\n\n\n\n<div class=\"wp-block-columns is-layout-flex wp-container-core-columns-is-layout-9d6595d7 wp-block-columns-is-layout-flex\">\n<div class=\"wp-block-column is-layout-flow wp-block-column-is-layout-flow\"><\/div>\n\n\n\n<div class=\"wp-block-column is-layout-flow wp-block-column-is-layout-flow\">\n<figure class=\"wp-block-gallery has-nested-images columns-default is-cropped wp-block-gallery-1 is-layout-flex wp-block-gallery-is-layout-flex\">\n<figure class=\"wp-block-image size-large is-style-default\"><img loading=\"lazy\" decoding=\"async\" width=\"724\" height=\"1024\" data-id=\"19538\" src=\"https:\/\/liguegolfbfc.org\/wp-content\/uploads\/2026\/02\/Trophee-seniors-724x1024.png\" alt=\"\" class=\"wp-image-19538\" srcset=\"https:\/\/liguegolfbfc.org\/wp-content\/uploads\/2026\/02\/Trophee-seniors-724x1024.png 724w, https:\/\/liguegolfbfc.org\/wp-content\/uploads\/2026\/02\/Trophee-seniors-212x300.png 212w, https:\/\/liguegolfbfc.org\/wp-content\/uploads\/2026\/02\/Trophee-seniors-768x1086.png 768w, https:\/\/liguegolfbfc.org\/wp-content\/uploads\/2026\/02\/Trophee-seniors-1086x1536.png 1086w, https:\/\/liguegolfbfc.org\/wp-content\/uploads\/2026\/02\/Trophee-seniors.png 1414w\" sizes=\"auto, (max-width: 724px) 100vw, 724px\" \/><\/figure>\n<\/figure>\n<\/div>\n\n\n\n<div class=\"wp-block-column is-layout-flow wp-block-column-is-layout-flow\"><\/div>\n<\/div>\n\n\n\n<div class=\"wp-block-columns is-layout-flex wp-container-core-columns-is-layout-9d6595d7 wp-block-columns-is-layout-flex\">\n<div class=\"wp-block-column is-layout-flow wp-block-column-is-layout-flow\"><\/div>\n\n\n\n<div class=\"wp-block-column is-layout-flow wp-block-column-is-layout-flow\">\n<p><strong>TROPH\u00c9E SENIORS GOLF VAL DE SORNE<\/strong><\/p>\n\n\n\n<p>Golf de Val de Sorne | 4-5 juin 2026<\/p>\n<\/div>\n<\/div>\n\n\n\n<hr class=\"wp-block-separator has-alpha-channel-opacity\"\/>\n\n\n\n<div class=\"wp-block-columns is-layout-flex wp-container-core-columns-is-layout-9d6595d7 wp-block-columns-is-layout-flex\">\n<div class=\"wp-block-column is-layout-flow wp-block-column-is-layout-flow\"><\/div>\n\n\n\n<div class=\"wp-block-column is-layout-flow wp-block-column-is-layout-flow\">\n<p><strong>TROPH\u00c9E SENIORS <strong>&amp; CLASSIC MID-AMATEURS<\/strong><\/strong> <strong>GOLF DE DIJON BOURGOGNE<\/strong><\/p>\n\n\n\n<p>Golf de Dijon Bourgogne | 11-12 juillet 2026<\/p>\n<\/div>\n<\/div>\n\n\n\n<hr class=\"wp-block-separator has-alpha-channel-opacity\"\/>\n\n\n\n<div class=\"wp-block-columns is-layout-flex wp-container-core-columns-is-layout-9d6595d7 wp-block-columns-is-layout-flex\">\n<div class=\"wp-block-column is-layout-flow wp-block-column-is-layout-flow\"><div class=\"wp-block-image\">\n<figure data-wp-context=\"{&quot;imageId&quot;:&quot;6a095442bbe96&quot;}\" data-wp-interactive=\"core\/image\" class=\"aligncenter size-large is-resized wp-lightbox-container\"><img loading=\"lazy\" decoding=\"async\" width=\"724\" height=\"1024\" data-wp-class--hide=\"state.isContentHidden\" data-wp-class--show=\"state.isContentVisible\" data-wp-init=\"callbacks.setButtonStyles\" data-wp-on-async--click=\"actions.showLightbox\" data-wp-on-async--load=\"callbacks.setButtonStyles\" data-wp-on-async-window--resize=\"callbacks.setButtonStyles\" src=\"https:\/\/liguegolfbfc.org\/wp-content\/uploads\/2026\/04\/Affiche-Trophee-seniors-Mid-am-triangle-vert-724x1024.jpg\" alt=\"\" class=\"wp-image-20313\" style=\"width:305px;height:auto\"\/><button\n\t\t\tclass=\"lightbox-trigger\"\n\t\t\ttype=\"button\"\n\t\t\taria-haspopup=\"dialog\"\n\t\t\taria-label=\"Agrandir\"\n\t\t\tdata-wp-init=\"callbacks.initTriggerButton\"\n\t\t\tdata-wp-on-async--click=\"actions.showLightbox\"\n\t\t\tdata-wp-style--right=\"state.imageButtonRight\"\n\t\t\tdata-wp-style--top=\"state.imageButtonTop\"\n\t\t>\n\t\t\t<svg xmlns=\"http:\/\/www.w3.org\/2000\/svg\" width=\"12\" height=\"12\" fill=\"none\" viewBox=\"0 0 12 12\">\n\t\t\t\t<path fill=\"#fff\" d=\"M2 0a2 2 0 0 0-2 2v2h1.5V2a.5.5 0 0 1 .5-.5h2V0H2Zm2 10.5H2a.5.5 0 0 1-.5-.5V8H0v2a2 2 0 0 0 2 2h2v-1.5ZM8 12v-1.5h2a.5.5 0 0 0 .5-.5V8H12v2a2 2 0 0 1-2 2H8Zm2-12a2 2 0 0 1 2 2v2h-1.5V2a.5.5 0 0 0-.5-.5H8V0h2Z\" \/>\n\t\t\t<\/svg>\n\t\t<\/button><\/figure><\/div><\/div>\n\n\n\n<div class=\"wp-block-column is-layout-flow wp-block-column-is-layout-flow\">\n<p><strong>TROPH\u00c9E SENIORS &amp; CLASSIC MID-AMATEURS DES VOSGES DU SUD<\/strong><\/p>\n\n\n\n<p>Golf des Vosges du Sud | 29-30 ao\u00fbt<strong> <\/strong>2026<\/p>\n\n\n\n<div class=\"wp-block-buttons is-layout-flex wp-block-buttons-is-layout-flex\">\n<div class=\"wp-block-button\"><a class=\"wp-block-button__link wp-element-button\" href=\"https:\/\/liguegolfbfc.org\/wp-content\/uploads\/2026\/04\/Reglement-epreuves-Trophee-seniors-du-triangle-vert-Classic-Mid-Am-2026.pdf\">R\u00e8glement<\/a><\/div>\n<\/div>\n<\/div>\n<\/div>\n\n\n\n<hr class=\"wp-block-separator has-alpha-channel-opacity\"\/>\n\n\n\n<div class=\"wp-block-columns is-layout-flex wp-container-core-columns-is-layout-9d6595d7 wp-block-columns-is-layout-flex\">\n<div class=\"wp-block-column is-layout-flow wp-block-column-is-layout-flow\"><\/div>\n\n\n\n<div class=\"wp-block-column is-layout-flow wp-block-column-is-layout-flow\">\n<p><strong>TROPH\u00c9E SENIORS &amp; CLASSIC MID-AMATEURS GOLF DU NIVERNAIS<\/strong><\/p>\n\n\n\n<p>Golf du Nivernais | 29-30 ao\u00fbt<strong> <\/strong>2026<\/p>\n<\/div>\n<\/div>\n\n\n\n<hr class=\"wp-block-separator has-alpha-channel-opacity\"\/>\n\n\n\n<div class=\"wp-block-columns is-layout-flex wp-container-core-columns-is-layout-9d6595d7 wp-block-columns-is-layout-flex\">\n<div class=\"wp-block-column is-layout-flow wp-block-column-is-layout-flow\"><\/div>\n\n\n\n<div class=\"wp-block-column is-layout-flow wp-block-column-is-layout-flow\">\n<p><strong>TROPH\u00c9E SENIORS &amp; CLASSIC MID-AMATEURS GOLF DU CH\u00c2TEAU D&rsquo;AVOISE<\/strong><\/p>\n\n\n\n<p>Golf d&rsquo;Avoise | 5-6 septembre<strong> <\/strong>2026<\/p>\n<\/div>\n<\/div>\n\n\n\n<hr class=\"wp-block-separator has-alpha-channel-opacity\"\/>\n\n\n\n<div class=\"wp-block-columns is-layout-flex wp-container-core-columns-is-layout-9d6595d7 wp-block-columns-is-layout-flex\">\n<div class=\"wp-block-column is-layout-flow wp-block-column-is-layout-flow\"><\/div>\n\n\n\n<div class=\"wp-block-column is-layout-flow wp-block-column-is-layout-flow\">\n<p><strong>TROPH\u00c9E SENIORS GOLF DE MONT ST JEAN<\/strong><br>Golf de Mt St Jean | 12-13 septembre<\/p>\n<\/div>\n<\/div>\n\n\n\n<hr class=\"wp-block-separator has-alpha-channel-opacity\"\/>\n\n\n\n<div class=\"wp-block-columns is-layout-flex wp-container-core-columns-is-layout-9d6595d7 wp-block-columns-is-layout-flex\">\n<div class=\"wp-block-column is-layout-flow wp-block-column-is-layout-flow\"><\/div>\n\n\n\n<div class=\"wp-block-column is-layout-flow wp-block-column-is-layout-flow\">\n<p><strong>TROPH\u00c9E SENIORS GOLF DU RONCEMAY<\/strong><\/p>\n\n\n\n<p>Golf du Roncemay | 26-27 septembre<strong> <\/strong>2026<\/p>\n<\/div>\n<\/div>\n\n\n\n<hr class=\"wp-block-separator has-alpha-channel-opacity\"\/>\n\n\n\n<div class=\"wp-block-columns is-layout-flex wp-container-core-columns-is-layout-9d6595d7 wp-block-columns-is-layout-flex\">\n<div class=\"wp-block-column is-layout-flow wp-block-column-is-layout-flow\"><\/div>\n\n\n\n<div class=\"wp-block-column is-layout-flow wp-block-column-is-layout-flow\">\n<p><strong>TROPH\u00c9E SENIORS <strong>&amp; CLASSIC MID-AMATEURS <\/strong>GOLF DE MACON LA SALLE<\/strong><\/p>\n\n\n\n<p>Golf de Macon | 10-11 octobre<strong> <\/strong>2026<\/p>\n<\/div>\n<\/div>\n\n\n\n<p><\/p>\n","protected":false},"excerpt":{"rendered":"<p>ANN\u00c9E 2026 TROPH\u00c9E SENIORS GOLF VAL DE SORNE Golf de Val de Sorne | 4-5 juin 2026 TROPH\u00c9E SENIORS &amp; CLASSIC MID-AMATEURS GOLF DE DIJON BOURGOGNE Golf de Dijon Bourgogne | 11-12 juillet 2026 TROPH\u00c9E SENIORS &amp; CLASSIC MID-AMATEURS DES VOSGES DU SUD Golf des Vosges du Sud | 29-30 ao\u00fbt 2026 TROPH\u00c9E SENIORS &amp; [&hellip;]<\/p>\n","protected":false},"author":1,"featured_media":0,"parent":0,"menu_order":0,"comment_status":"closed","ping_status":"closed","template":"page-templates\/page-full-width.php","meta":{"footnotes":""},"class_list":["post-52","page","type-page","status-publish","hentry"],"jetpack_sharing_enabled":true,"_links":{"self":[{"href":"https:\/\/liguegolfbfc.org\/index.php\/wp-json\/wp\/v2\/pages\/52","targetHints":{"allow":["GET"]}}],"collection":[{"href":"https:\/\/liguegolfbfc.org\/index.php\/wp-json\/wp\/v2\/pages"}],"about":[{"href":"https:\/\/liguegolfbfc.org\/index.php\/wp-json\/wp\/v2\/types\/page"}],"author":[{"embeddable":true,"href":"https:\/\/liguegolfbfc.org\/index.php\/wp-json\/wp\/v2\/users\/1"}],"replies":[{"embeddable":true,"href":"https:\/\/liguegolfbfc.org\/index.php\/wp-json\/wp\/v2\/comments?post=52"}],"version-history":[{"count":149,"href":"https:\/\/liguegolfbfc.org\/index.php\/wp-json\/wp\/v2\/pages\/52\/revisions"}],"predecessor-version":[{"id":20317,"href":"https:\/\/liguegolfbfc.org\/index.php\/wp-json\/wp\/v2\/pages\/52\/revisions\/20317"}],"wp:attachment":[{"href":"https:\/\/liguegolfbfc.org\/index.php\/wp-json\/wp\/v2\/media?parent=52"}],"curies":[{"name":"wp","href":"https:\/\/api.w.org\/{rel}","templated":true}]}}