{"id":515,"date":"2020-03-12T13:21:23","date_gmt":"2020-03-12T12:21:23","guid":{"rendered":"http:\/\/liguegolfbfc.org\/?page_id=515"},"modified":"2025-09-24T18:31:41","modified_gmt":"2025-09-24T16:31:41","slug":"golf-entreprise-comp-de-ligue","status":"publish","type":"page","link":"https:\/\/liguegolfbfc.org\/index.php\/golf-entreprise-comp-de-ligue\/","title":{"rendered":"GOLF ENTREPRISE | Qui sommes nous ?"},"content":{"rendered":"\n<p>Le golf d&rsquo;entreprise de la ligue de golf de Bourgogne Franche-Comt\u00e9 est compos\u00e9 de toutes les Associations sportives d&rsquo;entreprise de la r\u00e9gion soutenues par EBGolf ( Entreprise Bourgogne Golf ) c\u00f4t\u00e9 Bourgogne et par FCGE ( Franche-Comt\u00e9 Golf Entreprise ) c\u00f4t\u00e9 Franche-Comt\u00e9. <\/p>\n\n\n\n<p><\/p>\n\n\n\n<p><strong>Liste des AS d&rsquo;entreprise:<\/strong><\/p>\n\n\n\n<figure class=\"wp-block-table is-style-stripes\"><table><tbody><tr><td><\/td><td><\/td><\/tr><tr><td>AGJSEP DR Bourgogne (21)<\/td><td>CSE FRAMATOME Chalon-Sully<\/td><\/tr><tr><td>Schneider Electric Dijon (21)<\/td><td>H\u00f4pital Nord Franche-Comt\u00e9 (90)<\/td><\/tr><tr><td>US des Cheminots Dijonnais (21)<\/td><td>ASCA Peugeot Sochaux (25)<\/td><\/tr><tr><td>ATSCAF C\u00f4te d&rsquo;OR (21)<\/td><td>AS PSA Vesoul (70)<\/td><\/tr><tr><td>CSL Gendarmerie Bourgogne (21)<\/td><td>CSL Gendarmerie Franche-Comt\u00e9 (25)   <\/td><\/tr><tr><td>ASPTT Dijon (21)<\/td><td>ASPTT Belfort (90)<\/td><\/tr><tr><td>CEA VALDUC (21)<\/td><td>Sports R\u00e9unis Belfortains &#8211; G\u00e9n\u00e9ral Electric (90)<\/td><\/tr><tr><td>Swing Populaire BFC (21)<\/td><td>AS ORANGE BFC (90)<\/td><\/tr><tr><td>AS Savoye Logistics (21)<\/td><td>ATSCAF Doubs (25)<\/td><\/tr><tr><td>Comit\u00e9 des \u0152uvres Sociales (71)<\/td><td>2F OPEN-JS25<\/td><\/tr><tr><td>ASCEE 21<\/td><td>AS PSY GOLF (70)<\/td><\/tr><tr><td>CERMEX Golf (21)<\/td><td>CSE CMCAS Bourgogne (21)<br><br>UDSP 58 <\/td><\/tr><\/tbody><\/table><figcaption class=\"wp-element-caption\"><br><a href=\"https:\/\/static.lceassets.com\/thumbnails\/e3\/e39e5097c4a8c2c0f294c26bcbd8e7592cb4fab2\/938207-f-jpg-square-1000x1000.jpg\" data-rel=\"lightbox-gallery-LaTfILT9\" data-rl_title=\"\" data-rl_caption=\"\" title=\"\"><\/a><\/figcaption><\/figure>\n\n\n\n<h4 class=\"wp-block-heading\">Compte rendu Commission GE<\/h4>\n\n\n\n<div class=\"wp-block-file\"><a id=\"wp-block-file--media-18eb4392-ed07-48f3-add3-7cab558424c3\" href=\"https:\/\/liguegolfbfc.org\/wp-content\/uploads\/2025\/03\/AG-2024-Com-GE-BFC-du-15-03-2025.pptx\">AG-2024-Com-GE-BFC-du-15-03-2025<\/a><a href=\"https:\/\/liguegolfbfc.org\/wp-content\/uploads\/2025\/03\/AG-2024-Com-GE-BFC-du-15-03-2025.pptx\" class=\"wp-block-file__button wp-element-button\" download aria-describedby=\"wp-block-file--media-18eb4392-ed07-48f3-add3-7cab558424c3\">T\u00e9l\u00e9charger<\/a><\/div>\n\n\n\n<div class=\"wp-block-file\"><a id=\"wp-block-file--media-589fb1d6-b0fb-4813-a23b-cae9c1e4ff4f\" href=\"https:\/\/liguegolfbfc.org\/wp-content\/uploads\/2025\/03\/AG-2023-Com-GE-BFC-du-19-03-2024.pptx\">AG-2023-Com-GE-BFC-du-19-03-2024<\/a><a href=\"https:\/\/liguegolfbfc.org\/wp-content\/uploads\/2025\/03\/AG-2023-Com-GE-BFC-du-19-03-2024.pptx\" class=\"wp-block-file__button wp-element-button\" download aria-describedby=\"wp-block-file--media-589fb1d6-b0fb-4813-a23b-cae9c1e4ff4f\">T\u00e9l\u00e9charger<\/a><\/div>\n\n\n\n<div class=\"wp-block-file\"><a id=\"wp-block-file--media-ae6518dd-df5f-480e-a384-ca5069b7afbb\" href=\"https:\/\/liguegolfbfc.org\/wp-content\/uploads\/2025\/03\/AG-2022-Com-GE-BFC-du-18-03-2023-2.pptx\">AG-2022-Com-GE-BFC-du-18-03-2023-2<\/a><a href=\"https:\/\/liguegolfbfc.org\/wp-content\/uploads\/2025\/03\/AG-2022-Com-GE-BFC-du-18-03-2023-2.pptx\" class=\"wp-block-file__button wp-element-button\" download aria-describedby=\"wp-block-file--media-ae6518dd-df5f-480e-a384-ca5069b7afbb\">T\u00e9l\u00e9charger<\/a><\/div>\n\n\n\n<p><strong>Lettre aux Clubs Entreprise  By<\/strong> <strong>FFG<\/strong><\/p>\n\n\n\n<div data-wp-interactive=\"core\/file\" class=\"wp-block-file\"><object data-wp-bind--hidden=\"!state.hasPdfPreview\" hidden class=\"wp-block-file__embed\" data=\"https:\/\/liguegolfbfc.org\/wp-content\/uploads\/2025\/03\/Lettre_aux_Clubs_Entreprise_-_janvier_2025-1.pdf\" type=\"application\/pdf\" style=\"width:100%;height:200px\" aria-label=\"Contenu embarqu\u00e9 Lettre_aux_Clubs_Entreprise_-_janvier_2025-1.\"><\/object><a id=\"wp-block-file--media-86d4938b-7285-4a80-8e0c-812f851d2c1d\" href=\"https:\/\/liguegolfbfc.org\/wp-content\/uploads\/2025\/03\/Lettre_aux_Clubs_Entreprise_-_janvier_2025-1.pdf\">Lettre_aux_Clubs_Entreprise_-_janvier_2025-1<\/a><a href=\"https:\/\/liguegolfbfc.org\/wp-content\/uploads\/2025\/03\/Lettre_aux_Clubs_Entreprise_-_janvier_2025-1.pdf\" class=\"wp-block-file__button wp-element-button\" download aria-describedby=\"wp-block-file--media-86d4938b-7285-4a80-8e0c-812f851d2c1d\">T\u00e9l\u00e9charger<\/a><\/div>\n\n\n\n<div data-wp-interactive=\"core\/file\" class=\"wp-block-file\"><object data-wp-bind--hidden=\"!state.hasPdfPreview\" hidden class=\"wp-block-file__embed\" data=\"https:\/\/liguegolfbfc.org\/wp-content\/uploads\/2024\/01\/14860_Lettre_aux_Clubs_-_janvier_2024.pdf\" type=\"application\/pdf\" style=\"width:100%;height:270px\" aria-label=\"Contenu embarqu\u00e9 14860_Lettre_aux_Clubs_-_janvier_2024.\"><\/object><a id=\"wp-block-file--media-62f9df3a-f48a-4e4d-907e-822157294dd2\" href=\"https:\/\/liguegolfbfc.org\/wp-content\/uploads\/2024\/01\/14860_Lettre_aux_Clubs_-_janvier_2024.pdf\">14860_Lettre_aux_Clubs_-_janvier_2024<\/a><a href=\"https:\/\/liguegolfbfc.org\/wp-content\/uploads\/2024\/01\/14860_Lettre_aux_Clubs_-_janvier_2024.pdf\" class=\"wp-block-file__button wp-element-button\" download aria-describedby=\"wp-block-file--media-62f9df3a-f48a-4e4d-907e-822157294dd2\">T\u00e9l\u00e9charger<\/a><\/div>\n\n\n\n<p><\/p>\n\n\n\n<div data-wp-interactive=\"core\/file\" class=\"wp-block-file\"><object data-wp-bind--hidden=\"!state.hasPdfPreview\" hidden class=\"wp-block-file__embed\" data=\"https:\/\/liguegolfbfc.org\/wp-content\/uploads\/2022\/06\/Lettre-aux-Clubs-juin-2022.pdf\" type=\"application\/pdf\" style=\"width:100%;height:270px\" aria-label=\"Contenu embarqu\u00e9 Lettre-aux-Clubs-juin-2022.\"><\/object><a id=\"wp-block-file--media-d261d387-53bb-46d6-a2e5-7fa61ac32f50\" href=\"https:\/\/liguegolfbfc.org\/wp-content\/uploads\/2022\/06\/Lettre-aux-Clubs-juin-2022.pdf\">Lettre-aux-Clubs-juin-2022<\/a><a href=\"https:\/\/liguegolfbfc.org\/wp-content\/uploads\/2022\/06\/Lettre-aux-Clubs-juin-2022.pdf\" class=\"wp-block-file__button wp-element-button\" download aria-describedby=\"wp-block-file--media-d261d387-53bb-46d6-a2e5-7fa61ac32f50\">T\u00e9l\u00e9charger<\/a><\/div>\n\n\n\n<h3 class=\"wp-block-heading\">JOUER AU GOLF AVEC MON ENTREPRISE<\/h3>\n\n\n\n<h4 class=\"wp-block-heading\"><a href=\"http:\/\/ligue-golfgrandest.org\/wp-content\/uploads\/2018\/06\/Depliant-proc\u00e9dure-pour-une-adh\u00e9sion.pdf\" data-type=\"URL\" data-id=\"http:\/\/ligue-golfgrandest.org\/wp-content\/uploads\/2018\/06\/Depliant-proc\u00e9dure-pour-une-adh\u00e9sion.pdf\" target=\"_blank\" rel=\"noreferrer noopener\">DECOUVREZ LE GOLF ENTRE COLLEGUES<\/a><\/h4>\n\n\n\n<p><a href=\"https:\/\/www.ffgolf.org\/Jouer\/Entreprise-municipalites-affinitaires\/Le-golf-d-Entreprise\/Comment-ca-marche\" target=\"_blank\" rel=\"noreferrer noopener\">COMMENT CA MARCHE ?<\/a><\/p>\n\n\n\n<p><a href=\"https:\/\/www.ffgolf.org\/Jouer\/Entreprise-municipalites-affinitaires\/Le-golf-d-Entreprise\/Rejoindre-une-AS\" target=\"_blank\" rel=\"noreferrer noopener\">REJOINDRE UNE AS<\/a><\/p>\n\n\n\n<p>DEMANDE DE RENSEIGNEMENTS OU DE DOSSIER D\u2019AFFILIATION<br>Contacter la Ligue de Golf de Bourgogne Franche-Comt\u00e9 au<span class=\"has-inline-color has-vivid-cyan-blue-color\"> <strong>03 80 25 09 72<\/strong><\/span> ou par mail \u00e0<span class=\"has-inline-color has-vivid-cyan-blue-color\"> contact@liguegolfbfc.org<\/span><br>Renseigner votre adresse postale pour recevoir votre dossier d\u2019affiliation<br>Le dossier compl\u00e9t\u00e9, remont\u00e9 \u00e0 la ffgolf par la ligue, doit imp\u00e9rativement comporter ces <a href=\"https:\/\/www.ffgolf.org\/Jouer\/Entreprise-municipalites-affinitaires\/Le-golf-d-Entreprise\/Demande-de-renseignements-ou-dossier-d-affiliation\" target=\"_blank\" rel=\"noreferrer noopener\">ELEMENTS.<\/a><\/p>\n\n\n\n<p><a href=\"https:\/\/www.ffgolf.org\/Jouer\/Entreprise-municipalites-affinitaires\/Le-golf-d-Entreprise\/Rejoindre-une-AS\" target=\"_blank\" rel=\"noreferrer noopener\">REJOINDRE UNE AS<\/a><\/p>\n\n\n\n<p><a href=\"https:\/\/www.ffgolf.org\/Jouer\/Entreprise-municipalites-affinitaires\/Le-golf-d-Entreprise\/La-semaine-du-golf-d-Entreprise\" target=\"_blank\" rel=\"noreferrer noopener\">LA SEMAINE DU GOLF ENTREPRISE&nbsp;<\/a><\/p>\n\n\n\n<hr class=\"wp-block-separator has-css-opacity\"\/>\n\n\n\n<h3 class=\"wp-block-heading\">QUELQUES DOCUMENTS UTILES<\/h3>\n\n\n\n<p><strong>Attestations employeur :<\/strong><\/p>\n\n\n\n<p><a href=\"http:\/\/ligue-golfgrandest.org\/wp-content\/uploads\/2019\/03\/Attestation_Employeur_equipe.pdf\" target=\"_blank\" rel=\"noreferrer noopener\">Attestation employeur \u00e9quipe<\/a> |<br><a href=\"http:\/\/ligue-golfgrandest.org\/wp-content\/uploads\/2019\/03\/Attestation_Employeur_indiv.pdf\" target=\"_blank\" rel=\"noreferrer noopener\">Attestation employeur individuel<\/a> |<br><a href=\"http:\/\/ligue-golfgrandest.org\/wp-content\/uploads\/2019\/03\/Attestation-Employeur-indiv-AGJSEP-2019.pdf\" target=\"_blank\" rel=\"noreferrer noopener\">Attestation employeur individuel sp\u00e9cifique AGJSEP<\/a> |<br><a href=\"http:\/\/ligue-golfgrandest.org\/wp-content\/uploads\/2019\/03\/Attestation-Employeur-indiv-2FOpen-2019.pdf\" target=\"_blank\" rel=\"noreferrer noopener\">Attestation employeur individuel sp\u00e9cifique 2FOpen<\/a> |<\/p>\n\n\n\n<hr class=\"wp-block-separator has-css-opacity\"\/>\n\n\n\n<p><strong>Evolution des r\u00e8gles pour 2019 :<\/strong><\/p>\n\n\n\n<p><a href=\"http:\/\/ligue-golfgrandest.org\/wp-content\/uploads\/2019\/03\/2019_RA_-_ET_-_Presentation_modifications_Regles_2019.pdf\" target=\"_blank\" rel=\"noreferrer noopener\">Les nouvelles r\u00e8gles de golf applicables au 1er janvier 2019<\/a><br><a href=\"http:\/\/ligue-golfgrandest.org\/wp-content\/uploads\/2019\/03\/2019_RA_-_ET_-_modifications__document_public.pdf\" target=\"_blank\" rel=\"noreferrer noopener\">Fiches d\u2019information sur les r\u00e8gles 2019<\/a> |<br><a href=\"http:\/\/ligue-golfgrandest.org\/wp-content\/uploads\/2019\/03\/R\u00e9sum\u00e9-de-quelques-changements-majeurs-aux-R\u00e8gles.pdf\" target=\"_blank\" rel=\"noreferrer noopener\">R\u00e9sum\u00e9 de quelques changements majeurs aux r\u00e8gles<\/a>|<\/p>\n","protected":false},"excerpt":{"rendered":"<p>Le golf d&rsquo;entreprise de la ligue de golf de Bourgogne Franche-Comt\u00e9 est compos\u00e9 de toutes les Associations sportives d&rsquo;entreprise de la r\u00e9gion soutenues par EBGolf ( Entreprise Bourgogne Golf ) c\u00f4t\u00e9 Bourgogne et par FCGE ( Franche-Comt\u00e9 Golf Entreprise ) c\u00f4t\u00e9 Franche-Comt\u00e9. Liste des AS d&rsquo;entreprise: AGJSEP DR Bourgogne (21) CSE FRAMATOME Chalon-Sully Schneider Electric [&hellip;]<\/p>\n","protected":false},"author":3,"featured_media":0,"parent":0,"menu_order":0,"comment_status":"closed","ping_status":"closed","template":"page-templates\/page-full-width.php","meta":{"footnotes":""},"class_list":["post-515","page","type-page","status-publish","hentry"],"jetpack_sharing_enabled":true,"_links":{"self":[{"href":"https:\/\/liguegolfbfc.org\/index.php\/wp-json\/wp\/v2\/pages\/515","targetHints":{"allow":["GET"]}}],"collection":[{"href":"https:\/\/liguegolfbfc.org\/index.php\/wp-json\/wp\/v2\/pages"}],"about":[{"href":"https:\/\/liguegolfbfc.org\/index.php\/wp-json\/wp\/v2\/types\/page"}],"author":[{"embeddable":true,"href":"https:\/\/liguegolfbfc.org\/index.php\/wp-json\/wp\/v2\/users\/3"}],"replies":[{"embeddable":true,"href":"https:\/\/liguegolfbfc.org\/index.php\/wp-json\/wp\/v2\/comments?post=515"}],"version-history":[{"count":53,"href":"https:\/\/liguegolfbfc.org\/index.php\/wp-json\/wp\/v2\/pages\/515\/revisions"}],"predecessor-version":[{"id":18914,"href":"https:\/\/liguegolfbfc.org\/index.php\/wp-json\/wp\/v2\/pages\/515\/revisions\/18914"}],"wp:attachment":[{"href":"https:\/\/liguegolfbfc.org\/index.php\/wp-json\/wp\/v2\/media?parent=515"}],"curies":[{"name":"wp","href":"https:\/\/api.w.org\/{rel}","templated":true}]}}