{"id":5056,"date":"2021-04-06T16:42:06","date_gmt":"2021-04-06T14:42:06","guid":{"rendered":"https:\/\/liguegolfbfc.org\/?page_id=5056"},"modified":"2026-04-09T15:02:04","modified_gmt":"2026-04-09T13:02:04","slug":"jeunes-challenge-des-ecoles-de-golf","status":"publish","type":"page","link":"https:\/\/liguegolfbfc.org\/index.php\/jeunes-challenge-des-ecoles-de-golf\/","title":{"rendered":"JEUNES | CHALLENGE DES \u00c9COLES DE GOLF"},"content":{"rendered":"\n<h2 class=\"wp-block-heading\"><strong>CHALLENGE ACADOMIA 2026<\/strong><\/h2>\n\n\n\n<p><strong><a href=\"https:\/\/www.ffgolf.org\/golf-amateur\/jeunes\/l-ecole-de-golf\">FFGOLF L&rsquo;\u00e9cole de Golf <\/a><\/strong><\/p>\n\n\n\n<p><strong><a href=\"https:\/\/liguegolfbfc.org\/wp-content\/uploads\/2026\/03\/Challenge_Acadomia_des_EDG_-_RA_glement.pdf\">R\u00e8glement Challenge Acadomia FFG<\/a><\/strong><br><strong><a href=\"https:\/\/liguegolfbfc.org\/wp-content\/uploads\/2026\/03\/Reglt-Ligue-Challenge-des-EdG.pdf\">R\u00e8glement Challenge EdG Ligue<\/a><\/strong><br>Les calendriers des Comit\u00e9s D\u00e9partementaux et Territoriaux sont visibles dans l&rsquo;onglet CD\/CT<\/p>\n\n\n\n<hr class=\"wp-block-separator has-alpha-channel-opacity\"\/>\n\n\n\n<p><\/p>\n\n\n\n<h3 class=\"wp-block-heading\">2025<br><strong>Remise du 1er Prix R\u00e9gional \u2013 Challenge National ACADOMIA<\/strong><\/h3>\n\n\n\n<p>L\u2019Association Sportive du <strong>Golf des Vosges du Sud <\/strong>a organis\u00e9, le samedi 8 novembre, sa c\u00e9r\u00e9monie de fin de saison 2024-2025 pour l\u2019\u00c9cole de Golf. L\u2019\u00e9quipe de b\u00e9n\u00e9voles men\u00e9e par <strong>C\u00e9dric Vincent<\/strong> a officialis\u00e9 les nombreux passages de Drapeaux et mis \u00e0 l\u2019honneur les vainqueurs des Juniors S\u00e9ries.<\/p>\n\n\n\n<p>C\u2019est \u00e9galement l\u2019occasion de remercier <strong>Olivier Brun<\/strong> pour son investissement au sein du club ces derni\u00e8res ann\u00e9es, et de pr\u00e9senter <strong>Beno\u00eet Dagan<\/strong>, r\u00e9cemment nomm\u00e9 pour la saison 2026.&nbsp;<\/p>\n\n\n\n<div class=\"wp-block-columns is-layout-flex wp-container-core-columns-is-layout-9d6595d7 wp-block-columns-is-layout-flex\">\n<div class=\"wp-block-column is-layout-flow wp-block-column-is-layout-flow\">\n<figure class=\"wp-block-image size-large\"><img loading=\"lazy\" decoding=\"async\" width=\"1024\" height=\"768\" src=\"https:\/\/liguegolfbfc.org\/wp-content\/uploads\/2025\/11\/IMG_6931-1024x768.jpeg\" alt=\"\" class=\"wp-image-19206\" srcset=\"https:\/\/liguegolfbfc.org\/wp-content\/uploads\/2025\/11\/IMG_6931-1024x768.jpeg 1024w, https:\/\/liguegolfbfc.org\/wp-content\/uploads\/2025\/11\/IMG_6931-300x225.jpeg 300w, https:\/\/liguegolfbfc.org\/wp-content\/uploads\/2025\/11\/IMG_6931-768x576.jpeg 768w, https:\/\/liguegolfbfc.org\/wp-content\/uploads\/2025\/11\/IMG_6931.jpeg 1280w\" sizes=\"auto, (max-width: 1024px) 100vw, 1024px\" \/><\/figure>\n<\/div>\n\n\n\n<div class=\"wp-block-column is-layout-flow wp-block-column-is-layout-flow\">\n<figure class=\"wp-block-image size-large\"><img loading=\"lazy\" decoding=\"async\" width=\"1024\" height=\"768\" src=\"https:\/\/liguegolfbfc.org\/wp-content\/uploads\/2025\/11\/IMG_6936-1024x768.jpeg\" alt=\"\" class=\"wp-image-19207\" srcset=\"https:\/\/liguegolfbfc.org\/wp-content\/uploads\/2025\/11\/IMG_6936-1024x768.jpeg 1024w, https:\/\/liguegolfbfc.org\/wp-content\/uploads\/2025\/11\/IMG_6936-300x225.jpeg 300w, https:\/\/liguegolfbfc.org\/wp-content\/uploads\/2025\/11\/IMG_6936-768x576.jpeg 768w, https:\/\/liguegolfbfc.org\/wp-content\/uploads\/2025\/11\/IMG_6936.jpeg 1280w\" sizes=\"auto, (max-width: 1024px) 100vw, 1024px\" \/><\/figure>\n<\/div>\n<\/div>\n\n\n\n<p>En pr\u00e9sence du pr\u00e9sident de l\u2019AS,&nbsp;<strong>Thierry Lemi\u00e8re<\/strong>, le pr\u00e9sident de la Ligue de Golf Bourgogne\u2013Franche-Comt\u00e9,&nbsp;<strong>Alain Lyet<\/strong>, a remis \u00e0 l\u2019Association Sportive un ch\u00e8que de&nbsp;<strong>850 \u20ac<\/strong>, r\u00e9compensant la&nbsp;<strong>premi\u00e8re place r\u00e9gionale<\/strong>&nbsp;au&nbsp;<strong>Challenge National ACADOMIA<\/strong>, un programme initi\u00e9 par le groupe Projet Jeunes de la F\u00e9d\u00e9ration Fran\u00e7aise de Golf.<br>Ce challenge vise \u00e0 encourager les \u00e9coles de golf \u00e0 faire jouer davantage les jeunes d\u00e9butants sur le parcours et \u00e0 les accompagner dans leurs premi\u00e8res exp\u00e9riences comp\u00e9titives.<\/p>\n\n\n\n<p>Les golfs de&nbsp;<strong>Dijon-Norges<\/strong>&nbsp;(2\u1d49) et&nbsp;<strong>Le Rochat<\/strong>&nbsp;(3\u1d49) ont \u00e9galement \u00e9t\u00e9 r\u00e9compens\u00e9s.<\/p>\n\n\n\n<p>L\u2019AS remercie chaleureusement tous les b\u00e9n\u00e9voles, les jeunes, ainsi que les parents pour leur implication tout au long de la saison.<\/p>\n\n\n\n<p><strong><a href=\"https:\/\/liguegolfbfc.org\/wp-content\/uploads\/2025\/12\/Challenge_EDG_Acadomia.Classement_final_Ligues.2024.2025.pdf\">Classement Final des Ligues<\/a><\/strong> <br><a href=\"https:\/\/liguegolfbfc.org\/wp-content\/uploads\/2025\/12\/Challenge_EDG_Acadomia.Classement_final_clubs.2024.2025.pdf\"><strong>Classement Final des Clubs<\/strong><\/a><\/p>\n\n\n\n<h2 class=\"wp-block-heading has-white-color has-text-color has-background\" style=\"background-color:#003360\">Finale r\u00e9gionale &#8211; vendredi 29 ao\u00fbt Golf du Rochat <\/h2>\n\n\n\n<p><strong><a rel=\"noreferrer noopener\" href=\"https:\/\/liguegolfbfc.org\/wp-content\/uploads\/2025\/08\/Resultats-Finale-EDG-Equipes.pdf\" target=\"_blank\">R\u00c9SULTATS des \u00e9quipes <\/a><\/strong><br>1er le Rochat<br>2e Chalon sur Sa\u00f4ne<br>3e Dijon Bourgogne<br><strong><a rel=\"noreferrer noopener\" href=\"https:\/\/liguegolfbfc.org\/wp-content\/uploads\/2025\/08\/Resultats-Finale-EDG.pdf\" target=\"_blank\">R\u00c9SULTATS par bin\u00f4me<\/a><\/strong><\/p>\n\n\n\n<div class=\"wp-block-columns is-layout-flex wp-container-core-columns-is-layout-9d6595d7 wp-block-columns-is-layout-flex\">\n<div class=\"wp-block-column is-layout-flow wp-block-column-is-layout-flow\">\n<figure class=\"wp-block-gallery has-nested-images columns-default is-cropped wp-block-gallery-1 is-layout-flex wp-block-gallery-is-layout-flex\">\n<figure class=\"wp-block-image size-full\"><a href=\"https:\/\/liguegolfbfc.org\/wp-content\/uploads\/2025\/08\/site-le-rochat-1.jpg\" data-rel=\"lightbox-gallery-tBsztASD\" data-rl_title=\"\" data-rl_caption=\"\" title=\"\"><img loading=\"lazy\" decoding=\"async\" width=\"527\" height=\"300\" data-id=\"18754\" src=\"https:\/\/liguegolfbfc.org\/wp-content\/uploads\/2025\/08\/site-le-rochat-1.jpg\" alt=\"\" class=\"wp-image-18754\" srcset=\"https:\/\/liguegolfbfc.org\/wp-content\/uploads\/2025\/08\/site-le-rochat-1.jpg 527w, https:\/\/liguegolfbfc.org\/wp-content\/uploads\/2025\/08\/site-le-rochat-1-300x171.jpg 300w\" sizes=\"auto, (max-width: 527px) 100vw, 527px\" \/><\/a><\/figure>\n<\/figure>\n<\/div>\n\n\n\n<div class=\"wp-block-column is-layout-flow wp-block-column-is-layout-flow\">\n<figure class=\"wp-block-gallery has-nested-images columns-default is-cropped wp-block-gallery-2 is-layout-flex wp-block-gallery-is-layout-flex\">\n<figure class=\"wp-block-image size-full\"><a href=\"https:\/\/liguegolfbfc.org\/wp-content\/uploads\/2025\/08\/chalon.jpeg\" data-rel=\"lightbox-gallery-tBsztASD\" data-rl_title=\"\" data-rl_caption=\"\" title=\"\"><img loading=\"lazy\" decoding=\"async\" width=\"530\" height=\"300\" data-id=\"18755\" src=\"https:\/\/liguegolfbfc.org\/wp-content\/uploads\/2025\/08\/chalon.jpeg\" alt=\"\" class=\"wp-image-18755\" srcset=\"https:\/\/liguegolfbfc.org\/wp-content\/uploads\/2025\/08\/chalon.jpeg 530w, https:\/\/liguegolfbfc.org\/wp-content\/uploads\/2025\/08\/chalon-300x170.jpeg 300w\" sizes=\"auto, (max-width: 530px) 100vw, 530px\" \/><\/a><\/figure>\n<\/figure>\n<\/div>\n\n\n\n<div class=\"wp-block-column is-layout-flow wp-block-column-is-layout-flow\">\n<figure class=\"wp-block-gallery has-nested-images columns-default is-cropped wp-block-gallery-3 is-layout-flex wp-block-gallery-is-layout-flex\">\n<figure class=\"wp-block-image size-full\"><a href=\"https:\/\/liguegolfbfc.org\/wp-content\/uploads\/2025\/08\/DIJON-BOURG.jpg\" data-rel=\"lightbox-gallery-tBsztASD\" data-rl_title=\"\" data-rl_caption=\"\" title=\"\"><img loading=\"lazy\" decoding=\"async\" width=\"529\" height=\"300\" data-id=\"18756\" src=\"https:\/\/liguegolfbfc.org\/wp-content\/uploads\/2025\/08\/DIJON-BOURG.jpg\" alt=\"\" class=\"wp-image-18756\" srcset=\"https:\/\/liguegolfbfc.org\/wp-content\/uploads\/2025\/08\/DIJON-BOURG.jpg 529w, https:\/\/liguegolfbfc.org\/wp-content\/uploads\/2025\/08\/DIJON-BOURG-300x170.jpg 300w\" sizes=\"auto, (max-width: 529px) 100vw, 529px\" \/><\/a><\/figure>\n<\/figure>\n<\/div>\n<\/div>\n\n\n\n<div class=\"wp-block-columns is-layout-flex wp-container-core-columns-is-layout-9d6595d7 wp-block-columns-is-layout-flex\">\n<div class=\"wp-block-column is-layout-flow wp-block-column-is-layout-flow\">\n<figure class=\"wp-block-gallery has-nested-images columns-default is-cropped wp-block-gallery-4 is-layout-flex wp-block-gallery-is-layout-flex\">\n<figure class=\"wp-block-image size-full\"><a href=\"https:\/\/liguegolfbfc.org\/wp-content\/uploads\/2025\/08\/VDS.jpg\" data-rel=\"lightbox-gallery-tBsztASD\" data-rl_title=\"\" data-rl_caption=\"\" title=\"\"><img loading=\"lazy\" decoding=\"async\" width=\"529\" height=\"300\" data-id=\"18758\" src=\"https:\/\/liguegolfbfc.org\/wp-content\/uploads\/2025\/08\/VDS.jpg\" alt=\"\" class=\"wp-image-18758\" srcset=\"https:\/\/liguegolfbfc.org\/wp-content\/uploads\/2025\/08\/VDS.jpg 529w, https:\/\/liguegolfbfc.org\/wp-content\/uploads\/2025\/08\/VDS-300x170.jpg 300w\" sizes=\"auto, (max-width: 529px) 100vw, 529px\" \/><\/a><\/figure>\n<\/figure>\n<\/div>\n\n\n\n<div class=\"wp-block-column is-layout-flow wp-block-column-is-layout-flow\">\n<figure class=\"wp-block-gallery has-nested-images columns-default is-cropped wp-block-gallery-5 is-layout-flex wp-block-gallery-is-layout-flex\">\n<figure class=\"wp-block-image size-full\"><a href=\"https:\/\/liguegolfbfc.org\/wp-content\/uploads\/2025\/08\/Quetigny.jpg\" data-rel=\"lightbox-gallery-tBsztASD\" data-rl_title=\"\" data-rl_caption=\"\" title=\"\"><img loading=\"lazy\" decoding=\"async\" width=\"496\" height=\"300\" data-id=\"18759\" src=\"https:\/\/liguegolfbfc.org\/wp-content\/uploads\/2025\/08\/Quetigny.jpg\" alt=\"\" class=\"wp-image-18759\" srcset=\"https:\/\/liguegolfbfc.org\/wp-content\/uploads\/2025\/08\/Quetigny.jpg 496w, https:\/\/liguegolfbfc.org\/wp-content\/uploads\/2025\/08\/Quetigny-300x181.jpg 300w\" sizes=\"auto, (max-width: 496px) 100vw, 496px\" \/><\/a><\/figure>\n<\/figure>\n<\/div>\n\n\n\n<div class=\"wp-block-column is-layout-flow wp-block-column-is-layout-flow\">\n<figure class=\"wp-block-gallery has-nested-images columns-default is-cropped wp-block-gallery-6 is-layout-flex wp-block-gallery-is-layout-flex\">\n<figure class=\"wp-block-image size-full\"><a href=\"https:\/\/liguegolfbfc.org\/wp-content\/uploads\/2025\/08\/Luxeuil.jpg\" data-rel=\"lightbox-gallery-tBsztASD\" data-rl_title=\"\" data-rl_caption=\"\" title=\"\"><img loading=\"lazy\" decoding=\"async\" width=\"530\" height=\"300\" data-id=\"18760\" src=\"https:\/\/liguegolfbfc.org\/wp-content\/uploads\/2025\/08\/Luxeuil.jpg\" alt=\"\" class=\"wp-image-18760\" srcset=\"https:\/\/liguegolfbfc.org\/wp-content\/uploads\/2025\/08\/Luxeuil.jpg 530w, https:\/\/liguegolfbfc.org\/wp-content\/uploads\/2025\/08\/Luxeuil-300x170.jpg 300w\" sizes=\"auto, (max-width: 530px) 100vw, 530px\" \/><\/a><\/figure>\n<\/figure>\n<\/div>\n<\/div>\n\n\n\n<div class=\"wp-block-columns is-layout-flex wp-container-core-columns-is-layout-9d6595d7 wp-block-columns-is-layout-flex\">\n<div class=\"wp-block-column is-layout-flow wp-block-column-is-layout-flow\">\n<figure class=\"wp-block-gallery has-nested-images columns-default is-cropped wp-block-gallery-7 is-layout-flex wp-block-gallery-is-layout-flex\">\n<figure class=\"wp-block-image size-full\"><a href=\"https:\/\/liguegolfbfc.org\/wp-content\/uploads\/2025\/08\/Rougemont.jpg\" data-rel=\"lightbox-gallery-tBsztASD\" data-rl_title=\"\" data-rl_caption=\"\" title=\"\"><img loading=\"lazy\" decoding=\"async\" width=\"530\" height=\"481\" data-id=\"18761\" src=\"https:\/\/liguegolfbfc.org\/wp-content\/uploads\/2025\/08\/Rougemont.jpg\" alt=\"\" class=\"wp-image-18761\" srcset=\"https:\/\/liguegolfbfc.org\/wp-content\/uploads\/2025\/08\/Rougemont.jpg 530w, https:\/\/liguegolfbfc.org\/wp-content\/uploads\/2025\/08\/Rougemont-300x272.jpg 300w\" sizes=\"auto, (max-width: 530px) 100vw, 530px\" \/><\/a><\/figure>\n<\/figure>\n<\/div>\n\n\n\n<div class=\"wp-block-column is-layout-flow wp-block-column-is-layout-flow\">\n<figure class=\"wp-block-gallery has-nested-images columns-default is-cropped wp-block-gallery-8 is-layout-flex wp-block-gallery-is-layout-flex\">\n<figure class=\"wp-block-image size-full\"><a href=\"https:\/\/liguegolfbfc.org\/wp-content\/uploads\/2025\/08\/Chassagne-1.jpg\" data-rel=\"lightbox-gallery-tBsztASD\" data-rl_title=\"\" data-rl_caption=\"\" title=\"\"><img loading=\"lazy\" decoding=\"async\" width=\"529\" height=\"300\" data-id=\"18764\" src=\"https:\/\/liguegolfbfc.org\/wp-content\/uploads\/2025\/08\/Chassagne-1.jpg\" alt=\"\" class=\"wp-image-18764\" srcset=\"https:\/\/liguegolfbfc.org\/wp-content\/uploads\/2025\/08\/Chassagne-1.jpg 529w, https:\/\/liguegolfbfc.org\/wp-content\/uploads\/2025\/08\/Chassagne-1-300x170.jpg 300w\" sizes=\"auto, (max-width: 529px) 100vw, 529px\" \/><\/a><\/figure>\n<\/figure>\n<\/div>\n\n\n\n<div class=\"wp-block-column is-layout-flow wp-block-column-is-layout-flow\">\n<figure class=\"wp-block-gallery has-nested-images columns-default is-cropped wp-block-gallery-9 is-layout-flex wp-block-gallery-is-layout-flex\">\n<figure class=\"wp-block-image size-large\"><img loading=\"lazy\" decoding=\"async\" width=\"530\" height=\"300\" data-id=\"18767\" src=\"https:\/\/liguegolfbfc.org\/wp-content\/uploads\/2025\/08\/terrain.jpg\" alt=\"\" class=\"wp-image-18767\" srcset=\"https:\/\/liguegolfbfc.org\/wp-content\/uploads\/2025\/08\/terrain.jpg 530w, https:\/\/liguegolfbfc.org\/wp-content\/uploads\/2025\/08\/terrain-300x170.jpg 300w\" sizes=\"auto, (max-width: 530px) 100vw, 530px\" \/><\/figure>\n<\/figure>\n<\/div>\n<\/div>\n\n\n\n<p><br><\/p>\n\n\n\n<p><br>D\u00e9parts<br><strong><a rel=\"noreferrer noopener\" href=\"https:\/\/liguegolfbfc.org\/wp-content\/uploads\/2025\/08\/CHALLENGE-DES-EdG-Finale-DEPARTS.pdf\" target=\"_blank\">HORAIRES DE D\u00c9PARTS<\/a><\/strong><br><strong><a rel=\"noreferrer noopener\" href=\"https:\/\/liguegolfbfc.org\/wp-content\/uploads\/2025\/08\/Liste-Departs-Finale-Challenge-EDG.pdf\" target=\"_blank\">HORAIRES D\u00c9PARTS DES \u00c9QUIPES<\/a><\/strong><\/p>\n\n\n\n<h2 class=\"wp-block-heading has-white-color has-text-color has-background\" style=\"background-color:#003360\"> CHALLENGE DES \u00c9COLES DE GOLF 2024\/2025<\/h2>\n\n\n\n<p>\u26a0\ufe0f Attention : modification r\u00e8glement du Challenge Acadomia des \u00e9coles de golf.&nbsp;Cette modification concerne la suppression de la prise en compte des trois crit\u00e8res relatifs aux animations dans le calcul du classement.<\/p>\n\n\n\n<p>\u00c0 partir de janvier 2025, le classement de ce challenge sera exclusivement fond\u00e9 sur les huit crit\u00e8res \u00ab non d\u00e9claratifs \u00bb, calcul\u00e9s de mani\u00e8re automatique.<\/p>\n\n\n\n<p>\ud83d\udd39 <strong>Deux documents essentiels \u00e0 consulter :<\/strong><\/p>\n\n\n\n<p>\u2705 <a href=\"https:\/\/liguegolfbfc.org\/wp-content\/uploads\/2025\/07\/Challenge-des-ECD-Federal-.pdf\" target=\"_blank\" rel=\"noreferrer noopener\"><strong>R\u00e8glement F\u00e9d\u00e9ral 2025<\/strong> :<\/a> Les directives g\u00e9n\u00e9rales \u00e9tablies par la ffgolf.<\/p>\n\n\n\n<p>\u2705<strong><a href=\"https:\/\/liguegolfbfc.org\/wp-content\/uploads\/2025\/07\/V1Reglt-finale-CHALLENGE-DES-ECOLES-DE-GOLF.pdf\" target=\"_blank\" rel=\"noreferrer noopener\">R\u00e8glement de la Ligue<\/a><\/strong> : Les adaptations sp\u00e9cifiques \u00e0 la Ligue de Bourgogne Franche-Comt\u00e9<br><br>Pour connaitre les calendrier des CD\/CT, se r\u00e9f\u00e9rer aux liens suivants  : <br><strong><a rel=\"noreferrer noopener\" href=\"https:\/\/liguegolfbfc.org\/index.php\/cd-21-comite-departemental-de-cote-dor\/\" target=\"_blank\">calendrier CD 21<\/a><br><a rel=\"noreferrer noopener\" href=\"https:\/\/liguegolfbfc.org\/index.php\/cd-71-comite-departemental-saone-et-loire\/\" target=\"_blank\">calendrier CD 71<\/a><br><a rel=\"noreferrer noopener\" href=\"https:\/\/liguegolfbfc.org\/index.php\/cd-89-comite-departemental-de-lyonne\/\" target=\"_blank\">calendrier CD 89<\/a><br><a rel=\"noreferrer noopener\" href=\"https:\/\/liguegolfbfc.org\/index.php\/cd-25-comite-departemental-du-doubs\/\" target=\"_blank\">calendrier CT 25 &#8211; 70 &#8211; 90<\/a><br><a rel=\"noreferrer noopener\" href=\"https:\/\/liguegolfbfc.org\/index.php\/cd-39-comite-departemental-du-jura\/\" target=\"_blank\">calendrier CD 39<\/a><\/strong><\/p>\n\n\n\n<hr class=\"wp-block-separator has-alpha-channel-opacity\"\/>\n","protected":false},"excerpt":{"rendered":"<p>CHALLENGE ACADOMIA 2026 FFGOLF L&rsquo;\u00e9cole de Golf R\u00e8glement Challenge Acadomia FFGR\u00e8glement Challenge EdG LigueLes calendriers des Comit\u00e9s D\u00e9partementaux et Territoriaux sont visibles dans l&rsquo;onglet CD\/CT 2025Remise du 1er Prix R\u00e9gional \u2013 Challenge National ACADOMIA L\u2019Association Sportive du Golf des Vosges du Sud a organis\u00e9, le samedi 8 novembre, sa c\u00e9r\u00e9monie de fin de saison 2024-2025 [&hellip;]<\/p>\n","protected":false},"author":7,"featured_media":0,"parent":0,"menu_order":0,"comment_status":"closed","ping_status":"closed","template":"page-templates\/page-full-width.php","meta":{"footnotes":""},"class_list":["post-5056","page","type-page","status-publish","hentry"],"jetpack_sharing_enabled":true,"_links":{"self":[{"href":"https:\/\/liguegolfbfc.org\/index.php\/wp-json\/wp\/v2\/pages\/5056","targetHints":{"allow":["GET"]}}],"collection":[{"href":"https:\/\/liguegolfbfc.org\/index.php\/wp-json\/wp\/v2\/pages"}],"about":[{"href":"https:\/\/liguegolfbfc.org\/index.php\/wp-json\/wp\/v2\/types\/page"}],"author":[{"embeddable":true,"href":"https:\/\/liguegolfbfc.org\/index.php\/wp-json\/wp\/v2\/users\/7"}],"replies":[{"embeddable":true,"href":"https:\/\/liguegolfbfc.org\/index.php\/wp-json\/wp\/v2\/comments?post=5056"}],"version-history":[{"count":198,"href":"https:\/\/liguegolfbfc.org\/index.php\/wp-json\/wp\/v2\/pages\/5056\/revisions"}],"predecessor-version":[{"id":20167,"href":"https:\/\/liguegolfbfc.org\/index.php\/wp-json\/wp\/v2\/pages\/5056\/revisions\/20167"}],"wp:attachment":[{"href":"https:\/\/liguegolfbfc.org\/index.php\/wp-json\/wp\/v2\/media?parent=5056"}],"curies":[{"name":"wp","href":"https:\/\/api.w.org\/{rel}","templated":true}]}}