{"id":50,"date":"2020-03-09T18:16:43","date_gmt":"2020-03-09T17:16:43","guid":{"rendered":"http:\/\/liguegolfbfc.org\/?page_id=50"},"modified":"2026-02-04T21:06:23","modified_gmt":"2026-02-04T20:06:23","slug":"dames-seniors-competition-federale","status":"publish","type":"page","link":"https:\/\/liguegolfbfc.org\/index.php\/dames-seniors-competition-federale\/","title":{"rendered":"DAMES S\u00c9NIORS | COMP\u00c9TITION F\u00c9D\u00c9RALE"},"content":{"rendered":"\n<h2 class=\"wp-block-heading\">CHAMPIONNAT DE FRANCE SENIORS DAMES PAR \u00c9QUIPE<\/h2>\n\n\n\n<h2 class=\"wp-block-heading\"><strong>1\u00e8re division<\/strong><\/h2>\n\n\n\n<p>16 au 20 septembre 2026 | Golf de Granville<br>\u00c9quipe BFC engag\u00e9e :<strong> Avoise <\/strong><\/p>\n\n\n\n<hr class=\"wp-block-separator has-alpha-channel-opacity\"\/>\n\n\n\n<h2 class=\"wp-block-heading\">3\u00e8me division Poule B Seniors Dames<\/h2>\n\n\n\n<p>19 au 20 septembre 2026 | Golf de Chambon sur Lignon<br>\u00c9quipe BFC engag\u00e9e :<strong> Val de Sorne<\/strong><\/p>\n\n\n\n<hr class=\"wp-block-separator has-alpha-channel-opacity\"\/>\n\n\n\n<h2 class=\"wp-block-heading\">SENIORS DAMES<\/h2>\n\n\n\n<p><strong>Promotion A <\/strong>&#8211; 18 au 20 septembre 2026 | Golf des Vigiers<\/p>\n\n\n\n<p><strong>Promotion B &#8211;<\/strong> 18 au 20 septembre 2026 | Golf de Val-grand<br><\/p>\n\n\n\n<hr class=\"wp-block-separator has-alpha-channel-opacity\"\/>\n\n\n\n<h2 class=\"wp-block-heading\"><strong><a href=\"https:\/\/www.ffgolf.org\/golf-amateur\/seniors\/calendrier-resultats\/national-international\/2025\/championnat-de-france-par-equipes-seniors-dames-1ere-division-trophee-de-la-commission-feminine\/page-scores-tournoi\">R\u00e9sultats<\/a><\/strong> 2025<\/h2>\n\n\n\n<figure class=\"wp-block-gallery has-nested-images columns-default is-cropped wp-block-gallery-1 is-layout-flex wp-block-gallery-is-layout-flex\">\n<figure class=\"wp-block-image size-large\"><img loading=\"lazy\" decoding=\"async\" width=\"1024\" height=\"718\" data-id=\"18959\" src=\"https:\/\/liguegolfbfc.org\/wp-content\/uploads\/2025\/09\/Avoise-se-maintient-en-1ere-division-1-1024x718.jpg\" alt=\"\" class=\"wp-image-18959\" srcset=\"https:\/\/liguegolfbfc.org\/wp-content\/uploads\/2025\/09\/Avoise-se-maintient-en-1ere-division-1-1024x718.jpg 1024w, https:\/\/liguegolfbfc.org\/wp-content\/uploads\/2025\/09\/Avoise-se-maintient-en-1ere-division-1-300x210.jpg 300w, https:\/\/liguegolfbfc.org\/wp-content\/uploads\/2025\/09\/Avoise-se-maintient-en-1ere-division-1-768x539.jpg 768w, https:\/\/liguegolfbfc.org\/wp-content\/uploads\/2025\/09\/Avoise-se-maintient-en-1ere-division-1-1536x1077.jpg 1536w, https:\/\/liguegolfbfc.org\/wp-content\/uploads\/2025\/09\/Avoise-se-maintient-en-1ere-division-1.jpg 1600w\" sizes=\"auto, (max-width: 1024px) 100vw, 1024px\" \/><\/figure>\n<\/figure>\n\n\n\n<hr class=\"wp-block-separator has-alpha-channel-opacity\"\/>\n\n\n\n<p><strong>Seniors Dames<\/strong><br>Promotion <br><strong>R\u00e9sultats 2025<\/strong><br>26-28 septembre 2025 | Golf de Montpellier Fontcaude<br><strong>Val de Sorne monte en 3e division<br><\/strong>Besan\u00e7on <strong>reste en promotion <\/strong><br><strong><a href=\"https:\/\/www.ffgolf.org\/golf-amateur\/seniors\/calendrier-resultats\/national-international\/2025\/championnat-de-france-par-equipes-seniors-dames-promotion-a\/page-scores-tournoi\">Informations et r\u00e9sultats<\/a><\/strong><\/p>\n\n\n\n<div class=\"wp-block-columns is-layout-flex wp-container-core-columns-is-layout-9d6595d7 wp-block-columns-is-layout-flex\">\n<div class=\"wp-block-column is-layout-flow wp-block-column-is-layout-flow\">\n<figure class=\"wp-block-gallery has-nested-images columns-default is-cropped wp-block-gallery-2 is-layout-flex wp-block-gallery-is-layout-flex\">\n<figure class=\"wp-block-image size-large\"><img loading=\"lazy\" decoding=\"async\" width=\"768\" height=\"1024\" data-id=\"18962\" src=\"https:\/\/liguegolfbfc.org\/wp-content\/uploads\/2025\/09\/Val-de-Sorne-monte-en-3e-division-1-768x1024.jpg\" alt=\"\" class=\"wp-image-18962\" srcset=\"https:\/\/liguegolfbfc.org\/wp-content\/uploads\/2025\/09\/Val-de-Sorne-monte-en-3e-division-1-768x1024.jpg 768w, https:\/\/liguegolfbfc.org\/wp-content\/uploads\/2025\/09\/Val-de-Sorne-monte-en-3e-division-1-225x300.jpg 225w, https:\/\/liguegolfbfc.org\/wp-content\/uploads\/2025\/09\/Val-de-Sorne-monte-en-3e-division-1-1152x1536.jpg 1152w, https:\/\/liguegolfbfc.org\/wp-content\/uploads\/2025\/09\/Val-de-Sorne-monte-en-3e-division-1.jpg 1200w\" sizes=\"auto, (max-width: 768px) 100vw, 768px\" \/><\/figure>\n<\/figure>\n<\/div>\n\n\n\n<div class=\"wp-block-column is-layout-flow wp-block-column-is-layout-flow\"><\/div>\n<\/div>\n\n\n\n<hr class=\"wp-block-separator has-alpha-channel-opacity\"\/>\n\n\n\n<h2 class=\"wp-block-heading\">PROMOTION B &#8211; SENIORS DAMES<\/h2>\n\n\n\n<p>26-28 septembre 2025 | Golf de Bourges<br>Equipe engag\u00e9e : <strong>Bournel reste en promotion<\/strong><br><strong><a href=\"https:\/\/www.ffgolf.org\/golf-amateur\/seniors\/calendrier-resultats\/national-international\/2025\/championnat-de-france-par-equipes-seniors-dames-promotion-a\/page-scores-tournoi\">Informations et r\u00e9sultats<\/a><\/strong><\/p>\n\n\n\n<figure class=\"wp-block-gallery has-nested-images columns-default is-cropped wp-block-gallery-3 is-layout-flex wp-block-gallery-is-layout-flex\">\n<figure class=\"wp-block-image size-large\"><img loading=\"lazy\" decoding=\"async\" width=\"1024\" height=\"768\" data-id=\"18960\" src=\"https:\/\/liguegolfbfc.org\/wp-content\/uploads\/2025\/09\/Bournel-maintient-en-Promotion-Seniors-Dames-1024x768.jpg\" alt=\"\" class=\"wp-image-18960\" srcset=\"https:\/\/liguegolfbfc.org\/wp-content\/uploads\/2025\/09\/Bournel-maintient-en-Promotion-Seniors-Dames-1024x768.jpg 1024w, https:\/\/liguegolfbfc.org\/wp-content\/uploads\/2025\/09\/Bournel-maintient-en-Promotion-Seniors-Dames-300x225.jpg 300w, https:\/\/liguegolfbfc.org\/wp-content\/uploads\/2025\/09\/Bournel-maintient-en-Promotion-Seniors-Dames-768x576.jpg 768w, https:\/\/liguegolfbfc.org\/wp-content\/uploads\/2025\/09\/Bournel-maintient-en-Promotion-Seniors-Dames-1536x1152.jpg 1536w, https:\/\/liguegolfbfc.org\/wp-content\/uploads\/2025\/09\/Bournel-maintient-en-Promotion-Seniors-Dames.jpg 2048w\" sizes=\"auto, (max-width: 1024px) 100vw, 1024px\" \/><\/figure>\n<\/figure>\n","protected":false},"excerpt":{"rendered":"<p>CHAMPIONNAT DE FRANCE SENIORS DAMES PAR \u00c9QUIPE 1\u00e8re division 16 au 20 septembre 2026 | Golf de Granville\u00c9quipe BFC engag\u00e9e : Avoise 3\u00e8me division Poule B Seniors Dames 19 au 20 septembre 2026 | Golf de Chambon sur Lignon\u00c9quipe BFC engag\u00e9e : Val de Sorne SENIORS DAMES Promotion A &#8211; 18 au 20 septembre 2026 [&hellip;]<\/p>\n","protected":false},"author":1,"featured_media":0,"parent":0,"menu_order":0,"comment_status":"closed","ping_status":"closed","template":"page-templates\/page-full-width.php","meta":{"footnotes":""},"class_list":["post-50","page","type-page","status-publish","hentry"],"jetpack_sharing_enabled":true,"_links":{"self":[{"href":"https:\/\/liguegolfbfc.org\/index.php\/wp-json\/wp\/v2\/pages\/50","targetHints":{"allow":["GET"]}}],"collection":[{"href":"https:\/\/liguegolfbfc.org\/index.php\/wp-json\/wp\/v2\/pages"}],"about":[{"href":"https:\/\/liguegolfbfc.org\/index.php\/wp-json\/wp\/v2\/types\/page"}],"author":[{"embeddable":true,"href":"https:\/\/liguegolfbfc.org\/index.php\/wp-json\/wp\/v2\/users\/1"}],"replies":[{"embeddable":true,"href":"https:\/\/liguegolfbfc.org\/index.php\/wp-json\/wp\/v2\/comments?post=50"}],"version-history":[{"count":85,"href":"https:\/\/liguegolfbfc.org\/index.php\/wp-json\/wp\/v2\/pages\/50\/revisions"}],"predecessor-version":[{"id":19475,"href":"https:\/\/liguegolfbfc.org\/index.php\/wp-json\/wp\/v2\/pages\/50\/revisions\/19475"}],"wp:attachment":[{"href":"https:\/\/liguegolfbfc.org\/index.php\/wp-json\/wp\/v2\/media?parent=50"}],"curies":[{"name":"wp","href":"https:\/\/api.w.org\/{rel}","templated":true}]}}