{"id":495,"date":"2020-03-12T13:08:42","date_gmt":"2020-03-12T12:08:42","guid":{"rendered":"http:\/\/liguegolfbfc.org\/?page_id=495"},"modified":"2025-09-01T13:55:45","modified_gmt":"2025-09-01T11:55:45","slug":"jeunes-comp-internationale","status":"publish","type":"page","link":"https:\/\/liguegolfbfc.org\/index.php\/jeunes-comp-internationale\/","title":{"rendered":"JEUNES | COMP\u00c9TITION INTERNATIONALE"},"content":{"rendered":"\n<h2 class=\"wp-block-heading\">INTERNATIONAUX DE BELGIQUE 2025<\/h2>\n\n\n\n<p>3 au 5 juillet 2025 \u2013\u00a0<strong><a rel=\"noreferrer noopener\" href=\"https:\/\/www.ffgolf.org\/golf-amateur\/jeunes\/calendrier-resultats\/national-international\/2025\/internationaux-de-belgique-u14-albert-vermeiren-trophy\/informations\" target=\"_blank\">Toutes les infos<\/a><\/strong><\/p>\n\n\n\n<p><strong>Les jeunes de la ligue engag\u00e9s pour cette comp\u00e9tition<\/strong>&nbsp;:<br><strong>Laborier<\/strong>&nbsp;Louis(Dijon) \u2013 <strong>Castellon<\/strong> Esteban (Chalon S\/Sa\u00f4ne)\u2013&nbsp;<strong>Lavoll\u00e9e&nbsp;<\/strong>Amaury (Chalon S\/Sa\u00f4ne) jouent au royal waterloo avec 123 autres joueurs de toutes nationalit\u00e9s. <\/p>\n\n\n\n<p>Resultats en <a rel=\"noreferrer noopener\" href=\"https:\/\/golfbelgium.be\/fr\/national\/#\/competition\/4903408\/leaderboard\" target=\"_blank\">live scoring <\/a><\/p>\n\n\n\n<p>Castellon Esteban (Chalon) 77e\/99 &#8211; 85\/77\/77<br>Lavoll\u00e9e Amaury (Chalon) 85e &#8211; 83\/82\/80<br>Laborier Louis (Dijon Bourgogne) 96e &#8211; 85\/84\/90<\/p>\n\n\n\n<figure class=\"wp-block-gallery aligncenter has-nested-images columns-default is-cropped wp-block-gallery-1 is-layout-flex wp-block-gallery-is-layout-flex\">\n<figure class=\"wp-block-image size-large\"><a href=\"https:\/\/liguegolfbfc.org\/wp-content\/uploads\/2025\/07\/WhatsApp-Image-2025-07-02-at-19.15.25.jpeg\" data-rel=\"lightbox-gallery-gH5EvINI\" data-rl_title=\"\" data-rl_caption=\"\" title=\"\"><img loading=\"lazy\" decoding=\"async\" width=\"1024\" height=\"768\" data-id=\"18289\" src=\"https:\/\/liguegolfbfc.org\/wp-content\/uploads\/2025\/07\/WhatsApp-Image-2025-07-02-at-19.15.25-1024x768.jpeg\" alt=\"\" class=\"wp-image-18289\" srcset=\"https:\/\/liguegolfbfc.org\/wp-content\/uploads\/2025\/07\/WhatsApp-Image-2025-07-02-at-19.15.25-1024x768.jpeg 1024w, https:\/\/liguegolfbfc.org\/wp-content\/uploads\/2025\/07\/WhatsApp-Image-2025-07-02-at-19.15.25-300x225.jpeg 300w, https:\/\/liguegolfbfc.org\/wp-content\/uploads\/2025\/07\/WhatsApp-Image-2025-07-02-at-19.15.25-768x576.jpeg 768w, https:\/\/liguegolfbfc.org\/wp-content\/uploads\/2025\/07\/WhatsApp-Image-2025-07-02-at-19.15.25-1536x1152.jpeg 1536w, https:\/\/liguegolfbfc.org\/wp-content\/uploads\/2025\/07\/WhatsApp-Image-2025-07-02-at-19.15.25.jpeg 1600w\" sizes=\"auto, (max-width: 1024px) 100vw, 1024px\" \/><\/a><\/figure>\n<\/figure>\n\n\n\n<hr class=\"wp-block-separator has-alpha-channel-opacity\"\/>\n\n\n\n<h2 class=\"wp-block-heading\">US KIDS VENICE<\/h2>\n\n\n\n<div class=\"wp-block-columns is-layout-flex wp-container-core-columns-is-layout-9d6595d7 wp-block-columns-is-layout-flex\">\n<div class=\"wp-block-column is-layout-flow wp-block-column-is-layout-flow\">\n<figure class=\"wp-block-gallery has-nested-images columns-default is-cropped wp-block-gallery-2 is-layout-flex wp-block-gallery-is-layout-flex\">\n<figure class=\"wp-block-image size-full\"><img loading=\"lazy\" decoding=\"async\" width=\"529\" height=\"300\" data-id=\"15607\" src=\"https:\/\/liguegolfbfc.org\/wp-content\/uploads\/2024\/08\/Prunesite.jpg\" alt=\"\" class=\"wp-image-15607\" srcset=\"https:\/\/liguegolfbfc.org\/wp-content\/uploads\/2024\/08\/Prunesite.jpg 529w, https:\/\/liguegolfbfc.org\/wp-content\/uploads\/2024\/08\/Prunesite-300x170.jpg 300w\" sizes=\"auto, (max-width: 529px) 100vw, 529px\" \/><\/figure>\n<\/figure>\n<\/div>\n\n\n\n<div class=\"wp-block-column is-layout-flow wp-block-column-is-layout-flow\">\n<figure class=\"wp-block-gallery has-nested-images columns-default is-cropped wp-block-gallery-3 is-layout-flex wp-block-gallery-is-layout-flex\">\n<figure class=\"wp-block-image size-large\"><img loading=\"lazy\" decoding=\"async\" width=\"528\" height=\"300\" data-id=\"15606\" src=\"https:\/\/liguegolfbfc.org\/wp-content\/uploads\/2024\/08\/Octaviodite-1.jpeg\" alt=\"\" class=\"wp-image-15606\" srcset=\"https:\/\/liguegolfbfc.org\/wp-content\/uploads\/2024\/08\/Octaviodite-1.jpeg 528w, https:\/\/liguegolfbfc.org\/wp-content\/uploads\/2024\/08\/Octaviodite-1-300x170.jpeg 300w\" sizes=\"auto, (max-width: 528px) 100vw, 528px\" \/><\/figure>\n<\/figure>\n<\/div>\n<\/div>\n\n\n\n<p>Pour la 3e ann\u00e9e cons\u00e9cutive, <strong>Prune Diguerher<\/strong> remporte l&rsquo;US Kids Venice qui a eu lieu cette ann\u00e9e du 15 au 17 ao\u00fbt. <strong><a href=\"https:\/\/tournaments.uskidsgolf.com\/tournaments\/international\/find-tournament\/512117\/venice-open-2024\/results\" target=\"_blank\" rel=\"noreferrer noopener\">R\u00e9sultats<\/a><\/strong><\/p>\n\n\n\n<p>Dans la cat\u00e9gorie U10 Boys, il y avait 36 participant dont <strong>Octavio Bailly<\/strong> (-1 le 1er jour, +1 le 2e jour et dans le par le 3e jour). Il termine \u00e0 un coup du vainqueur.  <strong><a rel=\"noreferrer noopener\" href=\"https:\/\/tournaments.uskidsgolf.com\/tournaments\/international\/find-tournament\/512117\/venice-open-2024\/results\" target=\"_blank\">R\u00e9sultats<\/a><\/strong> <\/p>\n\n\n\n<hr class=\"wp-block-separator has-alpha-channel-opacity\"\/>\n\n\n\n<h2 class=\"wp-block-heading\">U18 : Une victoire internationale pour Paolo Fazzone<\/h2>\n\n\n\n<figure class=\"wp-block-gallery has-nested-images columns-default is-cropped wp-block-gallery-4 is-layout-flex wp-block-gallery-is-layout-flex\">\n<figure class=\"wp-block-image size-full\"><a href=\"https:\/\/liguegolfbfc.org\/wp-content\/uploads\/2024\/08\/Paolosit-1.jpg\" data-rel=\"lightbox-gallery-gH5EvINI\" data-rl_title=\"\" data-rl_caption=\"\" title=\"\"><img loading=\"lazy\" decoding=\"async\" width=\"528\" height=\"300\" data-id=\"15596\" src=\"https:\/\/liguegolfbfc.org\/wp-content\/uploads\/2024\/08\/Paolosit-1.jpg\" alt=\"\" class=\"wp-image-15596\" srcset=\"https:\/\/liguegolfbfc.org\/wp-content\/uploads\/2024\/08\/Paolosit-1.jpg 528w, https:\/\/liguegolfbfc.org\/wp-content\/uploads\/2024\/08\/Paolosit-1-300x170.jpg 300w\" sizes=\"auto, (max-width: 528px) 100vw, 528px\" \/><\/a><\/figure>\n<\/figure>\n\n\n\n<p><a href=\"https:\/\/swissgolf.ch\/fr\/news-magazine\/news\/details\/1489-u18-une-victoire-internationale-pour-paolo-fazzone\/\" target=\"_blank\" rel=\"noreferrer noopener\">Le Lausannois a remport\u00e9 le Venice Open 2024 dans la cat\u00e9gorie U18. <\/a><\/p>\n\n\n\n<hr class=\"wp-block-separator has-alpha-channel-opacity\"\/>\n\n\n\n<h2 class=\"wp-block-heading\">CHAMPIONNAT DU MONDE DES SOURDS <\/h2>\n\n\n\n<p><strong>Australie du 23 au 29 ao\u00fbt 2024<\/strong><\/p>\n\n\n\n<div class=\"wp-block-columns is-layout-flex wp-container-core-columns-is-layout-9d6595d7 wp-block-columns-is-layout-flex\">\n<div class=\"wp-block-column is-layout-flow wp-block-column-is-layout-flow\" style=\"flex-basis:100%\">\n<figure class=\"wp-block-image size-full\"><img loading=\"lazy\" decoding=\"async\" width=\"530\" height=\"300\" src=\"https:\/\/liguegolfbfc.org\/wp-content\/uploads\/2024\/08\/Delegation-Francaisesite.jpg\" alt=\"\" class=\"wp-image-15649\" srcset=\"https:\/\/liguegolfbfc.org\/wp-content\/uploads\/2024\/08\/Delegation-Francaisesite.jpg 530w, https:\/\/liguegolfbfc.org\/wp-content\/uploads\/2024\/08\/Delegation-Francaisesite-300x170.jpg 300w\" sizes=\"auto, (max-width: 530px) 100vw, 530px\" \/><\/figure>\n\n\n\n<div class=\"wp-block-group is-nowrap is-layout-flex wp-container-core-group-is-layout-ad2f72ca wp-block-group-is-layout-flex\">\n<div class=\"wp-block-group is-nowrap is-layout-flex wp-container-core-group-is-layout-ad2f72ca wp-block-group-is-layout-flex\">\n<figure class=\"wp-block-gallery has-nested-images columns-default is-cropped wp-block-gallery-5 is-layout-flex wp-block-gallery-is-layout-flex\">\n<figure class=\"wp-block-image size-large\"><a href=\"https:\/\/liguegolfbfc.org\/wp-content\/uploads\/2024\/08\/site.pg_.jpg\" data-rel=\"lightbox-gallery-gH5EvINI\" data-rl_title=\"\" data-rl_caption=\"\" title=\"\"><img loading=\"lazy\" decoding=\"async\" width=\"524\" height=\"300\" data-id=\"15648\" src=\"https:\/\/liguegolfbfc.org\/wp-content\/uploads\/2024\/08\/site.pg_.jpg\" alt=\"\" class=\"wp-image-15648\" srcset=\"https:\/\/liguegolfbfc.org\/wp-content\/uploads\/2024\/08\/site.pg_.jpg 524w, https:\/\/liguegolfbfc.org\/wp-content\/uploads\/2024\/08\/site.pg_-300x172.jpg 300w\" sizes=\"auto, (max-width: 524px) 100vw, 524px\" \/><\/a><\/figure>\n<\/figure>\n<\/div>\n<\/div>\n<\/div>\n<\/div>\n\n\n\n<p>Mardi 24 juin, le Pr\u00e9sident de la Ligue de golf, <strong>Claude Schatz<\/strong> accompagn\u00e9 de l\u2019Assistante de Ligue, Caroline Bossennec, ont eu l\u2019honneur de remettre un ch\u00e8que de 300\u20ac \u00e0 <strong>Gaspard Bidault, licenci\u00e9 au Golf de Beaune Levernois, qui va participer au Championnat du monde de golf des sourds en Australie du 23 au 29 ao\u00fbt. <\/strong>Avec un index \u00e0 5, ce jeune golfeur de 18 ans est atteint de surdit\u00e9 depuis son plus jeune \u00e2ge et a d\u00e9couvert le golf \u00e0 l\u2019\u00e2ge de 7 ans. <br>C\u2019est une opportunit\u00e9 de taille qui s\u2019offre \u00e0 Gaspard de se mesurer aux meilleurs joueurs du monde lors de cette comp\u00e9tition prestigieuse. La ligue est fi\u00e8re de soutenir ce jeune homme, ce qui montre notre engagement \u00e0 promouvoir le sport pour tous. Entre 3 et 5 autres fran\u00e7ais participeront \u00e9galement \u00e0 cette comp\u00e9tition. <\/p>\n\n\n\n<p><strong><a rel=\"noreferrer noopener\" href=\"https:\/\/www.golfbox.dk\/livescoring\/tour\/?fbclid=IwY2xjawE5JldleHRuA2FlbQIxMAABHZQXWtSz9t1ycmZNdNdT36rj9BI9HhMCNNm-BWvGHB2JNpQ-nrHMPPsI-Q_aem_yUUWN_nnfCTMvSrfeYtKMA#\/competition\/3932793\/results\/4259103\" target=\"_blank\">RESULTATS EN LIGNE<\/a><\/strong> <br>Le site du Championnat du Monde des joueurs sourds est le suivant : <a rel=\"noreferrer noopener\" href=\"https:\/\/l.facebook.com\/l.php?u=https%3A%2F%2F2024wdgc.com%2F%3Ffbclid%3DIwZXh0bgNhZW0CMTAAAR2Mu4Qc-vPTEZqpW4Ls2bVRShvt-gf4Q0avd_10qWgf65K0kKi8hRGFbq0_aem_dtLU9UsUGJaglpvgZY97Bw&amp;h=AT2mUtktNU-5D3USK6QWTnbppvdCpKdgkhC7qW6xDxJzSWOdpuvRfHi9S2qROGTEWmo9kUDNBFHAoQU3dnixxgyhiNHtAkrOfz8UKJf8FY96aVpY2lcsNfX9iuLBj2IZb0zXyi0ODEdNfq6222w\" target=\"_blank\">https:\/\/2024wdgc.com\/<\/a> <br>Le site de la F\u00e9d\u00e9ration Internationale est le suivant : <a rel=\"noreferrer noopener\" href=\"https:\/\/l.facebook.com\/l.php?u=https%3A%2F%2Fworlddeafgolf.com%2Fwdgc%2Ffuture-wdgc%2F%3Ffbclid%3DIwZXh0bgNhZW0CMTAAAR2TRphtslKjfqcEP4vE2kwvuoc3CfoI9KOP6_xe3Rk5RFwvcfFlFa01aW0_aem_JfTHQ1DQzeLmvKi6yf1pgw&amp;h=AT2mUtktNU-5D3USK6QWTnbppvdCpKdgkhC7qW6xDxJzSWOdpuvRfHi9S2qROGTEWmo9kUDNBFHAoQU3dnixxgyhiNHtAkrOfz8UKJf8FY96aVpY2lcsNfX9iuLBj2IZb0zXyi0ODEdNfq6222w\" target=\"_blank\">https:\/\/worlddeafgolf.com\/wdgc\/future-wdgc\/<\/a><\/p>\n\n\n\n<hr class=\"wp-block-separator has-alpha-channel-opacity\"\/>\n\n\n\n<h2 class=\"wp-block-heading\">INTERNATIONAUX DE BELGIQUE <\/h2>\n\n\n\n<p>4 au 6 juillet 2024 &#8211; <strong><a rel=\"noreferrer noopener\" href=\"https:\/\/www.ffgolf.org\/golf-amateur\/jeunes\/calendrier-resultats\/national-international\/2024\/internationaux-de-belgique-boys-and-girls-u14\/informations\" target=\"_blank\">Toutes les infos<\/a><\/strong><\/p>\n\n\n\n<p><strong>Les jeunes de la ligue engag\u00e9s pour cette comp\u00e9tition<\/strong> : <br><strong>Cevirgen<\/strong> Alan (Rougemont) &#8211; <strong>Delplanque <\/strong>Achille (Prunevelle) &#8211; <strong>Lavoll\u00e9e <\/strong>Amaury (Chalon S\/Sa\u00f4ne) jouent  au royal waterloo avec 123 autres joueurs de toutes nationalit\u00e9s. D\u00e9part \u00e0 9h jeudi 4 juillet sur un terrain magnifique.<\/p>\n\n\n\n<div class=\"wp-block-columns is-layout-flex wp-container-core-columns-is-layout-9d6595d7 wp-block-columns-is-layout-flex\">\n<div class=\"wp-block-column is-layout-flow wp-block-column-is-layout-flow\" style=\"flex-basis:25%\"><\/div>\n\n\n\n<div class=\"wp-block-column is-layout-flow wp-block-column-is-layout-flow\" style=\"flex-basis:50%\">\n<figure class=\"wp-block-gallery has-nested-images columns-default is-cropped wp-block-gallery-6 is-layout-flex wp-block-gallery-is-layout-flex\">\n<figure class=\"wp-block-image size-large\"><a href=\"https:\/\/liguegolfbfc.org\/wp-content\/uploads\/2024\/07\/449958780_1140111027449611_7931865876137489834_n.jpg\" data-rel=\"lightbox-gallery-gH5EvINI\" data-rl_title=\"\" data-rl_caption=\"\" title=\"\"><img loading=\"lazy\" decoding=\"async\" width=\"1024\" height=\"577\" data-id=\"15417\" src=\"https:\/\/liguegolfbfc.org\/wp-content\/uploads\/2024\/07\/449958780_1140111027449611_7931865876137489834_n-1024x577.jpg\" alt=\"\" class=\"wp-image-15417\" srcset=\"https:\/\/liguegolfbfc.org\/wp-content\/uploads\/2024\/07\/449958780_1140111027449611_7931865876137489834_n-1024x577.jpg 1024w, https:\/\/liguegolfbfc.org\/wp-content\/uploads\/2024\/07\/449958780_1140111027449611_7931865876137489834_n-300x169.jpg 300w, https:\/\/liguegolfbfc.org\/wp-content\/uploads\/2024\/07\/449958780_1140111027449611_7931865876137489834_n-768x432.jpg 768w, https:\/\/liguegolfbfc.org\/wp-content\/uploads\/2024\/07\/449958780_1140111027449611_7931865876137489834_n-1536x865.jpg 1536w, https:\/\/liguegolfbfc.org\/wp-content\/uploads\/2024\/07\/449958780_1140111027449611_7931865876137489834_n.jpg 2048w\" sizes=\"auto, (max-width: 1024px) 100vw, 1024px\" \/><\/a><\/figure>\n<\/figure>\n<\/div>\n\n\n\n<div class=\"wp-block-column is-layout-flow wp-block-column-is-layout-flow\" style=\"flex-basis:25%\"><\/div>\n<\/div>\n\n\n\n<p><a href=\"https:\/\/l.facebook.com\/l.php?u=https%3A%2F%2F2024wdgc.com%2F%3Ffbclid%3DIwZXh0bgNhZW0CMTAAAR306v-DInBqX2zeRfWc-JSK8fhzs783Nbq9Rvj-W30eOl-wG6Kgl1NYgaE_aem_-WlU9iwT7_F58hWDwsuUHw&amp;h=AT12EjtcLCg3mt61lKNpT1ryaFRnelwN9yNk3UChHHcpu8cbzDpSGwOd0KdPF3c4Y6qQOBXWA-oPhwn-O2_QoFAmez9irpivZ_djO-UbmqqNWLiHt9tYkAyHF34A0dzBCqiRF3aC488LmEA1bg\" rel=\"noreferrer noopener\" target=\"_blank\"><\/a><\/p>\n\n\n\n<hr class=\"wp-block-separator has-alpha-channel-opacity\"\/>\n\n\n\n<h2 class=\"wp-block-heading\" id=\"USKIDS\">US KIDS EUROPEAN CHAMPIONSHIP<\/h2>\n\n\n\n<p>28 au 30 mai 2024 &#8211; <a rel=\"noreferrer noopener\" href=\"https:\/\/tournaments.uskidsgolf.com\/tournaments\/international\/find-tournament\/511347\/european-championship-2024\/results\" data-type=\"URL\" data-id=\"https:\/\/tournaments.uskidsgolf.com\/tournaments\/international\/find-tournament\/511347\/european-championship-2024\/results\" target=\"_blank\"><strong>Tous les r\u00e9sultats<\/strong><\/a><\/p>\n\n\n\n<p>Prune DIGUERHER 2\u00e8me\/23 dans la cat\u00e9gorie girls 10 (71\/72\/67)<\/p>\n\n\n\n<p>Octavio BAILLY 12\u00e8me\/54 dans la cat\u00e9gorie boys 10 (75\/81\/78)<\/p>\n\n\n\n<div class=\"wp-block-columns is-layout-flex wp-container-core-columns-is-layout-9d6595d7 wp-block-columns-is-layout-flex\">\n<div class=\"wp-block-column is-layout-flow wp-block-column-is-layout-flow\" style=\"flex-basis:25%\"><\/div>\n\n\n\n<div class=\"wp-block-column is-layout-flow wp-block-column-is-layout-flow\" style=\"flex-basis:50%\">\n<figure class=\"wp-block-gallery has-nested-images columns-default is-cropped wp-block-gallery-7 is-layout-flex wp-block-gallery-is-layout-flex\">\n<figure class=\"wp-block-image size-large\"><a href=\"https:\/\/liguegolfbfc.org\/wp-content\/uploads\/2024\/06\/Prune-US-Kids-Europe.jpg\" data-rel=\"lightbox-gallery-gH5EvINI\" data-rl_title=\"\" data-rl_caption=\"\" title=\"\"><img loading=\"lazy\" decoding=\"async\" width=\"1024\" height=\"1024\" data-id=\"15171\" src=\"https:\/\/liguegolfbfc.org\/wp-content\/uploads\/2024\/06\/Prune-US-Kids-Europe-1024x1024.jpg\" alt=\"\" class=\"wp-image-15171\" srcset=\"https:\/\/liguegolfbfc.org\/wp-content\/uploads\/2024\/06\/Prune-US-Kids-Europe-1024x1024.jpg 1024w, https:\/\/liguegolfbfc.org\/wp-content\/uploads\/2024\/06\/Prune-US-Kids-Europe-300x300.jpg 300w, https:\/\/liguegolfbfc.org\/wp-content\/uploads\/2024\/06\/Prune-US-Kids-Europe-150x150.jpg 150w, https:\/\/liguegolfbfc.org\/wp-content\/uploads\/2024\/06\/Prune-US-Kids-Europe-768x768.jpg 768w, https:\/\/liguegolfbfc.org\/wp-content\/uploads\/2024\/06\/Prune-US-Kids-Europe-550x550.jpg 550w, https:\/\/liguegolfbfc.org\/wp-content\/uploads\/2024\/06\/Prune-US-Kids-Europe.jpg 1080w\" sizes=\"auto, (max-width: 1024px) 100vw, 1024px\" \/><\/a><\/figure>\n<\/figure>\n<\/div>\n\n\n\n<div class=\"wp-block-column is-layout-flow wp-block-column-is-layout-flow\" style=\"flex-basis:25%\"><\/div>\n<\/div>\n\n\n\n<hr class=\"wp-block-separator has-alpha-channel-opacity\"\/>\n\n\n\n<h2 class=\"wp-block-heading\">INTERNATIONAUX DE CHANTILLY <\/h2>\n\n\n\n<p>18 au 20 avril 2024 &#8211; <strong><a rel=\"noreferrer noopener\" href=\"https:\/\/www.ffgolf.org\/golf-amateur\/jeunes\/calendrier-resultats\/national-international\/2024\/internationaux-de-france-u14-garcons-challenge-alexis-godillot\/tableau-officiel\" target=\"_blank\">Toutes les infos<\/a><\/strong><\/p>\n\n\n\n<div class=\"wp-block-columns is-layout-flex wp-container-core-columns-is-layout-9d6595d7 wp-block-columns-is-layout-flex\">\n<div class=\"wp-block-column is-layout-flow wp-block-column-is-layout-flow\">\n<figure class=\"wp-block-image size-large\"><img loading=\"lazy\" decoding=\"async\" width=\"1024\" height=\"768\" src=\"https:\/\/liguegolfbfc.org\/wp-content\/uploads\/2024\/04\/Alan-Cevirgen-2024-1024x768.jpg\" alt=\"\" class=\"wp-image-14578\" srcset=\"https:\/\/liguegolfbfc.org\/wp-content\/uploads\/2024\/04\/Alan-Cevirgen-2024-1024x768.jpg 1024w, https:\/\/liguegolfbfc.org\/wp-content\/uploads\/2024\/04\/Alan-Cevirgen-2024-300x225.jpg 300w, https:\/\/liguegolfbfc.org\/wp-content\/uploads\/2024\/04\/Alan-Cevirgen-2024-768x576.jpg 768w, https:\/\/liguegolfbfc.org\/wp-content\/uploads\/2024\/04\/Alan-Cevirgen-2024-1536x1152.jpg 1536w, https:\/\/liguegolfbfc.org\/wp-content\/uploads\/2024\/04\/Alan-Cevirgen-2024.jpg 2048w\" sizes=\"auto, (max-width: 1024px) 100vw, 1024px\" \/><\/figure>\n<\/div>\n\n\n\n<div class=\"wp-block-column is-layout-flow wp-block-column-is-layout-flow\">\n<figure class=\"wp-block-image size-large\"><img loading=\"lazy\" decoding=\"async\" width=\"1024\" height=\"768\" src=\"https:\/\/liguegolfbfc.org\/wp-content\/uploads\/2024\/04\/438928595_10161130002834038_7427687553149180571_n-1024x768.jpg\" alt=\"\" class=\"wp-image-14582\" srcset=\"https:\/\/liguegolfbfc.org\/wp-content\/uploads\/2024\/04\/438928595_10161130002834038_7427687553149180571_n-1024x768.jpg 1024w, https:\/\/liguegolfbfc.org\/wp-content\/uploads\/2024\/04\/438928595_10161130002834038_7427687553149180571_n-300x225.jpg 300w, https:\/\/liguegolfbfc.org\/wp-content\/uploads\/2024\/04\/438928595_10161130002834038_7427687553149180571_n-768x576.jpg 768w, https:\/\/liguegolfbfc.org\/wp-content\/uploads\/2024\/04\/438928595_10161130002834038_7427687553149180571_n-1536x1152.jpg 1536w, https:\/\/liguegolfbfc.org\/wp-content\/uploads\/2024\/04\/438928595_10161130002834038_7427687553149180571_n.jpg 2048w\" sizes=\"auto, (max-width: 1024px) 100vw, 1024px\" \/><\/figure>\n<\/div>\n<\/div>\n\n\n\n<p>+8 pour ce troisi\u00e8me et dernier tour et une T30 place pour <a href=\"https:\/\/www.facebook.com\/profile.php?id=100087624738985&amp;__cft__[0]=AZVDzOPsspDYub0il9t0TTWv9RMGAWlztSfzrrN2onHruz1UKmhAmVTqHCApdtEqELHvTve5d3NGFGyhg_Eem_2d-QE95wlYqfq-EMg58SdrvMQcg9BWuZYoio4_DWWTzu3KMp691aOYX17JNHhJqyxH5vhErDJZsQxI0VRvDIeZfaIB0SVlUYBXumnLMjJcOXaz_2Mz1LEei8hj5iur2asJ&amp;__tn__=-]K-R\">Alan Cevirgen<\/a> coach\u00e9 par Julien Demanget. <br>Rendez vous le week-end des 11 et 12 Mai pour le deuxi\u00e8me Grand Prix jeune majeur de la saison \u00e0 la Boulie!<\/p>\n\n\n\n<hr class=\"wp-block-separator has-alpha-channel-opacity\"\/>\n\n\n\n<h2 class=\"wp-block-heading\">Equipe de France U14<br>Triple A &#8211; European Classic 2024<br><\/h2>\n\n\n\n<p>21 et 23 f\u00e9vrier 2024 &#8211; The San Roque Club (Espagne)<br><strong><a rel=\"noreferrer noopener\" href=\"https:\/\/www.jasonfloydgolfacademy.com\/triple-a-world-series\/#\/competition\/3983101\/results\" target=\"_blank\">Tous les R\u00e9sultats<\/a><\/strong> : Alan Cevirgen 79\/85\/86 &#8211; 42e\/63<\/p>\n\n\n\n<div class=\"wp-block-columns is-layout-flex wp-container-core-columns-is-layout-9d6595d7 wp-block-columns-is-layout-flex\">\n<div class=\"wp-block-column is-layout-flow wp-block-column-is-layout-flow\">\n<figure class=\"wp-block-gallery has-nested-images columns-default is-cropped wp-block-gallery-8 is-layout-flex wp-block-gallery-is-layout-flex\">\n<figure class=\"wp-block-image size-large\"><a href=\"https:\/\/liguegolfbfc.org\/wp-content\/uploads\/2024\/03\/430159994_906665851469118_5640094633368387087_n.jpg\" data-rel=\"lightbox-gallery-gH5EvINI\" data-rl_title=\"\" data-rl_caption=\"\" title=\"\"><img loading=\"lazy\" decoding=\"async\" width=\"768\" height=\"1024\" data-id=\"14263\" src=\"https:\/\/liguegolfbfc.org\/wp-content\/uploads\/2024\/03\/430159994_906665851469118_5640094633368387087_n-768x1024.jpg\" alt=\"\" class=\"wp-image-14263\" srcset=\"https:\/\/liguegolfbfc.org\/wp-content\/uploads\/2024\/03\/430159994_906665851469118_5640094633368387087_n-768x1024.jpg 768w, https:\/\/liguegolfbfc.org\/wp-content\/uploads\/2024\/03\/430159994_906665851469118_5640094633368387087_n-225x300.jpg 225w, https:\/\/liguegolfbfc.org\/wp-content\/uploads\/2024\/03\/430159994_906665851469118_5640094633368387087_n-1152x1536.jpg 1152w, https:\/\/liguegolfbfc.org\/wp-content\/uploads\/2024\/03\/430159994_906665851469118_5640094633368387087_n.jpg 1536w\" sizes=\"auto, (max-width: 768px) 100vw, 768px\" \/><\/a><\/figure>\n<\/figure>\n<\/div>\n\n\n\n<div class=\"wp-block-column is-layout-flow wp-block-column-is-layout-flow\">\n<figure class=\"wp-block-gallery has-nested-images columns-default is-cropped wp-block-gallery-9 is-layout-flex wp-block-gallery-is-layout-flex\">\n<figure class=\"wp-block-image size-large\"><a href=\"https:\/\/liguegolfbfc.org\/wp-content\/uploads\/2024\/03\/428645201_906665874802449_7015327191007194738_n.jpg\" data-rel=\"lightbox-gallery-gH5EvINI\" data-rl_title=\"\" data-rl_caption=\"\" title=\"\"><img loading=\"lazy\" decoding=\"async\" width=\"768\" height=\"1024\" data-id=\"14264\" src=\"https:\/\/liguegolfbfc.org\/wp-content\/uploads\/2024\/03\/428645201_906665874802449_7015327191007194738_n-768x1024.jpg\" alt=\"\" class=\"wp-image-14264\" srcset=\"https:\/\/liguegolfbfc.org\/wp-content\/uploads\/2024\/03\/428645201_906665874802449_7015327191007194738_n-768x1024.jpg 768w, https:\/\/liguegolfbfc.org\/wp-content\/uploads\/2024\/03\/428645201_906665874802449_7015327191007194738_n-225x300.jpg 225w, https:\/\/liguegolfbfc.org\/wp-content\/uploads\/2024\/03\/428645201_906665874802449_7015327191007194738_n-1152x1536.jpg 1152w, https:\/\/liguegolfbfc.org\/wp-content\/uploads\/2024\/03\/428645201_906665874802449_7015327191007194738_n.jpg 1536w\" sizes=\"auto, (max-width: 768px) 100vw, 768px\" \/><\/a><\/figure>\n<\/figure>\n<\/div>\n\n\n\n<div class=\"wp-block-column is-layout-flow wp-block-column-is-layout-flow\">\n<figure class=\"wp-block-gallery has-nested-images columns-default is-cropped wp-block-gallery-10 is-layout-flex wp-block-gallery-is-layout-flex\">\n<figure class=\"wp-block-image size-large\"><a href=\"https:\/\/liguegolfbfc.org\/wp-content\/uploads\/2024\/03\/430201599_906665908135779_8401177788872594155_n.jpg\" data-rel=\"lightbox-gallery-gH5EvINI\" data-rl_title=\"\" data-rl_caption=\"\" title=\"\"><img loading=\"lazy\" decoding=\"async\" width=\"768\" height=\"1024\" data-id=\"14265\" src=\"https:\/\/liguegolfbfc.org\/wp-content\/uploads\/2024\/03\/430201599_906665908135779_8401177788872594155_n-768x1024.jpg\" alt=\"\" class=\"wp-image-14265\" srcset=\"https:\/\/liguegolfbfc.org\/wp-content\/uploads\/2024\/03\/430201599_906665908135779_8401177788872594155_n-768x1024.jpg 768w, https:\/\/liguegolfbfc.org\/wp-content\/uploads\/2024\/03\/430201599_906665908135779_8401177788872594155_n-225x300.jpg 225w, https:\/\/liguegolfbfc.org\/wp-content\/uploads\/2024\/03\/430201599_906665908135779_8401177788872594155_n-1152x1536.jpg 1152w, https:\/\/liguegolfbfc.org\/wp-content\/uploads\/2024\/03\/430201599_906665908135779_8401177788872594155_n.jpg 1536w\" sizes=\"auto, (max-width: 768px) 100vw, 768px\" \/><\/a><\/figure>\n<\/figure>\n<\/div>\n<\/div>\n\n\n\n<hr class=\"wp-block-separator has-alpha-channel-opacity\"\/>\n\n\n\n<p><\/p>\n","protected":false},"excerpt":{"rendered":"<p>INTERNATIONAUX DE BELGIQUE 2025 3 au 5 juillet 2025 \u2013\u00a0Toutes les infos Les jeunes de la ligue engag\u00e9s pour cette comp\u00e9tition&nbsp;:Laborier&nbsp;Louis(Dijon) \u2013 Castellon Esteban (Chalon S\/Sa\u00f4ne)\u2013&nbsp;Lavoll\u00e9e&nbsp;Amaury (Chalon S\/Sa\u00f4ne) jouent au royal waterloo avec 123 autres joueurs de toutes nationalit\u00e9s. Resultats en live scoring Castellon Esteban (Chalon) 77e\/99 &#8211; 85\/77\/77Lavoll\u00e9e Amaury (Chalon) 85e &#8211; 83\/82\/80Laborier Louis [&hellip;]<\/p>\n","protected":false},"author":1,"featured_media":0,"parent":0,"menu_order":0,"comment_status":"closed","ping_status":"closed","template":"","meta":{"footnotes":""},"class_list":["post-495","page","type-page","status-publish","hentry"],"jetpack_sharing_enabled":true,"_links":{"self":[{"href":"https:\/\/liguegolfbfc.org\/index.php\/wp-json\/wp\/v2\/pages\/495","targetHints":{"allow":["GET"]}}],"collection":[{"href":"https:\/\/liguegolfbfc.org\/index.php\/wp-json\/wp\/v2\/pages"}],"about":[{"href":"https:\/\/liguegolfbfc.org\/index.php\/wp-json\/wp\/v2\/types\/page"}],"author":[{"embeddable":true,"href":"https:\/\/liguegolfbfc.org\/index.php\/wp-json\/wp\/v2\/users\/1"}],"replies":[{"embeddable":true,"href":"https:\/\/liguegolfbfc.org\/index.php\/wp-json\/wp\/v2\/comments?post=495"}],"version-history":[{"count":83,"href":"https:\/\/liguegolfbfc.org\/index.php\/wp-json\/wp\/v2\/pages\/495\/revisions"}],"predecessor-version":[{"id":18774,"href":"https:\/\/liguegolfbfc.org\/index.php\/wp-json\/wp\/v2\/pages\/495\/revisions\/18774"}],"wp:attachment":[{"href":"https:\/\/liguegolfbfc.org\/index.php\/wp-json\/wp\/v2\/media?parent=495"}],"curies":[{"name":"wp","href":"https:\/\/api.w.org\/{rel}","templated":true}]}}