{"id":491,"date":"2020-03-12T13:08:00","date_gmt":"2020-03-12T12:08:00","guid":{"rendered":"http:\/\/liguegolfbfc.org\/?page_id=491"},"modified":"2026-05-04T15:34:46","modified_gmt":"2026-05-04T13:34:46","slug":"jeunes-comp-de-ligue","status":"publish","type":"page","link":"https:\/\/liguegolfbfc.org\/index.php\/jeunes-comp-de-ligue\/","title":{"rendered":"JEUNES | COMP\u00c9TITIONS DE LIGUE"},"content":{"rendered":"\n<h2 class=\"wp-block-heading has-white-color has-text-color has-background\" style=\"background-color:#003360\">COMP\u00c9TITIONS 2026<\/h2>\n\n\n\n<h2 class=\"wp-block-heading\"><strong>CHAMPIONNAT R\u00c9GIONAL <\/strong>&amp; <strong>QUALIFICATION AU CFJ<\/strong><\/h2>\n\n\n\n<p><strong>13 et 14 juin 2026 | Golf de Quetigny<\/strong><\/p>\n\n\n\n<p><strong>Cat\u00e9gorie Filles et Gar\u00e7ons U10, U12 et Benjamin.es<\/strong><\/p>\n\n\n\n<p><strong><a href=\"https:\/\/liguegolfbfc.org\/wp-content\/uploads\/2026\/04\/reglemt-Chpt-Regional-2026pdf.pdf\">R\u00e8glement de l&rsquo;\u00e9preuve 2026<\/a><\/strong> <br><strong>Date limite d&rsquo;inscription <\/strong>lundi 8 juin : aupr\u00e8s du secr\u00e9tariat de la ligue contact@liguegolfbfc.org<br><strong>Droits d&rsquo;engagement <\/strong>: 30\u20ac \u2013 par ch\u00e8que ou virement (\u00e0 privil\u00e9gier) <br><strong>droit de jeu f\u00e9d\u00e9ral obligatoire de 40\u20ac<\/strong><\/p>\n\n\n\n<p><strong><a href=\"https:\/\/liguegolfbfc.org\/wp-content\/uploads\/2026\/05\/Autorisation-droit-a-limage.pdf\">Autorisation droit \u00e0 l&rsquo;image<\/a><\/strong><br>Autorisation parentale : <a href=\"https:\/\/liguegolfbfc.org\/wp-content\/uploads\/2026\/05\/Autorisation-parentale-antidopage.pdf\"><strong>Pr\u00e9l\u00e8vement n\u00e9cessitant une technique invasive lors d&rsquo;un contr\u00f4le antidopage.<\/strong><\/a><\/p>\n\n\n\n<hr class=\"wp-block-separator has-alpha-channel-opacity\"\/>\n\n\n\n<p><strong>2025<\/strong><\/p>\n\n\n\n<div class=\"wp-block-columns is-layout-flex wp-container-core-columns-is-layout-9d6595d7 wp-block-columns-is-layout-flex\">\n<div class=\"wp-block-column is-layout-flow wp-block-column-is-layout-flow\">\n<figure class=\"wp-block-gallery has-nested-images columns-default is-cropped wp-block-gallery-1 is-layout-flex wp-block-gallery-is-layout-flex\">\n<figure class=\"wp-block-image size-large\"><img loading=\"lazy\" decoding=\"async\" width=\"530\" height=\"300\" data-id=\"18162\" src=\"https:\/\/liguegolfbfc.org\/wp-content\/uploads\/2025\/06\/site-champions-et-championnes-Sans-titre-2.jpg\" alt=\"\" class=\"wp-image-18162\" srcset=\"https:\/\/liguegolfbfc.org\/wp-content\/uploads\/2025\/06\/site-champions-et-championnes-Sans-titre-2.jpg 530w, https:\/\/liguegolfbfc.org\/wp-content\/uploads\/2025\/06\/site-champions-et-championnes-Sans-titre-2-300x170.jpg 300w\" sizes=\"auto, (max-width: 530px) 100vw, 530px\" \/><\/figure>\n<\/figure>\n<\/div>\n\n\n\n<div class=\"wp-block-column is-layout-flow wp-block-column-is-layout-flow\">\n<p><strong>de gauche \u00e0 droite<\/strong> avec la <strong>CTF Emmanuelle Gerhart et le Pr\u00e9sident de la Ligue Alain Lyet<\/strong><br>Benjamin Gar\u00e7on : <strong>Ducherpozat <\/strong>Victor (Dijon Bourgogne)<br>U10 Fille : <strong>Diguerher<\/strong> Olympe (Roncemay)<br>U12 Gar\u00e7on : <strong>Si\u00e8ve<\/strong> Loic (Beaune)<br>Benjamine : <strong>Tacquard <\/strong>Myl\u00e8ne (Prunevelle)<br>U10 Gar\u00e7on :<strong> Guilain <\/strong>Houssais<strong> <\/strong>(Prunevelle)<br>U12 Fille :<strong> Vignaud<\/strong> El\u00e9onore (Prunevelle)<\/p>\n\n\n\n<p>U10 Gar\u00e7on : Vainqueur sur 9T <strong> Vieilly-P\u00e9lardy<\/strong> Simon (Beaune)<\/p>\n<\/div>\n<\/div>\n\n\n\n<p><strong>Qualifi\u00e9s pour le Championnat de France Jeunes<\/strong><\/p>\n\n\n\n<div class=\"wp-block-columns is-layout-flex wp-container-core-columns-is-layout-9d6595d7 wp-block-columns-is-layout-flex\">\n<div class=\"wp-block-column is-layout-flow wp-block-column-is-layout-flow\">\n<figure class=\"wp-block-gallery has-nested-images columns-default is-cropped wp-block-gallery-2 is-layout-flex wp-block-gallery-is-layout-flex\">\n<figure class=\"wp-block-image size-large\"><img loading=\"lazy\" decoding=\"async\" width=\"530\" height=\"300\" data-id=\"18167\" src=\"https:\/\/liguegolfbfc.org\/wp-content\/uploads\/2025\/06\/SITE-les-qualifies-au-CFJ.jpg\" alt=\"\" class=\"wp-image-18167\" srcset=\"https:\/\/liguegolfbfc.org\/wp-content\/uploads\/2025\/06\/SITE-les-qualifies-au-CFJ.jpg 530w, https:\/\/liguegolfbfc.org\/wp-content\/uploads\/2025\/06\/SITE-les-qualifies-au-CFJ-300x170.jpg 300w\" sizes=\"auto, (max-width: 530px) 100vw, 530px\" \/><\/figure>\n<\/figure>\n<\/div>\n\n\n\n<div class=\"wp-block-column is-layout-flow wp-block-column-is-layout-flow\">\n<p><strong>Qualifi\u00e9s par le m\u00e9rite<\/strong> : <br>Benj. Gar\u00e7on : <strong>Lavoll\u00e9e <\/strong>Amaury (Chalon s\/Sa\u00f4ne) U12 Fille : <strong>Diguerher<\/strong> Prune (Roncemay)<br><strong>Les qualifi\u00e9s<\/strong> par les r\u00e9sultats du week-end :<br>Benjamin Gar\u00e7on : <strong>Ducherpozat<\/strong> Victor (Dijon Bourgogne)<br>Benjamine : <strong>Tacquard<\/strong> Myl\u00e8ne (Prunevelle)<br>U12 Fille : <strong>Vignaud <\/strong>El\u00e9onore (Prunevelle)<br>U12 Gar\u00e7on : <strong>Poidevin<\/strong> Camille (Roncemay)<\/p>\n<\/div>\n<\/div>\n\n\n\n<p><a rel=\"noreferrer noopener\" href=\"https:\/\/liguegolfbfc.org\/wp-content\/uploads\/2025\/06\/Places-qualificatives-2025-CFJ.pdf\" target=\"_blank\"><strong>PLACES QUALIFICATIVES AU CFJ<\/strong><\/a> <\/p>\n\n\n\n<p><strong><a rel=\"noreferrer noopener\" href=\"https:\/\/liguegolfbfc.org\/wp-content\/uploads\/2025\/06\/Liste-des-inscrits-au-chpt-regional-jeunes-et-qualif-CFJ-2025.pdf\" target=\"_blank\">Fichier des inscrits<\/a><\/strong><br><strong>DOSSIER <\/strong><br><strong><a rel=\"noreferrer noopener\" href=\"https:\/\/liguegolfbfc.org\/wp-content\/uploads\/2025\/06\/Dossier-Championnat-Regional-Avoise.pdf\" target=\"_blank\">Informations g\u00e9n\u00e9rales <\/a><\/strong><br><strong><a rel=\"noreferrer noopener\" href=\"https:\/\/liguegolfbfc.org\/wp-content\/uploads\/2025\/06\/proposition-repas-menus-Avoise.pdf\" target=\"_blank\">Proposition menus et repas<\/a><\/strong><br><strong><a rel=\"noreferrer noopener\" href=\"https:\/\/liguegolfbfc.org\/wp-content\/uploads\/2025\/05\/Fiche-inscription-2025-chpt-regional-jeunes.pdf\" target=\"_blank\">Fiche d&rsquo;inscription<\/a><\/strong> \u00e0 adresser \u00e0 contact@liguegolfbfc.org &#8211; <strong><a rel=\"noreferrer noopener\" href=\"https:\/\/www.ffgolf.org\/golf-amateur\/reglements\/droit-de-jeu-federal\" target=\"_blank\">Droit de jeu f\u00e9d\u00e9ral obligatoire <\/a><\/strong><br><strong><a rel=\"noreferrer noopener\" href=\"https:\/\/liguegolfbfc.org\/wp-content\/uploads\/2025\/05\/Reglement-Chpt-Regional-Jeunes-2025.pdf\" target=\"_blank\">R\u00e8glement de l&rsquo;\u00e9preuve<\/a><\/strong><\/p>\n\n\n\n<p>RETROUVER LES PHOTOS DE L&rsquo;\u00c9V\u00c9NEMENT ICI<\/p>\n\n\n\n<hr class=\"wp-block-separator has-alpha-channel-opacity\"\/>\n\n\n\n<h2 class=\"wp-block-heading\"><strong> <\/strong>CHAMPIONNAT REGIONAL JEUNES MINIMES<\/h2>\n\n\n\n<p><strong>10 et 11 mai 2025 | Golf de Quetigny<\/strong><\/p>\n\n\n\n<p>Gar\u00e7on : \u00c9louen Boireau (Pontarlier)<br>Fille : Rose Pitault (Dijon Bourgogne)<br>Remise de prix par Wilfrid Boireau Responsable Jeunes de la Ligue.<\/p>\n\n\n\n<p>Selon les crit\u00e8res du r\u00e8glement du Grand Prix du Quetigny &#8211; <strong><a href=\"https:\/\/liguegolfbfc.org\/index.php\/grand-prix-de-la-ligue\/\" target=\"_blank\" rel=\"noreferrer noopener\">R\u00e9sultats<\/a><\/strong><\/p>\n\n\n\n<div class=\"wp-block-group is-nowrap is-layout-flex wp-container-core-group-is-layout-ad2f72ca wp-block-group-is-layout-flex\">\n<figure class=\"wp-block-image size-large is-resized\"><a href=\"https:\/\/liguegolfbfc.org\/wp-content\/uploads\/2025\/05\/WhatsApp-Image-2025-05-12-at-14.17.24-1.jpeg\" data-rel=\"lightbox-gallery-yg4unSHP\" data-rl_title=\"\" data-rl_caption=\"\" title=\"\"><img loading=\"lazy\" decoding=\"async\" width=\"768\" height=\"1024\" src=\"https:\/\/liguegolfbfc.org\/wp-content\/uploads\/2025\/05\/WhatsApp-Image-2025-05-12-at-14.17.24-1-768x1024.jpeg\" alt=\"\" class=\"wp-image-17778\" style=\"width:300px\" srcset=\"https:\/\/liguegolfbfc.org\/wp-content\/uploads\/2025\/05\/WhatsApp-Image-2025-05-12-at-14.17.24-1-768x1024.jpeg 768w, https:\/\/liguegolfbfc.org\/wp-content\/uploads\/2025\/05\/WhatsApp-Image-2025-05-12-at-14.17.24-1-225x300.jpeg 225w, https:\/\/liguegolfbfc.org\/wp-content\/uploads\/2025\/05\/WhatsApp-Image-2025-05-12-at-14.17.24-1-1152x1536.jpeg 1152w, https:\/\/liguegolfbfc.org\/wp-content\/uploads\/2025\/05\/WhatsApp-Image-2025-05-12-at-14.17.24-1.jpeg 1200w\" sizes=\"auto, (max-width: 768px) 100vw, 768px\" \/><\/a><\/figure>\n\n\n\n<figure class=\"wp-block-image size-large is-resized\"><a href=\"https:\/\/liguegolfbfc.org\/wp-content\/uploads\/2025\/05\/WhatsApp-Image-2025-05-12-at-14.17.24.jpeg\" data-rel=\"lightbox-gallery-yg4unSHP\" data-rl_title=\"\" data-rl_caption=\"\" title=\"\"><img loading=\"lazy\" decoding=\"async\" width=\"768\" height=\"1024\" src=\"https:\/\/liguegolfbfc.org\/wp-content\/uploads\/2025\/05\/WhatsApp-Image-2025-05-12-at-14.17.24-768x1024.jpeg\" alt=\"\" class=\"wp-image-17779\" style=\"width:300px\" srcset=\"https:\/\/liguegolfbfc.org\/wp-content\/uploads\/2025\/05\/WhatsApp-Image-2025-05-12-at-14.17.24-768x1024.jpeg 768w, https:\/\/liguegolfbfc.org\/wp-content\/uploads\/2025\/05\/WhatsApp-Image-2025-05-12-at-14.17.24-225x300.jpeg 225w, https:\/\/liguegolfbfc.org\/wp-content\/uploads\/2025\/05\/WhatsApp-Image-2025-05-12-at-14.17.24-1152x1536.jpeg 1152w, https:\/\/liguegolfbfc.org\/wp-content\/uploads\/2025\/05\/WhatsApp-Image-2025-05-12-at-14.17.24.jpeg 1200w\" sizes=\"auto, (max-width: 768px) 100vw, 768px\" \/><\/a><\/figure>\n<\/div>\n\n\n\n<hr class=\"wp-block-separator has-alpha-channel-opacity\"\/>\n\n\n\n<p><\/p>\n","protected":false},"excerpt":{"rendered":"<p>COMP\u00c9TITIONS 2026 CHAMPIONNAT R\u00c9GIONAL &amp; QUALIFICATION AU CFJ 13 et 14 juin 2026 | Golf de Quetigny Cat\u00e9gorie Filles et Gar\u00e7ons U10, U12 et Benjamin.es R\u00e8glement de l&rsquo;\u00e9preuve 2026 Date limite d&rsquo;inscription lundi 8 juin : aupr\u00e8s du secr\u00e9tariat de la ligue contact@liguegolfbfc.orgDroits d&rsquo;engagement : 30\u20ac \u2013 par ch\u00e8que ou virement (\u00e0 privil\u00e9gier) droit de [&hellip;]<\/p>\n","protected":false},"author":1,"featured_media":0,"parent":0,"menu_order":0,"comment_status":"closed","ping_status":"closed","template":"page-templates\/page-full-width.php","meta":{"footnotes":""},"class_list":["post-491","page","type-page","status-publish","hentry"],"jetpack_sharing_enabled":true,"_links":{"self":[{"href":"https:\/\/liguegolfbfc.org\/index.php\/wp-json\/wp\/v2\/pages\/491","targetHints":{"allow":["GET"]}}],"collection":[{"href":"https:\/\/liguegolfbfc.org\/index.php\/wp-json\/wp\/v2\/pages"}],"about":[{"href":"https:\/\/liguegolfbfc.org\/index.php\/wp-json\/wp\/v2\/types\/page"}],"author":[{"embeddable":true,"href":"https:\/\/liguegolfbfc.org\/index.php\/wp-json\/wp\/v2\/users\/1"}],"replies":[{"embeddable":true,"href":"https:\/\/liguegolfbfc.org\/index.php\/wp-json\/wp\/v2\/comments?post=491"}],"version-history":[{"count":294,"href":"https:\/\/liguegolfbfc.org\/index.php\/wp-json\/wp\/v2\/pages\/491\/revisions"}],"predecessor-version":[{"id":20509,"href":"https:\/\/liguegolfbfc.org\/index.php\/wp-json\/wp\/v2\/pages\/491\/revisions\/20509"}],"wp:attachment":[{"href":"https:\/\/liguegolfbfc.org\/index.php\/wp-json\/wp\/v2\/media?parent=491"}],"curies":[{"name":"wp","href":"https:\/\/api.w.org\/{rel}","templated":true}]}}