{"id":486,"date":"2020-03-12T13:06:30","date_gmt":"2020-03-12T12:06:30","guid":{"rendered":"http:\/\/liguegolfbfc.org\/?page_id=486"},"modified":"2026-02-11T13:43:04","modified_gmt":"2026-02-11T12:43:04","slug":"jeunes-haut-niveau-2","status":"publish","type":"page","link":"https:\/\/liguegolfbfc.org\/index.php\/jeunes-haut-niveau-2\/","title":{"rendered":"JEUNES | HAUT NIVEAU"},"content":{"rendered":"\n<h2 class=\"wp-block-heading has-white-color has-text-color has-background\" style=\"background:linear-gradient(135deg,rgb(0,51,96) 0%,rgb(0,51,96) 55%,rgb(0,51,96) 100%)\">POLE JEUNES LIGUE <strong>ANN\u00c9E 202<\/strong>6<\/h2>\n\n\n\n<p><strong>Le Groupe Cible 2026<\/strong><\/p>\n\n\n\n<figure class=\"wp-block-image size-large is-resized\"><img loading=\"lazy\" decoding=\"async\" width=\"840\" height=\"1024\" src=\"https:\/\/liguegolfbfc.org\/wp-content\/uploads\/2026\/02\/image-2-840x1024.png\" alt=\"\" class=\"wp-image-19548\" style=\"width:446px;height:auto\" srcset=\"https:\/\/liguegolfbfc.org\/wp-content\/uploads\/2026\/02\/image-2-840x1024.png 840w, https:\/\/liguegolfbfc.org\/wp-content\/uploads\/2026\/02\/image-2-246x300.png 246w, https:\/\/liguegolfbfc.org\/wp-content\/uploads\/2026\/02\/image-2-768x936.png 768w, https:\/\/liguegolfbfc.org\/wp-content\/uploads\/2026\/02\/image-2.png 983w\" sizes=\"auto, (max-width: 840px) 100vw, 840px\" \/><\/figure>\n\n\n\n<p><strong>L&rsquo;\u00c9quipe Technique R\u00e9gionale<\/strong> <strong>2026<\/strong><\/p>\n\n\n\n<figure class=\"wp-block-image size-large is-resized\"><img loading=\"lazy\" decoding=\"async\" width=\"464\" height=\"1024\" src=\"https:\/\/liguegolfbfc.org\/wp-content\/uploads\/2026\/02\/image-3-464x1024.png\" alt=\"\" class=\"wp-image-19550\" style=\"width:312px;height:auto\" srcset=\"https:\/\/liguegolfbfc.org\/wp-content\/uploads\/2026\/02\/image-3-464x1024.png 464w, https:\/\/liguegolfbfc.org\/wp-content\/uploads\/2026\/02\/image-3-136x300.png 136w, https:\/\/liguegolfbfc.org\/wp-content\/uploads\/2026\/02\/image-3.png 601w\" sizes=\"auto, (max-width: 464px) 100vw, 464px\" \/><\/figure>\n\n\n\n<p><\/p>\n\n\n\n<p><strong>Le groupe cible 2025 de la ligue est s\u00e9lectionn\u00e9 selon les crit\u00e8res suivants<\/strong> :<\/p>\n\n\n\n<ul class=\"wp-block-list\">\n<li>La moyenne en SP et ou m\u00e9rite \u00e9tablis sur une courbe de performance f\u00e9d\u00e9rale li\u00e9e \u00e0 l&rsquo;\u00e2ge exact du joueur ou de la joueuse.<\/li>\n\n\n\n<li>Le statut sportif de haut niveau ou squad FFGolf<\/li>\n\n\n\n<li>Le projet sportif \u00e0 long terme<\/li>\n\n\n\n<li>Les meilleurs progressions d&rsquo;index U12<\/li>\n<\/ul>\n\n\n\n<figure class=\"wp-block-image size-full\"><img loading=\"lazy\" decoding=\"async\" width=\"577\" height=\"727\" src=\"https:\/\/liguegolfbfc.org\/wp-content\/uploads\/2025\/03\/image-3.png\" alt=\"\" class=\"wp-image-17144\" srcset=\"https:\/\/liguegolfbfc.org\/wp-content\/uploads\/2025\/03\/image-3.png 577w, https:\/\/liguegolfbfc.org\/wp-content\/uploads\/2025\/03\/image-3-238x300.png 238w\" sizes=\"auto, (max-width: 577px) 100vw, 577px\" \/><\/figure>\n\n\n<p><strong>La mission de \u00ab\u00a0management du Haut Niveau\u00a0\u00bb, donn\u00e9e aux Ligues par la F\u00e9d\u00e9ration Fran\u00e7aise de Golf de 2020 \u00e0 2024, est la suivante\u00a0<\/strong>:<\/p>\n<p><!-- \/wp:post-content --><\/p>\n<p><!-- wp:list --><\/p>\n<ul>\n<li><em>Aider le joueur \u00e0 se staffer en Pr\u00e9paration Mentale, Pr\u00e9paration Physique, Pr\u00e9paration Technique<\/em><\/li>\n<li><em>Co-manager le projet de performance : fournir de la mati\u00e8re golf, des orientations au staff<\/em><\/li>\n<li><em>Former l\u2019entra\u00eeneur technique, int\u00e9grer la dimension mentale dans la s\u00e9ance<\/em><\/li>\n<li><em>Aider \u00e0 organiser la permanence d\u2019entra\u00eenement de mani\u00e8re singuli\u00e8re (am\u00e9nagement scolaire, entra\u00eenement au club, avec la ligue, en centre d\u2019entra\u00eenement, en coaching\u2026)<\/em><\/li>\n<\/ul>\n<p><!-- \/wp:list --><\/p>\n<p><!-- wp:paragraph --><\/p>\n<p><!-- \/wp:paragraph --><\/p>\n<p><!-- wp:paragraph --><\/p>\n<p><!-- \/wp:paragraph --><\/p>\n<p><!-- wp:paragraph --><\/p>\n<p><!-- \/wp:paragraph --><\/p>\n<p><!-- wp:paragraph --><\/p>\n<p><!-- \/wp:paragraph --><\/p>\n<p><!-- wp:paragraph --><\/p>\n<p><!-- \/wp:paragraph --><\/p>\n<p><!-- wp:paragraph --><\/p>\n<p><!-- \/wp:paragraph --><\/p>\n<p><!-- wp:columns --><\/p>\n<p><!-- \/wp:columns --><\/p>\n<p><!-- wp:image {\"id\":8349,\"width\":385,\"height\":289,\"sizeSlug\":\"large\",\"linkDestination\":\"none\"} --><\/p>\n<p><!-- \/wp:image --><\/p>\n<p><!-- wp:paragraph --><\/p>\n<p><!-- \/wp:paragraph --><\/p>\n<p><!-- wp:paragraph --><\/p>\n<p><!-- \/wp:paragraph --><\/p>\n<p><!-- wp:paragraph --><\/p>\n<p><!-- \/wp:paragraph --><\/p>\n<p><!-- wp:paragraph {\"style\":{\"color\":{\"text\":\"#ffffff\",\"background\":\"#0093d5\"}},\"fontSize\":\"medium\"} --><\/p>\n<p><!-- \/wp:paragraph --><\/p>\n<p><!-- wp:paragraph --><\/p>\n<p><!-- \/wp:paragraph --><\/p>\n<p><!-- wp:heading {\"level\":4} --><\/p>\n<p><!-- \/wp:heading --><\/p>\n<p><!-- wp:paragraph --><\/p>\n<\/p>\n<p><!-- \/wp:paragraph --><\/p>\n<p><!-- wp:list --><\/p>\n<p><!-- \/wp:list --><\/p>\n<p><!-- wp:heading {\"level\":5} --><\/p>\n<p><!-- \/wp:heading --><\/p>\n<p><!-- wp:paragraph --><\/p>\n<\/p>\n<p><!-- \/wp:paragraph --><\/p>\n<p><!-- wp:list --><\/p>\n<\/p>\n<p><!-- \/wp:list --><\/p>\n<p><!-- wp:paragraph {\"style\":{\"color\":{\"text\":\"#ffffff\",\"background\":\"#0093d5\"}},\"fontSize\":\"medium\"} --><\/p>\n<p class=\"has-text-color has-background has-medium-font-size\" style=\"background-color: #0093d5; color: #ffffff;\">L&rsquo;\u00c9QUIPE TECHNIQUE R\u00c9GIONALE &#8211; ETR<\/p>\n<p><!-- \/wp:paragraph --><\/p>\n<p><!-- wp:paragraph --><\/p>\n<p><!-- \/wp:paragraph --><\/p>\n<p><!-- wp:group --><\/p>\n<div class=\"wp-block-group\"><!-- wp:columns --><\/p>\n<div class=\"wp-block-columns\">\n<div class=\"wp-block-column\" style=\"flex-basis: 100%;\">\n<figure class=\"wp-block-table is-style-stripes\">\n<table style=\"height: 580px;\" width=\"846\">\n<tbody>\n<tr>\n<td><img decoding=\"async\" style=\"width: 125px;\" src=\"http:\/\/liguegolfbfc.org\/wp-content\/uploads\/2020\/03\/moi-3.jpg\" alt=\"\" \/><\/td>\n<td><img decoding=\"async\" style=\"width: 125px;\" src=\"https:\/\/liguegolfbfc.org\/wp-content\/uploads\/2022\/04\/Quentin-Letondeur-1.jpg\" alt=\"L\u2019attribut alt de cette image est vide, son nom de fichier est Quentin-Letondeur-1.jpg.\" \/><\/td>\n<td>\u00a0<\/td>\n<\/tr>\n<tr>\n<td>Emmanuelle GERHART<br \/>CTF<br \/>Projet Sportif Jeune<\/td>\n<td>\n<p>Quentin LETONDEUR<br \/>Franche &#8211; Comt\u00e9 <br \/>Entra\u00eeneur U10<\/p>\n<\/td>\n<td>\u00a0<\/td>\n<\/tr>\n<tr>\n<td><img decoding=\"async\" style=\"width: 125px;\" src=\"http:\/\/liguegolfbfc.org\/wp-content\/uploads\/2020\/03\/Mervin-Rocchi.jpg\" alt=\"\" \/><\/td>\n<td><img decoding=\"async\" style=\"width: 125px;\" src=\"http:\/\/liguegolfbfc.org\/wp-content\/uploads\/2020\/04\/Vezin.jpg\" alt=\"\" \/><\/td>\n<td><img loading=\"lazy\" decoding=\"async\" class=\"\" src=\"https:\/\/liguegolfbfc.org\/wp-content\/uploads\/2023\/01\/Simon-Fernoux.jpg\" width=\"133\" height=\"169\" \/><\/td>\n<\/tr>\n<tr>\n<td>Mervin ROCCHI<br \/>Groupe cible r\u00e9gional<\/td>\n<td>\n<p>Jo\u00ebl VEZIN<br \/>Groupe Interligue U12\u00a0<br \/>Coaching U12<\/p>\n<\/td>\n<td>Simon FERNOUX\u00a0<br \/>Bourgogne<br \/>Entra\u00eeneur U10<\/td>\n<\/tr>\n<\/tbody>\n<\/table>\n<\/figure>\n<p><!-- \/wp:columns --><\/p>\n<\/div>\n<\/div>\n<\/div>\n<p class=\"has-very-light-gray-color has-vivid-cyan-blue-background-color has-text-color has-background has-medium-font-size\">ALLIER \u00c9TUDES ET GOLF<\/p>\n<p><!-- \/wp:group --><\/p>\n<p><!-- wp:paragraph --><\/p>\n<p><a href=\"https:\/\/liguegolfbfc.org\/wp-content\/uploads\/2025\/03\/Acadomia-notes.pdf\"><strong>ACADOMIA\u00a0<\/strong><\/a><\/p>\n<p><strong>Nouveau partenaire \u00e9ducation de la ffgolf depuis mai 2024 <a href=\"https:\/\/www.ffgolf.org\/la-federation\/toute-l-actualite\/acadomia-nouveau-partenaire-education-de-la-ffgolf\" target=\"_blank\" rel=\"noreferrer noopener\">article<\/a><br \/>Le leader de l\u2019accompagnement \u00e9ducatif en France, groupe \u00e9ducatif exp\u00e9riment\u00e9 et innovant, rejoint le club des partenaires de la F\u00e9d\u00e9ration fran\u00e7aise de golf pour les trois prochaines ann\u00e9e<\/strong>s.<\/p>\n<p><strong><a href=\"https:\/\/liguegolfbfc.org\/wp-content\/uploads\/2025\/01\/Allier-golf-et-etudes-aux-usa-.pdf\" target=\"_blank\" rel=\"noreferrer noopener\">ALLIER \u00c9TUDES ET GOLF<\/a><\/strong><\/p>\n<p>Une opportunit\u00e9 unique pour combiner une \u00e9ducation de qualit\u00e9 et une progression sportive dans les universit\u00e9s AM\u00c9RICAINES apr\u00e8s le bac (possibilit\u00e9 d&rsquo;acc\u00e8s \u00e0 des bourses sportives ou scolaires)<\/p>\n<p><!-- \/wp:paragraph --><\/p>\n<p class=\"has-very-light-gray-color has-vivid-cyan-blue-background-color has-text-color has-background has-medium-font-size\">LES DOCUMENTS A T\u00c9L\u00c9CHARGER<br \/>Pour accompagner son enfant<\/p>\n<p><!-- \/wp:paragraph --><\/p>\n<p><!-- wp:paragraph --><\/p>\n<p>Vous pouvez retrouver tous les documents \u00e9labor\u00e9s par notre Commission Jeunes afin de vous guider dans l&rsquo;accompagnement et le d\u00e9veloppement de votre enfant jeune golfeur dans l&rsquo;onglet \u00ab\u00a0fili\u00e8re jeunes\u00a0\u00bb de notre site en cliquant <strong><a href=\"https:\/\/liguegolfbfc.org\/index.php\/jeunes-filiere-jeune\/#DocsJeunes\">ici<\/a> <\/strong>.<\/p>\n<p><!-- \/wp:paragraph --><\/p>\n<p><!-- wp:list --><\/p>\n<p><!-- \/wp:list --><\/p>\n<p><!-- wp:paragraph {\"backgroundColor\":\"vivid-cyan-blue\",\"textColor\":\"very-light-gray\",\"fontSize\":\"medium\"} --><\/p>\n<p class=\"has-very-light-gray-color has-vivid-cyan-blue-background-color has-text-color has-background has-medium-font-size\">LES DOCUMENTS A TELECHARGER<br \/>Pour les tournois et les Stages<\/p>\n<p><!-- \/wp:paragraph --><\/p>\n<p><!-- wp:list --><\/p>\n<ul>\n<li><a href=\"http:\/\/liguegolfbfc.org\/wp-content\/uploads\/2020\/04\/Autorisation-parentale-activit-2020-\u00e9dit\u00e9-1.pdf\" target=\"_blank\" rel=\"noreferrer noopener\">l&rsquo;attestation parentale d&rsquo;activit\u00e9<\/a><\/li>\n<li><a href=\"http:\/\/liguegolfbfc.org\/wp-content\/uploads\/2020\/04\/AUTORISATION-DE-SORTIE-DU-TERRITOIRE_.pdf\" target=\"_blank\" rel=\"noreferrer noopener\">l&rsquo;autorisation de sortie du territoire<\/a><\/li>\n<li><a href=\"http:\/\/liguegolfbfc.org\/wp-content\/uploads\/2020\/04\/Autorisation-droit-image-2020-\u00e9dit\u00e9.pdf\" target=\"_blank\" rel=\"noreferrer noopener\">l&rsquo;autorisation de droit \u00e0 l&rsquo;image<\/a><\/li>\n<li><a href=\"http:\/\/liguegolfbfc.org\/wp-content\/uploads\/2020\/04\/Autorisation-prlvement-technique-invasive-2020-\u00e9dit\u00e9.pdf\" target=\"_blank\" rel=\"noreferrer noopener\">l&rsquo;autorisation de pr\u00e9l\u00e8vement technique invasive<\/a><\/li>\n<li><a href=\"https:\/\/liguegolfbfc.org\/wp-content\/uploads\/2021\/02\/FICHE-durgence-medicale.pdf\" target=\"_blank\" rel=\"noreferrer noopener\">la fiche d&rsquo;urgence m\u00e9dicale<\/a><\/li>\n<\/ul>\n<p><!-- \/wp:list --><\/p>\n<p><!-- wp:paragraph {\"style\":{\"color\":{\"text\":\"#ffffff\",\"background\":\"#0093d5\"}},\"fontSize\":\"medium\"} --><\/p>\n<p class=\"has-text-color has-background has-medium-font-size\" style=\"background-color: #0093d5; color: #ffffff;\">LES CONTENUS D&rsquo;ENTRAINEMENT<\/p>\n<p><!-- \/wp:paragraph --><\/p>\n<p><!-- wp:paragraph --><\/p>\n<p>Pour vous accompagner dans vos performances la ligue met \u00e0 disposition diff\u00e9rents outils pour am\u00e9liorer vos <a href=\"http:\/\/liguegolfbfc.org\/wp-content\/uploads\/2020\/03\/Protocole-de-r\u00e9veil-musculaire-Golf-2020.pdf\" target=\"_blank\" rel=\"noreferrer noopener\">r\u00e9veils musculaires<\/a>, vos <a href=\"http:\/\/liguegolfbfc.org\/wp-content\/uploads\/2020\/03\/Protocole-dechauffement-musclaire-Practice-2020.pdf\" target=\"_blank\" rel=\"noreferrer noopener\">\u00e9chauffements<\/a> et votre <a href=\"http:\/\/liguegolfbfc.org\/wp-content\/uploads\/2020\/03\/Protocole-de-r\u00e9cup\u00e9ration-musculaire-2020.pdf\" target=\"_blank\" rel=\"noreferrer noopener\">r\u00e9cup\u00e9ration<\/a> sportive.<br \/>Nous mettons \u00e9galement \u00e0 votre disposition des <a href=\"http:\/\/liguegolfbfc.org\/wp-content\/uploads\/2020\/04\/Conseils-nutritionnels-Periode-de-confinement-Mission-Nutrition-INSEP.pdf\" target=\"_blank\" rel=\"noreferrer noopener\">conseils nutritionnels<\/a>, et des guides pour <a href=\"http:\/\/liguegolfbfc.org\/wp-content\/uploads\/2020\/04\/ALIM-reco-competition.pdf\" target=\"_blank\" rel=\"noreferrer noopener\">l&rsquo;alimentation li\u00e9 \u00e0 la comp\u00e9tition<\/a> et <a href=\"http:\/\/liguegolfbfc.org\/wp-content\/uploads\/2020\/04\/Pr\u0117sentation-ALIM-Quot.pdf\" target=\"_blank\" rel=\"noreferrer noopener\">l&rsquo;alimentation quotidienne<\/a>.<\/p>\n<hr \/>\n<p><!-- \/wp:paragraph --><\/p>\n<p><!-- wp:paragraph --><\/p>\n<figure class=\"wp-block-image size-large\"><!-- wp:heading --><\/p>\n<h2 class=\"wp-block-heading\">Visite du Pr\u00e9sident de la ligue et la CTR au CREPS janvier 2025<\/h2>\n<p><!-- \/wp:heading --> <!-- wp:columns --><\/p>\n<div class=\"wp-block-columns\"><!-- wp:column --><\/p>\n<div class=\"wp-block-column\"><!-- wp:image {\"id\":16430,\"sizeSlug\":\"large\",\"linkDestination\":\"none\"} --><\/p>\n<figure class=\"wp-block-image size-large\"><img loading=\"lazy\" decoding=\"async\" width=\"1024\" height=\"768\" class=\"wp-image-16430\" src=\"https:\/\/liguegolfbfc.org\/wp-content\/uploads\/2025\/01\/CREPS-1-1024x768.jpeg\" alt=\"\" srcset=\"https:\/\/liguegolfbfc.org\/wp-content\/uploads\/2025\/01\/CREPS-1-1024x768.jpeg 1024w, https:\/\/liguegolfbfc.org\/wp-content\/uploads\/2025\/01\/CREPS-1-300x225.jpeg 300w, https:\/\/liguegolfbfc.org\/wp-content\/uploads\/2025\/01\/CREPS-1-768x576.jpeg 768w, https:\/\/liguegolfbfc.org\/wp-content\/uploads\/2025\/01\/CREPS-1-1536x1152.jpeg 1536w, https:\/\/liguegolfbfc.org\/wp-content\/uploads\/2025\/01\/CREPS-1.jpeg 1600w\" sizes=\"auto, (max-width: 1024px) 100vw, 1024px\" \/><\/figure>\n<p><!-- \/wp:image --><\/p>\n<\/div>\n<p><!-- \/wp:column --> <!-- wp:column --><\/p>\n<div class=\"wp-block-column\"><!-- wp:image {\"id\":16431,\"sizeSlug\":\"large\",\"linkDestination\":\"none\"} --><\/p>\n<figure class=\"wp-block-image size-large\"><img loading=\"lazy\" decoding=\"async\" width=\"1024\" height=\"768\" class=\"wp-image-16431\" src=\"https:\/\/liguegolfbfc.org\/wp-content\/uploads\/2025\/01\/CREPS-2-1024x768.jpeg\" alt=\"\" srcset=\"https:\/\/liguegolfbfc.org\/wp-content\/uploads\/2025\/01\/CREPS-2-1024x768.jpeg 1024w, https:\/\/liguegolfbfc.org\/wp-content\/uploads\/2025\/01\/CREPS-2-300x225.jpeg 300w, https:\/\/liguegolfbfc.org\/wp-content\/uploads\/2025\/01\/CREPS-2-768x576.jpeg 768w, https:\/\/liguegolfbfc.org\/wp-content\/uploads\/2025\/01\/CREPS-2.jpeg 1280w\" sizes=\"auto, (max-width: 1024px) 100vw, 1024px\" \/><\/figure>\n<p><!-- \/wp:image --><\/p>\n<\/div>\n<p><!-- \/wp:column --> <!-- wp:column --><\/p>\n<div class=\"wp-block-column\"><!-- wp:image {\"id\":16432,\"sizeSlug\":\"large\",\"linkDestination\":\"none\"} --><\/p>\n<figure class=\"wp-block-image size-large\"><img loading=\"lazy\" decoding=\"async\" width=\"1024\" height=\"768\" class=\"wp-image-16432\" src=\"https:\/\/liguegolfbfc.org\/wp-content\/uploads\/2025\/01\/CREPS-3-1024x768.jpeg\" alt=\"\" srcset=\"https:\/\/liguegolfbfc.org\/wp-content\/uploads\/2025\/01\/CREPS-3-1024x768.jpeg 1024w, https:\/\/liguegolfbfc.org\/wp-content\/uploads\/2025\/01\/CREPS-3-300x225.jpeg 300w, https:\/\/liguegolfbfc.org\/wp-content\/uploads\/2025\/01\/CREPS-3-768x576.jpeg 768w, https:\/\/liguegolfbfc.org\/wp-content\/uploads\/2025\/01\/CREPS-3.jpeg 1280w\" sizes=\"auto, (max-width: 1024px) 100vw, 1024px\" \/><\/figure>\n<p><!-- \/wp:image --><\/p>\n<\/div>\n<p><!-- \/wp:column --><\/p>\n<\/div>\n<p><!-- \/wp:columns --> <!-- wp:paragraph --><\/p>\n<p>Mardi 21 janvier 2025 Alain Lyet, Pr\u00e9sident de la Ligue et Emmanuelle Gerhart, CTR, ont visit\u00e9 le CREPS DE Dijon. Ils ont rencontr\u00e9 Audrey Martin (Conseill\u00e8re Haut Niveau et Haute Performance) pour faire le point sur les diff\u00e9rentes aides disponibles pour le projet de nos jeunes sportifs (bilan m\u00e9dical, aide \u00e0 l&rsquo;am\u00e9nagement scolaire, tests physiques). <br \/>Des \u00e9changes ont \u00e9galement eu lieu avec le m\u00e9decin responsable du p\u00f4le sant\u00e9 et \u00c9ric Courvoisier (Conseiller Haut Niveau et Haute Performance) qui leur ont fait visiter le nouveau complexe d\u00e9di\u00e9 \u00e0 la pr\u00e9paration physique, \u00e0 la r\u00e9cup\u00e9ration, et les salles pour se pr\u00e9parer aux conditions extr\u00eames.<\/p>\n<p><!-- \/wp:paragraph --> <!-- wp:paragraph --><\/p>\n<p>Cette rencontre repr\u00e9sente, sans aucun doute, un atout pr\u00e9cieux pour le projet de haut niveau de nos jeunes.<\/p>\n<p><!-- \/wp:paragraph --><\/p>\n<\/figure>\n<p><!-- \/wp:gallery --><\/p>\n<p><!-- wp:gallery {\"linkTo\":\"none\"} --><\/p>\n<figure class=\"wp-block-gallery has-nested-images columns-default is-cropped\"><\/figure>\n<p><!-- \/wp:gallery --><\/p>\n<p><!-- wp:gallery {\"linkTo\":\"none\"} --><\/p>\n<figure class=\"wp-block-gallery has-nested-images columns-default is-cropped\"><\/figure>\n<p><!-- \/wp:gallery --><\/p>\n<p><!-- wp:paragraph --><\/p>\n<p><!-- \/wp:paragraph --><\/p>\n<p><!-- wp:paragraph --><\/p>\n<p><!-- \/wp:paragraph --><\/p>\n<p><!-- wp:heading {\"level\":3} --><\/p>\n<p><!-- \/wp:heading --><\/p>\n<p><!-- wp:image {\"id\":8731,\"width\":451,\"height\":253,\"sizeSlug\":\"large\",\"linkDestination\":\"none\"} --><\/p>\n<p><!-- \/wp:image --><\/p>\n<p><!-- wp:paragraph --><\/p>\n<p><!-- \/wp:paragraph --><\/p>\n<p><!-- wp:paragraph --><\/p>\n<p><!-- \/wp:paragraph --><\/p>","protected":false},"excerpt":{"rendered":"<p>POLE JEUNES LIGUE ANN\u00c9E 2026 Le Groupe Cible 2026 L&rsquo;\u00c9quipe Technique R\u00e9gionale 2026 Le groupe cible 2025 de la ligue est s\u00e9lectionn\u00e9 selon les crit\u00e8res suivants : La mission de \u00ab\u00a0management du Haut Niveau\u00a0\u00bb, donn\u00e9e aux Ligues par la F\u00e9d\u00e9ration Fran\u00e7aise de Golf de 2020 \u00e0 2024, est la suivante\u00a0: Aider le joueur \u00e0 se [&hellip;]<\/p>\n","protected":false},"author":1,"featured_media":0,"parent":0,"menu_order":0,"comment_status":"closed","ping_status":"closed","template":"page-templates\/page-full-width.php","meta":{"footnotes":""},"class_list":["post-486","page","type-page","status-publish","hentry"],"jetpack_sharing_enabled":true,"_links":{"self":[{"href":"https:\/\/liguegolfbfc.org\/index.php\/wp-json\/wp\/v2\/pages\/486","targetHints":{"allow":["GET"]}}],"collection":[{"href":"https:\/\/liguegolfbfc.org\/index.php\/wp-json\/wp\/v2\/pages"}],"about":[{"href":"https:\/\/liguegolfbfc.org\/index.php\/wp-json\/wp\/v2\/types\/page"}],"author":[{"embeddable":true,"href":"https:\/\/liguegolfbfc.org\/index.php\/wp-json\/wp\/v2\/users\/1"}],"replies":[{"embeddable":true,"href":"https:\/\/liguegolfbfc.org\/index.php\/wp-json\/wp\/v2\/comments?post=486"}],"version-history":[{"count":237,"href":"https:\/\/liguegolfbfc.org\/index.php\/wp-json\/wp\/v2\/pages\/486\/revisions"}],"predecessor-version":[{"id":19551,"href":"https:\/\/liguegolfbfc.org\/index.php\/wp-json\/wp\/v2\/pages\/486\/revisions\/19551"}],"wp:attachment":[{"href":"https:\/\/liguegolfbfc.org\/index.php\/wp-json\/wp\/v2\/media?parent=486"}],"curies":[{"name":"wp","href":"https:\/\/api.w.org\/{rel}","templated":true}]}}