{"id":4775,"date":"2021-03-07T19:20:21","date_gmt":"2021-03-07T18:20:21","guid":{"rendered":"https:\/\/liguegolfbfc.org\/?page_id=4775"},"modified":"2023-02-07T11:40:41","modified_gmt":"2023-02-07T10:40:41","slug":"interligues-gd-est-vs-bfc","status":"publish","type":"page","link":"https:\/\/liguegolfbfc.org\/index.php\/interligues-gd-est-vs-bfc\/","title":{"rendered":"ENTREPRISE &#8211; INTERLIGUES Gd Est vs BFC"},"content":{"rendered":"\n<p class=\"has-vivid-red-color has-text-color\"><em><em>Apr\u00e8s plusieurs reports,<\/em> c<em>ette rencontre a \u00e9t\u00e9 supprim\u00e9e en mars 202<\/em><\/em>2<\/p>\n\n\n\n<h4 class=\"wp-block-heading\"><mark style=\"background-color:rgba(0, 0, 0, 0);color:#130f51\" class=\"has-inline-color\">SAISON 2019   <\/mark><\/h4>\n\n\n\n<p>Samedi 28 septembre 2019  Golf de VITTEL &#8211; Mont-Saint Jean<\/p>\n\n\n\n<figure class=\"wp-block-image size-large is-resized\"><img loading=\"lazy\" decoding=\"async\" src=\"https:\/\/liguegolfbfc.org\/wp-content\/uploads\/2021\/10\/GEVittel21.jpg\" alt=\"\" class=\"wp-image-7525\" width=\"310\" height=\"244\" srcset=\"https:\/\/liguegolfbfc.org\/wp-content\/uploads\/2021\/10\/GEVittel21.jpg 642w, https:\/\/liguegolfbfc.org\/wp-content\/uploads\/2021\/10\/GEVittel21-300x236.jpg 300w\" sizes=\"auto, (max-width: 310px) 100vw, 310px\" \/><\/figure>\n\n\n\n<figure class=\"wp-block-image size-large is-resized\"><img loading=\"lazy\" decoding=\"async\" src=\"https:\/\/liguegolfbfc.org\/wp-content\/uploads\/2021\/10\/IMG_0022-1024x683.jpg\" alt=\"\" class=\"wp-image-7526\" width=\"344\" height=\"229\" srcset=\"https:\/\/liguegolfbfc.org\/wp-content\/uploads\/2021\/10\/IMG_0022-1024x683.jpg 1024w, https:\/\/liguegolfbfc.org\/wp-content\/uploads\/2021\/10\/IMG_0022-300x200.jpg 300w, https:\/\/liguegolfbfc.org\/wp-content\/uploads\/2021\/10\/IMG_0022-768x512.jpg 768w, https:\/\/liguegolfbfc.org\/wp-content\/uploads\/2021\/10\/IMG_0022-1536x1024.jpg 1536w, https:\/\/liguegolfbfc.org\/wp-content\/uploads\/2021\/10\/IMG_0022-2048x1365.jpg 2048w, https:\/\/liguegolfbfc.org\/wp-content\/uploads\/2021\/10\/IMG_0022-272x182.jpg 272w\" sizes=\"auto, (max-width: 344px) 100vw, 344px\" \/><\/figure>\n\n\n\n<figure class=\"wp-block-image size-large is-resized\"><img loading=\"lazy\" decoding=\"async\" src=\"https:\/\/liguegolfbfc.org\/wp-content\/uploads\/2021\/10\/IMG_0014-1024x683.jpg\" alt=\"\" class=\"wp-image-7528\" width=\"346\" height=\"231\" srcset=\"https:\/\/liguegolfbfc.org\/wp-content\/uploads\/2021\/10\/IMG_0014-1024x683.jpg 1024w, https:\/\/liguegolfbfc.org\/wp-content\/uploads\/2021\/10\/IMG_0014-300x200.jpg 300w, https:\/\/liguegolfbfc.org\/wp-content\/uploads\/2021\/10\/IMG_0014-768x512.jpg 768w, https:\/\/liguegolfbfc.org\/wp-content\/uploads\/2021\/10\/IMG_0014-1536x1024.jpg 1536w, https:\/\/liguegolfbfc.org\/wp-content\/uploads\/2021\/10\/IMG_0014-2048x1365.jpg 2048w, https:\/\/liguegolfbfc.org\/wp-content\/uploads\/2021\/10\/IMG_0014-272x182.jpg 272w\" sizes=\"auto, (max-width: 346px) 100vw, 346px\" \/><\/figure>\n","protected":false},"excerpt":{"rendered":"<p>Apr\u00e8s plusieurs reports, cette rencontre a \u00e9t\u00e9 supprim\u00e9e en mars 2022 SAISON 2019 Samedi 28 septembre 2019 Golf de VITTEL &#8211; Mont-Saint Jean<\/p>\n","protected":false},"author":1,"featured_media":0,"parent":0,"menu_order":0,"comment_status":"closed","ping_status":"closed","template":"","meta":{"footnotes":""},"class_list":["post-4775","page","type-page","status-publish","hentry"],"jetpack_sharing_enabled":true,"_links":{"self":[{"href":"https:\/\/liguegolfbfc.org\/index.php\/wp-json\/wp\/v2\/pages\/4775","targetHints":{"allow":["GET"]}}],"collection":[{"href":"https:\/\/liguegolfbfc.org\/index.php\/wp-json\/wp\/v2\/pages"}],"about":[{"href":"https:\/\/liguegolfbfc.org\/index.php\/wp-json\/wp\/v2\/types\/page"}],"author":[{"embeddable":true,"href":"https:\/\/liguegolfbfc.org\/index.php\/wp-json\/wp\/v2\/users\/1"}],"replies":[{"embeddable":true,"href":"https:\/\/liguegolfbfc.org\/index.php\/wp-json\/wp\/v2\/comments?post=4775"}],"version-history":[{"count":8,"href":"https:\/\/liguegolfbfc.org\/index.php\/wp-json\/wp\/v2\/pages\/4775\/revisions"}],"predecessor-version":[{"id":11171,"href":"https:\/\/liguegolfbfc.org\/index.php\/wp-json\/wp\/v2\/pages\/4775\/revisions\/11171"}],"wp:attachment":[{"href":"https:\/\/liguegolfbfc.org\/index.php\/wp-json\/wp\/v2\/media?parent=4775"}],"curies":[{"name":"wp","href":"https:\/\/api.w.org\/{rel}","templated":true}]}}