{"id":4767,"date":"2021-03-07T18:47:02","date_gmt":"2021-03-07T17:47:02","guid":{"rendered":"https:\/\/liguegolfbfc.org\/?page_id=4767"},"modified":"2026-04-22T12:24:42","modified_gmt":"2026-04-22T10:24:42","slug":"entreprise-xxxx","status":"publish","type":"page","link":"https:\/\/liguegolfbfc.org\/index.php\/entreprise-xxxx\/","title":{"rendered":"ENTREPRISE &#8211; Calendrier 2026"},"content":{"rendered":"\n<p class=\"has-vivid-red-color has-text-color has-link-color has-medium-font-size wp-elements-eee767075dce9e7b7b4bc691a6397d38\"><em><strong>Calendrier au 22-04-2026 <\/strong><\/em>1er fichier et Championnats 2\u00e8me fichier<\/p>\n\n\n\n<div data-wp-interactive=\"core\/file\" class=\"wp-block-file\"><object data-wp-bind--hidden=\"!state.hasPdfPreview\" hidden class=\"wp-block-file__embed\" data=\"https:\/\/liguegolfbfc.org\/wp-content\/uploads\/2026\/04\/260422-CALENDRIER-Golf-Entreprise-2026-General.pdf\" type=\"application\/pdf\" style=\"width:100%;height:200px\" aria-label=\"Contenu embarqu\u00e9 260422-CALENDRIER Golf Entreprise 2026 G\u00e9n\u00e9ral.\"><\/object><a id=\"wp-block-file--media-d23cca8e-2276-4bd9-9218-a281e318fb52\" href=\"https:\/\/liguegolfbfc.org\/wp-content\/uploads\/2026\/04\/260422-CALENDRIER-Golf-Entreprise-2026-General.pdf\">260422-CALENDRIER Golf Entreprise 2026 G\u00e9n\u00e9ral<\/a><a href=\"https:\/\/liguegolfbfc.org\/wp-content\/uploads\/2026\/04\/260422-CALENDRIER-Golf-Entreprise-2026-General.pdf\" class=\"wp-block-file__button wp-element-button\" download aria-describedby=\"wp-block-file--media-d23cca8e-2276-4bd9-9218-a281e318fb52\">T\u00e9l\u00e9charger<\/a><\/div>\n\n\n\n<div data-wp-interactive=\"core\/file\" class=\"wp-block-file\"><object data-wp-bind--hidden=\"!state.hasPdfPreview\" hidden class=\"wp-block-file__embed\" data=\"https:\/\/liguegolfbfc.org\/wp-content\/uploads\/2026\/04\/260224-CALENDRIER-GE-2026-Championnats.pdf\" type=\"application\/pdf\" style=\"width:100%;height:200px\" aria-label=\"Contenu embarqu\u00e9 260224-CALENDRIER GE 2026 Championnats.\"><\/object><a id=\"wp-block-file--media-3fe4155c-6522-49e7-ad64-50087a63d03b\" href=\"https:\/\/liguegolfbfc.org\/wp-content\/uploads\/2026\/04\/260224-CALENDRIER-GE-2026-Championnats.pdf\">260224-CALENDRIER GE 2026 Championnats<\/a><a href=\"https:\/\/liguegolfbfc.org\/wp-content\/uploads\/2026\/04\/260224-CALENDRIER-GE-2026-Championnats.pdf\" class=\"wp-block-file__button wp-element-button\" download aria-describedby=\"wp-block-file--media-3fe4155c-6522-49e7-ad64-50087a63d03b\">T\u00e9l\u00e9charger<\/a><\/div>\n\n\n\n<p class=\"has-large-font-size\"><strong>Calendrier Golf Entreprise 2025<\/strong> &#8211; <\/p>\n\n\n\n<p class=\"has-medium-font-size\">1er fichier et Championnats 2\u00e8me fichier<\/p>\n\n\n\n<div data-wp-interactive=\"core\/file\" class=\"wp-block-file\"><object data-wp-bind--hidden=\"!state.hasPdfPreview\" hidden class=\"wp-block-file__embed\" data=\"https:\/\/liguegolfbfc.org\/wp-content\/uploads\/2025\/02\/CALENDRIER-04-02-2025.pdf\" type=\"application\/pdf\" style=\"width:100%;height:200px\" aria-label=\"Contenu embarqu\u00e9 CALENDRIER-04-02-2025.\"><\/object><a id=\"wp-block-file--media-747039be-2ac7-4314-98ad-bdfc68cc8f9f\" href=\"https:\/\/liguegolfbfc.org\/wp-content\/uploads\/2025\/02\/CALENDRIER-04-02-2025.pdf\">CALENDRIER-04-02-2025<\/a><a href=\"https:\/\/liguegolfbfc.org\/wp-content\/uploads\/2025\/02\/CALENDRIER-04-02-2025.pdf\" class=\"wp-block-file__button wp-element-button\" download aria-describedby=\"wp-block-file--media-747039be-2ac7-4314-98ad-bdfc68cc8f9f\">T\u00e9l\u00e9charger<\/a><\/div>\n\n\n\n<div data-wp-interactive=\"core\/file\" class=\"wp-block-file\"><object data-wp-bind--hidden=\"!state.hasPdfPreview\" hidden class=\"wp-block-file__embed\" data=\"https:\/\/liguegolfbfc.org\/wp-content\/uploads\/2025\/02\/CALENDRIER-04-02-2025-avec-Championnats.pdf\" type=\"application\/pdf\" style=\"width:100%;height:200px\" aria-label=\"Contenu embarqu\u00e9 CALENDRIER-04-02-2025-avec-Championnats.\"><\/object><a id=\"wp-block-file--media-0e18d8cf-9337-4ba7-98f6-265a2286b44c\" href=\"https:\/\/liguegolfbfc.org\/wp-content\/uploads\/2025\/02\/CALENDRIER-04-02-2025-avec-Championnats.pdf\">CALENDRIER-04-02-2025-avec-Championnats<\/a><a href=\"https:\/\/liguegolfbfc.org\/wp-content\/uploads\/2025\/02\/CALENDRIER-04-02-2025-avec-Championnats.pdf\" class=\"wp-block-file__button wp-element-button\" download aria-describedby=\"wp-block-file--media-0e18d8cf-9337-4ba7-98f6-265a2286b44c\">T\u00e9l\u00e9charger<\/a><\/div>\n\n\n\n<p class=\"has-large-font-size\"><strong>Calendrier Golf Entreprise 2024<\/strong><\/p>\n\n\n\n<div data-wp-interactive=\"core\/file\" class=\"wp-block-file\"><object data-wp-bind--hidden=\"!state.hasPdfPreview\" hidden class=\"wp-block-file__embed\" data=\"https:\/\/liguegolfbfc.org\/wp-content\/uploads\/2024\/08\/CALENDRIER-GE-BFC-2024-au-20-08-2024-1.pdf\" type=\"application\/pdf\" style=\"width:100%;height:200px\" aria-label=\"Contenu embarqu\u00e9 CALENDRIER-GE-BFC-2024-au-20-08-2024-1.\"><\/object><a id=\"wp-block-file--media-2e9c7233-ab15-4298-8d0e-88d7d4a395c5\" href=\"https:\/\/liguegolfbfc.org\/wp-content\/uploads\/2024\/08\/CALENDRIER-GE-BFC-2024-au-20-08-2024-1.pdf\">CALENDRIER-GE-BFC-2024-au-20-08-2024-1<\/a><a href=\"https:\/\/liguegolfbfc.org\/wp-content\/uploads\/2024\/08\/CALENDRIER-GE-BFC-2024-au-20-08-2024-1.pdf\" class=\"wp-block-file__button wp-element-button\" download aria-describedby=\"wp-block-file--media-2e9c7233-ab15-4298-8d0e-88d7d4a395c5\">T\u00e9l\u00e9charger<\/a><\/div>\n\n\n\n<div data-wp-interactive=\"core\/file\" class=\"wp-block-file\"><object data-wp-bind--hidden=\"!state.hasPdfPreview\" hidden class=\"wp-block-file__embed\" data=\"https:\/\/liguegolfbfc.org\/wp-content\/uploads\/2024\/04\/CALENDRIER-GE-BFC-2024-au-02avril-Comp.pdf\" type=\"application\/pdf\" style=\"width:100%;height:200px\" aria-label=\"Contenu embarqu\u00e9 CALENDRIER-GE-BFC-2024-au-02avril-Comp.\"><\/object><a id=\"wp-block-file--media-3e2e6262-bda6-4c10-8f00-6ba12d888224\" href=\"https:\/\/liguegolfbfc.org\/wp-content\/uploads\/2024\/04\/CALENDRIER-GE-BFC-2024-au-02avril-Comp.pdf\">CALENDRIER-GE-BFC-2024-au-02avril-Comp<\/a><a href=\"https:\/\/liguegolfbfc.org\/wp-content\/uploads\/2024\/04\/CALENDRIER-GE-BFC-2024-au-02avril-Comp.pdf\" class=\"wp-block-file__button wp-element-button\" download aria-describedby=\"wp-block-file--media-3e2e6262-bda6-4c10-8f00-6ba12d888224\">T\u00e9l\u00e9charger<\/a><\/div>\n\n\n\n<p class=\"has-large-font-size\"><strong>Calendrier Golf Entreprise 2023<\/strong><\/p>\n\n\n\n<div data-wp-interactive=\"core\/file\" class=\"wp-block-file\"><object data-wp-bind--hidden=\"!state.hasPdfPreview\" hidden class=\"wp-block-file__embed\" data=\"https:\/\/liguegolfbfc.org\/wp-content\/uploads\/2023\/06\/Calendrier-BFC-GE-2023-02-juin-2023.pdf\" type=\"application\/pdf\" style=\"width:100%;height:200px\" aria-label=\"Contenu embarqu\u00e9 Calendrier-BFC-GE-2023-02-juin-2023.\"><\/object><a id=\"wp-block-file--media-76202243-5262-4550-a29a-7691231bd7df\" href=\"https:\/\/liguegolfbfc.org\/wp-content\/uploads\/2023\/06\/Calendrier-BFC-GE-2023-02-juin-2023.pdf\">Calendrier-BFC-GE-2023-02-juin-2023<\/a><a href=\"https:\/\/liguegolfbfc.org\/wp-content\/uploads\/2023\/06\/Calendrier-BFC-GE-2023-02-juin-2023.pdf\" class=\"wp-block-file__button wp-element-button\" download aria-describedby=\"wp-block-file--media-76202243-5262-4550-a29a-7691231bd7df\">T\u00e9l\u00e9charger<\/a><\/div>\n\n\n\n<p><\/p>\n","protected":false},"excerpt":{"rendered":"<p>Calendrier au 22-04-2026 1er fichier et Championnats 2\u00e8me fichier Calendrier Golf Entreprise 2025 &#8211; 1er fichier et Championnats 2\u00e8me fichier Calendrier Golf Entreprise 2024 Calendrier Golf Entreprise 2023<\/p>\n","protected":false},"author":1,"featured_media":0,"parent":0,"menu_order":0,"comment_status":"closed","ping_status":"closed","template":"","meta":{"footnotes":""},"class_list":["post-4767","page","type-page","status-publish","hentry"],"jetpack_sharing_enabled":true,"_links":{"self":[{"href":"https:\/\/liguegolfbfc.org\/index.php\/wp-json\/wp\/v2\/pages\/4767","targetHints":{"allow":["GET"]}}],"collection":[{"href":"https:\/\/liguegolfbfc.org\/index.php\/wp-json\/wp\/v2\/pages"}],"about":[{"href":"https:\/\/liguegolfbfc.org\/index.php\/wp-json\/wp\/v2\/types\/page"}],"author":[{"embeddable":true,"href":"https:\/\/liguegolfbfc.org\/index.php\/wp-json\/wp\/v2\/users\/1"}],"replies":[{"embeddable":true,"href":"https:\/\/liguegolfbfc.org\/index.php\/wp-json\/wp\/v2\/comments?post=4767"}],"version-history":[{"count":33,"href":"https:\/\/liguegolfbfc.org\/index.php\/wp-json\/wp\/v2\/pages\/4767\/revisions"}],"predecessor-version":[{"id":20321,"href":"https:\/\/liguegolfbfc.org\/index.php\/wp-json\/wp\/v2\/pages\/4767\/revisions\/20321"}],"wp:attachment":[{"href":"https:\/\/liguegolfbfc.org\/index.php\/wp-json\/wp\/v2\/media?parent=4767"}],"curies":[{"name":"wp","href":"https:\/\/api.w.org\/{rel}","templated":true}]}}