{"id":455,"date":"2020-03-12T12:49:14","date_gmt":"2020-03-12T11:49:14","guid":{"rendered":"http:\/\/liguegolfbfc.org\/?page_id=455"},"modified":"2020-12-16T21:05:47","modified_gmt":"2020-12-16T20:05:47","slug":"franche-comte-golf-prunevelle","status":"publish","type":"page","link":"https:\/\/liguegolfbfc.org\/index.php\/franche-comte-golf-prunevelle\/","title":{"rendered":"FRANCHE-COMT\u00c9 | GOLF DE PRUNEVELLE"},"content":{"rendered":"\n<div class=\"wp-block-image\"><figure class=\"alignright size-large\"><img loading=\"lazy\" decoding=\"async\" width=\"300\" height=\"300\" src=\"http:\/\/liguegolfbfc.org\/wp-content\/uploads\/2020\/03\/prunevelle-logo.jpg\" alt=\"\" class=\"wp-image-938\" srcset=\"https:\/\/liguegolfbfc.org\/wp-content\/uploads\/2020\/03\/prunevelle-logo.jpg 300w, https:\/\/liguegolfbfc.org\/wp-content\/uploads\/2020\/03\/prunevelle-logo-150x150.jpg 150w\" sizes=\"auto, (max-width: 300px) 100vw, 300px\" \/><\/figure><\/div>\n\n\n\n<p><strong>Golf de Prunevelle<\/strong><\/p>\n\n\n\n<p>Ferme les petits bans<\/p>\n\n\n\n<p>25420 Dampierre Sur Le Doubs<\/p>\n\n\n\n<p>Tel : 03 81 98 11 77<\/p>\n\n\n\n<p>Site Web du Club : <a href=\"http:\/\/www.golf-prunevelle.com\/\" target=\"_blank\" rel=\"noreferrer noopener\">www.golf-prunevelle.com<\/a><\/p>\n\n\n\n<p>FaceBook club : <a href=\"https:\/\/www.facebook.com\/pages\/Golf-De-Prunevelle\/115405298522973\" target=\"_blank\" rel=\"noreferrer noopener\">@GolfDePrunevelle<\/a><\/p>\n\n\n\n<p><strong>Association Sportive<\/strong><\/p>\n\n\n\n<p>Le Pr\u00e9sident : GOULET Fr\u00e9d\u00e9ric<\/p>\n\n\n\n<p>Nombre de membres :  550<\/p>\n\n\n\n<p>FaceBook AS : nc<\/p>\n\n\n\n<p><strong>Equipement<\/strong><\/p>\n\n\n\n<p>Parcours 18 trous.<\/p>\n\n\n\n<figure class=\"wp-block-gallery columns-3 is-cropped wp-block-gallery-1 is-layout-flex wp-block-gallery-is-layout-flex\"><ul class=\"blocks-gallery-grid\"><li class=\"blocks-gallery-item\"><figure><a href=\"http:\/\/liguegolfbfc.org\/wp-content\/uploads\/2020\/03\/PRUNEVELLE-02-1024x683.jpg\" data-rel=\"lightbox-gallery-jY6dU6Tu\" data-rl_title=\"\" data-rl_caption=\"\" title=\"\"><img loading=\"lazy\" decoding=\"async\" width=\"1024\" height=\"683\" src=\"http:\/\/liguegolfbfc.org\/wp-content\/uploads\/2020\/03\/PRUNEVELLE-02-1024x683.jpg\" alt=\"\" data-id=\"926\" data-link=\"http:\/\/liguegolfbfc.org\/index.php\/franche-comte-golf-prunevelle\/prunevelle-02\/\" class=\"wp-image-926\" srcset=\"https:\/\/liguegolfbfc.org\/wp-content\/uploads\/2020\/03\/PRUNEVELLE-02-1024x683.jpg 1024w, https:\/\/liguegolfbfc.org\/wp-content\/uploads\/2020\/03\/PRUNEVELLE-02-300x200.jpg 300w, https:\/\/liguegolfbfc.org\/wp-content\/uploads\/2020\/03\/PRUNEVELLE-02-768x512.jpg 768w, https:\/\/liguegolfbfc.org\/wp-content\/uploads\/2020\/03\/PRUNEVELLE-02-272x182.jpg 272w, https:\/\/liguegolfbfc.org\/wp-content\/uploads\/2020\/03\/PRUNEVELLE-02.jpg 1235w\" sizes=\"auto, (max-width: 1024px) 100vw, 1024px\" \/><\/a><\/figure><\/li><li class=\"blocks-gallery-item\"><figure><a href=\"http:\/\/liguegolfbfc.org\/wp-content\/uploads\/2020\/03\/PRUNEVELLE-03-1024x683.jpg\" data-rel=\"lightbox-gallery-jY6dU6Tu\" data-rl_title=\"\" data-rl_caption=\"\" title=\"\"><img loading=\"lazy\" decoding=\"async\" width=\"1024\" height=\"683\" src=\"http:\/\/liguegolfbfc.org\/wp-content\/uploads\/2020\/03\/PRUNEVELLE-03-1024x683.jpg\" alt=\"\" data-id=\"927\" data-link=\"http:\/\/liguegolfbfc.org\/index.php\/franche-comte-golf-prunevelle\/prunevelle-03\/\" class=\"wp-image-927\" srcset=\"https:\/\/liguegolfbfc.org\/wp-content\/uploads\/2020\/03\/PRUNEVELLE-03-1024x683.jpg 1024w, https:\/\/liguegolfbfc.org\/wp-content\/uploads\/2020\/03\/PRUNEVELLE-03-300x200.jpg 300w, https:\/\/liguegolfbfc.org\/wp-content\/uploads\/2020\/03\/PRUNEVELLE-03-768x512.jpg 768w, https:\/\/liguegolfbfc.org\/wp-content\/uploads\/2020\/03\/PRUNEVELLE-03-272x182.jpg 272w, https:\/\/liguegolfbfc.org\/wp-content\/uploads\/2020\/03\/PRUNEVELLE-03.jpg 1235w\" sizes=\"auto, (max-width: 1024px) 100vw, 1024px\" \/><\/a><\/figure><\/li><li class=\"blocks-gallery-item\"><figure><a href=\"http:\/\/liguegolfbfc.org\/wp-content\/uploads\/2020\/03\/PRUNEVELLE-05-1024x683.jpg\" data-rel=\"lightbox-gallery-jY6dU6Tu\" data-rl_title=\"\" data-rl_caption=\"\" title=\"\"><img loading=\"lazy\" decoding=\"async\" width=\"1024\" height=\"683\" src=\"http:\/\/liguegolfbfc.org\/wp-content\/uploads\/2020\/03\/PRUNEVELLE-05-1024x683.jpg\" alt=\"\" data-id=\"928\" data-link=\"http:\/\/liguegolfbfc.org\/index.php\/franche-comte-golf-prunevelle\/prunevelle-05\/\" class=\"wp-image-928\" srcset=\"https:\/\/liguegolfbfc.org\/wp-content\/uploads\/2020\/03\/PRUNEVELLE-05-1024x683.jpg 1024w, https:\/\/liguegolfbfc.org\/wp-content\/uploads\/2020\/03\/PRUNEVELLE-05-300x200.jpg 300w, https:\/\/liguegolfbfc.org\/wp-content\/uploads\/2020\/03\/PRUNEVELLE-05-768x512.jpg 768w, https:\/\/liguegolfbfc.org\/wp-content\/uploads\/2020\/03\/PRUNEVELLE-05-272x182.jpg 272w, https:\/\/liguegolfbfc.org\/wp-content\/uploads\/2020\/03\/PRUNEVELLE-05.jpg 1235w\" sizes=\"auto, (max-width: 1024px) 100vw, 1024px\" \/><\/a><\/figure><\/li><li class=\"blocks-gallery-item\"><figure><a href=\"http:\/\/liguegolfbfc.org\/wp-content\/uploads\/2020\/03\/PRUNEVELLE-08.jpg\" data-rel=\"lightbox-gallery-jY6dU6Tu\" data-rl_title=\"\" data-rl_caption=\"\" title=\"\"><img loading=\"lazy\" decoding=\"async\" width=\"1024\" height=\"683\" src=\"http:\/\/liguegolfbfc.org\/wp-content\/uploads\/2020\/03\/PRUNEVELLE-08-1024x683.jpg\" alt=\"\" data-id=\"940\" data-full-url=\"http:\/\/liguegolfbfc.org\/wp-content\/uploads\/2020\/03\/PRUNEVELLE-08.jpg\" data-link=\"http:\/\/liguegolfbfc.org\/index.php\/franche-comte-golf-prunevelle\/prunevelle-08\/\" class=\"wp-image-940\" srcset=\"https:\/\/liguegolfbfc.org\/wp-content\/uploads\/2020\/03\/PRUNEVELLE-08-1024x683.jpg 1024w, https:\/\/liguegolfbfc.org\/wp-content\/uploads\/2020\/03\/PRUNEVELLE-08-300x200.jpg 300w, https:\/\/liguegolfbfc.org\/wp-content\/uploads\/2020\/03\/PRUNEVELLE-08-768x512.jpg 768w, https:\/\/liguegolfbfc.org\/wp-content\/uploads\/2020\/03\/PRUNEVELLE-08-272x182.jpg 272w, https:\/\/liguegolfbfc.org\/wp-content\/uploads\/2020\/03\/PRUNEVELLE-08.jpg 1235w\" sizes=\"auto, (max-width: 1024px) 100vw, 1024px\" \/><\/a><\/figure><\/li><li class=\"blocks-gallery-item\"><figure><a href=\"http:\/\/liguegolfbfc.org\/wp-content\/uploads\/2020\/03\/PRUNEVELLE-06-1024x683.jpg\" data-rel=\"lightbox-gallery-jY6dU6Tu\" data-rl_title=\"\" data-rl_caption=\"\" title=\"\"><img loading=\"lazy\" decoding=\"async\" width=\"1024\" height=\"683\" src=\"http:\/\/liguegolfbfc.org\/wp-content\/uploads\/2020\/03\/PRUNEVELLE-06-1024x683.jpg\" alt=\"\" data-id=\"929\" data-link=\"http:\/\/liguegolfbfc.org\/index.php\/franche-comte-golf-prunevelle\/prunevelle-06\/\" class=\"wp-image-929\" srcset=\"https:\/\/liguegolfbfc.org\/wp-content\/uploads\/2020\/03\/PRUNEVELLE-06-1024x683.jpg 1024w, https:\/\/liguegolfbfc.org\/wp-content\/uploads\/2020\/03\/PRUNEVELLE-06-300x200.jpg 300w, https:\/\/liguegolfbfc.org\/wp-content\/uploads\/2020\/03\/PRUNEVELLE-06-768x512.jpg 768w, https:\/\/liguegolfbfc.org\/wp-content\/uploads\/2020\/03\/PRUNEVELLE-06-272x182.jpg 272w, https:\/\/liguegolfbfc.org\/wp-content\/uploads\/2020\/03\/PRUNEVELLE-06.jpg 1235w\" sizes=\"auto, (max-width: 1024px) 100vw, 1024px\" \/><\/a><\/figure><\/li><li class=\"blocks-gallery-item\"><figure><a href=\"http:\/\/liguegolfbfc.org\/wp-content\/uploads\/2020\/03\/PRUNEVELLE-07-1024x683.jpg\" data-rel=\"lightbox-gallery-jY6dU6Tu\" data-rl_title=\"\" data-rl_caption=\"\" title=\"\"><img loading=\"lazy\" decoding=\"async\" width=\"1024\" height=\"683\" src=\"http:\/\/liguegolfbfc.org\/wp-content\/uploads\/2020\/03\/PRUNEVELLE-07-1024x683.jpg\" alt=\"\" data-id=\"936\" data-link=\"http:\/\/liguegolfbfc.org\/index.php\/franche-comte-golf-prunevelle\/prunevelle-07\/\" class=\"wp-image-936\" srcset=\"https:\/\/liguegolfbfc.org\/wp-content\/uploads\/2020\/03\/PRUNEVELLE-07-1024x683.jpg 1024w, https:\/\/liguegolfbfc.org\/wp-content\/uploads\/2020\/03\/PRUNEVELLE-07-300x200.jpg 300w, https:\/\/liguegolfbfc.org\/wp-content\/uploads\/2020\/03\/PRUNEVELLE-07-768x512.jpg 768w, https:\/\/liguegolfbfc.org\/wp-content\/uploads\/2020\/03\/PRUNEVELLE-07-272x182.jpg 272w, https:\/\/liguegolfbfc.org\/wp-content\/uploads\/2020\/03\/PRUNEVELLE-07.jpg 1235w\" sizes=\"auto, (max-width: 1024px) 100vw, 1024px\" \/><\/a><\/figure><\/li><\/ul><\/figure>\n\n\n\n<iframe loading=\"lazy\" tabindex=\"0\" aria-hidden=\"false\" src=\"https:\/\/www.google.com\/maps\/embed?pb=!1m18!1m12!1m3!1d58020.949743766156!2d6.715242131595996!3d47.4681226464593!2m3!1f0!2f0!3f0!3m2!1i1024!2i768!4f13.1!3m3!1m2!1s0x479213db88bcc9e5%3A0x555c71a19dd1c278!2sGolf%20de%20Prunevelle!5e0!3m2!1sfr!2sfr!4v1585042414876!5m2!1sfr!2sfr\" allowfullscreen=\"\" style=\"border:0;\" width=\"100%\" height=\"450\" frameborder=\"0\"><\/iframe>\n","protected":false},"excerpt":{"rendered":"<p>Golf de Prunevelle Ferme les petits bans 25420 Dampierre Sur Le Doubs Tel : 03 81 98 11 77 Site Web du Club : www.golf-prunevelle.com FaceBook club : @GolfDePrunevelle Association Sportive Le Pr\u00e9sident : GOULET Fr\u00e9d\u00e9ric Nombre de membres : 550 FaceBook AS : nc Equipement Parcours 18 trous.<\/p>\n","protected":false},"author":1,"featured_media":0,"parent":0,"menu_order":0,"comment_status":"closed","ping_status":"closed","template":"page-templates\/page-full-width.php","meta":{"footnotes":""},"class_list":["post-455","page","type-page","status-publish","hentry"],"jetpack_sharing_enabled":true,"_links":{"self":[{"href":"https:\/\/liguegolfbfc.org\/index.php\/wp-json\/wp\/v2\/pages\/455","targetHints":{"allow":["GET"]}}],"collection":[{"href":"https:\/\/liguegolfbfc.org\/index.php\/wp-json\/wp\/v2\/pages"}],"about":[{"href":"https:\/\/liguegolfbfc.org\/index.php\/wp-json\/wp\/v2\/types\/page"}],"author":[{"embeddable":true,"href":"https:\/\/liguegolfbfc.org\/index.php\/wp-json\/wp\/v2\/users\/1"}],"replies":[{"embeddable":true,"href":"https:\/\/liguegolfbfc.org\/index.php\/wp-json\/wp\/v2\/comments?post=455"}],"version-history":[{"count":13,"href":"https:\/\/liguegolfbfc.org\/index.php\/wp-json\/wp\/v2\/pages\/455\/revisions"}],"predecessor-version":[{"id":3973,"href":"https:\/\/liguegolfbfc.org\/index.php\/wp-json\/wp\/v2\/pages\/455\/revisions\/3973"}],"wp:attachment":[{"href":"https:\/\/liguegolfbfc.org\/index.php\/wp-json\/wp\/v2\/media?parent=455"}],"curies":[{"name":"wp","href":"https:\/\/api.w.org\/{rel}","templated":true}]}}