{"id":44,"date":"2020-03-09T18:13:58","date_gmt":"2020-03-09T17:13:58","guid":{"rendered":"http:\/\/liguegolfbfc.org\/?page_id=44"},"modified":"2026-02-04T20:52:36","modified_gmt":"2026-02-04T19:52:36","slug":"dames-mid-amateurs-competition-federale","status":"publish","type":"page","link":"https:\/\/liguegolfbfc.org\/index.php\/dames-mid-amateurs-competition-federale\/","title":{"rendered":"DAMES MID-AMATEURS | COMP\u00c9TITION F\u00c9D\u00c9RALE"},"content":{"rendered":"\n<h2 class=\"wp-block-heading\"><strong>CHAMPIONNAT DE FRANCE MID-AMATEURS DAMES PAR \u00c9QUIPE<\/strong><\/h2>\n\n\n\n<p><strong>PROMOTION NATIONALE<\/strong><br><strong>19 au 21 juin 2026<\/strong> | Promo A Golf de Lery Pose (27) &#8211; Promo B Golf du Ch\u00e2teau d&rsquo;Avoise (71)<\/p>\n\n\n\n<hr class=\"wp-block-separator has-alpha-channel-opacity\"\/>\n\n\n\n<p><strong>2\u00e8me DIVISION POULE B<\/strong><br><strong>18 au 21 juin 2026<\/strong> | Golf de Valence St Didier<br>Club BFC engag\u00e9 : Besan\u00e7on<\/p>\n\n\n\n<hr class=\"wp-block-separator has-alpha-channel-opacity\"\/>\n\n\n\n<p><strong>3\u00e8me division Poule B <\/strong><br><strong>19 au 21 juin 2026 <\/strong>| Golf de Haute Hauvergne<br>Club BFC engag\u00e9 : Bournel <br><br><\/p>\n\n\n\n<p><\/p>\n","protected":false},"excerpt":{"rendered":"<p>CHAMPIONNAT DE FRANCE MID-AMATEURS DAMES PAR \u00c9QUIPE PROMOTION NATIONALE19 au 21 juin 2026 | Promo A Golf de Lery Pose (27) &#8211; Promo B Golf du Ch\u00e2teau d&rsquo;Avoise (71) 2\u00e8me DIVISION POULE B18 au 21 juin 2026 | Golf de Valence St DidierClub BFC engag\u00e9 : Besan\u00e7on 3\u00e8me division Poule B 19 au 21 juin [&hellip;]<\/p>\n","protected":false},"author":1,"featured_media":0,"parent":0,"menu_order":0,"comment_status":"closed","ping_status":"closed","template":"page-templates\/page-full-width.php","meta":{"footnotes":""},"class_list":["post-44","page","type-page","status-publish","hentry"],"jetpack_sharing_enabled":true,"_links":{"self":[{"href":"https:\/\/liguegolfbfc.org\/index.php\/wp-json\/wp\/v2\/pages\/44","targetHints":{"allow":["GET"]}}],"collection":[{"href":"https:\/\/liguegolfbfc.org\/index.php\/wp-json\/wp\/v2\/pages"}],"about":[{"href":"https:\/\/liguegolfbfc.org\/index.php\/wp-json\/wp\/v2\/types\/page"}],"author":[{"embeddable":true,"href":"https:\/\/liguegolfbfc.org\/index.php\/wp-json\/wp\/v2\/users\/1"}],"replies":[{"embeddable":true,"href":"https:\/\/liguegolfbfc.org\/index.php\/wp-json\/wp\/v2\/comments?post=44"}],"version-history":[{"count":57,"href":"https:\/\/liguegolfbfc.org\/index.php\/wp-json\/wp\/v2\/pages\/44\/revisions"}],"predecessor-version":[{"id":19472,"href":"https:\/\/liguegolfbfc.org\/index.php\/wp-json\/wp\/v2\/pages\/44\/revisions\/19472"}],"wp:attachment":[{"href":"https:\/\/liguegolfbfc.org\/index.php\/wp-json\/wp\/v2\/media?parent=44"}],"curies":[{"name":"wp","href":"https:\/\/api.w.org\/{rel}","templated":true}]}}