{"id":3860,"date":"2020-12-14T20:27:35","date_gmt":"2020-12-14T19:27:35","guid":{"rendered":"https:\/\/liguegolfbfc.org\/?page_id=3860"},"modified":"2025-06-20T13:55:19","modified_gmt":"2025-06-20T11:55:19","slug":"ligue-paragolf","status":"publish","type":"page","link":"https:\/\/liguegolfbfc.org\/index.php\/ligue-paragolf\/","title":{"rendered":"LIGUE | PARAGOLF"},"content":{"rendered":"\n<h2 class=\"wp-block-heading has-white-color has-text-color has-background\" id=\"ProjetSportif2023\" style=\"background:linear-gradient(135deg,rgb(0,51,96) 0%,rgb(0,51,96) 55%,rgb(0,51,96) 100%)\"><strong>ANN\u00c9E 2025<\/strong><\/h2>\n\n\n\n<h2 class=\"wp-block-heading\">1er Open de France de Golf des Sourds et Malentendants<br>UGolf Ch\u00e2teau de Cely \u2013 5 &amp; 6 juillet 2025<\/h2>\n\n\n\n<p>Le Comit\u00e9 d\u00e9partemental, GN Hearing et le Golf de Cely, avec le soutien de la F\u00e9d\u00e9ration Fran\u00e7aise de Golf, organisent la premi\u00e8re \u00e9dition de l\u2019Open de France r\u00e9serv\u00e9 aux joueuses et joueurs sourds ou malentendants.<\/p>\n\n\n\n<p>Cette comp\u00e9tition, ouverte \u00e0 tous les licenci\u00e9s pr\u00e9sentant une perte auditive sup\u00e9rieure \u00e0 55 dB sur la meilleure oreille, vise \u00e0 partager un moment convivial, d\u00e9tecter de futurs talents et promouvoir le golf pour tous.<\/p>\n\n\n\n<p>Au programme :<\/p>\n\n\n\n<p>\u2022\u2060 \u2060Vendredi 4 juillet : reconnaissance du parcours<br>\u2022\u2060 \u2060Samedi 5 &amp; dimanche 6 juillet : 2 tours en strokeplay<br>\u2022\u2060 \u2060Samedi soir : barbecue party<br>\u2022\u2060 \u2060Dimanche midi : brunch<br>\u2022\u2060 \u2060Pr\u00e9sence du stand GN Hearing<\/p>\n\n\n\n<p>Margaux Brejo, Championne du Monde de Golf des Sourds et Malentendants et m\u00e9daill\u00e9e aux Deaflympics, participera \u00e0 l\u2019\u00e9v\u00e9nement, aux c\u00f4t\u00e9s d\u2019autres golfeurs ayant \u00e9volu\u00e9 sur la sc\u00e8ne mondiale.<\/p>\n\n\n\n<p>Inscriptions : Lien vers Weezevent<br>Contact : contact.cely@ugolf.eu \u2013 01 64 38 03 07<br>Infos sportives : Mme Brejo \u2013 06 59 91 08 67<br><a rel=\"noreferrer noopener\" href=\"https:\/\/www.cdgolf77.com\/fr\/actualites\/actualites-publiques\/1er-open-de-france-de-golf-des-sourds-et-malentendants\/\" data-type=\"URL\" data-id=\"https:\/\/www.cdgolf77.com\/fr\/actualites\/actualites-publiques\/1er-open-de-france-de-golf-des-sourds-et-malentendants\/\" target=\"_blank\">Lien du CD<\/a><\/p>\n\n\n<div class=\"wp-block-image\">\n<figure class=\"aligncenter size-large is-resized\"><img decoding=\"async\" src=\"https:\/\/liguegolfbfc.org\/wp-content\/uploads\/2025\/06\/sourds-732x1024.png\" alt=\"\" class=\"wp-image-18221\" width=\"350\" srcset=\"https:\/\/liguegolfbfc.org\/wp-content\/uploads\/2025\/06\/sourds-732x1024.png 732w, https:\/\/liguegolfbfc.org\/wp-content\/uploads\/2025\/06\/sourds-214x300.png 214w, https:\/\/liguegolfbfc.org\/wp-content\/uploads\/2025\/06\/sourds-768x1075.png 768w, https:\/\/liguegolfbfc.org\/wp-content\/uploads\/2025\/06\/sourds.png 828w\" sizes=\"(max-width: 732px) 100vw, 732px\" \/><\/figure><\/div>\n\n\n<hr class=\"wp-block-separator has-alpha-channel-opacity\"\/>\n\n\n\n<h2 class=\"wp-block-heading\"><strong>Calendrier des \u00e9preuves jou\u00e9es en France<\/strong><\/h2>\n\n\n\n<p>Veuillez trouver les dates, lieux et organisateurs des \u00e9preuves jou\u00e9es en France cette ann\u00e9e.<\/p>\n\n\n\n<p>Pour vous inscrire, merci de contacter les personnes inscrites sur ce fichier.<\/p>\n\n\n\n<p><a href=\"https:\/\/liguegolfbfc.org\/wp-content\/uploads\/2025\/03\/Paragolf.Calendrier_National_2025.pdf\" target=\"_blank\" rel=\"noreferrer noopener\">Calendrier<\/a><\/p>\n\n\n\n<h2 class=\"wp-block-heading\"><strong>Calendrier international<\/strong><\/h2>\n\n\n\n<p>Vous trouverez sur le lien ci-apr\u00e8s, la liste des \u00e9preuves internationales pilot\u00e9es par l\u2019EDGA sur lesquelles il est possible de vous inscrire&nbsp;:&nbsp;<a rel=\"noreferrer noopener\" href=\"https:\/\/edgagolf.com\/online\/events\/index.php?from=web24\" target=\"_blank\">https:\/\/edgagolf.com\/online\/events\/index.php?from=web24<\/a><\/p>\n\n\n\n<h2 class=\"wp-block-heading\"><strong>Championnat de France Paragolf 2025&nbsp;: Golf de Saint Laurent, 17.18 mai 2025<\/strong><\/h2>\n\n\n\n<p>Les inscriptions au Championnat de France Paragolf sont ouvertes jusqu\u2019au 17 avril 2025. Elles sont accessibles sur la page&nbsp;<strong><a href=\"https:\/\/cpi.ffgolf.org\/fr\/\" target=\"_blank\" rel=\"noreferrer noopener\">https:\/\/cpi.ffgolf.org\/fr\/<\/a><\/strong><\/p>\n\n\n\n<p>Vous y trouverez le bouton \u00ab&nbsp;<strong>s\u2019inscrire<\/strong>&nbsp;\u00bb puis, l\u2019affiche de l\u2019\u00e9preuve ainsi que son r\u00e8glement.<\/p>\n\n\n\n<p>Cliquez sur le bouton \u00ab&nbsp;<strong>s\u2019inscrire<\/strong>&nbsp;\u00bb pour acc\u00e9der au formulaire en ligne et aux informations li\u00e9es \u00e0 l\u2019h\u00e9bergement.<\/p>\n\n\n\n<div data-wp-interactive=\"core\/file\" class=\"wp-block-file\"><object data-wp-bind--hidden=\"!state.hasPdfPreview\" hidden class=\"wp-block-file__embed\" data=\"https:\/\/liguegolfbfc.org\/wp-content\/uploads\/2025\/03\/Affiche_Championnat_de_France_Paragolf_2025-1.pdf\" type=\"application\/pdf\" style=\"width:100%;height:600px\" aria-label=\"Contenu embarqu\u00e9 Affiche_Championnat_de_France_Paragolf_2025-1.\"><\/object><a id=\"wp-block-file--media-9a978583-8f19-486b-a931-8c906ed24bab\" href=\"https:\/\/liguegolfbfc.org\/wp-content\/uploads\/2025\/03\/Affiche_Championnat_de_France_Paragolf_2025-1.pdf\">Affiche_Championnat_de_France_Paragolf_2025-1<\/a><a href=\"https:\/\/liguegolfbfc.org\/wp-content\/uploads\/2025\/03\/Affiche_Championnat_de_France_Paragolf_2025-1.pdf\" class=\"wp-block-file__button wp-element-button\" download aria-describedby=\"wp-block-file--media-9a978583-8f19-486b-a931-8c906ed24bab\">T\u00e9l\u00e9charger<\/a><\/div>\n\n\n\n<p><\/p>\n\n\n\n<h2 class=\"wp-block-heading\"><strong>Equipe de France Paragolf 2025<\/strong><\/h2>\n\n\n\n<p>Vous trouverez dans le document pdf intitul\u00e9 \u00ab&nbsp;<a href=\"https:\/\/liguegolfbfc.org\/wp-content\/uploads\/2025\/03\/Selectif_Equipe_de_France_Paragolf_2025.pdf\" target=\"_blank\" rel=\"noreferrer noopener\">S\u00e9lectif Equipe de France<\/a>&nbsp;\u00bb, le r\u00e8glement de s\u00e9lection en \u00e9quipe de France pour la saison 2025.<\/p>\n\n\n\n<p>Nous restons \u00e0 votre disposition pour r\u00e9pondre \u00e0 vos \u00e9ventuelles questions.<\/p>\n\n\n\n<hr class=\"wp-block-separator has-alpha-channel-opacity\"\/>\n\n\n\n<h2 class=\"wp-block-heading\">Parakids Golf<\/h2>\n\n\n\n<p>La ligue de golf souhaite lancer le projet Parakids Golf en Bourgogne Franche Comt\u00e9.<\/p>\n\n\n\n<div class=\"wp-block-columns is-layout-flex wp-container-core-columns-is-layout-9d6595d7 wp-block-columns-is-layout-flex\">\n<div class=\"wp-block-column is-layout-flow wp-block-column-is-layout-flow\">\n<p class=\"has-text-align-center\"><a href=\"https:\/\/liguegolfbfc.org\/wp-content\/uploads\/2023\/07\/11110_Cahier_des_charges_Parakids_Golf.pdf\" data-type=\"URL\" data-id=\"https:\/\/liguegolfbfc.org\/wp-content\/uploads\/2023\/07\/11110_Cahier_des_charges_Parakids_Golf.pdf\" target=\"_blank\" rel=\"noreferrer noopener\">Cahier des charges<\/a><\/p>\n<\/div>\n\n\n\n<div class=\"wp-block-column is-layout-flow wp-block-column-is-layout-flow\">\n<p class=\"has-text-align-center\"><a href=\"https:\/\/liguegolfbfc.org\/wp-content\/uploads\/2023\/07\/11111_argu-club_digital.pdf\" data-type=\"URL\" data-id=\"https:\/\/liguegolfbfc.org\/wp-content\/uploads\/2023\/07\/11111_argu-club_digital.pdf\" target=\"_blank\" rel=\"noreferrer noopener\">Argumentaire Clubs<\/a><\/p>\n<\/div>\n\n\n\n<div class=\"wp-block-column is-layout-flow wp-block-column-is-layout-flow\">\n<p class=\"has-text-align-center\"><a href=\"https:\/\/liguegolfbfc.org\/wp-content\/uploads\/2023\/07\/11120_argu-instituts_digital.pdf\" data-type=\"URL\" data-id=\"https:\/\/liguegolfbfc.org\/wp-content\/uploads\/2023\/07\/11120_argu-instituts_digital.pdf\" target=\"_blank\" rel=\"noreferrer noopener\">Argumentaire Instituts<\/a><\/p>\n<\/div>\n<\/div>\n\n\n\n<p>Vous pouvez vous documenter avec les pr\u00e9sentations ci-dessus. Il sera possible de d\u00e9marrer des projets Parakids m\u00eame si vous n\u2019\u00eates pas encore titulaire du dipl\u00f4me CQH. (Certificat de Qualification Handisport)<\/p>\n\n\n\n<h2 class=\"wp-block-heading\">Les acteurs du paragolf<\/h2>\n\n\n\n<p>L\u2019Association Handigolf, l\u2019EDGA, les F\u00e9d\u00e9rations handisport et sport adapt\u00e9\u2026 autant d\u2019entit\u00e9s qui collaborent activement pour l\u2019acc\u00e8s de tous \u00e0 la pratique, de loisir ou comp\u00e9titive.&nbsp;<\/p>\n\n\n\n<p><strong>La F\u00e9d\u00e9ration fran\u00e7aise de golf,<\/strong> par le biais de la Commission paragolf cr\u00e9\u00e9e en 2004, f\u00e9d\u00e8re tous les acteurs du paragolf, qui repr\u00e9sentent autant de portes d\u2019entr\u00e9e \u00e0 la pratique du paragolf.<br>Elle assure, au m\u00eame titre que pour les valides, l&rsquo;animation sportive du paragolf&nbsp;sur le territoire, en liaison avec ses ligues et ses clubs : des Grands prix paragolf, un championnat de France et des Internationaux de France.&nbsp;<\/p>\n\n\n\n<p><strong>L\u2019association Handigolf<\/strong> cr\u00e9\u00e9e en 1993 par Pierre Bonhomme et Jean Fran\u00e7ois Claisse est officiellement rattach\u00e9e \u00e0 la F\u00e9d\u00e9ration fran\u00e7aise de golf depuis 1997.&nbsp;Les deux entit\u00e9s que sont l&rsquo;Association Handigolf et la F\u00e9d\u00e9ration fran\u00e7aise de golf fonctionnent aujourd&rsquo;hui en \u00e9troite collaboration.<\/p>\n\n\n\n<p>Fond\u00e9e par deux passionn\u00e9s l\u2019association Handigolf poursuit plusieurs objectifs :<\/p>\n\n\n\n<ul class=\"wp-block-list\">\n<li>Faire \u00e9voluer le regard des valides sur le Handicap par la pratique du paragolf&nbsp;dans tous les clubs de golf<\/li>\n\n\n\n<li>Mener des actions de soutien et aider les personnes handicap\u00e9es \u00e0 faire \u00e9voluer leur regard sur elles-m\u00eames<\/li>\n\n\n\n<li>D\u00e9velopper et soutenir les \u00e9coles de golf pour les enfants et les adultes handicap\u00e9s<\/li>\n\n\n\n<li>Mener des actions de sensibilisation dans les clubs sur l\u2019accessibilit\u00e9 des personnes handicap\u00e9es<\/li>\n\n\n\n<li>Organiser des rencontres amicales et sportives pour favoriser les \u00e9changes<\/li>\n\n\n\n<li>Faire \u00e9voluer l\u2019enseignement professionnel du golf dans les clubs pour int\u00e9grer les sp\u00e9cificit\u00e9s propres \u00e0 chaque handicap<\/li>\n<\/ul>\n\n\n\n<div class=\"wp-block-buttons is-layout-flex wp-block-buttons-is-layout-flex\">\n<div class=\"wp-block-button is-style-outline is-style-outline--1\"><a class=\"wp-block-button__link wp-element-button\" href=\"http:\/\/handigolf.fr\/\" target=\"_blank\" rel=\"noreferrer noopener\"><strong><span class=\"has-inline-color has-luminous-vivid-amber-color\">Le site handigolf.fr<\/span><\/strong><\/a><\/div>\n<\/div>\n\n\n\n<p><strong>L\u2019EDGA (European Disabled Golf Association)<\/strong> fond\u00e9e en 2000, et qui depuis 2016 regroupe 26 f\u00e9d\u00e9rations nationales, dont la ffgolf, \u0153uvre \u00e0 l\u2019international et avec les m\u00eames objectifs d&rsquo;acc\u00e8s au golf pour le public en situation de handicap. Elle organise une quinzaine de comp\u00e9titions internationales, dont les championnats d&rsquo;Europe individuel et par \u00e9quipes, d\u00e9sormais inscrits au calendrier de l&rsquo;AEG (Association Europ\u00e9ene de golf).&nbsp;<\/p>\n\n\n\n<div class=\"wp-block-buttons is-layout-flex wp-block-buttons-is-layout-flex\">\n<div class=\"wp-block-button\"><a class=\"wp-block-button__link wp-element-button\" href=\"http:\/\/www.edgagolf.com\/\" target=\"_blank\" rel=\"noreferrer noopener\"><mark style=\"background-color:rgba(0, 0, 0, 0)\" class=\"has-inline-color has-luminous-vivid-amber-color\">Le site edgagolf.com<\/mark><\/a><\/div>\n<\/div>\n\n\n\n<p>Le paragolf est d\u00e9sormais repr\u00e9sent\u00e9 dans les programmes des <strong>instances dirigeantes du golf,<\/strong> que sont l&rsquo;IGF (F\u00e9d\u00e9ration internationale de golf), le R&amp;A (Royal &amp; Ancient), l&rsquo;USGA, l&rsquo;European Tour, la F\u00e9d\u00e9ration du sport adapt\u00e9 et le Comit\u00e9 paralympique international, qui travaille avec l&rsquo;IGF sur l&rsquo;entr\u00e9e du paragolf aux Jeux paralympiques.<\/p>\n","protected":false},"excerpt":{"rendered":"<p>ANN\u00c9E 2025 1er Open de France de Golf des Sourds et MalentendantsUGolf Ch\u00e2teau de Cely \u2013 5 &amp; 6 juillet 2025 Le Comit\u00e9 d\u00e9partemental, GN Hearing et le Golf de Cely, avec le soutien de la F\u00e9d\u00e9ration Fran\u00e7aise de Golf, organisent la premi\u00e8re \u00e9dition de l\u2019Open de France r\u00e9serv\u00e9 aux joueuses et joueurs sourds ou [&hellip;]<\/p>\n","protected":false},"author":2,"featured_media":0,"parent":0,"menu_order":0,"comment_status":"closed","ping_status":"closed","template":"page-templates\/page-full-width.php","meta":{"footnotes":""},"class_list":["post-3860","page","type-page","status-publish","hentry"],"jetpack_sharing_enabled":true,"_links":{"self":[{"href":"https:\/\/liguegolfbfc.org\/index.php\/wp-json\/wp\/v2\/pages\/3860","targetHints":{"allow":["GET"]}}],"collection":[{"href":"https:\/\/liguegolfbfc.org\/index.php\/wp-json\/wp\/v2\/pages"}],"about":[{"href":"https:\/\/liguegolfbfc.org\/index.php\/wp-json\/wp\/v2\/types\/page"}],"author":[{"embeddable":true,"href":"https:\/\/liguegolfbfc.org\/index.php\/wp-json\/wp\/v2\/users\/2"}],"replies":[{"embeddable":true,"href":"https:\/\/liguegolfbfc.org\/index.php\/wp-json\/wp\/v2\/comments?post=3860"}],"version-history":[{"count":10,"href":"https:\/\/liguegolfbfc.org\/index.php\/wp-json\/wp\/v2\/pages\/3860\/revisions"}],"predecessor-version":[{"id":18222,"href":"https:\/\/liguegolfbfc.org\/index.php\/wp-json\/wp\/v2\/pages\/3860\/revisions\/18222"}],"wp:attachment":[{"href":"https:\/\/liguegolfbfc.org\/index.php\/wp-json\/wp\/v2\/media?parent=3860"}],"curies":[{"name":"wp","href":"https:\/\/api.w.org\/{rel}","templated":true}]}}