{"id":38,"date":"2020-03-09T18:09:09","date_gmt":"2020-03-09T17:09:09","guid":{"rendered":"http:\/\/liguegolfbfc.org\/?page_id=38"},"modified":"2026-02-04T18:09:15","modified_gmt":"2026-02-04T17:09:15","slug":"dames-competition-federale","status":"publish","type":"page","link":"https:\/\/liguegolfbfc.org\/index.php\/dames-competition-federale\/","title":{"rendered":"DAMES | COMP\u00c9TITIONS F\u00c9D\u00c9RALES"},"content":{"rendered":"\n<hr class=\"wp-block-separator has-alpha-channel-opacity\"\/>\n\n\n\n<h2 class=\"wp-block-heading\"><strong>CHAMPIONNAT DE FRANCE DAMES PAR \u00c9QUIPE<\/strong><\/h2>\n\n\n\n<p><strong>3\u00e8me DIVISION <\/strong>&#8211; Poule D<\/p>\n\n\n\n<p>22 au 25 mai 2026 | Golf de Val de Sorne<br><strong>\u00c9quipe engag\u00e9e<\/strong> : Val de Sorne<\/p>\n\n\n\n<hr class=\"wp-block-separator has-alpha-channel-opacity\"\/>\n\n\n\n<p><strong>3\u00e8me DIVISION <\/strong>&#8211; Poule D<\/p>\n\n\n\n<p>22 au 25 mai 2026 | Golf de Dijon Bourgogne<br><strong>\u00c9quipe engag\u00e9e<\/strong> BFC : Dijon Bourgogne<\/p>\n\n\n\n<hr class=\"wp-block-separator has-alpha-channel-opacity\"\/>\n\n\n\n<h2 class=\"wp-block-heading\"><strong>PROMOTION INTER-R\u00c9GIONALE<\/strong> DAMES<\/h2>\n\n\n\n<p>23 -24 mai 2026 | Golf de <em>Combles en Barrois<\/em><br><strong>\u00c9quipes de ligue BFC engag\u00e9es<\/strong> : <\/p>\n\n\n\n<hr class=\"wp-block-separator has-alpha-channel-opacity\"\/>\n\n\n\n<h2 class=\"wp-block-heading\"><strong>R\u00e9sultats 2025 <\/strong><\/h2>\n\n\n\n<p><br>Promo Dames<br><strong><a href=\"https:\/\/liguegolfbfc.org\/wp-content\/uploads\/2025\/05\/Interclubs-Promotion-Dames-Resultats-Finaux-Equipes-2025.pdf\" target=\"_blank\" rel=\"noreferrer noopener\">R\u00e9sultats T2 <\/a><\/strong>2025 &#8211; <strong><a href=\"https:\/\/liguegolfbfc.org\/wp-content\/uploads\/2025\/05\/Interclubs-Promotion-Dames-Resultats-Finaux-Individuels-2025.pdf\" target=\"_blank\" rel=\"noreferrer noopener\">R\u00e9sultats individuels<\/a><\/strong> 2025- Rhin et Metz montent en 3e division<\/p>\n\n\n\n<p>3e Bournel &#8211; 4e Rougemont &#8211; 6e Besan\u00e7on &#8211; 8e Prunevelle &#8211; 9e Quetigny<\/p>\n\n\n\n<div class=\"wp-block-columns is-layout-flex wp-container-core-columns-is-layout-9d6595d7 wp-block-columns-is-layout-flex\">\n<div class=\"wp-block-column is-layout-flow wp-block-column-is-layout-flow\">\n<figure class=\"wp-block-gallery has-nested-images columns-default is-cropped wp-block-gallery-1 is-layout-flex wp-block-gallery-is-layout-flex\">\n<figure class=\"wp-block-image size-large\"><a href=\"https:\/\/liguegolfbfc.org\/wp-content\/uploads\/2025\/05\/Rhin.jpg\" data-rel=\"lightbox-gallery-92fAOGfv\" data-rl_title=\"\" data-rl_caption=\"\" title=\"\"><img loading=\"lazy\" decoding=\"async\" width=\"1024\" height=\"768\" data-id=\"17940\" src=\"https:\/\/liguegolfbfc.org\/wp-content\/uploads\/2025\/05\/Rhin-1024x768.jpg\" alt=\"\" class=\"wp-image-17940\" srcset=\"https:\/\/liguegolfbfc.org\/wp-content\/uploads\/2025\/05\/Rhin-1024x768.jpg 1024w, https:\/\/liguegolfbfc.org\/wp-content\/uploads\/2025\/05\/Rhin-300x225.jpg 300w, https:\/\/liguegolfbfc.org\/wp-content\/uploads\/2025\/05\/Rhin-768x576.jpg 768w, https:\/\/liguegolfbfc.org\/wp-content\/uploads\/2025\/05\/Rhin-1536x1152.jpg 1536w, https:\/\/liguegolfbfc.org\/wp-content\/uploads\/2025\/05\/Rhin.jpg 2040w\" sizes=\"auto, (max-width: 1024px) 100vw, 1024px\" \/><\/a><\/figure>\n<\/figure>\n<\/div>\n\n\n\n<div class=\"wp-block-column is-layout-flow wp-block-column-is-layout-flow\">\n<figure class=\"wp-block-gallery has-nested-images columns-default is-cropped wp-block-gallery-2 is-layout-flex wp-block-gallery-is-layout-flex\">\n<figure class=\"wp-block-image size-large\"><a href=\"https:\/\/liguegolfbfc.org\/wp-content\/uploads\/2025\/05\/Metz.jpg\" data-rel=\"lightbox-gallery-92fAOGfv\" data-rl_title=\"\" data-rl_caption=\"\" title=\"\"><img loading=\"lazy\" decoding=\"async\" width=\"1024\" height=\"768\" data-id=\"17942\" src=\"https:\/\/liguegolfbfc.org\/wp-content\/uploads\/2025\/05\/Metz-1024x768.jpg\" alt=\"\" class=\"wp-image-17942\" srcset=\"https:\/\/liguegolfbfc.org\/wp-content\/uploads\/2025\/05\/Metz-1024x768.jpg 1024w, https:\/\/liguegolfbfc.org\/wp-content\/uploads\/2025\/05\/Metz-300x225.jpg 300w, https:\/\/liguegolfbfc.org\/wp-content\/uploads\/2025\/05\/Metz-768x576.jpg 768w, https:\/\/liguegolfbfc.org\/wp-content\/uploads\/2025\/05\/Metz-1536x1152.jpg 1536w, https:\/\/liguegolfbfc.org\/wp-content\/uploads\/2025\/05\/Metz.jpg 2040w\" sizes=\"auto, (max-width: 1024px) 100vw, 1024px\" \/><\/a><\/figure>\n<\/figure>\n<\/div>\n\n\n\n<div class=\"wp-block-column is-layout-flow wp-block-column-is-layout-flow\">\n<figure class=\"wp-block-gallery has-nested-images columns-default is-cropped wp-block-gallery-3 is-layout-flex wp-block-gallery-is-layout-flex\">\n<figure class=\"wp-block-image size-large\"><a href=\"https:\/\/liguegolfbfc.org\/wp-content\/uploads\/2025\/05\/remise-des-prix-par-le-Directeur-Lionel-Burnet.jpg\" data-rel=\"lightbox-gallery-92fAOGfv\" data-rl_title=\"\" data-rl_caption=\"\" title=\"\"><img loading=\"lazy\" decoding=\"async\" width=\"1024\" height=\"768\" data-id=\"17943\" src=\"https:\/\/liguegolfbfc.org\/wp-content\/uploads\/2025\/05\/remise-des-prix-par-le-Directeur-Lionel-Burnet-1024x768.jpg\" alt=\"\" class=\"wp-image-17943\" srcset=\"https:\/\/liguegolfbfc.org\/wp-content\/uploads\/2025\/05\/remise-des-prix-par-le-Directeur-Lionel-Burnet-1024x768.jpg 1024w, https:\/\/liguegolfbfc.org\/wp-content\/uploads\/2025\/05\/remise-des-prix-par-le-Directeur-Lionel-Burnet-300x225.jpg 300w, https:\/\/liguegolfbfc.org\/wp-content\/uploads\/2025\/05\/remise-des-prix-par-le-Directeur-Lionel-Burnet-768x576.jpg 768w, https:\/\/liguegolfbfc.org\/wp-content\/uploads\/2025\/05\/remise-des-prix-par-le-Directeur-Lionel-Burnet-1536x1152.jpg 1536w, https:\/\/liguegolfbfc.org\/wp-content\/uploads\/2025\/05\/remise-des-prix-par-le-Directeur-Lionel-Burnet.jpg 1600w\" sizes=\"auto, (max-width: 1024px) 100vw, 1024px\" \/><\/a><\/figure>\n<\/figure>\n<\/div>\n<\/div>\n\n\n\n<p><br>Division Dames 3e Division <br>Dijon Bourgogne monte en 2e division en 2026<\/p>\n\n\n\n<p>Infos et <strong><a rel=\"noreferrer noopener\" href=\"https:\/\/www.ffgolf.org\/golf-amateur\/toutes-categories\/calendrier-resultats\/national-international\/2025\/championnat-de-france-par-equipes-dames-3eme-division-d\/tableau-officiel\" target=\"_blank\">R\u00e9sultats<\/a><\/strong> <\/p>\n\n\n\n<div class=\"wp-block-columns is-layout-flex wp-container-core-columns-is-layout-9d6595d7 wp-block-columns-is-layout-flex\">\n<div class=\"wp-block-column is-layout-flow wp-block-column-is-layout-flow\">\n<figure class=\"wp-block-gallery has-nested-images columns-default is-cropped wp-block-gallery-4 is-layout-flex wp-block-gallery-is-layout-flex\">\n<figure class=\"wp-block-image size-large\"><a href=\"https:\/\/liguegolfbfc.org\/wp-content\/uploads\/2025\/05\/Norges-3e-division-a-Nivernais.jpg\" data-rel=\"lightbox-gallery-92fAOGfv\" data-rl_title=\"\" data-rl_caption=\"\" title=\"\"><img loading=\"lazy\" decoding=\"async\" width=\"1024\" height=\"768\" data-id=\"17897\" src=\"https:\/\/liguegolfbfc.org\/wp-content\/uploads\/2025\/05\/Norges-3e-division-a-Nivernais-1024x768.jpg\" alt=\"\" class=\"wp-image-17897\" srcset=\"https:\/\/liguegolfbfc.org\/wp-content\/uploads\/2025\/05\/Norges-3e-division-a-Nivernais-1024x768.jpg 1024w, https:\/\/liguegolfbfc.org\/wp-content\/uploads\/2025\/05\/Norges-3e-division-a-Nivernais-300x225.jpg 300w, https:\/\/liguegolfbfc.org\/wp-content\/uploads\/2025\/05\/Norges-3e-division-a-Nivernais-768x576.jpg 768w, https:\/\/liguegolfbfc.org\/wp-content\/uploads\/2025\/05\/Norges-3e-division-a-Nivernais.jpg 1200w\" sizes=\"auto, (max-width: 1024px) 100vw, 1024px\" \/><\/a><\/figure>\n<\/figure>\n<\/div>\n\n\n\n<div class=\"wp-block-column is-layout-flow wp-block-column-is-layout-flow\"><\/div>\n<\/div>\n\n\n\n<hr class=\"wp-block-separator has-text-color has-black-color has-alpha-channel-opacity has-black-background-color has-background\"\/>\n\n\n\n<p>Division dames &#8211; R\u00e9sultats 2025<\/p>\n\n\n\n<p>15 au 18 mai 2025 | Golf de <em>Laval<\/em><br><strong>\u00c9quipe engag\u00e9e<\/strong> : Val de Sorne descendent en 3e division<br><\/p>\n\n\n\n<div class=\"wp-block-columns is-layout-flex wp-container-core-columns-is-layout-9d6595d7 wp-block-columns-is-layout-flex\">\n<div class=\"wp-block-column is-layout-flow wp-block-column-is-layout-flow\">\n<figure class=\"wp-block-gallery has-nested-images columns-default is-cropped wp-block-gallery-5 is-layout-flex wp-block-gallery-is-layout-flex\">\n<figure class=\"wp-block-image size-large\"><a href=\"https:\/\/liguegolfbfc.org\/wp-content\/uploads\/2025\/05\/CHPT-DE-FRANCE-2E-DIV-LAVAL-VDS-1.jpg\" data-rel=\"lightbox-gallery-92fAOGfv\" data-rl_title=\"\" data-rl_caption=\"\" title=\"\"><img loading=\"lazy\" decoding=\"async\" width=\"720\" height=\"500\" data-id=\"17899\" src=\"https:\/\/liguegolfbfc.org\/wp-content\/uploads\/2025\/05\/CHPT-DE-FRANCE-2E-DIV-LAVAL-VDS-1.jpg\" alt=\"\" class=\"wp-image-17899\" srcset=\"https:\/\/liguegolfbfc.org\/wp-content\/uploads\/2025\/05\/CHPT-DE-FRANCE-2E-DIV-LAVAL-VDS-1.jpg 720w, https:\/\/liguegolfbfc.org\/wp-content\/uploads\/2025\/05\/CHPT-DE-FRANCE-2E-DIV-LAVAL-VDS-1-300x208.jpg 300w\" sizes=\"auto, (max-width: 720px) 100vw, 720px\" \/><\/a><\/figure>\n<\/figure>\n<\/div>\n\n\n\n<div class=\"wp-block-column is-layout-flow wp-block-column-is-layout-flow\"><\/div>\n<\/div>\n","protected":false},"excerpt":{"rendered":"<p>CHAMPIONNAT DE FRANCE DAMES PAR \u00c9QUIPE 3\u00e8me DIVISION &#8211; Poule D 22 au 25 mai 2026 | Golf de Val de Sorne\u00c9quipe engag\u00e9e : Val de Sorne 3\u00e8me DIVISION &#8211; Poule D 22 au 25 mai 2026 | Golf de Dijon Bourgogne\u00c9quipe engag\u00e9e BFC : Dijon Bourgogne PROMOTION INTER-R\u00c9GIONALE DAMES 23 -24 mai 2026 | [&hellip;]<\/p>\n","protected":false},"author":1,"featured_media":0,"parent":0,"menu_order":0,"comment_status":"closed","ping_status":"closed","template":"page-templates\/page-full-width.php","meta":{"footnotes":""},"class_list":["post-38","page","type-page","status-publish","hentry"],"jetpack_sharing_enabled":true,"_links":{"self":[{"href":"https:\/\/liguegolfbfc.org\/index.php\/wp-json\/wp\/v2\/pages\/38","targetHints":{"allow":["GET"]}}],"collection":[{"href":"https:\/\/liguegolfbfc.org\/index.php\/wp-json\/wp\/v2\/pages"}],"about":[{"href":"https:\/\/liguegolfbfc.org\/index.php\/wp-json\/wp\/v2\/types\/page"}],"author":[{"embeddable":true,"href":"https:\/\/liguegolfbfc.org\/index.php\/wp-json\/wp\/v2\/users\/1"}],"replies":[{"embeddable":true,"href":"https:\/\/liguegolfbfc.org\/index.php\/wp-json\/wp\/v2\/comments?post=38"}],"version-history":[{"count":107,"href":"https:\/\/liguegolfbfc.org\/index.php\/wp-json\/wp\/v2\/pages\/38\/revisions"}],"predecessor-version":[{"id":19468,"href":"https:\/\/liguegolfbfc.org\/index.php\/wp-json\/wp\/v2\/pages\/38\/revisions\/19468"}],"wp:attachment":[{"href":"https:\/\/liguegolfbfc.org\/index.php\/wp-json\/wp\/v2\/media?parent=38"}],"curies":[{"name":"wp","href":"https:\/\/api.w.org\/{rel}","templated":true}]}}