{"id":28,"date":"2020-03-09T18:03:50","date_gmt":"2020-03-09T17:03:50","guid":{"rendered":"http:\/\/liguegolfbfc.org\/?page_id=28"},"modified":"2026-01-28T11:43:39","modified_gmt":"2026-01-28T10:43:39","slug":"dames-inter-club","status":"publish","type":"page","link":"https:\/\/liguegolfbfc.org\/index.php\/dames-inter-club\/","title":{"rendered":"DAMES | COMP\u00c9TITIONS INTER-CLUB"},"content":{"rendered":"\n<h2 class=\"wp-block-heading has-white-color has-text-color has-background\" id=\"ProjetSportif2023\" style=\"background:linear-gradient(135deg,rgb(0,51,96) 0%,rgb(0,51,96) 55%,rgb(0,51,96) 100%)\"><strong>Ann\u00e9e 2026<\/strong><\/h2>\n\n\n\n<p><strong>CALENDRIER DES F\u00c9MININES 2026<br><u>Double F\u00e9minin \u2013 Formule Patsome modifi\u00e9<\/u><\/strong><\/p>\n\n\n\n<figure class=\"wp-block-table\"><table class=\"has-fixed-layout\"><tbody><tr><td><strong>&nbsp;<\/strong> <strong>Mardi 19 mai&nbsp;2026<\/strong><\/td><td>&nbsp; Golf de Besan\u00e7on<\/td><\/tr><tr><td><strong>&nbsp;<\/strong> <strong>Jeudi 24 septembre<\/strong> <strong>2026<\/strong><\/td><td>&nbsp; Golf de Luxeuil<\/td><\/tr><\/tbody><\/table><\/figure>\n\n\n\n<p><strong><u>Rencontres F\u00e9minines BFC \u2013 Simple stableford <\/u><\/strong>(ne comptant pas pour l\u2019index)<\/p>\n\n\n\n<figure class=\"wp-block-table\"><table class=\"has-fixed-layout\"><tbody><tr><td><strong>&nbsp;<\/strong> <strong>Jeudi 4 juin<\/strong> <strong>2026<\/strong><\/td><td><strong><u>&nbsp;<\/u><\/strong> Golf du Mont St Jean<\/td><\/tr><tr><td><strong><u>&nbsp;<\/u><\/strong> <strong>Vendredi 5 juin<\/strong> <strong>2026<\/strong><\/td><td>&nbsp; Golf du Rochat<\/td><\/tr><\/tbody><\/table><\/figure>\n\n\n\n<p><strong><u>7<sup>\u00e8me<\/sup> Ladies Cup<\/u><\/strong><\/p>\n\n\n\n<figure class=\"wp-block-table\"><table class=\"has-fixed-layout\"><tbody><tr><td><strong>Jeudi 2 juillet<\/strong> <strong>2026<\/strong><\/td><td>Golf des Vosges du Sud<\/td><\/tr><\/tbody><\/table><\/figure>\n\n\n\n<h2 class=\"wp-block-heading\">Ann\u00e9e 2025<strong> <\/strong><\/h2>\n\n\n\n<div class=\"wp-block-columns is-layout-flex wp-container-core-columns-is-layout-9d6595d7 wp-block-columns-is-layout-flex\">\n<div class=\"wp-block-column is-layout-flow wp-block-column-is-layout-flow\">\n<figure class=\"wp-block-image size-large\"><img loading=\"lazy\" decoding=\"async\" width=\"724\" height=\"1024\" src=\"https:\/\/liguegolfbfc.org\/wp-content\/uploads\/2025\/10\/Affiche-pour-CGP-15102025-1-724x1024.png\" alt=\"\" class=\"wp-image-19043\" srcset=\"https:\/\/liguegolfbfc.org\/wp-content\/uploads\/2025\/10\/Affiche-pour-CGP-15102025-1-724x1024.png 724w, https:\/\/liguegolfbfc.org\/wp-content\/uploads\/2025\/10\/Affiche-pour-CGP-15102025-1-212x300.png 212w, https:\/\/liguegolfbfc.org\/wp-content\/uploads\/2025\/10\/Affiche-pour-CGP-15102025-1-768x1086.png 768w, https:\/\/liguegolfbfc.org\/wp-content\/uploads\/2025\/10\/Affiche-pour-CGP-15102025-1-1086x1536.png 1086w, https:\/\/liguegolfbfc.org\/wp-content\/uploads\/2025\/10\/Affiche-pour-CGP-15102025-1.png 1414w\" sizes=\"auto, (max-width: 724px) 100vw, 724px\" \/><\/figure>\n<\/div>\n\n\n\n<div class=\"wp-block-column is-layout-flow wp-block-column-is-layout-flow\">\n<p>D\u00e9part&nbsp;en Shotgun \u00e0 10h30<\/p>\n\n\n\n<p>Formule : <strong>Patsome modifi\u00e9<\/strong> (soit 6 trous en 4BMB&nbsp;\/ 6 trous en Greensome \/ 6 trous en Scramble). Si possible mettre une joueuse de 1<sup>\u00e8re<\/sup> s\u00e9rie (&lt;15) avec une joueuse d\u2019une 2<sup>\u00e8me<\/sup> ou 3<sup>\u00e8me<\/sup> s\u00e9rie.<\/p>\n\n\n\n<p>Tarif (GF\/droit jeu\/cocktail)&nbsp;: &nbsp;&nbsp;&nbsp;&nbsp;&nbsp;&nbsp; 50\u20ac par joueuse pour les ext\u00e9rieures<\/p>\n\n\n\n<p>15\u20ac par joueuse pour les membres du golf<\/p>\n\n\n\n<p>Pas de dotation mais tirage au sort de green fees offerts par les diff\u00e9rents golfs de Bourgogne Franche-Comt\u00e9 et soutien financier de la Ligue de BFC pour cette journ\u00e9e.<\/p>\n\n\n\n<p>Inscription jusqu\u2019au Samedi 11 octobre au soir directement \u00e0 l\u2019accueil du golf par t\u00e9l\u00e9phone&nbsp;:&nbsp; 03 81 98 11 77 ou par mail&nbsp;: <a href=\"mailto:contact@golf-prunevelle.com\">contact@golf-prunevelle.com<\/a>.<\/p>\n<\/div>\n<\/div>\n\n\n\n<hr class=\"wp-block-separator has-alpha-channel-opacity\"\/>\n\n\n\n<p>Compte tenu de cette grande canicule et sur d\u00e9cision des F\u00e9minines du Golf des Vosges du Sud, la 7<sup>\u00e8me<\/sup> Edition de notr<strong>e LADY\u2019S Cup est REPORTEE au MARDI 16 SEPTEMBRE 2025<\/strong>.<\/p>\n\n\n\n<p>Des pr\u00e9cisions sur les modalit\u00e9s vous serons communiqu\u00e9es ult\u00e9rieurement et ce d\u00e8s que possible. Pensez \u00e0 mettre \u00e0 jour votre agenda\u2026.<\/p>\n\n\n\n<p>Et d\u2019ici l\u00e0 nous vous souhaitons un bel \u00e9t\u00e9.<\/p>\n\n\n\n<p>Edith Cylinski (Golf des Vosges du Sud) &#8211;&nbsp; Catherine Grand-Perret (Ligue golf BFC)<\/p>\n\n\n\n<hr class=\"wp-block-separator has-alpha-channel-opacity\"\/>\n\n\n\n<p>Pour cette premi\u00e8re Rencontre F\u00e9minines Bourgogne Franche-Comt\u00e9, c\u2019est dans un cadre magnifique, baign\u00e9 de soleil, que 48 participantes de 11 clubs diff\u00e9rents ont partag\u00e9 une belle journ\u00e9e de golf sur le parcours du <strong>Ch\u00e2teau de Bournel<\/strong> ce V<strong>endredi  23 mai 2025 <\/strong>pour finir par un superbe cocktail. Encore merci \u00e0 nos amies pour l\u2019organisation et leur accueil. En attendant de se retrouver bon golf \u00e0 toutes.<\/p>\n\n\n\n<figure class=\"wp-block-gallery has-nested-images columns-default is-cropped wp-block-gallery-1 is-layout-flex wp-block-gallery-is-layout-flex\">\n<figure class=\"wp-block-image size-large\"><img loading=\"lazy\" decoding=\"async\" width=\"640\" height=\"480\" data-id=\"17983\" src=\"https:\/\/liguegolfbfc.org\/wp-content\/uploads\/2025\/05\/RFBFC-Bournel-Mai-2025.jpg\" alt=\"\" class=\"wp-image-17983\" srcset=\"https:\/\/liguegolfbfc.org\/wp-content\/uploads\/2025\/05\/RFBFC-Bournel-Mai-2025.jpg 640w, https:\/\/liguegolfbfc.org\/wp-content\/uploads\/2025\/05\/RFBFC-Bournel-Mai-2025-300x225.jpg 300w\" sizes=\"auto, (max-width: 640px) 100vw, 640px\" \/><\/figure>\n<\/figure>\n\n\n\n<hr class=\"wp-block-separator has-alpha-channel-opacity\"\/>\n\n\n\n<p>Belle journ\u00e9e lors du double f\u00e9minine au <strong>Golf d&rsquo;Avoise ce mercredi 9 avril<\/strong> r\u00e9unissant<strong> 46 golfeuses <\/strong>venues de toute la Bourgogne et la Franche-Comt\u00e9.<br>Au programme : sport, partage, beaux r\u00e9sultats et soleil au rendez-vous sur le magnifique parcours !<br>Un grand merci \u00e0 toutes les participantes et au personnel du Golf d&rsquo;Avoise.<br>Un grand merci \u00e0 toutes les participantes pour leur bonne humeur.<\/p>\n\n\n\n<div class=\"wp-block-group is-nowrap is-layout-flex wp-container-core-group-is-layout-ad2f72ca wp-block-group-is-layout-flex\">\n<figure class=\"wp-block-image size-large\"><img loading=\"lazy\" decoding=\"async\" width=\"1024\" height=\"768\" src=\"https:\/\/liguegolfbfc.org\/wp-content\/uploads\/2025\/04\/489778234_1351301505903271_738774861693009485_n-1-1024x768.jpg\" alt=\"\" class=\"wp-image-17462\" srcset=\"https:\/\/liguegolfbfc.org\/wp-content\/uploads\/2025\/04\/489778234_1351301505903271_738774861693009485_n-1-1024x768.jpg 1024w, https:\/\/liguegolfbfc.org\/wp-content\/uploads\/2025\/04\/489778234_1351301505903271_738774861693009485_n-1-300x225.jpg 300w, https:\/\/liguegolfbfc.org\/wp-content\/uploads\/2025\/04\/489778234_1351301505903271_738774861693009485_n-1-768x576.jpg 768w, https:\/\/liguegolfbfc.org\/wp-content\/uploads\/2025\/04\/489778234_1351301505903271_738774861693009485_n-1-1536x1152.jpg 1536w, https:\/\/liguegolfbfc.org\/wp-content\/uploads\/2025\/04\/489778234_1351301505903271_738774861693009485_n-1.jpg 1600w\" sizes=\"auto, (max-width: 1024px) 100vw, 1024px\" \/><\/figure>\n\n\n\n<figure class=\"wp-block-image size-full\"><img loading=\"lazy\" decoding=\"async\" width=\"960\" height=\"720\" src=\"https:\/\/liguegolfbfc.org\/wp-content\/uploads\/2025\/04\/490220329_1351301402569948_8200282640457459793_n.jpg\" alt=\"\" class=\"wp-image-17463\" srcset=\"https:\/\/liguegolfbfc.org\/wp-content\/uploads\/2025\/04\/490220329_1351301402569948_8200282640457459793_n.jpg 960w, https:\/\/liguegolfbfc.org\/wp-content\/uploads\/2025\/04\/490220329_1351301402569948_8200282640457459793_n-300x225.jpg 300w, https:\/\/liguegolfbfc.org\/wp-content\/uploads\/2025\/04\/490220329_1351301402569948_8200282640457459793_n-768x576.jpg 768w\" sizes=\"auto, (max-width: 960px) 100vw, 960px\" \/><\/figure>\n\n\n\n<figure class=\"wp-block-image size-full\"><img loading=\"lazy\" decoding=\"async\" width=\"720\" height=\"960\" src=\"https:\/\/liguegolfbfc.org\/wp-content\/uploads\/2025\/04\/489871696_1351301369236618_505836308388213048_n.jpg\" alt=\"\" class=\"wp-image-17464\" srcset=\"https:\/\/liguegolfbfc.org\/wp-content\/uploads\/2025\/04\/489871696_1351301369236618_505836308388213048_n.jpg 720w, https:\/\/liguegolfbfc.org\/wp-content\/uploads\/2025\/04\/489871696_1351301369236618_505836308388213048_n-225x300.jpg 225w\" sizes=\"auto, (max-width: 720px) 100vw, 720px\" \/><\/figure>\n\n\n\n<figure class=\"wp-block-image size-large\"><img loading=\"lazy\" decoding=\"async\" width=\"1024\" height=\"768\" src=\"https:\/\/liguegolfbfc.org\/wp-content\/uploads\/2025\/04\/Avoise-DF-09-avril-2025-1024x768.jpg\" alt=\"\" class=\"wp-image-17465\" srcset=\"https:\/\/liguegolfbfc.org\/wp-content\/uploads\/2025\/04\/Avoise-DF-09-avril-2025-1024x768.jpg 1024w, https:\/\/liguegolfbfc.org\/wp-content\/uploads\/2025\/04\/Avoise-DF-09-avril-2025-300x225.jpg 300w, https:\/\/liguegolfbfc.org\/wp-content\/uploads\/2025\/04\/Avoise-DF-09-avril-2025-768x576.jpg 768w, https:\/\/liguegolfbfc.org\/wp-content\/uploads\/2025\/04\/Avoise-DF-09-avril-2025-1536x1152.jpg 1536w, https:\/\/liguegolfbfc.org\/wp-content\/uploads\/2025\/04\/Avoise-DF-09-avril-2025-2048x1536.jpg 2048w\" sizes=\"auto, (max-width: 1024px) 100vw, 1024px\" \/><\/figure>\n<\/div>\n\n\n\n<p><strong>CALENDRIER DES F\u00c9MININES 2025<\/strong><\/p>\n\n\n\n<p><strong><u>Double F\u00e9minin \u2013 Patsome modifi\u00e9<\/u><\/strong><\/p>\n\n\n\n<figure class=\"wp-block-table\"><table><tbody><tr><td><strong>&nbsp;<\/strong> <strong>Mercredi 9 avril<\/strong><\/td><td>&nbsp; Golf du Ch\u00e2teau d\u2019Avoise<\/td><\/tr><tr><td><strong>&nbsp;<\/strong> <strong>Mercredi 15 octobre<\/strong><\/td><td>&nbsp; Golf de Prunevelle<\/td><\/tr><\/tbody><\/table><\/figure>\n\n\n\n<p><strong><u>Rencontres F\u00e9minines BFC \u2013 Simple stableford <\/u><\/strong>(ne comptant pas pour l\u2019index)<\/p>\n\n\n\n<figure class=\"wp-block-table\"><table><tbody><tr><td><strong>&nbsp;<\/strong> <strong>Vendredi 23 mai<\/strong><\/td><td><strong><u>&nbsp;<\/u><\/strong> Golf du Ch\u00e2teau de Bournel<\/td><\/tr><tr><td><strong><u>&nbsp;<\/u><\/strong> <strong>Samedi 13 septembre<\/strong> <strong>&nbsp;<\/strong><\/td><td>&nbsp; Golf de Quetigny<\/td><\/tr><\/tbody><\/table><\/figure>\n\n\n\n<p><strong><u>7<sup>\u00e8me<\/sup> Ladies Cup<\/u><\/strong><\/p>\n\n\n\n<figure class=\"wp-block-table\"><table><tbody><tr><td><strong>Mardi 16 septembre<\/strong><\/td><td>Golf des Vosges du Sud<\/td><\/tr><\/tbody><\/table><\/figure>\n\n\n\n<p class=\"has-black-color has-luminous-vivid-amber-background-color has-text-color has-background\"><strong>Ann\u00e9e 2024<\/strong><\/p>\n\n\n\n<p>ANNULATION DU <strong>3\u00e9me Double F\u00e9minin<\/strong> qui devait se d\u00e9rouler au golf du Ch\u00e2teau d\u2019Avoise <strong>Mercredi 09 Octobre 2024 est report\u00e9 en avril 2025. <\/strong><\/p>\n\n\n\n<p>L&rsquo;\u00e9tat du terrain ne permet pas le bon d\u00e9roulement de cette rencontre. Elle sera report\u00e9e en avril 2025 !<\/p>\n\n\n\n<hr class=\"wp-block-separator has-alpha-channel-opacity\"\/>\n\n\n\n<p><strong>2<\/strong>\u00e8me <strong>Double f\u00e9minin<\/strong> au Golf des Vosges du Sud<strong> mercredi 18 septembre<\/strong><\/p>\n\n\n\n<p>44 joueuses ont particip\u00e9 avec une formule de jeu tr\u00e8s ludique et appr\u00e9ci\u00e9e. Prochaine rencontre mercredi 9 octobre au golf du ch\u00e2teau d&rsquo;Avoise.<\/p>\n\n\n\n<figure class=\"wp-block-gallery has-nested-images columns-default is-cropped wp-block-gallery-2 is-layout-flex wp-block-gallery-is-layout-flex\">\n<figure class=\"wp-block-image size-full\"><a href=\"https:\/\/liguegolfbfc.org\/wp-content\/uploads\/2024\/10\/site-DF-VOSGES-DU-SUD-18-SEPT-2024.jpg\" data-rel=\"lightbox-gallery-zwp4C39h\" data-rl_title=\"\" data-rl_caption=\"\" title=\"\"><img loading=\"lazy\" decoding=\"async\" width=\"530\" height=\"300\" data-id=\"15931\" src=\"https:\/\/liguegolfbfc.org\/wp-content\/uploads\/2024\/10\/site-DF-VOSGES-DU-SUD-18-SEPT-2024.jpg\" alt=\"\" class=\"wp-image-15931\" srcset=\"https:\/\/liguegolfbfc.org\/wp-content\/uploads\/2024\/10\/site-DF-VOSGES-DU-SUD-18-SEPT-2024.jpg 530w, https:\/\/liguegolfbfc.org\/wp-content\/uploads\/2024\/10\/site-DF-VOSGES-DU-SUD-18-SEPT-2024-300x170.jpg 300w\" sizes=\"auto, (max-width: 530px) 100vw, 530px\" \/><\/a><\/figure>\n<\/figure>\n\n\n\n<div class=\"wp-block-columns is-layout-flex wp-container-core-columns-is-layout-9d6595d7 wp-block-columns-is-layout-flex\">\n<div class=\"wp-block-column is-layout-flow wp-block-column-is-layout-flow\"><\/div>\n\n\n\n<div class=\"wp-block-column is-layout-flow wp-block-column-is-layout-flow\">\n<figure class=\"wp-block-image size-large\"><img loading=\"lazy\" decoding=\"async\" width=\"724\" height=\"1024\" src=\"https:\/\/liguegolfbfc.org\/wp-content\/uploads\/2024\/09\/AFFICHE-DOUBLE-FEMININ-luxeuil-2024_page-0001-724x1024.jpg\" alt=\"\" class=\"wp-image-15741\" srcset=\"https:\/\/liguegolfbfc.org\/wp-content\/uploads\/2024\/09\/AFFICHE-DOUBLE-FEMININ-luxeuil-2024_page-0001-724x1024.jpg 724w, https:\/\/liguegolfbfc.org\/wp-content\/uploads\/2024\/09\/AFFICHE-DOUBLE-FEMININ-luxeuil-2024_page-0001-212x300.jpg 212w, https:\/\/liguegolfbfc.org\/wp-content\/uploads\/2024\/09\/AFFICHE-DOUBLE-FEMININ-luxeuil-2024_page-0001-768x1086.jpg 768w, https:\/\/liguegolfbfc.org\/wp-content\/uploads\/2024\/09\/AFFICHE-DOUBLE-FEMININ-luxeuil-2024_page-0001-1086x1536.jpg 1086w, https:\/\/liguegolfbfc.org\/wp-content\/uploads\/2024\/09\/AFFICHE-DOUBLE-FEMININ-luxeuil-2024_page-0001.jpg 1241w\" sizes=\"auto, (max-width: 724px) 100vw, 724px\" \/><\/figure>\n<\/div>\n\n\n\n<div class=\"wp-block-column is-layout-flow wp-block-column-is-layout-flow\"><\/div>\n<\/div>\n\n\n\n<p>Nous vous attendons nombreuses pour cette journ\u00e9e. A l&rsquo;issue de la journ\u00e9e, il y aura un tirage au sort de greens fees offerts&nbsp;par les diff\u00e9rents clubs de BFC.<\/p>\n\n\n\n<hr class=\"wp-block-separator has-alpha-channel-opacity\"\/>\n\n\n\n<p><strong>1er double f\u00e9minin le 17 avril au golf de Prunevelle<\/strong> : SHOTGUN \u00e0 11 H<br>Tarif : 50\u20ac pour GF, droit de jeu et Cocktail<\/p>\n\n\n\n<p><strong><a rel=\"noreferrer noopener\" href=\"https:\/\/liguegolfbfc.org\/wp-content\/uploads\/2024\/03\/CALENDRIER-DES-RENCONTRES-FEMININES-AMICALES-2024.pdf\" target=\"_blank\">CALENDRIER 2024 <\/a><\/strong><\/p>\n\n\n\n<p><strong><a rel=\"noreferrer noopener\" href=\"https:\/\/liguegolfbfc.org\/wp-content\/uploads\/2024\/03\/ORGANISATION-GENERALE-FEMININES-2024.pdf\" target=\"_blank\">ORGANISATION G\u00c9N\u00c9RALE<\/a><\/strong> &amp; <strong><a rel=\"noreferrer noopener\" href=\"https:\/\/liguegolfbfc.org\/wp-content\/uploads\/2024\/03\/FORMULE-DE-JEU-DOUBLE-FEMININ-2024.pdf\" target=\"_blank\">FORMULE DE JEU<\/a><\/strong><\/p>\n\n\n\n<p>22 joueuses ont fait le d\u00e9placement au golf de Prunevelle pour le 1er double f\u00e9minin.<br>Le temps a \u00e9t\u00e9 tr\u00e8s cl\u00e9ment, le parcours \u00e9tait en bon \u00e9tat, l&rsquo;ambiance et l&rsquo;accueil tr\u00e8s sympathiques.<br>Merci \u00e0 Marie C\u00e9cile pour cette bonne organisation; Un cocktail a cl\u00f4tur\u00e9 la rencontre. Des greens fees et des balles logot\u00e9es de la&nbsp;Ligue ont \u00e9t\u00e9 offertes.<\/p>\n\n\n\n<div class=\"wp-block-columns is-layout-flex wp-container-core-columns-is-layout-9d6595d7 wp-block-columns-is-layout-flex\">\n<div class=\"wp-block-column is-layout-flow wp-block-column-is-layout-flow\">\n<figure class=\"wp-block-gallery has-nested-images columns-default is-cropped wp-block-gallery-3 is-layout-flex wp-block-gallery-is-layout-flex\">\n<figure class=\"wp-block-image size-full\"><a href=\"https:\/\/liguegolfbfc.org\/wp-content\/uploads\/2024\/04\/IMG_7203.jpg\" data-rel=\"lightbox-gallery-zwp4C39h\" data-rl_title=\"\" data-rl_caption=\"\" title=\"\"><img loading=\"lazy\" decoding=\"async\" width=\"640\" height=\"480\" data-id=\"14588\" src=\"https:\/\/liguegolfbfc.org\/wp-content\/uploads\/2024\/04\/IMG_7203.jpg\" alt=\"\" class=\"wp-image-14588\" srcset=\"https:\/\/liguegolfbfc.org\/wp-content\/uploads\/2024\/04\/IMG_7203.jpg 640w, https:\/\/liguegolfbfc.org\/wp-content\/uploads\/2024\/04\/IMG_7203-300x225.jpg 300w\" sizes=\"auto, (max-width: 640px) 100vw, 640px\" \/><\/a><\/figure>\n<\/figure>\n<\/div>\n\n\n\n<div class=\"wp-block-column is-layout-flow wp-block-column-is-layout-flow\">\n<figure class=\"wp-block-gallery has-nested-images columns-default is-cropped wp-block-gallery-4 is-layout-flex wp-block-gallery-is-layout-flex\">\n<figure class=\"wp-block-image size-full\"><a href=\"https:\/\/liguegolfbfc.org\/wp-content\/uploads\/2024\/04\/IMG_7204.jpg\" data-rel=\"lightbox-gallery-zwp4C39h\" data-rl_title=\"\" data-rl_caption=\"\" title=\"\"><img loading=\"lazy\" decoding=\"async\" width=\"640\" height=\"480\" data-id=\"14589\" src=\"https:\/\/liguegolfbfc.org\/wp-content\/uploads\/2024\/04\/IMG_7204.jpg\" alt=\"\" class=\"wp-image-14589\" srcset=\"https:\/\/liguegolfbfc.org\/wp-content\/uploads\/2024\/04\/IMG_7204.jpg 640w, https:\/\/liguegolfbfc.org\/wp-content\/uploads\/2024\/04\/IMG_7204-300x225.jpg 300w\" sizes=\"auto, (max-width: 640px) 100vw, 640px\" \/><\/a><\/figure>\n<\/figure>\n<\/div>\n\n\n\n<div class=\"wp-block-column is-layout-flow wp-block-column-is-layout-flow\">\n<figure class=\"wp-block-gallery has-nested-images columns-default is-cropped wp-block-gallery-5 is-layout-flex wp-block-gallery-is-layout-flex\">\n<figure class=\"wp-block-image size-full\"><a href=\"https:\/\/liguegolfbfc.org\/wp-content\/uploads\/2024\/04\/IMG_7207.jpg\" data-rel=\"lightbox-gallery-zwp4C39h\" data-rl_title=\"\" data-rl_caption=\"\" title=\"\"><img loading=\"lazy\" decoding=\"async\" width=\"640\" height=\"480\" data-id=\"14590\" src=\"https:\/\/liguegolfbfc.org\/wp-content\/uploads\/2024\/04\/IMG_7207.jpg\" alt=\"\" class=\"wp-image-14590\" srcset=\"https:\/\/liguegolfbfc.org\/wp-content\/uploads\/2024\/04\/IMG_7207.jpg 640w, https:\/\/liguegolfbfc.org\/wp-content\/uploads\/2024\/04\/IMG_7207-300x225.jpg 300w\" sizes=\"auto, (max-width: 640px) 100vw, 640px\" \/><\/a><\/figure>\n<\/figure>\n<\/div>\n<\/div>\n","protected":false},"excerpt":{"rendered":"<p>Ann\u00e9e 2026 CALENDRIER DES F\u00c9MININES 2026Double F\u00e9minin \u2013 Formule Patsome modifi\u00e9 &nbsp; Mardi 19 mai&nbsp;2026 &nbsp; Golf de Besan\u00e7on &nbsp; Jeudi 24 septembre 2026 &nbsp; Golf de Luxeuil Rencontres F\u00e9minines BFC \u2013 Simple stableford (ne comptant pas pour l\u2019index) &nbsp; Jeudi 4 juin 2026 &nbsp; Golf du Mont St Jean &nbsp; Vendredi 5 juin 2026 [&hellip;]<\/p>\n","protected":false},"author":1,"featured_media":0,"parent":0,"menu_order":0,"comment_status":"closed","ping_status":"closed","template":"page-templates\/page-full-width.php","meta":{"footnotes":""},"class_list":["post-28","page","type-page","status-publish","hentry"],"jetpack_sharing_enabled":true,"_links":{"self":[{"href":"https:\/\/liguegolfbfc.org\/index.php\/wp-json\/wp\/v2\/pages\/28","targetHints":{"allow":["GET"]}}],"collection":[{"href":"https:\/\/liguegolfbfc.org\/index.php\/wp-json\/wp\/v2\/pages"}],"about":[{"href":"https:\/\/liguegolfbfc.org\/index.php\/wp-json\/wp\/v2\/types\/page"}],"author":[{"embeddable":true,"href":"https:\/\/liguegolfbfc.org\/index.php\/wp-json\/wp\/v2\/users\/1"}],"replies":[{"embeddable":true,"href":"https:\/\/liguegolfbfc.org\/index.php\/wp-json\/wp\/v2\/comments?post=28"}],"version-history":[{"count":83,"href":"https:\/\/liguegolfbfc.org\/index.php\/wp-json\/wp\/v2\/pages\/28\/revisions"}],"predecessor-version":[{"id":19438,"href":"https:\/\/liguegolfbfc.org\/index.php\/wp-json\/wp\/v2\/pages\/28\/revisions\/19438"}],"wp:attachment":[{"href":"https:\/\/liguegolfbfc.org\/index.php\/wp-json\/wp\/v2\/media?parent=28"}],"curies":[{"name":"wp","href":"https:\/\/api.w.org\/{rel}","templated":true}]}}