{"id":24,"date":"2020-03-09T18:03:20","date_gmt":"2020-03-09T17:03:20","guid":{"rendered":"http:\/\/liguegolfbfc.org\/?page_id=24"},"modified":"2025-10-10T11:01:15","modified_gmt":"2025-10-10T09:01:15","slug":"dames-et-messieurs-classic-mid-amateurs","status":"publish","type":"page","link":"https:\/\/liguegolfbfc.org\/index.php\/dames-et-messieurs-classic-mid-amateurs\/","title":{"rendered":"DAMES ET MESSIEURS | CLASSIC MID-AMATEURS et GRANDS PRIX SENIORS"},"content":{"rendered":"\n<div class=\"wp-block-columns is-layout-flex wp-container-core-columns-is-layout-9d6595d7 wp-block-columns-is-layout-flex\">\n<div class=\"wp-block-column is-layout-flow wp-block-column-is-layout-flow\">\n<figure class=\"wp-block-image size-full is-resized\"><img loading=\"lazy\" decoding=\"async\" width=\"598\" height=\"746\" src=\"https:\/\/liguegolfbfc.org\/wp-content\/uploads\/2025\/09\/Capture-decran-2025-08-05-a-16.45.00.png\" alt=\"\" class=\"wp-image-18984\" style=\"width:230px;height:auto\" srcset=\"https:\/\/liguegolfbfc.org\/wp-content\/uploads\/2025\/09\/Capture-decran-2025-08-05-a-16.45.00.png 598w, https:\/\/liguegolfbfc.org\/wp-content\/uploads\/2025\/09\/Capture-decran-2025-08-05-a-16.45.00-240x300.png 240w\" sizes=\"auto, (max-width: 598px) 100vw, 598px\" \/><\/figure>\n<\/div>\n\n\n\n<div class=\"wp-block-column is-layout-flow wp-block-column-is-layout-flow\">\n<p><strong>Golf de Macon La Salle 11\/12 octobre 2025<\/strong><\/p>\n\n\n\n<p><strong>Inscriptions<\/strong> <strong><a href=\"https:\/\/www.golfmacon.fr\/wp-content\/uploads\/2025\/09\/Bulletin-dinscription.pdf\">sur ce lien<\/a><\/strong> <\/p>\n\n\n\n<p><a href=\"https:\/\/liguegolfbfc.org\/wp-content\/uploads\/2025\/10\/Departs-Mid-Am-v3.pdf\"><strong>D\u00e9parts Classic Mid Amateurs<\/strong><\/a><br><strong><a href=\"https:\/\/liguegolfbfc.org\/wp-content\/uploads\/2025\/10\/Departs-Seniors-v3.pdf\">D\u00e9parts GP Seniors<\/a><\/strong><br><\/p>\n<\/div>\n<\/div>\n\n\n\n<hr class=\"wp-block-separator has-alpha-channel-opacity\"\/>\n\n\n\n<div class=\"wp-block-columns is-layout-flex wp-container-core-columns-is-layout-9d6595d7 wp-block-columns-is-layout-flex\">\n<div class=\"wp-block-column is-layout-flow wp-block-column-is-layout-flow\">\n<figure class=\"wp-block-image size-large is-resized\"><img loading=\"lazy\" decoding=\"async\" width=\"724\" height=\"1024\" src=\"https:\/\/liguegolfbfc.org\/wp-content\/uploads\/2025\/08\/CONCOURS-DE-GOLF-AVEC-ECRITURES_A3-1-724x1024.png\" alt=\"\" class=\"wp-image-18609\" style=\"width:261px;height:369px\" srcset=\"https:\/\/liguegolfbfc.org\/wp-content\/uploads\/2025\/08\/CONCOURS-DE-GOLF-AVEC-ECRITURES_A3-1-724x1024.png 724w, https:\/\/liguegolfbfc.org\/wp-content\/uploads\/2025\/08\/CONCOURS-DE-GOLF-AVEC-ECRITURES_A3-1-212x300.png 212w, https:\/\/liguegolfbfc.org\/wp-content\/uploads\/2025\/08\/CONCOURS-DE-GOLF-AVEC-ECRITURES_A3-1-768x1086.png 768w, https:\/\/liguegolfbfc.org\/wp-content\/uploads\/2025\/08\/CONCOURS-DE-GOLF-AVEC-ECRITURES_A3-1-1086x1536.png 1086w, https:\/\/liguegolfbfc.org\/wp-content\/uploads\/2025\/08\/CONCOURS-DE-GOLF-AVEC-ECRITURES_A3-1-1448x2048.png 1448w\" sizes=\"auto, (max-width: 724px) 100vw, 724px\" \/><\/figure>\n<\/div>\n\n\n\n<div class=\"wp-block-column is-layout-flow wp-block-column-is-layout-flow\">\n<p><strong>Golfs du Mt St Jean et le Rochat <br>13-14 septembre 2025<\/strong><\/p>\n\n\n\n<p><strong><a rel=\"noreferrer noopener\" href=\"https:\/\/liguegolfbfc.org\/wp-content\/uploads\/2025\/08\/REGT-Classic_Station-des-Rousses_Reglement.pdf\" target=\"_blank\">R\u00e8glement et inscription Classic Mid Amateurs<\/a><\/strong><br><strong><a rel=\"noreferrer noopener\" href=\"https:\/\/pages.ffgolf.org\/resultats\/\" target=\"_blank\">R\u00e9sultats<\/a><\/strong><\/p>\n\n\n\n<p><strong><a href=\"https:\/\/liguegolfbfc.org\/wp-content\/uploads\/2025\/08\/REGT-GrandPrixSeniors_StationdesRousses_Reglement.pdf\" target=\"_blank\" rel=\"noreferrer noopener\">R\u00e8glement et inscription Grand Prix Seniors<\/a><\/strong><br><strong><a href=\"https:\/\/pages.ffgolf.org\/resultats\/\" target=\"_blank\" rel=\"noreferrer noopener\">R\u00e9sultats<\/a><\/strong> <strong><a href=\"https:\/\/liguegolfbfc.org\/wp-content\/uploads\/2025\/08\/REGT-GrandPrixSeniors_StationdesRousses_Reglement.pdf\" target=\"_blank\" rel=\"noreferrer noopener\">Seniors<\/a><\/strong><strong><a href=\"https:\/\/pages.ffgolf.org\/resultats\/\" target=\"_blank\" rel=\"noreferrer noopener\">R\u00e9sultats<\/a><\/strong><\/p>\n<\/div>\n<\/div>\n\n\n\n<hr class=\"wp-block-separator has-alpha-channel-opacity\"\/>\n\n\n\n<h2 class=\"wp-block-heading\">Classic Mid-Amateur &amp; Grand Prix Seniors<br>Golf de Dijon Bourgogne<\/h2>\n\n\n\n<p>19\/20 juillet 2025 | Golfs de Dijon Bourgogne<\/p>\n\n\n\n<p>Classic Mid Amateurs : <br>T1 : <strong><a href=\"https:\/\/liguegolfbfc.org\/wp-content\/uploads\/2025\/07\/MID-AM-BRUT-MIXTE-TOUR-1.pdf\" target=\"_blank\" rel=\"noreferrer noopener\">R\u00e9sultats Brut<\/a> <\/strong>&#8211; <strong><a href=\"https:\/\/liguegolfbfc.org\/wp-content\/uploads\/2025\/07\/MID-AM-NET-MIXTE-TOUR-1.pdf\" target=\"_blank\" rel=\"noreferrer noopener\">R\u00e9sultats Net<\/a><\/strong><br>T2 : <strong><a rel=\"noreferrer noopener\" href=\"https:\/\/liguegolfbfc.org\/wp-content\/uploads\/2025\/07\/MID-AM-BRUT-MIXTE-TOUR-2.pdf\" target=\"_blank\">R\u00e9sultats Brut <\/a><\/strong>&#8211; <strong><a rel=\"noreferrer noopener\" href=\"https:\/\/liguegolfbfc.org\/wp-content\/uploads\/2025\/07\/MID-AM-NET-MIXTE-TOUR-2.pdf\" target=\"_blank\">R\u00e9sultats Net<\/a><\/strong><\/p>\n\n\n\n<p><strong>Grand Prix Seniors <\/strong>: <br>T1 : <strong><a rel=\"noreferrer noopener\" href=\"https:\/\/liguegolfbfc.org\/wp-content\/uploads\/2025\/07\/SENIOR-BRUT-MIXTE-TOUR-1.pdf\" target=\"_blank\">R\u00e9sultats Brut<\/a> &#8211;<\/strong> <strong><a href=\"https:\/\/liguegolfbfc.org\/wp-content\/uploads\/2025\/07\/SENIOR-NET-TOUR-1.pdf\">R\u00e9sultats Net<\/a><\/strong><br>T2 : <strong><a rel=\"noreferrer noopener\" href=\"https:\/\/liguegolfbfc.org\/wp-content\/uploads\/2025\/07\/SENIOR-BRUT-MIXTE-TOUR-2.pdf\" target=\"_blank\">R\u00e9sultats Brut<\/a><\/strong> &#8211; <strong><a rel=\"noreferrer noopener\" href=\"https:\/\/liguegolfbfc.org\/wp-content\/uploads\/2025\/07\/SENIOR-NET-MIXTE-TOUR-2.pdf\" target=\"_blank\">R\u00e9sultats Net<\/a><\/strong><\/p>\n","protected":false},"excerpt":{"rendered":"<p>Golf de Macon La Salle 11\/12 octobre 2025 Inscriptions sur ce lien D\u00e9parts Classic Mid AmateursD\u00e9parts GP Seniors Golfs du Mt St Jean et le Rochat 13-14 septembre 2025 R\u00e8glement et inscription Classic Mid AmateursR\u00e9sultats R\u00e8glement et inscription Grand Prix SeniorsR\u00e9sultats SeniorsR\u00e9sultats Classic Mid-Amateur &amp; Grand Prix SeniorsGolf de Dijon Bourgogne 19\/20 juillet 2025 | [&hellip;]<\/p>\n","protected":false},"author":1,"featured_media":0,"parent":0,"menu_order":0,"comment_status":"closed","ping_status":"closed","template":"page-templates\/page-full-width.php","meta":{"footnotes":""},"class_list":["post-24","page","type-page","status-publish","hentry"],"jetpack_sharing_enabled":true,"_links":{"self":[{"href":"https:\/\/liguegolfbfc.org\/index.php\/wp-json\/wp\/v2\/pages\/24","targetHints":{"allow":["GET"]}}],"collection":[{"href":"https:\/\/liguegolfbfc.org\/index.php\/wp-json\/wp\/v2\/pages"}],"about":[{"href":"https:\/\/liguegolfbfc.org\/index.php\/wp-json\/wp\/v2\/types\/page"}],"author":[{"embeddable":true,"href":"https:\/\/liguegolfbfc.org\/index.php\/wp-json\/wp\/v2\/users\/1"}],"replies":[{"embeddable":true,"href":"https:\/\/liguegolfbfc.org\/index.php\/wp-json\/wp\/v2\/comments?post=24"}],"version-history":[{"count":49,"href":"https:\/\/liguegolfbfc.org\/index.php\/wp-json\/wp\/v2\/pages\/24\/revisions"}],"predecessor-version":[{"id":19060,"href":"https:\/\/liguegolfbfc.org\/index.php\/wp-json\/wp\/v2\/pages\/24\/revisions\/19060"}],"wp:attachment":[{"href":"https:\/\/liguegolfbfc.org\/index.php\/wp-json\/wp\/v2\/media?parent=24"}],"curies":[{"name":"wp","href":"https:\/\/api.w.org\/{rel}","templated":true}]}}