{"id":237,"date":"2020-03-10T12:55:47","date_gmt":"2020-03-10T11:55:47","guid":{"rendered":"http:\/\/liguegolfbfc.org\/?page_id=237"},"modified":"2025-04-17T09:30:56","modified_gmt":"2025-04-17T07:30:56","slug":"bourgogne-golf-chateau-de-chailly","status":"publish","type":"page","link":"https:\/\/liguegolfbfc.org\/index.php\/bourgogne-golf-chateau-de-chailly\/","title":{"rendered":"BOURGOGNE | GOLF DU CH\u00c2TEAU DE CHAILLY"},"content":{"rendered":"<div class=\"wp-block-image\">\n<figure class=\"alignright size-large\"><img loading=\"lazy\" decoding=\"async\" width=\"300\" height=\"300\" src=\"http:\/\/liguegolfbfc.org\/wp-content\/uploads\/2020\/04\/CHAILLY-ASCLUB.jpg\" alt=\"\" class=\"wp-image-1584\" srcset=\"https:\/\/liguegolfbfc.org\/wp-content\/uploads\/2020\/04\/CHAILLY-ASCLUB.jpg 300w, https:\/\/liguegolfbfc.org\/wp-content\/uploads\/2020\/04\/CHAILLY-ASCLUB-150x150.jpg 150w\" sizes=\"auto, (max-width: 300px) 100vw, 300px\" \/><\/figure><\/div>\n\n\n<p><strong>Golf du Ch\u00e2teau de Chailly<\/strong><\/p>\n\n\n\n<p>All\u00e9e du\nch\u00e2teau<\/p>\n\n\n\n<p>21320\nChailly-sur-Arman\u00e7on<\/p>\n\n\n\n<p>Tel :03 80 90 30 30<\/p>\n\n\n\n<p>Site web du Club : <a href=\"http:\/\/www.chailly.com\/fr\/\" target=\"_blank\" rel=\"noreferrer noopener\">www.chailly.com<\/a><\/p>\n\n\n\n<p>FaceBook : <a href=\"https:\/\/www.facebook.com\/ChateaudeChailly\/\" target=\"_blank\" rel=\"noreferrer noopener\">@ChateaudeChailly<\/a><\/p>\n\n\n\n<p>Site web <a rel=\"noreferrer noopener\" href=\"https:\/\/www.golfy.fr\/\" target=\"_blank\">GolfyCourse<\/a><\/p>\n\n\n\n<p><strong>Association Sportive<\/strong><\/p>\n\n\n\n<p>Le Pr\u00e9sident : <\/p>\n\n\n\n<p>Nombre de membres : 200 <\/p>\n\n\n\n<p><strong>Equipement<\/strong><\/p>\n\n\n\n<p>Parcours 18 trous.<\/p>\n\n\n\n<blockquote class=\"wp-block-quote is-layout-flow wp-block-quote-is-layout-flow\">\n<p>L\u2019H\u00f4tel Golf Ch\u00e2teau de Chailly vous accueille dans un cadre chaleureux et rempli d\u2019histoire ! Cette b\u00e2tisse du XVIe si\u00e8cle,&nbsp;devenue un h\u00f4tel 4*, vous propose 45 chambres et suites, 2 restaurants, un Spa Vin\u00e9sime &amp; Charme d\u2019Orient, un golf 18&nbsp;trous et des g\u00eetes.<br>\n<b>Nos gites <\/b>offrent deux alternatives de location. Nous proposons des appartements de 1 \u00e0 6 chambres dans notre annexe \u00ab&nbsp;Le Clos Champagnac&nbsp;\u00bb qui se situe \u00e0 deux pas de l\u2019H\u00f4tel Golf Ch\u00e2teau de Chailly et une villa avec 6 chambres \u00ab&nbsp;Les Roches&nbsp;\u00bb situ\u00e9e \u00e0 Mont-Saint-Jean, \u00e0 environ 15 minutes en voiture du Ch\u00e2teau. Les clients qui louent les appartements et\/ou la villa, peuvent profiter des prestations de notre Ch\u00e2teau 4*. Comme le golf, les&nbsp;soins, les d\u00e9gustations de vins. Ils seront \u00e9galement les bienvenus dans les restaurants et bars de l\u2019h\u00f4tel (pour un petit-d\u00e9jeuner,&nbsp;d\u00e9jeuner ou d\u00eener).<br>\n<b>Le Restaurant L\u2019Arman\u00e7on <\/b>offre une cuisine raffin\u00e9e autour de la gastronomie bourguignonne. <b>Le Bistrot le Rubillon<\/b>, est le lieu id\u00e9al pour savourer une cuisine simple et traditionnelle tout au long de la semaine mais \u00e9galement le dimanche autour de notre succulent brunch.\n<b>Le Spa Vin\u00e9sime et Charme d\u2019Orient<\/b> vient compl\u00e9ter cette atmosph\u00e8re de calme et de s\u00e9r\u00e9nit\u00e9 avec l\u2019espace jacuzzi, sauna, hammam, et fitness studio, mais \u00e9galement avec les nombreux massages et soins prodigu\u00e9s par notre praticienne. En \u00e9t\u00e9, profitez de la piscine ext\u00e9rieure chauff\u00e9e avec la vue sur le golf !<br>\n<b>Notre parcours de golf <\/b>est le terrain parfait pour tous les amateurs de ce sport : pro, joueurs confirm\u00e9s, d\u00e9butants ou m\u00eame les curieux ! Le parcours pr\u00e9sente un d\u00e9fi \u00e0 relever pour tous, nos pros sont pr\u00e9sents pour un cours, un perfectionnement ou m\u00eame une initiation.<br>\nCon\u00e7u par G\u00e9ry Watine et Thierry Sprecher, d\u00e9licatement arbor\u00e9 d\u2019une multitude d\u2019arbres et parfaitement entretenu, il offre un d\u00e9fi de taille \u00e0 relever quel que soit le niveau de celui qui le pratique. Bien que les mises en jeu restent relativement simples, les attaques de Green sont techniques et strat\u00e9giques. Les greens sont sur\u00e9lev\u00e9s et souvent d\u00e9fendus par de profonds bunkers. Un ruisseau sillonne tr\u00e8s discr\u00e8tement le Golf. Le travail minutieux de nos jardiniers se traduit par une qualit\u00e9 remarquable des greens et d\u2019une roule proche des standards du Circuit Europ\u00e9en. Les d\u00e9parts am\u00e9nag\u00e9s permettent des attaques de green plus courtes, ce qui rend le parcours accessible.<\/p>\n<\/blockquote>\n\n\n\n<p><\/p>\n\n\n\n<figure class=\"wp-block-gallery has-nested-images columns-default is-cropped wp-block-gallery-1 is-layout-flex wp-block-gallery-is-layout-flex\">\n<figure class=\"wp-block-image size-large\"><a href=\"https:\/\/liguegolfbfc.org\/wp-content\/uploads\/2020\/03\/CHAILLY-scaled.jpg\" data-rel=\"lightbox-gallery-WPwFkNrT\" data-rl_title=\"\" data-rl_caption=\"\" title=\"\"><img loading=\"lazy\" decoding=\"async\" width=\"1024\" height=\"568\" data-id=\"378\" src=\"https:\/\/liguegolfbfc.org\/wp-content\/uploads\/2020\/03\/CHAILLY-1024x568.jpg\" alt=\"\" class=\"wp-image-378\" srcset=\"https:\/\/liguegolfbfc.org\/wp-content\/uploads\/2020\/03\/CHAILLY-1024x568.jpg 1024w, https:\/\/liguegolfbfc.org\/wp-content\/uploads\/2020\/03\/CHAILLY-300x166.jpg 300w, https:\/\/liguegolfbfc.org\/wp-content\/uploads\/2020\/03\/CHAILLY-768x426.jpg 768w, https:\/\/liguegolfbfc.org\/wp-content\/uploads\/2020\/03\/CHAILLY-1536x852.jpg 1536w, https:\/\/liguegolfbfc.org\/wp-content\/uploads\/2020\/03\/CHAILLY-2048x1136.jpg 2048w\" sizes=\"auto, (max-width: 1024px) 100vw, 1024px\" \/><\/a><\/figure>\n\n\n\n<figure class=\"wp-block-image size-large\"><a href=\"https:\/\/liguegolfbfc.org\/wp-content\/uploads\/2020\/03\/Golf-15-Chailly-scaled.jpg\" data-rel=\"lightbox-gallery-WPwFkNrT\" data-rl_title=\"\" data-rl_caption=\"\" title=\"\"><img loading=\"lazy\" decoding=\"async\" width=\"1024\" height=\"572\" data-id=\"379\" src=\"https:\/\/liguegolfbfc.org\/wp-content\/uploads\/2020\/03\/Golf-15-Chailly-1024x572.jpg\" alt=\"\" class=\"wp-image-379\" srcset=\"https:\/\/liguegolfbfc.org\/wp-content\/uploads\/2020\/03\/Golf-15-Chailly-1024x572.jpg 1024w, https:\/\/liguegolfbfc.org\/wp-content\/uploads\/2020\/03\/Golf-15-Chailly-300x168.jpg 300w, https:\/\/liguegolfbfc.org\/wp-content\/uploads\/2020\/03\/Golf-15-Chailly-768x429.jpg 768w, https:\/\/liguegolfbfc.org\/wp-content\/uploads\/2020\/03\/Golf-15-Chailly-1536x859.jpg 1536w, https:\/\/liguegolfbfc.org\/wp-content\/uploads\/2020\/03\/Golf-15-Chailly-2048x1145.jpg 2048w\" sizes=\"auto, (max-width: 1024px) 100vw, 1024px\" \/><\/a><\/figure>\n\n\n\n<figure class=\"wp-block-image size-large\"><a href=\"https:\/\/liguegolfbfc.org\/wp-content\/uploads\/2020\/03\/Golf-17-CHAILLY-scaled.jpg\" data-rel=\"lightbox-gallery-WPwFkNrT\" data-rl_title=\"\" data-rl_caption=\"\" title=\"\"><img loading=\"lazy\" decoding=\"async\" width=\"1024\" height=\"545\" data-id=\"380\" src=\"https:\/\/liguegolfbfc.org\/wp-content\/uploads\/2020\/03\/Golf-17-CHAILLY-1024x545.jpg\" alt=\"\" class=\"wp-image-380\" srcset=\"https:\/\/liguegolfbfc.org\/wp-content\/uploads\/2020\/03\/Golf-17-CHAILLY-1024x545.jpg 1024w, https:\/\/liguegolfbfc.org\/wp-content\/uploads\/2020\/03\/Golf-17-CHAILLY-300x160.jpg 300w, https:\/\/liguegolfbfc.org\/wp-content\/uploads\/2020\/03\/Golf-17-CHAILLY-768x409.jpg 768w, https:\/\/liguegolfbfc.org\/wp-content\/uploads\/2020\/03\/Golf-17-CHAILLY-1536x817.jpg 1536w, https:\/\/liguegolfbfc.org\/wp-content\/uploads\/2020\/03\/Golf-17-CHAILLY-2048x1090.jpg 2048w\" sizes=\"auto, (max-width: 1024px) 100vw, 1024px\" \/><\/a><\/figure>\n\n\n\n<figure class=\"wp-block-image size-large\"><a href=\"https:\/\/liguegolfbfc.org\/wp-content\/uploads\/2020\/03\/Aerial-4-CHAILLY-scaled.jpg\" data-rel=\"lightbox-gallery-WPwFkNrT\" data-rl_title=\"\" data-rl_caption=\"\" title=\"\"><img loading=\"lazy\" decoding=\"async\" width=\"1024\" height=\"683\" data-id=\"381\" src=\"https:\/\/liguegolfbfc.org\/wp-content\/uploads\/2020\/03\/Aerial-4-CHAILLY-1024x683.jpg\" alt=\"\" class=\"wp-image-381\" srcset=\"https:\/\/liguegolfbfc.org\/wp-content\/uploads\/2020\/03\/Aerial-4-CHAILLY-1024x683.jpg 1024w, https:\/\/liguegolfbfc.org\/wp-content\/uploads\/2020\/03\/Aerial-4-CHAILLY-300x200.jpg 300w, https:\/\/liguegolfbfc.org\/wp-content\/uploads\/2020\/03\/Aerial-4-CHAILLY-768x512.jpg 768w, https:\/\/liguegolfbfc.org\/wp-content\/uploads\/2020\/03\/Aerial-4-CHAILLY-1536x1024.jpg 1536w, https:\/\/liguegolfbfc.org\/wp-content\/uploads\/2020\/03\/Aerial-4-CHAILLY-2048x1365.jpg 2048w, https:\/\/liguegolfbfc.org\/wp-content\/uploads\/2020\/03\/Aerial-4-CHAILLY-272x182.jpg 272w\" sizes=\"auto, (max-width: 1024px) 100vw, 1024px\" \/><\/a><\/figure>\n\n\n\n<figure class=\"wp-block-image size-large\"><a href=\"https:\/\/liguegolfbfc.org\/wp-content\/uploads\/2020\/03\/Golf-Hole-10-cCHAILLY-scaled.jpg\" data-rel=\"lightbox-gallery-WPwFkNrT\" data-rl_title=\"\" data-rl_caption=\"\" title=\"\"><img loading=\"lazy\" decoding=\"async\" width=\"1024\" height=\"683\" data-id=\"383\" src=\"https:\/\/liguegolfbfc.org\/wp-content\/uploads\/2020\/03\/Golf-Hole-10-cCHAILLY-1024x683.jpg\" alt=\"\" class=\"wp-image-383\" srcset=\"https:\/\/liguegolfbfc.org\/wp-content\/uploads\/2020\/03\/Golf-Hole-10-cCHAILLY-1024x683.jpg 1024w, https:\/\/liguegolfbfc.org\/wp-content\/uploads\/2020\/03\/Golf-Hole-10-cCHAILLY-300x200.jpg 300w, https:\/\/liguegolfbfc.org\/wp-content\/uploads\/2020\/03\/Golf-Hole-10-cCHAILLY-768x513.jpg 768w, https:\/\/liguegolfbfc.org\/wp-content\/uploads\/2020\/03\/Golf-Hole-10-cCHAILLY-1536x1025.jpg 1536w, https:\/\/liguegolfbfc.org\/wp-content\/uploads\/2020\/03\/Golf-Hole-10-cCHAILLY-2048x1367.jpg 2048w, https:\/\/liguegolfbfc.org\/wp-content\/uploads\/2020\/03\/Golf-Hole-10-cCHAILLY-272x182.jpg 272w\" sizes=\"auto, (max-width: 1024px) 100vw, 1024px\" \/><\/a><\/figure>\n<\/figure>\n\n\n\n<iframe loading=\"lazy\" width=\"100%\" height=\"450\" tabindex=\"0\" aria-hidden=\"false\" src=\"https:\/\/www.google.com\/maps\/embed?pb=!1m18!1m12!1m3!1d295423.0346196912!2d4.388585271674855!3d47.30786030307813!2m3!1f0!2f0!3f0!3m2!1i1024!2i768!4f13.1!3m3!1m2!1s0x47f2710cb9dfef6d%3A0xcff0d44eae123d4c!2sH%C3%B4tel%20Golf%20Ch%C3%A2teau%20de%20Chailly!5e0!3m2!1sfr!2sfr!4v1583915568214!5m2!1sfr!2sfr\" frameborder=\"0\" allowfullscreen=\"\" style=\"border:0;\"><\/iframe>\n","protected":false},"excerpt":{"rendered":"<p>Golf du Ch\u00e2teau de Chailly All\u00e9e du ch\u00e2teau 21320 Chailly-sur-Arman\u00e7on Tel :03 80 90 30 30 Site web du Club : www.chailly.com FaceBook : @ChateaudeChailly Site web GolfyCourse Association Sportive Le Pr\u00e9sident : Nombre de membres : 200 Equipement Parcours 18 trous. L\u2019H\u00f4tel Golf Ch\u00e2teau de Chailly vous accueille dans un cadre chaleureux et rempli [&hellip;]<\/p>\n","protected":false},"author":1,"featured_media":0,"parent":0,"menu_order":0,"comment_status":"closed","ping_status":"closed","template":"page-templates\/page-full-width.php","meta":{"footnotes":""},"class_list":["post-237","page","type-page","status-publish","hentry"],"jetpack_sharing_enabled":true,"_links":{"self":[{"href":"https:\/\/liguegolfbfc.org\/index.php\/wp-json\/wp\/v2\/pages\/237","targetHints":{"allow":["GET"]}}],"collection":[{"href":"https:\/\/liguegolfbfc.org\/index.php\/wp-json\/wp\/v2\/pages"}],"about":[{"href":"https:\/\/liguegolfbfc.org\/index.php\/wp-json\/wp\/v2\/types\/page"}],"author":[{"embeddable":true,"href":"https:\/\/liguegolfbfc.org\/index.php\/wp-json\/wp\/v2\/users\/1"}],"replies":[{"embeddable":true,"href":"https:\/\/liguegolfbfc.org\/index.php\/wp-json\/wp\/v2\/comments?post=237"}],"version-history":[{"count":16,"href":"https:\/\/liguegolfbfc.org\/index.php\/wp-json\/wp\/v2\/pages\/237\/revisions"}],"predecessor-version":[{"id":17506,"href":"https:\/\/liguegolfbfc.org\/index.php\/wp-json\/wp\/v2\/pages\/237\/revisions\/17506"}],"wp:attachment":[{"href":"https:\/\/liguegolfbfc.org\/index.php\/wp-json\/wp\/v2\/media?parent=237"}],"curies":[{"name":"wp","href":"https:\/\/api.w.org\/{rel}","templated":true}]}}