{"id":235,"date":"2020-03-10T12:55:24","date_gmt":"2020-03-10T11:55:24","guid":{"rendered":"http:\/\/liguegolfbfc.org\/?page_id=235"},"modified":"2024-11-22T12:31:44","modified_gmt":"2024-11-22T11:31:44","slug":"bourgogne-golf-de-venarey-les-laumes","status":"publish","type":"page","link":"https:\/\/liguegolfbfc.org\/index.php\/bourgogne-golf-de-venarey-les-laumes\/","title":{"rendered":"BOURGOGNE | GOLF DE VENAREY LES LAUMES"},"content":{"rendered":"<p><!--StartFragment--><\/p>\n\n<div class=\"wp-block-image\">\n<figure class=\"alignright size-large\"><img loading=\"lazy\" decoding=\"async\" width=\"300\" height=\"300\" src=\"http:\/\/liguegolfbfc.org\/wp-content\/uploads\/2020\/03\/VENAREY-LOGO.jpg\" alt=\"\" class=\"wp-image-910\" srcset=\"https:\/\/liguegolfbfc.org\/wp-content\/uploads\/2020\/03\/VENAREY-LOGO.jpg 300w, https:\/\/liguegolfbfc.org\/wp-content\/uploads\/2020\/03\/VENAREY-LOGO-150x150.jpg 150w\" sizes=\"auto, (max-width: 300px) 100vw, 300px\" \/><\/figure><\/div>\n\n\n<p><strong>Golf de Venarey les Laumes<\/strong><\/p>\n\n\n\n<p>Avenue Jean\nJaur\u00e8s<\/p>\n\n\n\n<p>21150\nVenarey-les-Laumes<\/p>\n\n\n\n<p>Tel : 03 80 96 16 41<\/p>\n\n\n\n<p>Site Web du Club : <a aria-label=\"golfdevenarey.jimdofree.com\/ (s\u2019ouvre dans un nouvel onglet)\" href=\"https:\/\/golfdevenarey.jimdofree.com\/\" target=\"_blank\" rel=\"noreferrer noopener\">golfdevenarey.jimdofree.com\/<\/a><\/p>\n\n\n\n<p>FaceBook : <a aria-label=\"www.facebook.com\/pages\/Golf-de-Venarey-les-Laumes\/ (s\u2019ouvre dans un nouvel onglet)\" href=\"https:\/\/www.facebook.com\/pages\/Golf-de-Venarey-les-Laumes\/1428197870586237\" target=\"_blank\" rel=\"noreferrer noopener\">www.facebook.com\/pages\/Golf-de-Venarey-les-Laumes\/<\/a><\/p>\n\n\n\n<p><strong>Association Sportive<\/strong><\/p>\n\n\n\n<p>Le Pr\u00e9sident : DAUMAIN Thierry<\/p>\n\n\n\n<p>Nombre de membres : 30<\/p>\n\n\n\n<p><strong>Equipement<\/strong><\/p>\n\n\n\n<p>Parcours compact 7 trous<\/p>\n\n\n\n<blockquote class=\"wp-block-quote is-layout-flow wp-block-quote-is-layout-flow\">\n<p>Situ\u00e9 au pied du Mont Auxois, lieu de la c\u00e9l\u00e8bre bataille d&rsquo;Al\u00e9sia, le Golf de Venarey est un parcours de proximit\u00e9 accessible aux joueurs de tous niveaux. La vocation du club est de faire d\u00e9couvrir ce sport au plus grand nombre par son c\u00f4t\u00e9 convivial et ses tarifs mod\u00e9r\u00e9s. C&rsquo;est un parcours rustique homologu\u00e9 compos\u00e9 de 7 trous d&rsquo;une longueur totale de 2075m de par 27, dont la particularit\u00e9 est d&rsquo;\u00eatre entour\u00e9 par une rivi\u00e8re, la Brenne, qui borde le terrain. Les distances sont relativement courtes, mais la pr\u00e9cision est de rigueur car les greens ne sont pas vastes mais sont tr\u00e8s d\u00e9fendus. Ce 7 trous distincts nous permet d&rsquo;en faire soit un 9 trous soit un 18 trous en jouant plusieurs fois certains trous. Vous jouez sous le regard bienveillant de Vercing\u00e9torix dont on peut apercevoir la magnifique statue depuis le parcours. <\/p>\n<\/blockquote>\n\n\n\n<figure class=\"wp-block-gallery has-nested-images columns-default is-cropped wp-block-gallery-1 is-layout-flex wp-block-gallery-is-layout-flex\">\n<figure class=\"wp-block-image size-large\"><a href=\"https:\/\/liguegolfbfc.org\/wp-content\/uploads\/2020\/03\/Trou-9.jpg\" data-rel=\"lightbox-gallery-93Ml2VCY\" data-rl_title=\"\" data-rl_caption=\"\" title=\"\"><img loading=\"lazy\" decoding=\"async\" width=\"640\" height=\"480\" data-id=\"904\" src=\"https:\/\/liguegolfbfc.org\/wp-content\/uploads\/2020\/03\/Trou-9.jpg\" alt=\"\" class=\"wp-image-904\" srcset=\"https:\/\/liguegolfbfc.org\/wp-content\/uploads\/2020\/03\/Trou-9.jpg 640w, https:\/\/liguegolfbfc.org\/wp-content\/uploads\/2020\/03\/Trou-9-300x225.jpg 300w\" sizes=\"auto, (max-width: 640px) 100vw, 640px\" \/><\/a><\/figure>\n\n\n\n<figure class=\"wp-block-image size-large\"><a href=\"https:\/\/liguegolfbfc.org\/wp-content\/uploads\/2020\/03\/Vue_aerienne_1.jpg\" data-rel=\"lightbox-gallery-93Ml2VCY\" data-rl_title=\"\" data-rl_caption=\"\" title=\"\"><img loading=\"lazy\" decoding=\"async\" width=\"1024\" height=\"576\" data-id=\"905\" src=\"https:\/\/liguegolfbfc.org\/wp-content\/uploads\/2020\/03\/Vue_aerienne_1-1024x576.jpg\" alt=\"\" class=\"wp-image-905\" srcset=\"https:\/\/liguegolfbfc.org\/wp-content\/uploads\/2020\/03\/Vue_aerienne_1-1024x576.jpg 1024w, https:\/\/liguegolfbfc.org\/wp-content\/uploads\/2020\/03\/Vue_aerienne_1-300x169.jpg 300w, https:\/\/liguegolfbfc.org\/wp-content\/uploads\/2020\/03\/Vue_aerienne_1-768x432.jpg 768w, https:\/\/liguegolfbfc.org\/wp-content\/uploads\/2020\/03\/Vue_aerienne_1.jpg 1365w\" sizes=\"auto, (max-width: 1024px) 100vw, 1024px\" \/><\/a><\/figure>\n\n\n\n<figure class=\"wp-block-image size-large\"><a href=\"https:\/\/liguegolfbfc.org\/wp-content\/uploads\/2020\/03\/Club-house-14.jpg\" data-rel=\"lightbox-gallery-93Ml2VCY\" data-rl_title=\"\" data-rl_caption=\"\" title=\"\"><img loading=\"lazy\" decoding=\"async\" width=\"768\" height=\"1024\" data-id=\"906\" src=\"https:\/\/liguegolfbfc.org\/wp-content\/uploads\/2020\/03\/Club-house-14.jpg\" alt=\"\" class=\"wp-image-906\" srcset=\"https:\/\/liguegolfbfc.org\/wp-content\/uploads\/2020\/03\/Club-house-14.jpg 768w, https:\/\/liguegolfbfc.org\/wp-content\/uploads\/2020\/03\/Club-house-14-225x300.jpg 225w\" sizes=\"auto, (max-width: 768px) 100vw, 768px\" \/><\/a><\/figure>\n<\/figure>\n\n\n\n<iframe loading=\"lazy\" width=\"100%\" height=\"450\" tabindex=\"0\" aria-hidden=\"false\" src=\"https:\/\/www.google.com\/maps\/embed?pb=!1m18!1m12!1m3!1d245765.16644873103!2d4.4403603873407995!3d47.49356359888419!2m3!1f0!2f0!3f0!3m2!1i1024!2i768!4f13.1!3m3!1m2!1s0x47eded377a0f5b39%3A0x2ba0fb8a12da99d!2sGolf%20de%20Venarey%20les%20Laumes!5e0!3m2!1sfr!2sfr!4v1584698560770!5m2!1sfr!2sfr\" frameborder=\"0\" allowfullscreen=\"\" style=\"border:0;\"><\/iframe>\n","protected":false},"excerpt":{"rendered":"<p>Golf de Venarey les Laumes Avenue Jean Jaur\u00e8s 21150 Venarey-les-Laumes Tel : 03 80 96 16 41 Site Web du Club : golfdevenarey.jimdofree.com\/ FaceBook : www.facebook.com\/pages\/Golf-de-Venarey-les-Laumes\/ Association Sportive Le Pr\u00e9sident : DAUMAIN Thierry Nombre de membres : 30 Equipement Parcours compact 7 trous Situ\u00e9 au pied du Mont Auxois, lieu de la c\u00e9l\u00e8bre bataille d&rsquo;Al\u00e9sia, [&hellip;]<\/p>\n","protected":false},"author":1,"featured_media":0,"parent":0,"menu_order":0,"comment_status":"closed","ping_status":"closed","template":"page-templates\/page-full-width.php","meta":{"footnotes":""},"class_list":["post-235","page","type-page","status-publish","hentry"],"jetpack_sharing_enabled":true,"_links":{"self":[{"href":"https:\/\/liguegolfbfc.org\/index.php\/wp-json\/wp\/v2\/pages\/235","targetHints":{"allow":["GET"]}}],"collection":[{"href":"https:\/\/liguegolfbfc.org\/index.php\/wp-json\/wp\/v2\/pages"}],"about":[{"href":"https:\/\/liguegolfbfc.org\/index.php\/wp-json\/wp\/v2\/types\/page"}],"author":[{"embeddable":true,"href":"https:\/\/liguegolfbfc.org\/index.php\/wp-json\/wp\/v2\/users\/1"}],"replies":[{"embeddable":true,"href":"https:\/\/liguegolfbfc.org\/index.php\/wp-json\/wp\/v2\/comments?post=235"}],"version-history":[{"count":11,"href":"https:\/\/liguegolfbfc.org\/index.php\/wp-json\/wp\/v2\/pages\/235\/revisions"}],"predecessor-version":[{"id":16157,"href":"https:\/\/liguegolfbfc.org\/index.php\/wp-json\/wp\/v2\/pages\/235\/revisions\/16157"}],"wp:attachment":[{"href":"https:\/\/liguegolfbfc.org\/index.php\/wp-json\/wp\/v2\/media?parent=235"}],"curies":[{"name":"wp","href":"https:\/\/api.w.org\/{rel}","templated":true}]}}