{"id":221,"date":"2020-03-10T12:46:55","date_gmt":"2020-03-10T11:46:55","guid":{"rendered":"http:\/\/liguegolfbfc.org\/?page_id=221"},"modified":"2020-04-08T13:09:25","modified_gmt":"2020-04-08T11:09:25","slug":"bourgogne-golf-montceau-les-mines","status":"publish","type":"page","link":"https:\/\/liguegolfbfc.org\/index.php\/bourgogne-golf-montceau-les-mines\/","title":{"rendered":"BOURGOGNE | GOLF DE MONTCEAU LES MINES"},"content":{"rendered":"\n<div class=\"wp-block-image\"><figure class=\"alignright size-large\"><img loading=\"lazy\" decoding=\"async\" width=\"300\" height=\"300\" src=\"http:\/\/liguegolfbfc.org\/wp-content\/uploads\/2020\/03\/LOGO-MONTCEAU-LES-MINES.jpg\" alt=\"\" class=\"wp-image-953\" srcset=\"https:\/\/liguegolfbfc.org\/wp-content\/uploads\/2020\/03\/LOGO-MONTCEAU-LES-MINES.jpg 300w, https:\/\/liguegolfbfc.org\/wp-content\/uploads\/2020\/03\/LOGO-MONTCEAU-LES-MINES-150x150.jpg 150w\" sizes=\"auto, (max-width: 300px) 100vw, 300px\" \/><\/figure><\/div>\n\n\n\n<p><strong>GOLF Municipal de Montceau les Mines<\/strong><\/p>\n\n\n\n<p>Boulevard Saint-Louis<\/p>\n\n\n\n<p>71300\nMontceau-les-Mines<\/p>\n\n\n\n<p>Tel : 03 85 58 38 88<\/p>\n\n\n\n<p>Site web du Club :  <a href=\"https:\/\/www.asgolf71montceau.fr\/\" target=\"_blank\" rel=\"noreferrer noopener\">www.asgolf71montceau.fr\/<\/a><\/p>\n\n\n\n<p>e-mail :   <a href=\"http:\/\/golf.montceaulesmines@ wanadoo.fr\">golf.montceaulesmines@ wanadoo.fr  <\/a><\/p>\n\n\n\n<p><strong>Association Sportive<\/strong><\/p>\n\n\n\n<p>Le Pr\u00e9sident : DURIX Fr\u00e9d\u00e9ric<\/p>\n\n\n\n<p>Nombre de membres : 235 <\/p>\n\n\n\n<p>Facebook : nc<\/p>\n\n\n\n<p><strong>Equipement<\/strong><\/p>\n\n\n\n<p>Parcours compact 6 trous.<\/p>\n\n\n\n<figure class=\"wp-block-gallery columns-2 is-cropped wp-block-gallery-1 is-layout-flex wp-block-gallery-is-layout-flex\"><ul class=\"blocks-gallery-grid\"><li class=\"blocks-gallery-item\"><figure><a href=\"http:\/\/liguegolfbfc.org\/wp-content\/uploads\/2020\/03\/20170610_095400.jpg\" data-rel=\"lightbox-gallery-xRM63M9a\" data-rl_title=\"\" data-rl_caption=\"\" title=\"\"><img loading=\"lazy\" decoding=\"async\" width=\"640\" height=\"360\" src=\"http:\/\/liguegolfbfc.org\/wp-content\/uploads\/2020\/03\/20170610_095400.jpg\" alt=\"\" data-id=\"946\" data-link=\"http:\/\/liguegolfbfc.org\/index.php\/bourgogne-golf-montceau-les-mines\/20170610_095400\/\" class=\"wp-image-946\" srcset=\"https:\/\/liguegolfbfc.org\/wp-content\/uploads\/2020\/03\/20170610_095400.jpg 640w, https:\/\/liguegolfbfc.org\/wp-content\/uploads\/2020\/03\/20170610_095400-300x169.jpg 300w\" sizes=\"auto, (max-width: 640px) 100vw, 640px\" \/><\/a><\/figure><\/li><li class=\"blocks-gallery-item\"><figure><a href=\"http:\/\/liguegolfbfc.org\/wp-content\/uploads\/2020\/03\/20171007_105118.jpg\" data-rel=\"lightbox-gallery-xRM63M9a\" data-rl_title=\"\" data-rl_caption=\"\" title=\"\"><img loading=\"lazy\" decoding=\"async\" width=\"480\" height=\"270\" src=\"http:\/\/liguegolfbfc.org\/wp-content\/uploads\/2020\/03\/20171007_105118.jpg\" alt=\"\" data-id=\"947\" data-link=\"http:\/\/liguegolfbfc.org\/index.php\/bourgogne-golf-montceau-les-mines\/20171007_105118\/\" class=\"wp-image-947\" srcset=\"https:\/\/liguegolfbfc.org\/wp-content\/uploads\/2020\/03\/20171007_105118.jpg 480w, https:\/\/liguegolfbfc.org\/wp-content\/uploads\/2020\/03\/20171007_105118-300x169.jpg 300w\" sizes=\"auto, (max-width: 480px) 100vw, 480px\" \/><\/a><\/figure><\/li><li class=\"blocks-gallery-item\"><figure><a href=\"http:\/\/liguegolfbfc.org\/wp-content\/uploads\/2020\/03\/IMG_1161.jpg\" data-rel=\"lightbox-gallery-xRM63M9a\" data-rl_title=\"\" data-rl_caption=\"\" title=\"\"><img loading=\"lazy\" decoding=\"async\" width=\"640\" height=\"292\" src=\"http:\/\/liguegolfbfc.org\/wp-content\/uploads\/2020\/03\/IMG_1161.jpg\" alt=\"\" data-id=\"948\" data-full-url=\"http:\/\/liguegolfbfc.org\/wp-content\/uploads\/2020\/03\/IMG_1161.jpg\" data-link=\"http:\/\/liguegolfbfc.org\/index.php\/bourgogne-golf-montceau-les-mines\/img_1161\/\" class=\"wp-image-948\" srcset=\"https:\/\/liguegolfbfc.org\/wp-content\/uploads\/2020\/03\/IMG_1161.jpg 640w, https:\/\/liguegolfbfc.org\/wp-content\/uploads\/2020\/03\/IMG_1161-300x137.jpg 300w\" sizes=\"auto, (max-width: 640px) 100vw, 640px\" \/><\/a><\/figure><\/li><li class=\"blocks-gallery-item\"><figure><a href=\"http:\/\/liguegolfbfc.org\/wp-content\/uploads\/2020\/03\/IMG_1362.jpg\" data-rel=\"lightbox-gallery-xRM63M9a\" data-rl_title=\"\" data-rl_caption=\"\" title=\"\"><img loading=\"lazy\" decoding=\"async\" width=\"468\" height=\"217\" src=\"http:\/\/liguegolfbfc.org\/wp-content\/uploads\/2020\/03\/IMG_1362.jpg\" alt=\"\" data-id=\"949\" data-full-url=\"http:\/\/liguegolfbfc.org\/wp-content\/uploads\/2020\/03\/IMG_1362.jpg\" data-link=\"http:\/\/liguegolfbfc.org\/index.php\/bourgogne-golf-montceau-les-mines\/img_1362\/\" class=\"wp-image-949\" srcset=\"https:\/\/liguegolfbfc.org\/wp-content\/uploads\/2020\/03\/IMG_1362.jpg 468w, https:\/\/liguegolfbfc.org\/wp-content\/uploads\/2020\/03\/IMG_1362-300x139.jpg 300w\" sizes=\"auto, (max-width: 468px) 100vw, 468px\" \/><\/a><\/figure><\/li><\/ul><\/figure>\n\n\n\n<iframe loading=\"lazy\" width=\"100%\" height=\"450\" tabindex=\"0\" aria-hidden=\"false\" src=\"https:\/\/www.google.com\/maps\/embed?pb=!1m18!1m12!1m3!1d208242.0346026931!2d4.308018427354392!3d46.70388183463821!2m3!1f0!2f0!3f0!3m2!1i1024!2i768!4f13.1!3m3!1m2!1s0x12c9c036d429bfb7%3A0x21f194a9bc805291!2sGolf%20Public%20de%20Montceau!5e0!3m2!1sfr!2sfr!4v1585045188619!5m2!1sfr!2sfr\" frameborder=\"0\" allowfullscreen=\"\" style=\"border:0;\"><\/iframe>\n","protected":false},"excerpt":{"rendered":"<p>GOLF Municipal de Montceau les Mines Boulevard Saint-Louis 71300 Montceau-les-Mines Tel : 03 85 58 38 88 Site web du Club : www.asgolf71montceau.fr\/ e-mail : golf.montceaulesmines@ wanadoo.fr Association Sportive Le Pr\u00e9sident : DURIX Fr\u00e9d\u00e9ric Nombre de membres : 235 Facebook : nc Equipement Parcours compact 6 trous.<\/p>\n","protected":false},"author":1,"featured_media":0,"parent":0,"menu_order":0,"comment_status":"closed","ping_status":"closed","template":"page-templates\/page-full-width.php","meta":{"footnotes":""},"class_list":["post-221","page","type-page","status-publish","hentry"],"jetpack_sharing_enabled":true,"_links":{"self":[{"href":"https:\/\/liguegolfbfc.org\/index.php\/wp-json\/wp\/v2\/pages\/221","targetHints":{"allow":["GET"]}}],"collection":[{"href":"https:\/\/liguegolfbfc.org\/index.php\/wp-json\/wp\/v2\/pages"}],"about":[{"href":"https:\/\/liguegolfbfc.org\/index.php\/wp-json\/wp\/v2\/types\/page"}],"author":[{"embeddable":true,"href":"https:\/\/liguegolfbfc.org\/index.php\/wp-json\/wp\/v2\/users\/1"}],"replies":[{"embeddable":true,"href":"https:\/\/liguegolfbfc.org\/index.php\/wp-json\/wp\/v2\/comments?post=221"}],"version-history":[{"count":14,"href":"https:\/\/liguegolfbfc.org\/index.php\/wp-json\/wp\/v2\/pages\/221\/revisions"}],"predecessor-version":[{"id":1832,"href":"https:\/\/liguegolfbfc.org\/index.php\/wp-json\/wp\/v2\/pages\/221\/revisions\/1832"}],"wp:attachment":[{"href":"https:\/\/liguegolfbfc.org\/index.php\/wp-json\/wp\/v2\/media?parent=221"}],"curies":[{"name":"wp","href":"https:\/\/api.w.org\/{rel}","templated":true}]}}