{"id":19596,"date":"2026-02-17T16:50:43","date_gmt":"2026-02-17T15:50:43","guid":{"rendered":"https:\/\/liguegolfbfc.org\/?page_id=19596"},"modified":"2026-03-20T13:29:57","modified_gmt":"2026-03-20T12:29:57","slug":"junior-series-2","status":"publish","type":"page","link":"https:\/\/liguegolfbfc.org\/index.php\/junior-series-2\/","title":{"rendered":"JUNIOR SERIES"},"content":{"rendered":"\n<h1 class=\"wp-block-heading\"><strong>JUNIOR SERIES FFGOLF<\/strong><\/h1>\n\n\n\n<p><strong>Ann\u00e9e 2026<\/strong><\/p>\n\n\n\n<p>La F\u00e9d\u00e9ration fran\u00e7aise de golf est heureuse de vous annoncer le&nbsp;<strong>lancement de l\u2019\u00e9dition 2026<\/strong>&nbsp;des&nbsp;<strong>JUNIOR SERIES FFGOLF<\/strong>. A partir de cette ann\u00e9e et pour 2 ans, M<strong>artin Couvra, Rookie de l\u2019ann\u00e9e 2025 sur le DP World Tour<\/strong>&nbsp;sera le nouveau parrain des&nbsp;<strong>JUNIOR SERIES FFGOLF<\/strong>.<\/p>\n\n\n\n<p>Ce projet, lanc\u00e9 il y a quatre ans, visant \u00e0 d\u00e9velopper la pratique comp\u00e9titive de nos jeunes joueurs inscrits \u00e0 l\u2019\u00e9cole de golf est ouvert exclusivement aux \u00e9coles de golf labellis\u00e9es.<\/p>\n\n\n\n<p>Chaque club qui souhaite s\u2019inscrire aux&nbsp;<strong>JUNIOR SERIES 2026<\/strong>&nbsp;s\u2019engage \u00e0&nbsp;<strong>organiser au moins 6 tours de comp\u00e9tition<\/strong>,&nbsp;<strong><u>dans la formule de jeu score maximum obligatoirement<\/u><\/strong>, sur 9 trous entre le 1<sup>er<\/sup>&nbsp;mars et le 30 novembre 2026, conform\u00e9ment au&nbsp;<strong>GUIDE DE L\u2019ORGANISATEUR<\/strong>&nbsp;que vous trouverez&nbsp;<a href=\"https:\/\/files.ffgolf.org\/xnet\/docs\/prod\/jeunes-scolaires-universitaires\/Guide_de_l_organisateur_2026.pdf\"><strong>sur ce lien<\/strong><\/a>&nbsp;et que nous vous encourageons \u00e0 lire avant de vous inscrire.<\/p>\n\n\n\n<p>Les \u00e9coles de golf souhaitant participer doivent s\u2019inscrire \u00e0 partir du lien suivant :&nbsp;<br><a href=\"https:\/\/ffgolf.typeform.com\/to\/JgHAQl9Q\">https:\/\/ffgolf.typeform.com\/to\/JgHAQl9Q<\/a><\/p>\n\n\n\n<p>La cl\u00f4ture des inscriptions est fix\u00e9e au&nbsp;<strong>27 f\u00e9vrier 2026<\/strong>&nbsp;\u00e0 minuit.<\/p>\n\n\n\n<p>Vous pourrez consulter chaque jour, sur Extranet, menu&nbsp;<em>Documentations \/ Jeunes \/ Junior Series,<\/em>&nbsp;la liste des clubs dont l\u2019inscription est valid\u00e9e.<\/p>\n\n\n\n<p><strong>Les clubs dont l\u2019inscription aura \u00e9t\u00e9 valid\u00e9e recevront, \u00e0 la fin du mois de f\u00e9vrier, le kit de communication avec les \u00e9l\u00e9ments \u00e0 afficher sur le panneau de l\u2019\u00e9cole de golf et courant septembre la dotation f\u00e9d\u00e9rale permettant aux clubs de r\u00e9compenser les participants, pour les clubs qui auront respect\u00e9 les crit\u00e8res d\u2019envoi de cette dotation.<\/strong><\/p>\n\n\n\n<p>La candidature des clubs inscrits en 2025, n\u2019ayant pas respect\u00e9 le minimum de 6 \u00e9preuves \u00e0 organiser et la formule de jeu \u00ab&nbsp;score maximum&nbsp;\u00bb, sera soumise \u00e0 l\u2019approbation de la ligue et du groupe projet Jeunes de la ffgolf.&nbsp;<\/p>\n\n\n\n<div class=\"wp-block-columns is-layout-flex wp-container-core-columns-is-layout-9d6595d7 wp-block-columns-is-layout-flex\">\n<div class=\"wp-block-column is-layout-flow wp-block-column-is-layout-flow\">\n<figure class=\"wp-block-image size-large\"><img loading=\"lazy\" decoding=\"async\" width=\"709\" height=\"1024\" src=\"https:\/\/liguegolfbfc.org\/wp-content\/uploads\/2026\/03\/Junior_Series_2026.Affiches-junior-series-2026_page-0001-709x1024.jpg\" alt=\"\" class=\"wp-image-19672\" srcset=\"https:\/\/liguegolfbfc.org\/wp-content\/uploads\/2026\/03\/Junior_Series_2026.Affiches-junior-series-2026_page-0001-709x1024.jpg 709w, https:\/\/liguegolfbfc.org\/wp-content\/uploads\/2026\/03\/Junior_Series_2026.Affiches-junior-series-2026_page-0001-208x300.jpg 208w, https:\/\/liguegolfbfc.org\/wp-content\/uploads\/2026\/03\/Junior_Series_2026.Affiches-junior-series-2026_page-0001-768x1109.jpg 768w, https:\/\/liguegolfbfc.org\/wp-content\/uploads\/2026\/03\/Junior_Series_2026.Affiches-junior-series-2026_page-0001-1063x1536.jpg 1063w, https:\/\/liguegolfbfc.org\/wp-content\/uploads\/2026\/03\/Junior_Series_2026.Affiches-junior-series-2026_page-0001.jpg 1125w\" sizes=\"auto, (max-width: 709px) 100vw, 709px\" \/><\/figure>\n<\/div>\n\n\n\n<div class=\"wp-block-column is-layout-flow wp-block-column-is-layout-flow\">\n<figure class=\"wp-block-image size-large\"><img loading=\"lazy\" decoding=\"async\" width=\"709\" height=\"1024\" src=\"https:\/\/liguegolfbfc.org\/wp-content\/uploads\/2026\/03\/Junior_Series_2026.Affiches-junior-series-2026_page-0002-709x1024.jpg\" alt=\"\" class=\"wp-image-19673\" srcset=\"https:\/\/liguegolfbfc.org\/wp-content\/uploads\/2026\/03\/Junior_Series_2026.Affiches-junior-series-2026_page-0002-709x1024.jpg 709w, https:\/\/liguegolfbfc.org\/wp-content\/uploads\/2026\/03\/Junior_Series_2026.Affiches-junior-series-2026_page-0002-208x300.jpg 208w, https:\/\/liguegolfbfc.org\/wp-content\/uploads\/2026\/03\/Junior_Series_2026.Affiches-junior-series-2026_page-0002-768x1109.jpg 768w, https:\/\/liguegolfbfc.org\/wp-content\/uploads\/2026\/03\/Junior_Series_2026.Affiches-junior-series-2026_page-0002-1063x1536.jpg 1063w, https:\/\/liguegolfbfc.org\/wp-content\/uploads\/2026\/03\/Junior_Series_2026.Affiches-junior-series-2026_page-0002.jpg 1125w\" sizes=\"auto, (max-width: 709px) 100vw, 709px\" \/><\/figure>\n<\/div>\n<\/div>\n\n\n\n<hr class=\"wp-block-separator has-alpha-channel-opacity\"\/>\n","protected":false},"excerpt":{"rendered":"<p>JUNIOR SERIES FFGOLF Ann\u00e9e 2026 La F\u00e9d\u00e9ration fran\u00e7aise de golf est heureuse de vous annoncer le&nbsp;lancement de l\u2019\u00e9dition 2026&nbsp;des&nbsp;JUNIOR SERIES FFGOLF. A partir de cette ann\u00e9e et pour 2 ans, Martin Couvra, Rookie de l\u2019ann\u00e9e 2025 sur le DP World Tour&nbsp;sera le nouveau parrain des&nbsp;JUNIOR SERIES FFGOLF. Ce projet, lanc\u00e9 il y a quatre ans, [&hellip;]<\/p>\n","protected":false},"author":1,"featured_media":0,"parent":0,"menu_order":0,"comment_status":"closed","ping_status":"closed","template":"","meta":{"footnotes":""},"class_list":["post-19596","page","type-page","status-publish","hentry"],"jetpack_sharing_enabled":true,"_links":{"self":[{"href":"https:\/\/liguegolfbfc.org\/index.php\/wp-json\/wp\/v2\/pages\/19596","targetHints":{"allow":["GET"]}}],"collection":[{"href":"https:\/\/liguegolfbfc.org\/index.php\/wp-json\/wp\/v2\/pages"}],"about":[{"href":"https:\/\/liguegolfbfc.org\/index.php\/wp-json\/wp\/v2\/types\/page"}],"author":[{"embeddable":true,"href":"https:\/\/liguegolfbfc.org\/index.php\/wp-json\/wp\/v2\/users\/1"}],"replies":[{"embeddable":true,"href":"https:\/\/liguegolfbfc.org\/index.php\/wp-json\/wp\/v2\/comments?post=19596"}],"version-history":[{"count":4,"href":"https:\/\/liguegolfbfc.org\/index.php\/wp-json\/wp\/v2\/pages\/19596\/revisions"}],"predecessor-version":[{"id":19937,"href":"https:\/\/liguegolfbfc.org\/index.php\/wp-json\/wp\/v2\/pages\/19596\/revisions\/19937"}],"wp:attachment":[{"href":"https:\/\/liguegolfbfc.org\/index.php\/wp-json\/wp\/v2\/media?parent=19596"}],"curies":[{"name":"wp","href":"https:\/\/api.w.org\/{rel}","templated":true}]}}