{"id":19338,"date":"2026-01-21T11:09:55","date_gmt":"2026-01-21T10:09:55","guid":{"rendered":"https:\/\/liguegolfbfc.org\/?page_id=19338"},"modified":"2026-01-30T10:22:40","modified_gmt":"2026-01-30T09:22:40","slug":"bourse-au-club","status":"publish","type":"page","link":"https:\/\/liguegolfbfc.org\/index.php\/bourse-au-club\/","title":{"rendered":"Bourse au mat\u00e9riel"},"content":{"rendered":"\n<p>Vendez, achetez ou donnez du mat\u00e9riel de golf entre licenci\u00e9s, simplement et en toute transparence.<br>Les annonces sont publi\u00e9es sur notre boutique HelloAsso \u00ab&nbsp;<strong>Les offres<\/strong>&nbsp;\u00bb.<\/p>\n\n\n\n<div class=\"wp-block-buttons is-content-justification-center is-layout-flex wp-container-core-buttons-is-layout-16018d1d wp-block-buttons-is-layout-flex\">\n<div class=\"wp-block-button\"><a class=\"wp-block-button__link has-text-align-center wp-element-button\" href=\"https:\/\/www.helloasso.com\/associations\/ligue-de-golf-bourgogne-franche-comte\/boutiques\/bourse-au-materiel\"><strong><em>Acc\u00e9der aux annonces HelloAsso<\/em><\/strong><\/a><\/div>\n<\/div>\n\n\n\n<h2 class=\"wp-block-heading has-text-align-center\"><strong>Comment \u00e7a marche ?<\/strong><\/h2>\n\n\n\n<h3 class=\"wp-block-heading\">Je veux acheter<\/h3>\n\n\n\n<ol class=\"wp-block-list\">\n<li>Consulte les annonces sur HelloAsso<\/li>\n\n\n\n<li>Contacte la Ligue pour infos et organisation<\/li>\n\n\n\n<li>Paiement en ligne (ou directement entre vous)<\/li>\n\n\n\n<li>Une fois valid\u00e9 : r\u00e9cup\u00e9ration du mat\u00e9riel entre acheteur et vendeur<\/li>\n<\/ol>\n\n\n\n<h3 class=\"wp-block-heading\">Je veux vendre \/ donner<\/h3>\n\n\n\n<ol class=\"wp-block-list\">\n<li>Envoie ton annonce \u00e0 :&nbsp;<a>contact@liguegolfbfc.org<\/a><\/li>\n\n\n\n<li>La Ligue publie ton annonce sur HelloAsso<\/li>\n\n\n\n<li>D\u00e8s que c\u2019est vendu \/ donn\u00e9 : tu nous confirmes la vente du mat\u00e9riel<\/li>\n<\/ol>\n\n\n\n<h2 class=\"wp-block-heading has-text-align-center\">D\u00e9poser une annonce<\/h2>\n\n\n\n<p><strong>Envoi des informations \u00e0 :<\/strong>&nbsp;<a>contact@liguegolfbfc.org<\/a><\/p>\n\n\n\n<h3 class=\"wp-block-heading\">Informations obligatoires<\/h3>\n\n\n\n<ul class=\"wp-block-list\">\n<li><strong>1 photo du mat\u00e9riel<\/strong><\/li>\n\n\n\n<li><strong>Descriptif complet<\/strong>&nbsp;<em>(type, marque, mod\u00e8le, taille, \u00e9tat, accessoires\u2026)<\/em><\/li>\n\n\n\n<li><strong>D\u00e9partement du vendeur<\/strong><\/li>\n\n\n\n<li><strong>Prix<\/strong>&nbsp;<em>(prix fix\u00e9 \/ prix libre \/ don)<\/em><\/li>\n\n\n\n<li><strong>Nom \/ Pr\u00e9nom<\/strong><\/li>\n\n\n\n<li><strong>Mail<\/strong><\/li>\n\n\n\n<li><strong>T\u00e9l\u00e9phone portable<\/strong><\/li>\n<\/ul>\n\n\n\n<p><strong>Mise en ligne :<\/strong>\u00a0l\u2019annonce est publi\u00e9e sur HelloAsso<br><strong>Retrait :<\/strong>\u00a0l&rsquo;annonce est supprim\u00e9e d\u00e8s que tu nous confirmes que c\u2019est vendu\/donn\u00e9<\/p>\n\n\n\n<p>Le prix de vente peut \u00eatre transform\u00e9 en&nbsp;<strong>don \u00e0 la Ligue<\/strong>.<br>Ce don peut faire l\u2019objet d\u2019un&nbsp;<strong>re\u00e7u fiscal<\/strong><\/p>\n\n\n\n<ul class=\"wp-block-list\">\n<li>La Ligue publie les annonces, mais la r\u00e9cup\u00e9ration du mat\u00e9riel se fait entre vendeur et acheteur.<\/li>\n<\/ul>\n\n\n\n<ul class=\"wp-block-list\">\n<li>Merci de fournir un descriptif le plus pr\u00e9cis possible.<\/li>\n<\/ul>\n\n\n\n<ul class=\"wp-block-list\">\n<li>Si votre mat\u00e9riel est vendu : pr\u00e9venez rapidement la Ligue afin que l\u2019annonce soit retir\u00e9e.<\/li>\n<\/ul>\n\n\n\n<p><\/p>\n","protected":false},"excerpt":{"rendered":"<p>Vendez, achetez ou donnez du mat\u00e9riel de golf entre licenci\u00e9s, simplement et en toute transparence.Les annonces sont publi\u00e9es sur notre boutique HelloAsso \u00ab&nbsp;Les offres&nbsp;\u00bb. Comment \u00e7a marche ? Je veux acheter Je veux vendre \/ donner D\u00e9poser une annonce Envoi des informations \u00e0 :&nbsp;contact@liguegolfbfc.org Informations obligatoires Mise en ligne :\u00a0l\u2019annonce est publi\u00e9e sur HelloAssoRetrait :\u00a0l&rsquo;annonce [&hellip;]<\/p>\n","protected":false},"author":1,"featured_media":0,"parent":0,"menu_order":0,"comment_status":"closed","ping_status":"closed","template":"","meta":{"footnotes":""},"class_list":["post-19338","page","type-page","status-publish","hentry"],"jetpack_sharing_enabled":true,"_links":{"self":[{"href":"https:\/\/liguegolfbfc.org\/index.php\/wp-json\/wp\/v2\/pages\/19338","targetHints":{"allow":["GET"]}}],"collection":[{"href":"https:\/\/liguegolfbfc.org\/index.php\/wp-json\/wp\/v2\/pages"}],"about":[{"href":"https:\/\/liguegolfbfc.org\/index.php\/wp-json\/wp\/v2\/types\/page"}],"author":[{"embeddable":true,"href":"https:\/\/liguegolfbfc.org\/index.php\/wp-json\/wp\/v2\/users\/1"}],"replies":[{"embeddable":true,"href":"https:\/\/liguegolfbfc.org\/index.php\/wp-json\/wp\/v2\/comments?post=19338"}],"version-history":[{"count":8,"href":"https:\/\/liguegolfbfc.org\/index.php\/wp-json\/wp\/v2\/pages\/19338\/revisions"}],"predecessor-version":[{"id":19452,"href":"https:\/\/liguegolfbfc.org\/index.php\/wp-json\/wp\/v2\/pages\/19338\/revisions\/19452"}],"wp:attachment":[{"href":"https:\/\/liguegolfbfc.org\/index.php\/wp-json\/wp\/v2\/media?parent=19338"}],"curies":[{"name":"wp","href":"https:\/\/api.w.org\/{rel}","templated":true}]}}