{"id":19228,"date":"2025-11-27T12:06:21","date_gmt":"2025-11-27T11:06:21","guid":{"rendered":"https:\/\/liguegolfbfc.org\/?page_id=19228"},"modified":"2025-11-27T12:47:17","modified_gmt":"2025-11-27T11:47:17","slug":"asbc","status":"publish","type":"page","link":"https:\/\/liguegolfbfc.org\/index.php\/asbc\/","title":{"rendered":"Formation d&rsquo;Animateur Sportif B\u00e9n\u00e9vole de Club (ASBC)"},"content":{"rendered":"\n<pre class=\"wp-block-verse\"><em>Publi\u00e9 le 1 mars 2024 <\/em><\/pre>\n\n\n\n<p>Licenci\u00e9, l\u2019Animateur Sportif B\u00e9n\u00e9vole de Club (ASBC) exerce ses missions dans le cadre de l\u2019Ecole de Golf sous la responsabilit\u00e9 juridique du Pr\u00e9sident du Club et sous l\u2019autorit\u00e9 p\u00e9dagogique de l\u2019\u00e9ducateur sportif professionnel. <\/p>\n\n\n\n<hr class=\"wp-block-separator has-alpha-channel-opacity is-style-default\"\/>\n\n\n\n<h2 class=\"wp-block-heading\"><strong>Fonctions<\/strong><\/h2>\n\n\n\n<p>L\u2019Animateur Sportif B\u00e9n\u00e9vole de Club : <\/p>\n\n\n\n<ul class=\"wp-block-list\">\n<li>Participe \u00e0 la mise en \u0153uvre de la pratique des jeunes en s\u00e9curit\u00e9 physique et morale<\/li>\n<\/ul>\n\n\n\n<ul class=\"wp-block-list\">\n<li>Anime les situations de jeu, les ateliers d\u2019entra\u00eenement et d\u2019\u00e9valuation aux tests f\u00e9d\u00e9raux utilis\u00e9s dans le Club (Drapeaux, Opens, animations sportives)<\/li>\n<\/ul>\n\n\n\n<ul class=\"wp-block-list\">\n<li>Accompagne les jeunes en d\u00e9placement<\/li>\n<\/ul>\n\n\n\n<ul class=\"wp-block-list\">\n<li>Organise et encadre des \u00e9preuves pour jeunes au sein du club (1,2,3 POUCETS, parcours DRAPEAUX\u2026 championnat d\u00e9partemental U12).<\/li>\n<\/ul>\n\n\n\n<ul class=\"wp-block-list\">\n<li>Participe au fonctionnement des groupes Ecole de Golf (planning annuel, horaires), compositions, licences, certificats m\u00e9dicaux, engagements dans les \u00e9preuves officielles, suivi des inscriptions et pr\u00e9sences dans les regroupements et animations de Comit\u00e9 D\u00e9partemental, de Ligue. <\/li>\n<\/ul>\n\n\n\n<p>En fonction de l\u2019organisation de la structure dans laquelle il est b\u00e9n\u00e9vole, l\u2019ASBC peut \u00eatre amen\u00e9 \u00e0 exercer des missions exclusivement d\u00e9di\u00e9es \u00e0 l\u2019administration sportive de l\u2019EDG, ne participer qu\u2019\u00e0 l\u2019animation de la pratique sur le terrain ou bien se voir confier des t\u00e2ches dans les deux domaines. <\/p>\n\n\n\n<pre class=\"wp-block-verse has-text-align-center\"><em>NB : Dans le cadre d\u2019une exploitation commerciale de l\u2019EDG, sans intervention de l\u2019AS, par un golf, une chaine ou un pro lib\u00e9ral, le r\u00f4le d\u2019encadrement de l\u2019ASBC doit \u00eatre r\u00e9duit au r\u00f4le d\u2019accompagnateur. <\/em><\/pre>\n\n\n\n<hr class=\"wp-block-separator has-alpha-channel-opacity\"\/>\n\n\n\n<h2 class=\"wp-block-heading\">Connaissances et comp\u00e9tences requises <\/h2>\n\n\n\n<p>En fonction des missions qui lui sont confi\u00e9es, le b\u00e9n\u00e9vole de Club doit \u00eatre capable de : <\/p>\n\n\n\n<ul class=\"wp-block-list\">\n<li>Identifier et pr\u00e9venir les facteurs de risque li\u00e9s \u00e0 la pratique dans l\u2019environnement golfique (balles, mat\u00e9riels, parcours, tenues, conditions m\u00e9t\u00e9os, vie collective, espaces communs\u2026)<\/li>\n<\/ul>\n\n\n\n<ul class=\"wp-block-list\">\n<li>Organiser l\u2019\u00e9cole de golf et ses animations (plannings, chartes, r\u00e8glement int\u00e9rieur, affichage)<\/li>\n<\/ul>\n\n\n\n<ul class=\"wp-block-list\">\n<li>Am\u00e9nager les parcours pour les adapter aux diff\u00e9rents niveaux de jeu<\/li>\n<\/ul>\n\n\n\n<ul class=\"wp-block-list\">\n<li>Utiliser les diff\u00e9rents outils f\u00e9d\u00e9raux d\u2019\u00e9valuation (opens, drapeaux)<\/li>\n<\/ul>\n\n\n\n<ul class=\"wp-block-list\">\n<li>Animer des situations de jeu, d\u2019entra\u00eenement ; sur ateliers, sur parcours<\/li>\n<\/ul>\n\n\n\n<ul class=\"wp-block-list\">\n<li>Assurer la logistique d\u2019un d\u00e9placement dans le respect des r\u00e8gles de s\u00e9curit\u00e9 et de la l\u00e9gislation en vigueur en mati\u00e8re de responsabilit\u00e9. <\/li>\n<\/ul>\n\n\n\n<hr class=\"wp-block-separator has-alpha-channel-opacity\"\/>\n\n\n\n<h2 class=\"wp-block-heading has-text-align-left\">Formation <\/h2>\n\n\n\n<p>La formation des animateurs b\u00e9n\u00e9voles de Club est plac\u00e9e sous la responsabilit\u00e9 des ligues et son pilotage est assur\u00e9 par les conseillers techniques r\u00e9gionaux. Elle comprend 5 modules pouvant se d\u00e9cliner en plusieurs parcours de formation en fonction du profil et des missions confi\u00e9es \u00e0 l\u2019ASBC (gestion administrative et\/ou animation terrain). <\/p>\n\n\n\n<p>Un parcours sp\u00e9cifique est mis en \u0153uvre \u00e0 destination des jeunes issus des EDG afin de d\u00e9velopper l\u2019implication des b\u00e9n\u00e9voles juniors au sein des clubs. <\/p>\n\n\n\n<pre class=\"wp-block-verse has-text-align-center\"><em>NB : Sans \u00eatre obligatoire, une formation au PSC 1 est fortement recommand\u00e9e \u00e0 tous les b\u00e9n\u00e9voles et peut \u00eatre ajout\u00e9e \u00e0 la formation ASBC.<\/em><\/pre>\n\n\n\n<hr class=\"wp-block-separator has-alpha-channel-opacity\"\/>\n\n\n\n<h2 class=\"wp-block-heading\">Objectifs de la Formation<\/h2>\n\n\n\n<h4 class=\"wp-block-heading\">Objectifs g\u00e9n\u00e9raux<\/h4>\n\n\n\n<p>La formation ASBC a pour but de faciliter la gestion administrative, logistique et l\u2019animation de l\u2019Ecole de Golf par l\u2019implication de b\u00e9n\u00e9voles dans l\u2019animation et la vie sportive de l\u2019EDG du Club et la promotion du b\u00e9n\u00e9volat aupr\u00e8s des jeunes des EDG \u00e0 travers un parcours de formation sp\u00e9cifique. <\/p>\n\n\n\n<h4 class=\"wp-block-heading\">Objectifs p\u00e9dagogiques<\/h4>\n\n\n\n<p>A l\u2019issue de la formation, le b\u00e9n\u00e9vole doit \u00eatre capable de :<\/p>\n\n\n\n<ul class=\"wp-block-list\">\n<li>Organiser la pratique des jeunes de l\u2019EDG en tenant compte de l\u2019environnement sportif (Module 1)<\/li>\n<\/ul>\n\n\n\n<ul class=\"wp-block-list\">\n<li>Participer \u00e0 l\u2019organisation et \u00e0 l\u2019animation des drapeaux et des opens (module M2)<\/li>\n<\/ul>\n\n\n\n<ul class=\"wp-block-list\">\n<li>Veiller au respect des r\u00e8gles de s\u00e9curit\u00e9 et de la l\u00e9gislation en vigueur en mati\u00e8re de responsabilit\u00e9 dans l\u2019organisation de la pratique sportive des jeunes et la logistique de leurs d\u00e9placements (module M3)<\/li>\n<\/ul>\n\n\n\n<ul class=\"wp-block-list\">\n<li>Mettre en \u0153uvre une s\u00e9quence d\u2019animation par le jeu en toute s\u00e9curit\u00e9 (module M4)<\/li>\n<\/ul>\n\n\n\n<ul class=\"wp-block-list\">\n<li>Participer aux diff\u00e9rentes t\u00e2ches administratives li\u00e9es \u00e0 la gestion sportive de l\u2019EDG (module 5). <\/li>\n<\/ul>\n\n\n\n<h4 class=\"wp-block-heading\">Contenus de formation <\/h4>\n\n\n\n<p><strong>Module 1<\/strong><em><strong> <\/strong>: l\u2019organisation de la pratique du golf pour les jeunes <\/em><\/p>\n\n\n\n<ul class=\"wp-block-list\">\n<li>Organisation de la fili\u00e8re du golf pour les jeunes<\/li>\n\n\n\n<li> Les diff\u00e9rents acteurs et leur r\u00f4le (du club au haut niveau) <\/li>\n\n\n\n<li>Le projet sportif du club <\/li>\n\n\n\n<li>Organisation de l\u2019EDG <\/li>\n\n\n\n<li>Les missions des ASBC, les enjeux pour les clubs et la fili\u00e8re <\/li>\n\n\n\n<li>Pr\u00e9sentation des drapeaux et Open. <\/li>\n<\/ul>\n\n\n\n<p><strong>Module 2<\/strong> <em>: Outils d\u2019\u00e9valuation : drapeaux et OPEN <\/em><\/p>\n\n\n\n<ul class=\"wp-block-list\">\n<li>Enjeux par rapport \u00e0 la labellisation des EDG <\/li>\n\n\n\n<li>R\u00e8gles et proc\u00e9dures des tests, organisation, construction des parcours sur le terrain <\/li>\n\n\n\n<li>Enregistrement des r\u00e9sultats, suivi et contr\u00f4le des performances, Extranet Club <\/li>\n\n\n\n<li>Rappel des r\u00e8gles de s\u00e9curit\u00e9 &#8211; Mise en situation pratique sur le terrain. <\/li>\n<\/ul>\n\n\n\n<p><strong>Module 3<\/strong><em> : Responsabilit\u00e9 \u2013 s\u00e9curit\u00e9 \u2013 assurances <\/em><\/p>\n\n\n\n<p>Les r\u00e8gles \u00e0 respecter dans l\u2019organisation et l\u2019encadrement de la pratique du golf avec un jeune public (encadrement des s\u00e9ances, transport, h\u00e9bergement) : <\/p>\n\n\n\n<ul class=\"wp-block-list\">\n<li>La responsabilit\u00e9 civile en mati\u00e8re sportive <\/li>\n\n\n\n<li>Responsabilit\u00e9 civile : les solutions en mati\u00e8re d\u2019assurance <\/li>\n\n\n\n<li>Que faire en cas d\u2019accident ? <\/li>\n\n\n\n<li>La responsabilit\u00e9 p\u00e9nale <\/li>\n\n\n\n<li>Organisation des d\u00e9placements avec des mineurs : recommandations g\u00e9n\u00e9rales et cas des s\u00e9jours sp\u00e9cifiques <\/li>\n\n\n\n<li>Transports de mineurs <\/li>\n\n\n\n<li>R\u00e9glementation relative \u00e0 la lutte contre le dopage <\/li>\n\n\n\n<li>Le certificat m\u00e9dical <\/li>\n\n\n\n<li>Droit \u00e0 l\u2019image<\/li>\n\n\n\n<li>Quizz de connaissances et cas pratique. <\/li>\n<\/ul>\n\n\n\n<p>Module 4 : L\u2019animation par le jeu <\/p>\n\n\n\n<ul class=\"wp-block-list\">\n<li>P\u00e9dagogie de l\u2019enfant <\/li>\n\n\n\n<li>Communication de l\u2019enfant <\/li>\n\n\n\n<li>S\u00e9curit\u00e9 sur le terrain <\/li>\n\n\n\n<li>Principes d\u2019animation <\/li>\n\n\n\n<li>Pr\u00e9sentation d\u2019ateliers de jeux par lieu \/ situation (parcours, practice, \u00e9chauffement \u2026) avec objectif attendu par rapport au jeu de golf et capacit\u00e9 \u00e0 d\u00e9velopper. <\/li>\n\n\n\n<li>Le sac EDG &#8211; S\u00e9ances pratiques sur le terrain. <\/li>\n<\/ul>\n\n\n\n<p>Module 5 : L\u2019administration sportive de l\u2019\u00e9cole de golf <\/p>\n\n\n\n<ul class=\"wp-block-list\">\n<li>Pr\u00e9sentation de l\u2019organisation de l\u2019EDG \u00e0 partir du guide f\u00e9d\u00e9ral de l\u2019EDG <\/li>\n\n\n\n<li>Enjeux par rapport \u00e0 la labellisation des EDG <\/li>\n\n\n\n<li>Enregistrement et suivi des r\u00e9sultats \u00e0 travers les outils informatiques de gestion sportive f\u00e9d\u00e9raux (RMS, extranet) <\/li>\n\n\n\n<li>Organisation du tableau d\u2019affichage <\/li>\n\n\n\n<li>Planification et organisation des r\u00e9unions de parents <\/li>\n\n\n\n<li>Gestion des calendriers et des intervenants <\/li>\n\n\n\n<li>Suivi administratif des drapeaux. <\/li>\n<\/ul>\n\n\n\n<hr class=\"wp-block-separator has-alpha-channel-opacity\"\/>\n\n\n\n<h2 class=\"wp-block-heading\">La formation des b\u00e9n\u00e9voles juniors des EDG <\/h2>\n\n\n\n<p>Afin de promouvoir l\u2019implication de b\u00e9n\u00e9voles juniors au sein des EDG, les jeunes b\u00e9n\u00e9voles issus des \u00e9coles de golf b\u00e9n\u00e9ficient d\u2019un parcours de formation sp\u00e9cifique d\u2019une journ\u00e9e ax\u00e9 sur l\u2019animation des situations de jeux. <\/p>\n\n\n\n<p>En fonction des lieux et des ressources disponibles dans les ligues, des sessions d\u00e9di\u00e9es aux b\u00e9n\u00e9voles juniors seront cr\u00e9\u00e9es ou ils seront int\u00e9gr\u00e9s aux sessions existantes pour la partie animation des situations de jeux. <\/p>\n\n\n\n<hr class=\"wp-block-separator has-alpha-channel-opacity\"\/>\n\n\n\n<h2 class=\"wp-block-heading\">Validation de la formation <\/h2>\n\n\n\n<p>Apr\u00e8s une mise en situation pratique dans le club, la formation sera valid\u00e9e par : <\/p>\n\n\n\n<ul class=\"wp-block-list\">\n<li>une attestation du pr\u00e9sident de club d\u00e9clarant que la personne a bien effectu\u00e9 une ou plusieurs t\u00e2ches parmi les missions envisag\u00e9es et \u00e0 quelles dates, <\/li>\n<\/ul>\n\n\n\n<ul class=\"wp-block-list\">\n<li>une grille d\u2019\u00e9valuation des comp\u00e9tences \u00e0 faire respecter les consignes de s\u00e9curit\u00e9 des pratiquants et des tiers dans le cadre d\u2019une animation si le b\u00e9n\u00e9vole a suivi le module ad hoc. <\/li>\n<\/ul>\n\n\n\n<p>La formation est sanctionn\u00e9e par une attestation formation de la ffgolf mentionnant le contenu de la formation suivie et les dates. Cette attestation n\u2019est pas un dipl\u00f4me. <\/p>\n\n\n\n<p>La Ligue transmet au service formation de la ffgolf la liste des b\u00e9n\u00e9voles form\u00e9s en indiquant leur num\u00e9ro de licence et les dates et lieux o\u00f9 se sont d\u00e9roul\u00e9s les modules de formation. <\/p>\n\n\n\n<hr class=\"wp-block-separator has-alpha-channel-opacity\"\/>\n\n\n\n<h2 class=\"wp-block-heading\">Inscription<\/h2>\n\n\n\n<p>Pour entrer en formation, le candidat devra disposer d\u2019un document* du pr\u00e9sident de club et de l\u2019enseignant en charge de l\u2019\u00e9cole de golf d\u00e9crivant les missions dont le b\u00e9n\u00e9vole sera ou est en charge dans la structure. <\/p>\n\n\n\n<p>Ces t\u00e2ches seront d\u00e9finies avec le CTR. Une participation financi\u00e8re de 60 euros sera demand\u00e9e par la ligue et pourra \u00eatre acquitt\u00e9e soit par le candidat soit par la structure dans laquelle il est b\u00e9n\u00e9vole. Cela comprend la formation et le repas pr\u00e9vu pour les deux jours de formation.<\/p>\n\n\n\n<pre class=\"wp-block-verse\"><em>*Un bulletin d\u2019inscription type est pr\u00e9vu \u00e0 cet effet <\/em><\/pre>\n\n\n\n<hr class=\"wp-block-separator has-alpha-channel-opacity\"\/>\n\n\n\n<h2 class=\"wp-block-heading\">Formateurs d\u2019ASBC <\/h2>\n\n\n\n<p>La ffgolf a organis\u00e9 en janvier 2018 une journ\u00e9e d\u2019informations pour les conseillers techniques r\u00e9gionaux en charge de la formation d\u2019Animateurs Sportifs B\u00e9n\u00e9voles de Club dans leur Ligue. <\/p>\n\n\n\n<p>La constitution d\u2019une \u00e9quipe de formateurs et leur formation est assur\u00e9e par leurs soins. Pour participer \u00e0 la formation, les futurs formateurs doivent \u00eatre d\u00e9sign\u00e9s par le Pr\u00e9sident de Ligue. Selon les cas, il peut d\u00e9signer un entra\u00eeneur, un enseignant, un responsable jeunes d\u2019un Comit\u00e9 d\u00e9partemental ou de Club. La participation d\u2019un enseignant \u00e0 la formation des ASBC pour le module animation par le jeu est particuli\u00e8rement recommand\u00e9e. <\/p>\n\n\n\n<h2 class=\"wp-block-heading\">Protocole d\u2019accord ffgolf \/ PGA France <\/h2>\n\n\n\n<p>Les missions et la formation des animateurs sportifs b\u00e9n\u00e9voles de Club ont fait l\u2019objet d\u2019un protocole d\u2019accord sign\u00e9 le 14 mai 2008 entre la ffgolf et la PGA France. Il est d\u00e9clin\u00e9 dans les Ligues sous la forme d\u2019une convention de partenariat pour la mise en \u0153uvre d\u2019une formation conduite en collaboration avec un enseignant de la Ligue PGA de la r\u00e9gion concern\u00e9e.<\/p>\n","protected":false},"excerpt":{"rendered":"<p>Publi\u00e9 le 1 mars 2024 Licenci\u00e9, l\u2019Animateur Sportif B\u00e9n\u00e9vole de Club (ASBC) exerce ses missions dans le cadre de l\u2019Ecole de Golf sous la responsabilit\u00e9 juridique du Pr\u00e9sident du Club et sous l\u2019autorit\u00e9 p\u00e9dagogique de l\u2019\u00e9ducateur sportif professionnel. Fonctions L\u2019Animateur Sportif B\u00e9n\u00e9vole de Club : En fonction de l\u2019organisation de la structure dans laquelle il [&hellip;]<\/p>\n","protected":false},"author":1,"featured_media":0,"parent":0,"menu_order":0,"comment_status":"closed","ping_status":"closed","template":"","meta":{"footnotes":""},"class_list":["post-19228","page","type-page","status-publish","hentry"],"jetpack_sharing_enabled":true,"_links":{"self":[{"href":"https:\/\/liguegolfbfc.org\/index.php\/wp-json\/wp\/v2\/pages\/19228","targetHints":{"allow":["GET"]}}],"collection":[{"href":"https:\/\/liguegolfbfc.org\/index.php\/wp-json\/wp\/v2\/pages"}],"about":[{"href":"https:\/\/liguegolfbfc.org\/index.php\/wp-json\/wp\/v2\/types\/page"}],"author":[{"embeddable":true,"href":"https:\/\/liguegolfbfc.org\/index.php\/wp-json\/wp\/v2\/users\/1"}],"replies":[{"embeddable":true,"href":"https:\/\/liguegolfbfc.org\/index.php\/wp-json\/wp\/v2\/comments?post=19228"}],"version-history":[{"count":3,"href":"https:\/\/liguegolfbfc.org\/index.php\/wp-json\/wp\/v2\/pages\/19228\/revisions"}],"predecessor-version":[{"id":19235,"href":"https:\/\/liguegolfbfc.org\/index.php\/wp-json\/wp\/v2\/pages\/19228\/revisions\/19235"}],"wp:attachment":[{"href":"https:\/\/liguegolfbfc.org\/index.php\/wp-json\/wp\/v2\/media?parent=19228"}],"curies":[{"name":"wp","href":"https:\/\/api.w.org\/{rel}","templated":true}]}}