{"id":163,"date":"2020-03-10T09:27:28","date_gmt":"2020-03-10T08:27:28","guid":{"rendered":"http:\/\/liguegolfbfc.org\/?page_id=163"},"modified":"2026-04-07T15:09:48","modified_gmt":"2026-04-07T13:09:48","slug":"cd-25-comite-departemental-du-doubs","status":"publish","type":"page","link":"https:\/\/liguegolfbfc.org\/index.php\/cd-25-comite-departemental-du-doubs\/","title":{"rendered":"COMITE TERRITORIAL NORD FRANCHE-COMT\u00c9 (CT NFC &#8211; d\u00e9partements 25-70-90)"},"content":{"rendered":"\n<div class=\"wp-block-columns is-layout-flex wp-container-core-columns-is-layout-9d6595d7 wp-block-columns-is-layout-flex\">\n<div class=\"wp-block-column is-layout-flow wp-block-column-is-layout-flow\">\n<figure class=\"wp-block-image size-large is-resized\"><img loading=\"lazy\" decoding=\"async\" width=\"761\" height=\"1024\" src=\"https:\/\/liguegolfbfc.org\/wp-content\/uploads\/2026\/01\/LOGO-2025-ligue-golf-BFC-2-761x1024.png\" alt=\"\" class=\"wp-image-19369\" style=\"width:201px;height:auto\" srcset=\"https:\/\/liguegolfbfc.org\/wp-content\/uploads\/2026\/01\/LOGO-2025-ligue-golf-BFC-2-761x1024.png 761w, https:\/\/liguegolfbfc.org\/wp-content\/uploads\/2026\/01\/LOGO-2025-ligue-golf-BFC-2-223x300.png 223w, https:\/\/liguegolfbfc.org\/wp-content\/uploads\/2026\/01\/LOGO-2025-ligue-golf-BFC-2-768x1033.png 768w, https:\/\/liguegolfbfc.org\/wp-content\/uploads\/2026\/01\/LOGO-2025-ligue-golf-BFC-2-1142x1536.png 1142w, https:\/\/liguegolfbfc.org\/wp-content\/uploads\/2026\/01\/LOGO-2025-ligue-golf-BFC-2-1522x2048.png 1522w, https:\/\/liguegolfbfc.org\/wp-content\/uploads\/2026\/01\/LOGO-2025-ligue-golf-BFC-2.png 1713w\" sizes=\"auto, (max-width: 761px) 100vw, 761px\" \/><\/figure>\n<\/div>\n\n\n\n<div class=\"wp-block-column is-layout-flow wp-block-column-is-layout-flow\">\n<p><strong>CT<\/strong> <strong>|<\/strong> <strong>Comit\u00e9 Territorial Nord Franche-Comt\u00e9<\/strong><\/p>\n\n\n\n<p><strong>Pr\u00e9sident <\/strong>:<strong> BOLLECKER<\/strong> Jean-Philippe<br>jp.bollecker@gmail.com<br>Tel : 06 08 74 77 35<\/p>\n\n\n\n<figure class=\"wp-block-image size-full is-resized\"><img loading=\"lazy\" decoding=\"async\" width=\"200\" height=\"188\" src=\"https:\/\/liguegolfbfc.org\/wp-content\/uploads\/2026\/01\/Jean-Philippe-Bollecker.jpg\" alt=\"\" class=\"wp-image-19371\" style=\"width:110px;height:auto\"\/><\/figure>\n\n\n\n<p><\/p>\n<\/div>\n<\/div>\n\n\n\n<p><strong><a rel=\"noreferrer noopener\" href=\"https:\/\/liguegolfbfc.org\/wp-content\/uploads\/2024\/02\/2024-02-16_STATUTS-CT-NFC.pdf\" target=\"_blank\">STATUTS ET RI valid\u00e9s en AGE le 16022024<\/a><\/strong><br><strong><a rel=\"noreferrer noopener\" href=\"https:\/\/liguegolfbfc.org\/wp-content\/uploads\/2024\/02\/PV_AG-Ordinaire_CTnFC_16fevrier2024.pdf\" target=\"_blank\">PV AG Ordinaire du 16\/02\/2024<\/a><\/strong><br><strong><a rel=\"noreferrer noopener\" href=\"https:\/\/liguegolfbfc.org\/wp-content\/uploads\/2024\/02\/PV_AG-extraordinaire_CTNFC_16fevrier2024.pdf\" target=\"_blank\">PV AG Extraordinaire du 16\/02\/2024<\/a><\/strong><\/p>\n\n\n\n<h3 class=\"wp-block-heading has-black-color has-cyan-bluish-gray-background-color has-text-color has-background\">Ann\u00e9e 2026<\/h3>\n\n\n\n<div class=\"wp-block-buttons is-layout-flex wp-block-buttons-is-layout-flex\">\n<div class=\"wp-block-button\"><a class=\"wp-block-button__link wp-element-button\" href=\"https:\/\/liguegolfbfc.org\/wp-content\/uploads\/2026\/03\/CALENDRIER-DU-COMITE-TERRITORIAL-v2.pdf\"><strong>Calendrier 2026<\/strong><\/a><\/div>\n<\/div>\n\n\n\n<hr class=\"wp-block-separator has-alpha-channel-opacity\"\/>\n\n\n\n<p><strong>R\u00e8glement du Challenge des Ecoles de Golf<\/strong><\/p>\n\n\n\n<p><em><strong><u>Formules de jeu<\/u><\/strong><\/em><\/p>\n\n\n\n<p>Pour chaque challenge, 3 \u00e9preuves seront organis\u00e9es :<\/p>\n\n\n\n<p>&nbsp;\u2013 <strong>S\u00e9rie Espoir :<\/strong>Greensome sur 9 trous (limit\u00e9 \u00e0 9 coups\/trou)<\/p>\n\n\n\n<p>&nbsp; &nbsp; &nbsp; &nbsp; &nbsp; &nbsp; &nbsp; &nbsp; &nbsp; &nbsp; &nbsp; &nbsp; &nbsp; &nbsp; Pr\u00e9conis\u00e9 pour les joueurs non class\u00e9s drapeau jaune au minimum<\/p>\n\n\n\n<p>&nbsp;<strong>\u2013 S\u00e9rie Confirm\u00e9 : <\/strong>Score maximum individuel (limit\u00e9 \u00e0 9 coups\/trou) sur 9 trous<\/p>\n\n\n\n<p>&nbsp; &nbsp; &nbsp; &nbsp; &nbsp; &nbsp; &nbsp; &nbsp; &nbsp; &nbsp; &nbsp; &nbsp; &nbsp; &nbsp; Pr\u00e9conis\u00e9 pour les index &gt; 36 ayant le drapeau de bronze au minimum<\/p>\n\n\n\n<p><strong>&nbsp;\u2013&nbsp;S\u00e9rie Elite: <\/strong>Score maximum individuel (limit\u00e9 \u00e0 9 coups\/trou) sur 18 trous<\/p>\n\n\n\n<p>&nbsp; &nbsp; &nbsp; &nbsp; &nbsp; &nbsp; &nbsp; &nbsp; &nbsp; &nbsp; &nbsp; &nbsp; &nbsp; &nbsp; Pr\u00e9conis\u00e9 pour les index de 20 \u00e0 36<\/p>\n\n\n\n<p><em><strong><u>Marques de d\u00e9part<\/u><\/strong><\/em><em><strong>&nbsp;:<\/strong><\/em> selon la cat\u00e9gorie d\u2019\u00e2ge ou pr\u00e9conis\u00e9 par la FFG pour les 9 et 18 trous en comp\u00e9tition. D\u00e9part orange pour les greensomes.<\/p>\n\n\n\n<p><strong><em><u>Heures de d\u00e9part<\/u><\/em><\/strong><strong><em> :<\/em><\/strong>\u00e0 d\u00e9finir<\/p>\n\n\n\n<p><em><strong><u>Organisation des d\u00e9parts et recording&nbsp;<\/u><\/strong><\/em><em><strong>: <\/strong><\/em>\u00e0 la charge du club organisateur<\/p>\n\n\n\n<p><strong><em><u>Encadrement<\/u><\/em><\/strong><strong><em>&nbsp;:<\/em><\/strong> \u00e0 l\u2019initiative des \u00e9coles de golf et en accord avec le club organisateur, une personne pourra \u00eatre d\u00e9sign\u00e9e pour encadrer une partie : veiller au respect des r\u00e8gles et s\u2019assurer du bon d\u00e9compte des coups.<br>Elle n\u2019est pas autoris\u00e9e \u00e0 donner des conseils<\/p>\n","protected":false},"excerpt":{"rendered":"<p>CT | Comit\u00e9 Territorial Nord Franche-Comt\u00e9 Pr\u00e9sident : BOLLECKER Jean-Philippejp.bollecker@gmail.comTel : 06 08 74 77 35 STATUTS ET RI valid\u00e9s en AGE le 16022024PV AG Ordinaire du 16\/02\/2024PV AG Extraordinaire du 16\/02\/2024 Ann\u00e9e 2026 R\u00e8glement du Challenge des Ecoles de Golf Formules de jeu Pour chaque challenge, 3 \u00e9preuves seront organis\u00e9es : &nbsp;\u2013 S\u00e9rie Espoir [&hellip;]<\/p>\n","protected":false},"author":1,"featured_media":0,"parent":0,"menu_order":0,"comment_status":"closed","ping_status":"closed","template":"","meta":{"footnotes":""},"class_list":["post-163","page","type-page","status-publish","hentry"],"jetpack_sharing_enabled":true,"_links":{"self":[{"href":"https:\/\/liguegolfbfc.org\/index.php\/wp-json\/wp\/v2\/pages\/163","targetHints":{"allow":["GET"]}}],"collection":[{"href":"https:\/\/liguegolfbfc.org\/index.php\/wp-json\/wp\/v2\/pages"}],"about":[{"href":"https:\/\/liguegolfbfc.org\/index.php\/wp-json\/wp\/v2\/types\/page"}],"author":[{"embeddable":true,"href":"https:\/\/liguegolfbfc.org\/index.php\/wp-json\/wp\/v2\/users\/1"}],"replies":[{"embeddable":true,"href":"https:\/\/liguegolfbfc.org\/index.php\/wp-json\/wp\/v2\/comments?post=163"}],"version-history":[{"count":128,"href":"https:\/\/liguegolfbfc.org\/index.php\/wp-json\/wp\/v2\/pages\/163\/revisions"}],"predecessor-version":[{"id":20140,"href":"https:\/\/liguegolfbfc.org\/index.php\/wp-json\/wp\/v2\/pages\/163\/revisions\/20140"}],"wp:attachment":[{"href":"https:\/\/liguegolfbfc.org\/index.php\/wp-json\/wp\/v2\/media?parent=163"}],"curies":[{"name":"wp","href":"https:\/\/api.w.org\/{rel}","templated":true}]}}