{"id":1616,"date":"2020-04-03T11:04:57","date_gmt":"2020-04-03T09:04:57","guid":{"rendered":"http:\/\/liguegolfbfc.org\/?page_id=1616"},"modified":"2026-03-04T15:08:01","modified_gmt":"2026-03-04T14:08:01","slug":"jeunes-filiere-jeune","status":"publish","type":"page","link":"https:\/\/liguegolfbfc.org\/index.php\/jeunes-filiere-jeune\/","title":{"rendered":"JEUNES | FILI\u00c8RE JEUNES"},"content":{"rendered":"\n<h2 class=\"wp-block-heading\">ANN\u00c9E 2026<\/h2>\n\n\n\n<p><strong><a href=\"https:\/\/liguegolfbfc.org\/wp-content\/uploads\/2025\/12\/Calendrier-Jeunes-2026-10.12.2025.pdf\">Calendrier Jeunes 2026<\/a><\/strong><br><strong><a href=\"https:\/\/liguegolfbfc.org\/wp-content\/uploads\/2026\/02\/projet-sportif-Ligue-2026.pdf\">Projet sportif 2026<\/a><\/strong><br><\/p>\n\n\n\n<p><strong>Les documents pour accompagner votre enfant<\/strong><\/p>\n\n\n\n<ul class=\"wp-block-list\">\n<li><strong><a href=\"https:\/\/liguegolfbfc.org\/wp-content\/uploads\/2026\/01\/Parcours-perf-BFC.pdf\">Parcours performance jeunes 10 \u00e0 16 ans<\/a><\/strong><\/li>\n<\/ul>\n\n\n\n<ul class=\"wp-block-list\">\n<li><a href=\"https:\/\/liguegolfbfc.org\/wp-content\/uploads\/2026\/03\/edition-GUIDE_DU_JEUNE_GOLFEUR.pdf\">Le guide du jeune golfeur <\/a><\/li>\n\n\n\n<li><a href=\"https:\/\/liguegolfbfc.org\/wp-content\/uploads\/2026\/03\/Edition-GUIDE-DU-PARENT-GOLFEUR.pdf\">Le guide du parent golfeur <\/a><\/li>\n\n\n\n<li><a href=\"https:\/\/liguegolfbfc.org\/wp-content\/uploads\/2026\/03\/Edition-GUIDE_PERFORMANCE.pdf\">Guide Performance <\/a><\/li>\n\n\n\n<li><a href=\"https:\/\/liguegolfbfc.org\/wp-content\/uploads\/2026\/03\/Edition-Guide-Reconnaissance-de-Parcours.pdf\" target=\"_blank\" rel=\"noreferrer noopener\">Guide Reconnaissance de Parcours<\/a><\/li>\n\n\n\n<li><a href=\"https:\/\/liguegolfbfc.org\/wp-content\/uploads\/2026\/01\/edition-2026-Competition-de-golf-et-preparation-.pdf.pdf\" target=\"_blank\" rel=\"noreferrer noopener\">Comp\u00e9tition de golf et pr\u00e9paration<\/a><\/li>\n\n\n\n<li><a href=\"https:\/\/liguegolfbfc.org\/wp-content\/uploads\/2026\/01\/Edition-2026-Competition-de-golf-et-alimentation-.pdf.pdf\" target=\"_blank\" rel=\"noreferrer noopener\">Comp\u00e9tition de golf et alimentation<\/a><\/li>\n<\/ul>\n\n\n\n<h4 class=\"wp-block-heading\"><br><strong>COMP\u00c9TITIONS ET ANIMATIONS<\/strong><\/h4>\n\n\n\n<figure class=\"wp-block-image size-full is-resized\"><img loading=\"lazy\" decoding=\"async\" width=\"1024\" height=\"746\" src=\"https:\/\/liguegolfbfc.org\/wp-content\/uploads\/2026\/02\/image.png\" alt=\"\" class=\"wp-image-19463\" style=\"width:730px;height:auto\" srcset=\"https:\/\/liguegolfbfc.org\/wp-content\/uploads\/2026\/02\/image.png 1024w, https:\/\/liguegolfbfc.org\/wp-content\/uploads\/2026\/02\/image-300x219.png 300w, https:\/\/liguegolfbfc.org\/wp-content\/uploads\/2026\/02\/image-768x560.png 768w\" sizes=\"auto, (max-width: 1024px) 100vw, 1024px\" \/><\/figure>\n\n\n\n<figure class=\"wp-block-image size-large is-resized\"><img loading=\"lazy\" decoding=\"async\" width=\"724\" height=\"1024\" src=\"https:\/\/liguegolfbfc.org\/wp-content\/uploads\/2026\/02\/image-1-724x1024.png\" alt=\"\" class=\"wp-image-19464\" style=\"width:840px;height:auto\" srcset=\"https:\/\/liguegolfbfc.org\/wp-content\/uploads\/2026\/02\/image-1-724x1024.png 724w, https:\/\/liguegolfbfc.org\/wp-content\/uploads\/2026\/02\/image-1-212x300.png 212w, https:\/\/liguegolfbfc.org\/wp-content\/uploads\/2026\/02\/image-1-768x1087.png 768w, https:\/\/liguegolfbfc.org\/wp-content\/uploads\/2026\/02\/image-1.png 1024w\" sizes=\"auto, (max-width: 724px) 100vw, 724px\" \/><\/figure>\n\n\n\n<hr class=\"wp-block-separator has-alpha-channel-opacity\"\/>\n\n\n\n<h2 class=\"wp-block-heading\"><strong>LES \u00c9COLES LABELLIS\u00c9ES FFGOLF<\/strong><\/h2>\n\n\n\n<p>Le label d\u00e9veloppement et le label sportif comprennent six crit\u00e8res refl\u00e9tant la base d&rsquo;une bonne structuration. Il existe deux labels, l<strong>e Label D\u00e9veloppement et le Label Sportif <\/strong>qui&nbsp;comprennent six crit\u00e8res refl\u00e9tant la base d\u2019une bonne structuration&nbsp;:<\/p>\n\n\n\n<ul class=\"wp-block-list\">\n<li>Les jeunes b\u00e9n\u00e9ficient d\u2019un temps suffisant d\u2019enseignement ou d\u2019entra\u00eenement pour pouvoir progresser&nbsp;;<\/li>\n\n\n\n<li>L\u2019\u00e9cole de golf utilise les outils p\u00e9dagogiques f\u00e9d\u00e9raux adapt\u00e9s aux jeunes&nbsp;;<\/li>\n\n\n\n<li>Les jeunes sont licenci\u00e9s&nbsp;et membres de l\u2019Association Sportive;<\/li>\n\n\n\n<li>Les jeunes jouent au golf et pas seulement sur un practice (aspect sportif de la pratique)&nbsp;;<\/li>\n\n\n\n<li>L\u2019\u00e9cole de golf leur d\u00e9die un panneau d\u2019affichage sp\u00e9cifique pour valoriser leur pratique (communication)&nbsp;;<\/li>\n\n\n\n<li>L\u2019\u00e9cole de golf organise des bilans, elle a des contacts avec la famille du jeune (relation p\u00e9dagogique)&nbsp;;&nbsp;<\/li>\n<\/ul>\n\n\n\n<p>En plus de ces 6 crit\u00e8res, <strong>les \u00e9coles de golf \u00ab\u00a0Label Sportif\u00a0\u00bb<\/strong> d<strong>oivent obligatoirement engager au moins une \u00e9quipe&nbsp;au Championnat de France U16 par \u00e9quipe<\/strong> (filles et\/ou gar\u00e7ons) et sur l\u2019aspect sportif de la pratique (crit\u00e8re 4), elles ont l\u2019obligation d\u2019organiser dans l\u2019ann\u00e9e pour les jeunes de leur club au moins 5 comp\u00e9titions en stroke play (dont au moins une sur 18 trous).<\/p>\n\n\n\n<h2 class=\"wp-block-heading has-white-color has-vivid-cyan-blue-background-color has-text-color has-background has-link-color wp-elements-f156d8c59f8aa9fadf859851f486d223\"><strong>Nos 5 \u00c9coles de Golf Label sportif 2026<\/strong><\/h2>\n\n\n\n<p><strong>Dijon Norges<\/strong> &#8211;<strong> <strong>La Chassagne<\/strong> <\/strong>&#8211; <strong>Prunevelle<\/strong> &#8211; <strong>Quetigny<\/strong> &#8211; <strong>Le<\/strong> <strong>Rochat<\/strong>&nbsp;<\/p>\n\n\n\n<h2 class=\"wp-block-heading has-white-color has-vivid-cyan-blue-background-color has-text-color has-background has-link-color wp-elements-e251a9b2baa3db4f012d2617f9e03bfd\">Nos 13 \u00c9coles de Golf label d\u00e9veloppement 2026<\/h2>\n\n\n\n<p><strong>Avoise<\/strong> &#8211; <strong>Nivernais<\/strong> &#8211; <strong>Mont st Jean<\/strong> &#8211; <strong>Senonaise<\/strong> &#8211; <strong>Besan\u00e7on<\/strong> &#8211; <strong>Val De Sorne<\/strong> &#8211; <strong>Montceau &#8211; Val D&rsquo;Amour &#8211; Vosges Du Sud <\/strong>&#8211; <strong>Macon &#8211; Beaune <\/strong><\/p>\n\n\n\n<div class=\"wp-block-group\"><div class=\"wp-block-group__inner-container is-layout-constrained wp-block-group-is-layout-constrained\">\n<p><strong>R\u00e9f\u00e9rent R\u00e9gional <\/strong>: Jean-Philippe Bollecker 06 08 74 77 35<\/p>\n<p><strong>R\u00e9f\u00e9rents D\u00e9partementaux et Territoriaux :<\/strong><br \/>CD21\/89\/58 &#8211; Damien JAILLARD \u00a0 06 13 96 46 96<br \/>CD39 &#8211; Dominique PRUDENT\u00a0\u00a0 \u00a0 \u00a0\u00a0 06 33 13 06 63<br \/>CD71 &#8211; Emmanuelle GERHART\u00a0\u00a0\u00a0\u00a0\u00a0 06 11 67 01 97<br \/>CT 25\/90\/70 &#8211; Nicolas PAUPE \u00a0 \u00a0 \u00a0\u00a0 06 84 15 72 03<\/p>\n\n\n\n<h2 class=\"wp-block-heading has-white-color has-midnight-gradient-background has-text-color has-background\"><strong>LES PARCOURS \u00c9TALONN\u00c9S AUX DISTANCES JEUNES<\/strong><\/h2>\n\n\n\n<p>La F\u00e9d\u00e9ration propose l&rsquo;homologation de parcours appel\u00e9s \u00ab\u00a0rep\u00e8res jeunes\u00a0\u00bb dont les distances sur chaque trou, sont adapt\u00e9es \u00e0 l&rsquo;\u00e2ge des jeunes jusqu&rsquo;\u00e0 16 ans. Ces parcours sont compos\u00e9s \u00e0 partir des d\u00e9parts traditionnels (rouges, bleus, jaunes, blancs, noirs), auxquels sont rajout\u00e9s les d\u00e9parts avanc\u00e9s (violets et oranges), afin d&rsquo;obtenir des distances adapt\u00e9es pour le passage des Drapeaux et pour les jeunes filles jusqu&rsquo;\u00e0 U12.<\/p>\n<p>Depuis 2017, 22 Golfs ont \u00e9talonn\u00e9 leur terrain avec l&rsquo;aide de la Ligue.<\/p>\n<figure class=\"wp-block-table\">\n<table>\n<tbody>\n<tr>\n<td><strong>Les parcours 18 Trous<\/strong><\/td>\n<td><strong>Les parcours 18 Trous<\/strong><\/td>\n<td><strong>Les parcours 9 Trous<\/strong><\/td>\n<\/tr>\n<tr>\n<td><a href=\"http:\/\/liguegolfbfc.org\/wp-content\/uploads\/2020\/04\/Parcours-Jeunes-Avoise.pdf\" target=\"_blank\" rel=\"noreferrer noopener\">Ch\u00e2teau d&rsquo;Avoise<\/a><\/td>\n<td><a href=\"http:\/\/liguegolfbfc.org\/wp-content\/uploads\/2020\/05\/Parcours-jeunes-Macon.pdf\" target=\"_blank\" rel=\"noreferrer noopener\">Macon la Salle<\/a><\/td>\n<td>Autun<\/td>\n<\/tr>\n<tr>\n<td><a href=\"https:\/\/liguegolfbfc.org\/wp-content\/uploads\/2021\/05\/Parcours-Jeunes-Beaune.pdf\" target=\"_blank\" rel=\"noreferrer noopener\">Beaune Levernois<\/a><\/td>\n<td><a href=\"https:\/\/liguegolfbfc.org\/wp-content\/uploads\/2023\/02\/Parcours-Jeunes-Nivernais.pdfhttps:\/\/liguegolfbfc.org\/wp-content\/uploads\/2023\/06\/Parcours-Jeunes-Nivernais-juin-2023.pdf\" target=\"_blank\" rel=\"noreferrer noopener\">Nivernais<\/a><\/td>\n<td>Bourbon Lancy<\/td>\n<\/tr>\n<tr>\n<td><a href=\"https:\/\/liguegolfbfc.org\/wp-content\/uploads\/2021\/02\/PARCOURS-JEUNES-FILLES-BESANCON-.pdf\" target=\"_blank\" rel=\"noreferrer noopener\">Besan\u00e7on filles<\/a><\/td>\n<td><a href=\"http:\/\/liguegolfbfc.org\/wp-content\/uploads\/2020\/05\/Parcours-Jeunes-Prunevelle.pdf\" target=\"_blank\" rel=\"noreferrer noopener\">Prunevelle<\/a><\/td>\n<td>Pr\u00e9 Lamy<\/td>\n<\/tr>\n<tr>\n<td><a href=\"https:\/\/liguegolfbfc.org\/wp-content\/uploads\/2021\/02\/PARCOURS-JEUNES-GARCONS-BESANCON-Feuil1.pdf\" target=\"_blank\" rel=\"noreferrer noopener\">Besan\u00e7on gar\u00e7ons<\/a><\/td>\n<td>Pontarlier<\/td>\n<td><a href=\"http:\/\/liguegolfbfc.org\/wp-content\/uploads\/2020\/05\/Parcours-Jeunes-4-saisons.pdf\" target=\"_blank\" rel=\"noreferrer noopener\">Quatre Saisons<\/a><\/td>\n<\/tr>\n<tr>\n<td><a href=\"http:\/\/liguegolfbfc.org\/wp-content\/uploads\/2020\/04\/PARCOURS-JEUNE-BOURNEL.pdf\" target=\"_blank\" rel=\"noreferrer noopener\">Ch\u00e2teau de Bournel<\/a><\/td>\n<td><a href=\"https:\/\/liguegolfbfc.org\/wp-content\/uploads\/2024\/06\/Parcours-Jeunes-Quetigny.pdf\" target=\"_blank\" rel=\"noreferrer noopener\">Quetigny<\/a><\/td>\n<td>Saint-Claude<\/td>\n<\/tr>\n<tr>\n<td><a href=\"http:\/\/liguegolfbfc.org\/wp-content\/uploads\/2020\/05\/Parcours-Jeunes-Chailly.pdf\" target=\"_blank\" rel=\"noreferrer noopener\">Ch\u00e2teau de Chailly<\/a><\/td>\n<td><a href=\"http:\/\/liguegolfbfc.org\/wp-content\/uploads\/2020\/05\/Parcours-jeunes-Rochat.pdf\" target=\"_blank\" rel=\"noreferrer noopener\">Rochat<\/a><\/td>\n<td>Salives<\/td>\n<\/tr>\n<tr>\n<td><a href=\"http:\/\/liguegolfbfc.org\/wp-content\/uploads\/2020\/04\/PARCOURS-JEUNE-CHALON.pdf\" target=\"_blank\" rel=\"noreferrer noopener\">Chalon sur Sa\u00f4ne<\/a><\/td>\n<td><a href=\"http:\/\/liguegolfbfc.org\/wp-content\/uploads\/2020\/04\/PARCOURS-JEUNE-RONCEMAY.pdf\" target=\"_blank\" rel=\"noreferrer noopener\">Roncemay<\/a><\/td>\n<td><a href=\"https:\/\/liguegolfbfc.org\/wp-content\/uploads\/2023\/02\/Parcours-Jeunes-Senonais.pdf\" target=\"_blank\" rel=\"noreferrer noopener\">Senonais<\/a><\/td>\n<\/tr>\n<tr>\n<td>Clairis<\/td>\n<td><a href=\"https:\/\/liguegolfbfc.org\/wp-content\/uploads\/2023\/06\/Parcours-Jeunes-Rougemont.pdf\" target=\"_blank\" rel=\"noreferrer noopener\">Rougemont le Ch\u00e2teau<\/a><\/td>\n<td>Tanlay<\/td>\n<\/tr>\n<tr>\n<td><a href=\"http:\/\/liguegolfbfc.org\/wp-content\/uploads\/2020\/04\/PARCOURS-JEUNES-DIJON-NORGES.pdf\" target=\"_blank\" rel=\"noreferrer noopener\">Dijon-Bourgogne<\/a><\/td>\n<td><a href=\"http:\/\/liguegolfbfc.org\/wp-content\/uploads\/2020\/04\/PARCOURS-JEUNES-Val-de-Sorne.pdf\">Val <\/a><a href=\"http:\/\/liguegolfbfc.org\/wp-content\/uploads\/2020\/04\/PARCOURS-JEUNES-Val-de-Sorne.pdf\" target=\"_blank\" rel=\"noreferrer noopener\">d<\/a><a href=\"http:\/\/liguegolfbfc.org\/wp-content\/uploads\/2020\/04\/PARCOURS-JEUNES-Val-de-Sorne.pdf\">e Sorne<\/a><\/td>\n<td><a href=\"http:\/\/liguegolfbfc.org\/wp-content\/uploads\/2020\/05\/Parcours-Jeunes-Val-dAmour.pdf\" target=\"_blank\" rel=\"noreferrer noopener\">Val D&rsquo;Amour<\/a><\/td>\n<\/tr>\n<tr>\n<td><a href=\"https:\/\/liguegolfbfc.org\/wp-content\/uploads\/2023\/08\/Parcours-Jeunes-Chassagne.pdf\" target=\"_blank\" rel=\"noreferrer noopener\">La Chassagne<\/a><\/td>\n<td><a href=\"https:\/\/liguegolfbfc.org\/wp-content\/uploads\/2023\/03\/Parcours-Jeunes-Mont-St-Jean.pdf\" target=\"_blank\" rel=\"noreferrer noopener\">Mont Saint Jean<\/a><\/td>\n<td>&nbsp;<\/td>\n<\/tr>\n<tr>\n<td><a href=\"http:\/\/liguegolfbfc.org\/wp-content\/uploads\/2020\/04\/Parcours-jeune-Luxeuil.pdf\" target=\"_blank\" rel=\"noreferrer noopener\">Luxeuil-Bellevue<\/a><\/td>\n<td>&nbsp;<\/td>\n<td>&nbsp;<\/td>\n<\/tr>\n<\/tbody>\n<\/table>\n<\/figure>\n<h2 class=\"wp-block-heading has-white-color has-midnight-gradient-background has-text-color has-background\"><strong>LES DRAPEAUX<\/strong><\/h2>\n<\/p>\n\n\n\n<p>Pour tous le plaisir du golf c&rsquo;est le plaisir de jouer !<br \/><a href=\"http:\/\/liguegolfbfc.org\/wp-content\/uploads\/2020\/04\/D\u00e9pliant-les-drapeaux.pdf\" target=\"_blank\" rel=\"noreferrer noopener\">Les Drapeaux<\/a> sont \u00e0 la fois un outil de formation et un outil d&rsquo;\u00e9valuation.<br \/>La formation vise \u00e0 permettre aux jeunes d\u2019\u00e9voluer progressivement sur un parcours adapt\u00e9 en commen\u00e7ant par quelques trous pour apprendre \u00e0 s\u2019organiser sur le parcours puis vers 9 trous pour apprendre \u00e0 performer en comptant tous ses coups.<\/p>\n<p><img loading=\"lazy\" decoding=\"async\" class=\" wp-image-16823 aligncenter\" src=\"https:\/\/liguegolfbfc.org\/wp-content\/uploads\/2025\/03\/Capture-decran-2025-03-04-a-09.56.54-212x300.png\" alt=\"\" width=\"314\" height=\"444\" srcset=\"https:\/\/liguegolfbfc.org\/wp-content\/uploads\/2025\/03\/Capture-decran-2025-03-04-a-09.56.54-212x300.png 212w, https:\/\/liguegolfbfc.org\/wp-content\/uploads\/2025\/03\/Capture-decran-2025-03-04-a-09.56.54-723x1024.png 723w, https:\/\/liguegolfbfc.org\/wp-content\/uploads\/2025\/03\/Capture-decran-2025-03-04-a-09.56.54-768x1087.png 768w, https:\/\/liguegolfbfc.org\/wp-content\/uploads\/2025\/03\/Capture-decran-2025-03-04-a-09.56.54.png 856w\" sizes=\"auto, (max-width: 314px) 100vw, 314px\" \/><\/p>\n<\/div><\/div>\n\n\n\n<h2 class=\"wp-block-heading\">ENTR\u00c9E AU M\u00c9RITE JEUNE OU ADULTE 2025<\/h2>\n\n\n<div class=\"wp-block-image\">\n<figure class=\"aligncenter size-full is-resized\"><img loading=\"lazy\" decoding=\"async\" width=\"858\" height=\"756\" src=\"https:\/\/liguegolfbfc.org\/wp-content\/uploads\/2025\/07\/Capture-decran-2025-07-09-a-13.42.50.png\" alt=\"\" class=\"wp-image-18376\" style=\"width:550px\" srcset=\"https:\/\/liguegolfbfc.org\/wp-content\/uploads\/2025\/07\/Capture-decran-2025-07-09-a-13.42.50.png 858w, https:\/\/liguegolfbfc.org\/wp-content\/uploads\/2025\/07\/Capture-decran-2025-07-09-a-13.42.50-300x264.png 300w, https:\/\/liguegolfbfc.org\/wp-content\/uploads\/2025\/07\/Capture-decran-2025-07-09-a-13.42.50-768x677.png 768w\" sizes=\"auto, (max-width: 858px) 100vw, 858px\" \/><\/figure><\/div>","protected":false},"excerpt":{"rendered":"<p>ANN\u00c9E 2026 Calendrier Jeunes 2026Projet sportif 2026 Les documents pour accompagner votre enfant COMP\u00c9TITIONS ET ANIMATIONS LES \u00c9COLES LABELLIS\u00c9ES FFGOLF Le label d\u00e9veloppement et le label sportif comprennent six crit\u00e8res refl\u00e9tant la base d&rsquo;une bonne structuration. Il existe deux labels, le Label D\u00e9veloppement et le Label Sportif qui&nbsp;comprennent six crit\u00e8res refl\u00e9tant la base d\u2019une bonne [&hellip;]<\/p>\n","protected":false},"author":1,"featured_media":0,"parent":0,"menu_order":0,"comment_status":"closed","ping_status":"closed","template":"page-templates\/page-full-width.php","meta":{"footnotes":""},"class_list":["post-1616","page","type-page","status-publish","hentry"],"jetpack_sharing_enabled":true,"_links":{"self":[{"href":"https:\/\/liguegolfbfc.org\/index.php\/wp-json\/wp\/v2\/pages\/1616","targetHints":{"allow":["GET"]}}],"collection":[{"href":"https:\/\/liguegolfbfc.org\/index.php\/wp-json\/wp\/v2\/pages"}],"about":[{"href":"https:\/\/liguegolfbfc.org\/index.php\/wp-json\/wp\/v2\/types\/page"}],"author":[{"embeddable":true,"href":"https:\/\/liguegolfbfc.org\/index.php\/wp-json\/wp\/v2\/users\/1"}],"replies":[{"embeddable":true,"href":"https:\/\/liguegolfbfc.org\/index.php\/wp-json\/wp\/v2\/comments?post=1616"}],"version-history":[{"count":190,"href":"https:\/\/liguegolfbfc.org\/index.php\/wp-json\/wp\/v2\/pages\/1616\/revisions"}],"predecessor-version":[{"id":19652,"href":"https:\/\/liguegolfbfc.org\/index.php\/wp-json\/wp\/v2\/pages\/1616\/revisions\/19652"}],"wp:attachment":[{"href":"https:\/\/liguegolfbfc.org\/index.php\/wp-json\/wp\/v2\/media?parent=1616"}],"curies":[{"name":"wp","href":"https:\/\/api.w.org\/{rel}","templated":true}]}}