{"id":161,"date":"2020-03-10T09:26:30","date_gmt":"2020-03-10T08:26:30","guid":{"rendered":"http:\/\/liguegolfbfc.org\/?page_id=161"},"modified":"2025-02-25T14:15:33","modified_gmt":"2025-02-25T13:15:33","slug":"cd-89-comite-departemental-de-lyonne","status":"publish","type":"page","link":"https:\/\/liguegolfbfc.org\/index.php\/cd-89-comite-departemental-de-lyonne\/","title":{"rendered":"CD 89 | COMIT\u00c9 D\u00c9PARTEMENTAL DE L&rsquo;YONNE"},"content":{"rendered":"<div class=\"wp-block-image\">\n<figure class=\"alignleft size-large is-resized\"><img loading=\"lazy\" decoding=\"async\" src=\"http:\/\/liguegolfbfc.org\/wp-content\/uploads\/2020\/03\/LOGO-CD-89-BLEU.png\" alt=\"\" class=\"wp-image-981\" width=\"170\" height=\"260\" srcset=\"https:\/\/liguegolfbfc.org\/wp-content\/uploads\/2020\/03\/LOGO-CD-89-BLEU.png 226w, https:\/\/liguegolfbfc.org\/wp-content\/uploads\/2020\/03\/LOGO-CD-89-BLEU-196x300.png 196w\" sizes=\"auto, (max-width: 170px) 100vw, 170px\" \/><\/figure><\/div>\n\n\n<p><strong>CD 89 | Comit\u00e9 d\u00e9partemental de Golf de L&rsquo;Yonne<\/strong><\/p>\n\n\n\n<p><strong>Dissolution du CD le 12\/11\/2024<\/strong><br>en attente de l&rsquo;accord du Comit\u00e9 Directeur de la FFGolf qui aura lieu le 27 f\u00e9vrier pour la cr\u00e9ation du CT comprenant les d\u00e9partements de l&rsquo;Yonne et du Nivernais.<\/p>\n\n\n\n<p><strong>Site Web du CD<\/strong> : <a aria-label=\"comite-departemental-golf-yonne.jimdo.com (s\u2019ouvre dans un nouvel onglet)\" rel=\"noreferrer noopener\" href=\"https:\/\/comite-departemental-golf-yonne.jimdo.com\/\" target=\"_blank\">comite-departemental-golf-yonne.jimdo.com<\/a><\/p>\n\n\n\n<hr class=\"wp-block-separator has-alpha-channel-opacity\"\/>\n\n\n\n<p><\/p>\n\n\n\n<h3 class=\"wp-block-heading has-black-color has-cyan-bluish-gray-background-color has-text-color has-background\">Ann\u00e9e 2025<\/h3>\n\n\n\n<figure class=\"wp-block-image size-full\"><img loading=\"lazy\" decoding=\"async\" width=\"720\" height=\"574\" src=\"https:\/\/liguegolfbfc.org\/wp-content\/uploads\/2025\/02\/CD-lyonne-89.png\" alt=\"\" class=\"wp-image-16703\" srcset=\"https:\/\/liguegolfbfc.org\/wp-content\/uploads\/2025\/02\/CD-lyonne-89.png 720w, https:\/\/liguegolfbfc.org\/wp-content\/uploads\/2025\/02\/CD-lyonne-89-300x239.png 300w\" sizes=\"auto, (max-width: 720px) 100vw, 720px\" \/><\/figure>\n","protected":false},"excerpt":{"rendered":"<p>CD 89 | Comit\u00e9 d\u00e9partemental de Golf de L&rsquo;Yonne Dissolution du CD le 12\/11\/2024en attente de l&rsquo;accord du Comit\u00e9 Directeur de la FFGolf qui aura lieu le 27 f\u00e9vrier pour la cr\u00e9ation du CT comprenant les d\u00e9partements de l&rsquo;Yonne et du Nivernais. Site Web du CD : comite-departemental-golf-yonne.jimdo.com Ann\u00e9e 2025<\/p>\n","protected":false},"author":1,"featured_media":0,"parent":0,"menu_order":0,"comment_status":"closed","ping_status":"closed","template":"","meta":{"footnotes":""},"class_list":["post-161","page","type-page","status-publish","hentry"],"jetpack_sharing_enabled":true,"_links":{"self":[{"href":"https:\/\/liguegolfbfc.org\/index.php\/wp-json\/wp\/v2\/pages\/161","targetHints":{"allow":["GET"]}}],"collection":[{"href":"https:\/\/liguegolfbfc.org\/index.php\/wp-json\/wp\/v2\/pages"}],"about":[{"href":"https:\/\/liguegolfbfc.org\/index.php\/wp-json\/wp\/v2\/types\/page"}],"author":[{"embeddable":true,"href":"https:\/\/liguegolfbfc.org\/index.php\/wp-json\/wp\/v2\/users\/1"}],"replies":[{"embeddable":true,"href":"https:\/\/liguegolfbfc.org\/index.php\/wp-json\/wp\/v2\/comments?post=161"}],"version-history":[{"count":49,"href":"https:\/\/liguegolfbfc.org\/index.php\/wp-json\/wp\/v2\/pages\/161\/revisions"}],"predecessor-version":[{"id":16704,"href":"https:\/\/liguegolfbfc.org\/index.php\/wp-json\/wp\/v2\/pages\/161\/revisions\/16704"}],"wp:attachment":[{"href":"https:\/\/liguegolfbfc.org\/index.php\/wp-json\/wp\/v2\/media?parent=161"}],"curies":[{"name":"wp","href":"https:\/\/api.w.org\/{rel}","templated":true}]}}