{"id":157,"date":"2021-09-02T09:24:00","date_gmt":"2021-09-02T07:24:00","guid":{"rendered":"http:\/\/liguegolfbfc.org\/?page_id=157"},"modified":"2026-05-12T11:55:13","modified_gmt":"2026-05-12T09:55:13","slug":"cd-39-comite-departemental-du-jura","status":"publish","type":"page","link":"https:\/\/liguegolfbfc.org\/index.php\/cd-39-comite-departemental-du-jura\/","title":{"rendered":"CD 39 | COMIT\u00c9 D\u00c9PARTEMENTAL DU JURA"},"content":{"rendered":"\n<div class=\"wp-block-columns is-layout-flex wp-container-core-columns-is-layout-9d6595d7 wp-block-columns-is-layout-flex\">\n<div class=\"wp-block-column is-layout-flow wp-block-column-is-layout-flow\">\n<figure class=\"wp-block-image size-large is-resized\"><img loading=\"lazy\" decoding=\"async\" width=\"761\" height=\"1024\" src=\"https:\/\/liguegolfbfc.org\/wp-content\/uploads\/2026\/01\/LOGO-2025-ligue-golf-BFC-3-761x1024.png\" alt=\"\" class=\"wp-image-19379\" style=\"width:139px;height:auto\" srcset=\"https:\/\/liguegolfbfc.org\/wp-content\/uploads\/2026\/01\/LOGO-2025-ligue-golf-BFC-3-761x1024.png 761w, https:\/\/liguegolfbfc.org\/wp-content\/uploads\/2026\/01\/LOGO-2025-ligue-golf-BFC-3-223x300.png 223w, https:\/\/liguegolfbfc.org\/wp-content\/uploads\/2026\/01\/LOGO-2025-ligue-golf-BFC-3-768x1033.png 768w, https:\/\/liguegolfbfc.org\/wp-content\/uploads\/2026\/01\/LOGO-2025-ligue-golf-BFC-3-1142x1536.png 1142w, https:\/\/liguegolfbfc.org\/wp-content\/uploads\/2026\/01\/LOGO-2025-ligue-golf-BFC-3-1522x2048.png 1522w, https:\/\/liguegolfbfc.org\/wp-content\/uploads\/2026\/01\/LOGO-2025-ligue-golf-BFC-3.png 1713w\" sizes=\"auto, (max-width: 761px) 100vw, 761px\" \/><\/figure>\n<\/div>\n\n\n\n<div class=\"wp-block-column is-layout-flow wp-block-column-is-layout-flow\">\n<p><strong>CD 39<\/strong> | <strong>Comite D\u00e9partemental du Jura<\/strong><br><strong>Pr\u00e9sident <\/strong>:<strong> GAY<\/strong> Williams<br><a href=\"commercial3@feuvrier.fr\" target=\"_blank\" rel=\"noreferrer noopener\">commercial3@feuvrier.fr<\/a><br>tel. 06 71 72 46 23<\/p>\n<\/div>\n<\/div>\n\n\n\n<hr class=\"wp-block-separator has-css-opacity\"\/>\n\n\n\n<h2 class=\"wp-block-heading has-black-color has-cyan-bluish-gray-background-color has-text-color has-background\">ANN\u00c9E 2026<\/h2>\n\n\n\n<p>Challenges des EdG et Championnat D\u00e9partemental<br><strong><a href=\"https:\/\/liguegolfbfc.org\/wp-content\/uploads\/2026\/04\/CALENDRIER-DU-CD-39.pdf\">Calendrier 2026  <\/a><\/strong><\/p>\n\n\n\n<p><strong>Samedi 9 mai se d\u00e9roulait au VDS deux comp\u00e9titions qui s\u2019adressaient aux jeunes des \u00e9coles de golf du Jura .<\/strong> Au programme \u00ab J<strong>uniors s\u00e9rie <\/strong>\u00bb initi\u00e9e par la F\u00e9d\u00e9ration Fran\u00e7aise de golf ainsi que la <strong>premi\u00e8re \u00e9preuve du Challenge D\u00e9partemental des \u00e9coles de golf.<\/strong> <\/p>\n\n\n\n<div class=\"wp-block-columns is-layout-flex wp-container-core-columns-is-layout-9d6595d7 wp-block-columns-is-layout-flex\">\n<div class=\"wp-block-column is-layout-flow wp-block-column-is-layout-flow\">\n<figure class=\"wp-block-gallery has-nested-images columns-default is-cropped wp-block-gallery-1 is-layout-flex wp-block-gallery-is-layout-flex\">\n<figure data-wp-context=\"{&quot;imageId&quot;:&quot;6a03ced9c43d3&quot;}\" data-wp-interactive=\"core\/image\" class=\"wp-block-image size-large wp-lightbox-container\"><img loading=\"lazy\" decoding=\"async\" width=\"1024\" height=\"1024\" data-wp-class--hide=\"state.isContentHidden\" data-wp-class--show=\"state.isContentVisible\" data-wp-init=\"callbacks.setButtonStyles\" data-wp-on-async--click=\"actions.showLightbox\" data-wp-on-async--load=\"callbacks.setButtonStyles\" data-wp-on-async-window--resize=\"callbacks.setButtonStyles\" data-id=\"20558\" src=\"https:\/\/liguegolfbfc.org\/wp-content\/uploads\/2026\/05\/Le-Rochat-1024x1024.jpg\" alt=\"\" class=\"wp-image-20558\" srcset=\"https:\/\/liguegolfbfc.org\/wp-content\/uploads\/2026\/05\/Le-Rochat-1024x1024.jpg 1024w, https:\/\/liguegolfbfc.org\/wp-content\/uploads\/2026\/05\/Le-Rochat-300x300.jpg 300w, https:\/\/liguegolfbfc.org\/wp-content\/uploads\/2026\/05\/Le-Rochat-150x150.jpg 150w, https:\/\/liguegolfbfc.org\/wp-content\/uploads\/2026\/05\/Le-Rochat-768x768.jpg 768w, https:\/\/liguegolfbfc.org\/wp-content\/uploads\/2026\/05\/Le-Rochat-550x550.jpg 550w, https:\/\/liguegolfbfc.org\/wp-content\/uploads\/2026\/05\/Le-Rochat.jpg 1254w\" sizes=\"auto, (max-width: 1024px) 100vw, 1024px\" \/><button\n\t\t\tclass=\"lightbox-trigger\"\n\t\t\ttype=\"button\"\n\t\t\taria-haspopup=\"dialog\"\n\t\t\taria-label=\"Agrandir\"\n\t\t\tdata-wp-init=\"callbacks.initTriggerButton\"\n\t\t\tdata-wp-on-async--click=\"actions.showLightbox\"\n\t\t\tdata-wp-style--right=\"state.imageButtonRight\"\n\t\t\tdata-wp-style--top=\"state.imageButtonTop\"\n\t\t>\n\t\t\t<svg xmlns=\"http:\/\/www.w3.org\/2000\/svg\" width=\"12\" height=\"12\" fill=\"none\" viewBox=\"0 0 12 12\">\n\t\t\t\t<path fill=\"#fff\" d=\"M2 0a2 2 0 0 0-2 2v2h1.5V2a.5.5 0 0 1 .5-.5h2V0H2Zm2 10.5H2a.5.5 0 0 1-.5-.5V8H0v2a2 2 0 0 0 2 2h2v-1.5ZM8 12v-1.5h2a.5.5 0 0 0 .5-.5V8H12v2a2 2 0 0 1-2 2H8Zm2-12a2 2 0 0 1 2 2v2h-1.5V2a.5.5 0 0 0-.5-.5H8V0h2Z\" \/>\n\t\t\t<\/svg>\n\t\t<\/button><\/figure>\n<\/figure>\n<\/div>\n\n\n\n<div class=\"wp-block-column is-layout-flow wp-block-column-is-layout-flow\"><\/div>\n\n\n\n<div class=\"wp-block-column is-layout-flow wp-block-column-is-layout-flow\">\n<figure class=\"wp-block-gallery has-nested-images columns-default is-cropped wp-block-gallery-2 is-layout-flex wp-block-gallery-is-layout-flex\">\n<figure data-wp-context=\"{&quot;imageId&quot;:&quot;6a03ced9c4b40&quot;}\" data-wp-interactive=\"core\/image\" class=\"wp-block-image size-large wp-lightbox-container\"><img loading=\"lazy\" decoding=\"async\" width=\"1024\" height=\"747\" data-wp-class--hide=\"state.isContentHidden\" data-wp-class--show=\"state.isContentVisible\" data-wp-init=\"callbacks.setButtonStyles\" data-wp-on-async--click=\"actions.showLightbox\" data-wp-on-async--load=\"callbacks.setButtonStyles\" data-wp-on-async-window--resize=\"callbacks.setButtonStyles\" data-id=\"20560\" src=\"https:\/\/liguegolfbfc.org\/wp-content\/uploads\/2026\/05\/challengedeg-1024x747.jpg\" alt=\"\" class=\"wp-image-20560\" srcset=\"https:\/\/liguegolfbfc.org\/wp-content\/uploads\/2026\/05\/challengedeg-1024x747.jpg 1024w, https:\/\/liguegolfbfc.org\/wp-content\/uploads\/2026\/05\/challengedeg-300x219.jpg 300w, https:\/\/liguegolfbfc.org\/wp-content\/uploads\/2026\/05\/challengedeg-768x560.jpg 768w, https:\/\/liguegolfbfc.org\/wp-content\/uploads\/2026\/05\/challengedeg-1536x1121.jpg 1536w, https:\/\/liguegolfbfc.org\/wp-content\/uploads\/2026\/05\/challengedeg.jpg 1856w\" sizes=\"auto, (max-width: 1024px) 100vw, 1024px\" \/><button\n\t\t\tclass=\"lightbox-trigger\"\n\t\t\ttype=\"button\"\n\t\t\taria-haspopup=\"dialog\"\n\t\t\taria-label=\"Agrandir\"\n\t\t\tdata-wp-init=\"callbacks.initTriggerButton\"\n\t\t\tdata-wp-on-async--click=\"actions.showLightbox\"\n\t\t\tdata-wp-style--right=\"state.imageButtonRight\"\n\t\t\tdata-wp-style--top=\"state.imageButtonTop\"\n\t\t>\n\t\t\t<svg xmlns=\"http:\/\/www.w3.org\/2000\/svg\" width=\"12\" height=\"12\" fill=\"none\" viewBox=\"0 0 12 12\">\n\t\t\t\t<path fill=\"#fff\" d=\"M2 0a2 2 0 0 0-2 2v2h1.5V2a.5.5 0 0 1 .5-.5h2V0H2Zm2 10.5H2a.5.5 0 0 1-.5-.5V8H0v2a2 2 0 0 0 2 2h2v-1.5ZM8 12v-1.5h2a.5.5 0 0 0 .5-.5V8H12v2a2 2 0 0 1-2 2H8Zm2-12a2 2 0 0 1 2 2v2h-1.5V2a.5.5 0 0 0-.5-.5H8V0h2Z\" \/>\n\t\t\t<\/svg>\n\t\t<\/button><\/figure>\n<\/figure>\n<\/div>\n<\/div>\n\n\n\n<p><strong>Ces \u00e9preuves <\/strong>organis\u00e9es par Dominique Prudent <strong>ont rassembl\u00e9 31 filles et gar\u00e7ons des Rousses, Val d\u2019Amour et Val de Sorne.<\/strong>  Plusieurs personnes de l&rsquo;AS se sont investies pour aider au bon d\u00e9roulement de cette comp\u00e9tition, notamment en accompagnant les jeunes sur le parcours.<br><a href=\"https:\/\/as-golf-valdesorne.fr\/competitions\/les-competitions\/resultats.html\" target=\"_blank\" rel=\"noreferrer noopener\"><strong>RESULTATS<\/strong><\/a><\/p>\n\n\n\n<hr class=\"wp-block-separator has-alpha-channel-opacity\"\/>\n\n\n\n<p><strong>R\u00e8glement du Challenge des EdG<\/strong><br><em><strong><u>Formules de jeu<\/u><\/strong><\/em><\/p>\n\n\n\n<p>Pour chaque challenge, 3 \u00e9preuves seront organis\u00e9es :<\/p>\n\n\n\n<p>&nbsp;&#8211; <strong>S\u00e9rie Espoir :<\/strong><em><strong>&nbsp;<\/strong><\/em>Greensome sur 9 trous (limit\u00e9 \u00e0 9 coups\/trou)<\/p>\n\n\n\n<p>&nbsp; &nbsp; &nbsp; &nbsp; &nbsp; &nbsp; &nbsp; &nbsp; &nbsp; &nbsp; &nbsp; &nbsp; &nbsp; &nbsp; Pr\u00e9conis\u00e9 pour les joueurs non class\u00e9s drapeau jaune au minimum<\/p>\n\n\n\n<p>&nbsp;<strong>&#8211; S\u00e9rie Confirm\u00e9 : <\/strong>Score maximum individuel (limit\u00e9 \u00e0 9 coups\/trou) sur 9 trous<\/p>\n\n\n\n<p>&nbsp; &nbsp; &nbsp; &nbsp; &nbsp; &nbsp; &nbsp; &nbsp; &nbsp; &nbsp; &nbsp; &nbsp; &nbsp; &nbsp; Pr\u00e9conis\u00e9 pour les index &gt; 36 ayant le drapeau de bronze au minimum<\/p>\n\n\n\n<p><strong>&nbsp;&#8211;&nbsp;S\u00e9rie Elite: <\/strong>Score maximum individuel (limit\u00e9 \u00e0 9 coups\/trou) sur 18 trous<\/p>\n\n\n\n<p>&nbsp; &nbsp; &nbsp; &nbsp; &nbsp; &nbsp; &nbsp; &nbsp; &nbsp; &nbsp; &nbsp; &nbsp; &nbsp; &nbsp; Pr\u00e9conis\u00e9 pour les index de 20 \u00e0 36<\/p>\n\n\n\n<p><em><strong><u>Marques de d\u00e9part<\/u><\/strong><\/em><em><strong>&nbsp;:<\/strong><\/em> selon la cat\u00e9gorie d&rsquo;\u00e2ge ou pr\u00e9conis\u00e9 par la FFG pour les 9 et 18 trous en comp\u00e9tition. D\u00e9part orange pour les greensomes.<\/p>\n\n\n\n<p><strong><em><u>Heures de d\u00e9part<\/u><\/em><\/strong><strong><em> :<\/em><\/strong><em> <\/em>\u00e0 d\u00e9finir<\/p>\n\n\n\n<p><em><strong><u>Organisation des d\u00e9parts et recording&nbsp;<\/u><\/strong><\/em><em><strong>: <\/strong><\/em>\u00e0 la charge du club organisateur<\/p>\n\n\n\n<p><strong><em><u>Encadrement<\/u><\/em><\/strong><strong><em>&nbsp;:<\/em><\/strong> \u00e0 l&rsquo;initiative des \u00e9coles de golf et en accord avec le club organisateur, une personne pourra \u00eatre d\u00e9sign\u00e9e pour encadrer une partie : veiller au respect des r\u00e8gles et s&rsquo;assurer du bon d\u00e9compte des coups.<br>Elle n&rsquo;est pas autoris\u00e9e \u00e0 donner des conseils.<\/p>\n","protected":false},"excerpt":{"rendered":"<p>CD 39 | Comite D\u00e9partemental du JuraPr\u00e9sident : GAY Williamscommercial3@feuvrier.frtel. 06 71 72 46 23 ANN\u00c9E 2026 Challenges des EdG et Championnat D\u00e9partementalCalendrier 2026 Samedi 9 mai se d\u00e9roulait au VDS deux comp\u00e9titions qui s\u2019adressaient aux jeunes des \u00e9coles de golf du Jura . Au programme \u00ab Juniors s\u00e9rie \u00bb initi\u00e9e par la F\u00e9d\u00e9ration Fran\u00e7aise [&hellip;]<\/p>\n","protected":false},"author":1,"featured_media":0,"parent":0,"menu_order":0,"comment_status":"closed","ping_status":"closed","template":"","meta":{"footnotes":""},"class_list":["post-157","page","type-page","status-publish","hentry"],"jetpack_sharing_enabled":true,"_links":{"self":[{"href":"https:\/\/liguegolfbfc.org\/index.php\/wp-json\/wp\/v2\/pages\/157","targetHints":{"allow":["GET"]}}],"collection":[{"href":"https:\/\/liguegolfbfc.org\/index.php\/wp-json\/wp\/v2\/pages"}],"about":[{"href":"https:\/\/liguegolfbfc.org\/index.php\/wp-json\/wp\/v2\/types\/page"}],"author":[{"embeddable":true,"href":"https:\/\/liguegolfbfc.org\/index.php\/wp-json\/wp\/v2\/users\/1"}],"replies":[{"embeddable":true,"href":"https:\/\/liguegolfbfc.org\/index.php\/wp-json\/wp\/v2\/comments?post=157"}],"version-history":[{"count":75,"href":"https:\/\/liguegolfbfc.org\/index.php\/wp-json\/wp\/v2\/pages\/157\/revisions"}],"predecessor-version":[{"id":20561,"href":"https:\/\/liguegolfbfc.org\/index.php\/wp-json\/wp\/v2\/pages\/157\/revisions\/20561"}],"wp:attachment":[{"href":"https:\/\/liguegolfbfc.org\/index.php\/wp-json\/wp\/v2\/media?parent=157"}],"curies":[{"name":"wp","href":"https:\/\/api.w.org\/{rel}","templated":true}]}}