{"id":155,"date":"2020-03-10T09:24:00","date_gmt":"2020-03-10T08:24:00","guid":{"rendered":"http:\/\/liguegolfbfc.org\/?page_id=155"},"modified":"2026-04-07T15:08:19","modified_gmt":"2026-04-07T13:08:19","slug":"cd-21-comite-departemental-de-cote-dor","status":"publish","type":"page","link":"https:\/\/liguegolfbfc.org\/index.php\/cd-21-comite-departemental-de-cote-dor\/","title":{"rendered":"CT 21 | COMIT\u00c9 TERRITORIAL NORD BOURGOGNE"},"content":{"rendered":"\n<div class=\"wp-block-columns is-layout-flex wp-container-core-columns-is-layout-9d6595d7 wp-block-columns-is-layout-flex\">\n<div class=\"wp-block-column is-layout-flow wp-block-column-is-layout-flow\">\n<figure class=\"wp-block-image size-large is-resized\"><img loading=\"lazy\" decoding=\"async\" width=\"761\" height=\"1024\" src=\"https:\/\/liguegolfbfc.org\/wp-content\/uploads\/2026\/01\/LOGO-2025-ligue-golf-BFC-1-761x1024.png\" alt=\"\" class=\"wp-image-19365\" style=\"width:140px;height:auto\" srcset=\"https:\/\/liguegolfbfc.org\/wp-content\/uploads\/2026\/01\/LOGO-2025-ligue-golf-BFC-1-761x1024.png 761w, https:\/\/liguegolfbfc.org\/wp-content\/uploads\/2026\/01\/LOGO-2025-ligue-golf-BFC-1-223x300.png 223w, https:\/\/liguegolfbfc.org\/wp-content\/uploads\/2026\/01\/LOGO-2025-ligue-golf-BFC-1-768x1033.png 768w, https:\/\/liguegolfbfc.org\/wp-content\/uploads\/2026\/01\/LOGO-2025-ligue-golf-BFC-1-1142x1536.png 1142w, https:\/\/liguegolfbfc.org\/wp-content\/uploads\/2026\/01\/LOGO-2025-ligue-golf-BFC-1-1522x2048.png 1522w, https:\/\/liguegolfbfc.org\/wp-content\/uploads\/2026\/01\/LOGO-2025-ligue-golf-BFC-1.png 1713w\" sizes=\"auto, (max-width: 761px) 100vw, 761px\" \/><\/figure>\n<\/div>\n\n\n\n<div class=\"wp-block-column is-layout-flow wp-block-column-is-layout-flow\">\n<p><strong>CT <strong>|<\/strong><\/strong> <strong>Comit\u00e9 Territorial Nord Bourgogne <\/strong><br><strong>Pr\u00e9sident<\/strong> en int\u00e9rim<br>schatz.claude@orange.fr<br>T\u00e9l 06 61 29 05 09 <\/p>\n<\/div>\n<\/div>\n\n\n\n<p><strong>Le CD devient le Comit\u00e9 Territorial <\/strong><br>Les Pr\u00e9sidents d&rsquo;AS ont vot\u00e9 en AG extraordinaire le 21\/11\/2025<br><strong><a href=\"https:\/\/liguegolfbfc.org\/wp-content\/uploads\/2026\/01\/StatusRI-ComiteTerritorial.pdf\">Statuts et r\u00e8glement int\u00e9rieur<\/a><\/strong><br><strong><a href=\"https:\/\/liguegolfbfc.org\/wp-content\/uploads\/2026\/01\/PV-AGExtraordinaire21-11.pdf\">Proc\u00e8s verbal<\/a><\/strong><br><\/p>\n\n\n\n<h2 class=\"wp-block-heading has-black-color has-cyan-bluish-gray-background-color has-text-color has-background\">ANN\u00c9E 2026<\/h2>\n\n\n\n<div class=\"wp-block-buttons is-layout-flex wp-block-buttons-is-layout-flex\">\n<div class=\"wp-block-button\"><a class=\"wp-block-button__link wp-element-button\" href=\"https:\/\/liguegolfbfc.org\/wp-content\/uploads\/2026\/03\/CALENDRIER-2026-DU-COMITE-TERRITORIAL.pdf\"><strong> CALENDRIER 2026<\/strong><\/a><\/div>\n<\/div>\n\n\n\n<p><strong>R\u00e8glement du Challenge des Ecoles de Golf<\/strong><\/p>\n\n\n\n<p><em><strong><u>Formules de jeu<\/u><\/strong><\/em><\/p>\n\n\n\n<p>Pour chaque challenge, 3 \u00e9preuves seront organis\u00e9es :<\/p>\n\n\n\n<p>&nbsp;&#8211; <strong>S\u00e9rie Espoir :<\/strong><em><strong>&nbsp;<\/strong><\/em>Greensome sur 9 trous (limit\u00e9 \u00e0 9 coups\/trou)<\/p>\n\n\n\n<p>&nbsp; &nbsp; &nbsp; &nbsp; &nbsp; &nbsp; &nbsp; &nbsp; &nbsp; &nbsp; &nbsp; &nbsp; &nbsp; &nbsp; Pr\u00e9conis\u00e9 pour les joueurs non class\u00e9s drapeau jaune au minimum<\/p>\n\n\n\n<p>&nbsp;<strong>&#8211; S\u00e9rie Confirm\u00e9 : <\/strong>Score maximum individuel (limit\u00e9 \u00e0 9 coups\/trou) sur 9 trous<\/p>\n\n\n\n<p>&nbsp; &nbsp; &nbsp; &nbsp; &nbsp; &nbsp; &nbsp; &nbsp; &nbsp; &nbsp; &nbsp; &nbsp; &nbsp; &nbsp; Pr\u00e9conis\u00e9 pour les index &gt; 36 ayant le drapeau de bronze au minimum<\/p>\n\n\n\n<p><strong>&nbsp;&#8211;&nbsp;S\u00e9rie Elite: <\/strong>Score maximum individuel (limit\u00e9 \u00e0 9 coups\/trou) sur 18 trous<\/p>\n\n\n\n<p>&nbsp; &nbsp; &nbsp; &nbsp; &nbsp; &nbsp; &nbsp; &nbsp; &nbsp; &nbsp; &nbsp; &nbsp; &nbsp; &nbsp; Pr\u00e9conis\u00e9 pour les index de 20 \u00e0 36<\/p>\n\n\n\n<p><em><strong><u>Marques de d\u00e9part<\/u><\/strong><\/em><em><strong>&nbsp;:<\/strong><\/em> selon la cat\u00e9gorie d&rsquo;\u00e2ge ou pr\u00e9conis\u00e9 par la FFG pour les 9 et 18 trous en comp\u00e9tition. D\u00e9part orange pour les greensomes.<\/p>\n\n\n\n<p><strong><em><u>Heures de d\u00e9part<\/u><\/em><\/strong><strong><em> :<\/em><\/strong><em> <\/em>\u00e0 d\u00e9finir<\/p>\n\n\n\n<p><em><strong><u>Organisation des d\u00e9parts et recording&nbsp;<\/u><\/strong><\/em><em><strong>: <\/strong><\/em>\u00e0 la charge du club organisateur<\/p>\n\n\n\n<p><strong><em><u>Encadrement<\/u><\/em><\/strong><strong><em>&nbsp;:<\/em><\/strong> \u00e0 l&rsquo;initiative des \u00e9coles de golf et en accord avec le club organisateur, une personne pourra \u00eatre d\u00e9sign\u00e9e pour encadrer une partie : veiller au respect des r\u00e8gles et s&rsquo;assurer du bon d\u00e9compte des coups.<br>Elle n&rsquo;est pas autoris\u00e9e \u00e0 donner des conseils.<\/p>\n\n\n\n<hr class=\"wp-block-separator has-alpha-channel-opacity\"\/>\n\n\n\n<div class=\"wp-block-columns is-layout-flex wp-container-core-columns-is-layout-9d6595d7 wp-block-columns-is-layout-flex\">\n<div class=\"wp-block-column is-layout-flow wp-block-column-is-layout-flow\" style=\"flex-basis:100%\"><\/div>\n<\/div>\n\n\n\n<p class=\"has-small-font-size\"><br><\/p>\n","protected":false},"excerpt":{"rendered":"<p>CT | Comit\u00e9 Territorial Nord Bourgogne Pr\u00e9sident en int\u00e9rimschatz.claude@orange.frT\u00e9l 06 61 29 05 09 Le CD devient le Comit\u00e9 Territorial Les Pr\u00e9sidents d&rsquo;AS ont vot\u00e9 en AG extraordinaire le 21\/11\/2025Statuts et r\u00e8glement int\u00e9rieurProc\u00e8s verbal ANN\u00c9E 2026 R\u00e8glement du Challenge des Ecoles de Golf Formules de jeu Pour chaque challenge, 3 \u00e9preuves seront organis\u00e9es : &nbsp;&#8211; [&hellip;]<\/p>\n","protected":false},"author":1,"featured_media":0,"parent":0,"menu_order":0,"comment_status":"closed","ping_status":"closed","template":"","meta":{"footnotes":""},"class_list":["post-155","page","type-page","status-publish","hentry"],"jetpack_sharing_enabled":true,"_links":{"self":[{"href":"https:\/\/liguegolfbfc.org\/index.php\/wp-json\/wp\/v2\/pages\/155","targetHints":{"allow":["GET"]}}],"collection":[{"href":"https:\/\/liguegolfbfc.org\/index.php\/wp-json\/wp\/v2\/pages"}],"about":[{"href":"https:\/\/liguegolfbfc.org\/index.php\/wp-json\/wp\/v2\/types\/page"}],"author":[{"embeddable":true,"href":"https:\/\/liguegolfbfc.org\/index.php\/wp-json\/wp\/v2\/users\/1"}],"replies":[{"embeddable":true,"href":"https:\/\/liguegolfbfc.org\/index.php\/wp-json\/wp\/v2\/comments?post=155"}],"version-history":[{"count":136,"href":"https:\/\/liguegolfbfc.org\/index.php\/wp-json\/wp\/v2\/pages\/155\/revisions"}],"predecessor-version":[{"id":20138,"href":"https:\/\/liguegolfbfc.org\/index.php\/wp-json\/wp\/v2\/pages\/155\/revisions\/20138"}],"wp:attachment":[{"href":"https:\/\/liguegolfbfc.org\/index.php\/wp-json\/wp\/v2\/media?parent=155"}],"curies":[{"name":"wp","href":"https:\/\/api.w.org\/{rel}","templated":true}]}}