{"id":146,"date":"2020-03-10T09:19:12","date_gmt":"2020-03-10T08:19:12","guid":{"rendered":"http:\/\/liguegolfbfc.org\/?page_id=146"},"modified":"2025-06-17T11:32:09","modified_gmt":"2025-06-17T09:32:09","slug":"ligue-sante","status":"publish","type":"page","link":"https:\/\/liguegolfbfc.org\/index.php\/ligue-sante\/","title":{"rendered":"LIGUE | SANT\u00c9"},"content":{"rendered":"\n<p><\/p>\n\n\n\n<hr class=\"wp-block-separator has-alpha-channel-opacity\"\/>\n\n\n\n<h2 class=\"wp-block-heading\">LE GOLF EST BON POUR LA SANT\u00c9<\/h2>\n\n\n\n<p> Le golf associe une sollicitation cardiaque douce, un travail musculaire de tout le corps, une activit\u00e9 intellectuelle et sociale.<\/p>\n\n\n\n<h2 class=\"wp-block-heading\">B\u00e9n\u00e9fice cardiovasculaire<\/h2>\n\n\n\n<p>La pratique du golf r\u00e9guli\u00e8re est b\u00e9n\u00e9fique pour le syst\u00e8me cardiovasculaire : c\u2019est une activit\u00e9 physique fractionn\u00e9e. Le joueur marche, tape la balle et r\u00e9cup\u00e8re entre les coups. Une pratique r\u00e9guli\u00e8re permet une augmentation du bon cholest\u00e9rol et diminue le poids. Le golf permet de garder trois \u00e9l\u00e9ments essentiels du syst\u00e8me cardiovasculaire : la souplesse, la force et la proprioception. Le golf pr\u00e9vient l\u2019arthrose et l\u2019ost\u00e9oporose. <\/p>\n\n\n\n<h2 class=\"wp-block-heading\">B\u00e9n\u00e9fice neurologique <\/h2>\n\n\n\n<p>Le golf a un impact positif sur le syst\u00e8me neurologique (vieillissement c\u00e9r\u00e9bral), le joueur de golf doit visualiser et m\u00e9moriser les coups qu\u2019il a jou\u00e9 sur le parcours. Le golf est un sport qui n\u00e9cessite une gestion du stress. ll se pratique dans un environnement calme et serein.<\/p>\n\n\n\n<h2 class=\"wp-block-heading\">B\u00e9n\u00e9fice de socialisation <\/h2>\n\n\n\n<p>Le golf a un r\u00f4le de pr\u00e9vention gr\u00e2ce \u00e0 la socialisation. Les golfeurs jouent la plupart du temps avec des joueurs de leur \u00e2ge. Lors d\u2019une partie, s\u2019ils sont fatigu\u00e9s, s\u2019ils trainent par rapport \u00e0 leurs partenaires, ceux-ci les invitent \u00e0 consulter leur m\u00e9decin. Le golf permet de lier des liens sociaux et ceci m\u00eame entre les g\u00e9n\u00e9rations. Il d\u00e9veloppe l\u2019id\u00e9e de rencontres amicales, de comp\u00e9titions et de moments conviviaux apr\u00e8s les parties. Le golf offre la possiblit\u00e9 de se faire des amis, cela \u00e9vite l\u2019isolement.<\/p>\n\n\n\n<p class=\"has-text-align-center has-very-light-gray-color has-text-color has-background has-medium-font-size\" style=\"background-color:#8c6d09\">1 parcours 18 trous = 10 000 pas.<\/p>\n\n\n\n<h2 class=\"wp-block-heading\">Check up du Golfeur <\/h2>\n\n\n\n<p>Avant de se lancer: les conseils du Dr Olivier ROUILLON, m\u00e9decin f\u00e9d\u00e9ral national.<\/p>\n\n\n\n<ul class=\"wp-block-list\">\n<li>Faire un examen m\u00e9dical aupr\u00e8s d\u2019un m\u00e9decin : cela permet de d\u00e9tecter les faiblesses cardiovasculaires ou ost\u00e9oarticulaires et d\u2019adapter sa pratique \u00e0 sa sant\u00e9.<\/li>\n\n\n\n<li> Choisir des clubs adapt\u00e9s (l\u00e9gers et souples).<\/li>\n\n\n\n<li> D\u00e9buter avec un Club proposant un parcours d\u2019initiation.<\/li>\n\n\n\n<li> Prendre des cours avec un enseignant de golf pour adapter son swing \u00e0 sa forme et \u00e0 son \u00e2ge.<\/li>\n\n\n\n<li> Entretenir sa forme \u00e0 la maison : 10 minutes de gymnastique et d\u2019\u00e9tirements chez soi, 3 fois par semaine, sont un bon moyen de pr\u00e9parer son corps \u00e0 la pratique du golf. <\/li>\n\n\n\n<li>Allez voir un Kin\u00e9sith\u00e9rapeute ou Coach sportif pour un programme personnalis\u00e9. <\/li>\n<\/ul>\n\n\n\n<figure class=\"wp-block-gallery has-nested-images columns-4 is-cropped wp-block-gallery-1 is-layout-flex wp-block-gallery-is-layout-flex\">\n<figure class=\"wp-block-image size-large\"><a href=\"https:\/\/liguegolfbfc.org\/wp-content\/uploads\/2020\/03\/MIR-1-QUETIGNY-11-12-05-19-P9.jpg\" data-rel=\"lightbox-gallery-Yk5vByBQ\" data-rl_title=\"\" data-rl_caption=\"\" title=\"\"><img loading=\"lazy\" decoding=\"async\" width=\"1024\" height=\"678\" data-id=\"1043\" src=\"https:\/\/liguegolfbfc.org\/wp-content\/uploads\/2020\/03\/MIR-1-QUETIGNY-11-12-05-19-P9-1024x678.jpg\" alt=\"\" class=\"wp-image-1043\" srcset=\"https:\/\/liguegolfbfc.org\/wp-content\/uploads\/2020\/03\/MIR-1-QUETIGNY-11-12-05-19-P9-1024x678.jpg 1024w, https:\/\/liguegolfbfc.org\/wp-content\/uploads\/2020\/03\/MIR-1-QUETIGNY-11-12-05-19-P9-300x199.jpg 300w, https:\/\/liguegolfbfc.org\/wp-content\/uploads\/2020\/03\/MIR-1-QUETIGNY-11-12-05-19-P9-768x509.jpg 768w, https:\/\/liguegolfbfc.org\/wp-content\/uploads\/2020\/03\/MIR-1-QUETIGNY-11-12-05-19-P9-1536x1017.jpg 1536w, https:\/\/liguegolfbfc.org\/wp-content\/uploads\/2020\/03\/MIR-1-QUETIGNY-11-12-05-19-P9.jpg 1848w\" sizes=\"auto, (max-width: 1024px) 100vw, 1024px\" \/><\/a><\/figure>\n\n\n\n<figure class=\"wp-block-image size-large\"><a href=\"https:\/\/liguegolfbfc.org\/wp-content\/uploads\/2020\/03\/CHANTILLY-CHPT-U14-CAMILLE.jpg\" data-rel=\"lightbox-gallery-Yk5vByBQ\" data-rl_title=\"\" data-rl_caption=\"\" title=\"\"><img loading=\"lazy\" decoding=\"async\" width=\"300\" height=\"400\" data-id=\"1044\" src=\"https:\/\/liguegolfbfc.org\/wp-content\/uploads\/2020\/03\/CHANTILLY-CHPT-U14-CAMILLE.jpg\" alt=\"\" class=\"wp-image-1044\" srcset=\"https:\/\/liguegolfbfc.org\/wp-content\/uploads\/2020\/03\/CHANTILLY-CHPT-U14-CAMILLE.jpg 300w, https:\/\/liguegolfbfc.org\/wp-content\/uploads\/2020\/03\/CHANTILLY-CHPT-U14-CAMILLE-225x300.jpg 225w\" sizes=\"auto, (max-width: 300px) 100vw, 300px\" \/><\/a><\/figure>\n\n\n\n<figure class=\"wp-block-image size-large\"><a href=\"https:\/\/liguegolfbfc.org\/wp-content\/uploads\/2020\/03\/CHANTILLY-CHT-U14-JULES.jpg\" data-rel=\"lightbox-gallery-Yk5vByBQ\" data-rl_title=\"\" data-rl_caption=\"\" title=\"\"><img loading=\"lazy\" decoding=\"async\" width=\"300\" height=\"400\" data-id=\"1045\" src=\"https:\/\/liguegolfbfc.org\/wp-content\/uploads\/2020\/03\/CHANTILLY-CHT-U14-JULES.jpg\" alt=\"\" class=\"wp-image-1045\" srcset=\"https:\/\/liguegolfbfc.org\/wp-content\/uploads\/2020\/03\/CHANTILLY-CHT-U14-JULES.jpg 300w, https:\/\/liguegolfbfc.org\/wp-content\/uploads\/2020\/03\/CHANTILLY-CHT-U14-JULES-225x300.jpg 225w\" sizes=\"auto, (max-width: 300px) 100vw, 300px\" \/><\/a><\/figure>\n\n\n\n<figure class=\"wp-block-image size-large\"><a href=\"https:\/\/liguegolfbfc.org\/wp-content\/uploads\/2020\/03\/MIR-1-QUETIGNY-11-12-05-19-P5.jpg\" data-rel=\"lightbox-gallery-Yk5vByBQ\" data-rl_title=\"\" data-rl_caption=\"\" title=\"\"><img loading=\"lazy\" decoding=\"async\" width=\"288\" height=\"384\" data-id=\"1047\" src=\"https:\/\/liguegolfbfc.org\/wp-content\/uploads\/2020\/03\/MIR-1-QUETIGNY-11-12-05-19-P5.jpg\" alt=\"\" class=\"wp-image-1047\" srcset=\"https:\/\/liguegolfbfc.org\/wp-content\/uploads\/2020\/03\/MIR-1-QUETIGNY-11-12-05-19-P5.jpg 288w, https:\/\/liguegolfbfc.org\/wp-content\/uploads\/2020\/03\/MIR-1-QUETIGNY-11-12-05-19-P5-225x300.jpg 225w\" sizes=\"auto, (max-width: 288px) 100vw, 288px\" \/><\/a><\/figure>\n<\/figure>\n","protected":false},"excerpt":{"rendered":"<p>LE GOLF EST BON POUR LA SANT\u00c9 Le golf associe une sollicitation cardiaque douce, un travail musculaire de tout le corps, une activit\u00e9 intellectuelle et sociale. B\u00e9n\u00e9fice cardiovasculaire La pratique du golf r\u00e9guli\u00e8re est b\u00e9n\u00e9fique pour le syst\u00e8me cardiovasculaire : c\u2019est une activit\u00e9 physique fractionn\u00e9e. Le joueur marche, tape la balle et r\u00e9cup\u00e8re entre les [&hellip;]<\/p>\n","protected":false},"author":1,"featured_media":0,"parent":0,"menu_order":0,"comment_status":"closed","ping_status":"closed","template":"page-templates\/page-full-width.php","meta":{"footnotes":""},"class_list":["post-146","page","type-page","status-publish","hentry"],"jetpack_sharing_enabled":true,"_links":{"self":[{"href":"https:\/\/liguegolfbfc.org\/index.php\/wp-json\/wp\/v2\/pages\/146","targetHints":{"allow":["GET"]}}],"collection":[{"href":"https:\/\/liguegolfbfc.org\/index.php\/wp-json\/wp\/v2\/pages"}],"about":[{"href":"https:\/\/liguegolfbfc.org\/index.php\/wp-json\/wp\/v2\/types\/page"}],"author":[{"embeddable":true,"href":"https:\/\/liguegolfbfc.org\/index.php\/wp-json\/wp\/v2\/users\/1"}],"replies":[{"embeddable":true,"href":"https:\/\/liguegolfbfc.org\/index.php\/wp-json\/wp\/v2\/comments?post=146"}],"version-history":[{"count":24,"href":"https:\/\/liguegolfbfc.org\/index.php\/wp-json\/wp\/v2\/pages\/146\/revisions"}],"predecessor-version":[{"id":18199,"href":"https:\/\/liguegolfbfc.org\/index.php\/wp-json\/wp\/v2\/pages\/146\/revisions\/18199"}],"wp:attachment":[{"href":"https:\/\/liguegolfbfc.org\/index.php\/wp-json\/wp\/v2\/media?parent=146"}],"curies":[{"name":"wp","href":"https:\/\/api.w.org\/{rel}","templated":true}]}}