{"id":144,"date":"2020-03-10T09:18:46","date_gmt":"2020-03-10T08:18:46","guid":{"rendered":"http:\/\/liguegolfbfc.org\/?page_id=144"},"modified":"2025-03-06T14:37:16","modified_gmt":"2025-03-06T13:37:16","slug":"ligue-licence-ffgolf","status":"publish","type":"page","link":"https:\/\/liguegolfbfc.org\/index.php\/ligue-licence-ffgolf\/","title":{"rendered":"LIGUE | LICENCE FFGOLF"},"content":{"rendered":"\n<h2 class=\"wp-block-heading has-white-color has-text-color has-background\" id=\"ProjetSportif2023\" style=\"background:linear-gradient(135deg,rgb(0,51,96) 0%,rgb(0,51,96) 55%,rgb(0,51,96) 100%)\">LIGUE | LICENCE FFGOLF<\/h2>\n\n\n\n<h2 class=\"wp-block-heading\"><strong>Licence 202<\/strong>5<\/h2>\n\n\n\n<p><strong><a href=\"https:\/\/www.ffgolf.org\/prendre-sa-licence\/tarifs\" target=\"_blank\" rel=\"noreferrer noopener\">Les tarifs de la licence 2025<\/a><\/strong><\/p>\n\n\n\n<p>\ud83d\udccc <strong>Commandez votre licence aupr\u00e8s d\u2019un Club de Golf<\/strong><\/p>\n\n\n\n<p>Que vous soyez <strong>membre d\u2019un club<\/strong> ou <strong>joueur ind\u00e9pendant<\/strong>, vous devez commander votre licence aupr\u00e8s du <strong>secr\u00e9tariat d\u2019un golf<\/strong>.<\/p>\n\n\n\n<p>\ud83d\udd39 <strong>Si vous \u00eates membre d\u2019un club<\/strong> : La commande de la licence via votre club est <strong>obligatoire<\/strong> si vous en \u00eates adh\u00e9rent et\/ou si vous repr\u00e9sentez le club lors des <strong>comp\u00e9titions par \u00e9quipes<\/strong>.<\/p>\n\n\n\n<p>\ud83d\udd39 <strong>Si vous \u00eates joueur ind\u00e9pendant<\/strong> : Vous pouvez \u00e9galement commander votre licence directement aupr\u00e8s d\u2019un golf de votre choix.<\/p>\n\n\n\n<p>Votre licence est valable <strong>jusqu\u2019au 31 d\u00e9cembre 2025<\/strong> et permet de b\u00e9n\u00e9ficier de l\u2019ensemble des services de la <strong>ffgolf<\/strong>, incluant l\u2019acc\u00e8s aux comp\u00e9titions officielles et au suivi de votre index.<\/p>\n\n\n\n<p><a href=\"https:\/\/www.ffgolf.org\/Se-licencier\/Je-commande\" target=\"_blank\" rel=\"noreferrer noopener\">Toutes les options sur la commande de licence (club, FFGolf, en ligne, cr\u00e9ation, renouvellement\u2026)<\/a><\/p>\n\n\n\n<h2 class=\"wp-block-heading\">Certificat M\u00e9dical<\/h2>\n\n\n\n<p>Les r\u00e8gles pour le certificat m\u00e9dical <strong>ont chang\u00e9<\/strong> en 2023 ! La pratique loisir n&rsquo;oblige plus \u00e0 fournir un Certificat M\u00e9dical ou un Questionnaire de Sant\u00e9. Toutes les informations concernant ce changement sont disponibles sur le site internet de la ffgolf.<\/p>\n\n\n\n<p>Certificat m\u00e9dical et questionnaire de sant\u00e9 : <br>Les nouvelles dispositions pour l&rsquo;ann\u00e9e 2025 &#8211; <strong> <a rel=\"noreferrer noopener\" href=\"https:\/\/www.ffgolf.org\/Se-licencier\/Certificat-medical-et-questionnaire-de-sante\" target=\"_blank\">cliquez ici<\/a><\/strong><\/p>\n\n\n\n<h2 class=\"wp-block-heading\">Droit de jeu F\u00e9d\u00e9ral<\/h2>\n\n\n\n<p>Le <strong>droit de jeu annuel de 40 \u20ac<\/strong> doit \u00eatre acquitt\u00e9 en compl\u00e9ment du paiement de la licence par tout joueur participant \u00e0 <strong>au moins une \u00e9preuve f\u00e9d\u00e9rale individuelle<\/strong> comptant pour un M\u00e9rite f\u00e9d\u00e9ral.<\/p>\n\n\n\n<p>En compl\u00e9ment du paiement de la licence, les joueurs doivent s\u2019acquitter de ce <strong>droit de jeu<\/strong>, valable jusqu\u2019au <strong>31 d\u00e9cembre de l\u2019ann\u00e9e en cours<\/strong>, r\u00e9glable en ligne dans leur <strong>Espace licenci\u00e9<\/strong>.<\/p>\n\n\n\n<p>Comme pour la <strong>licence et le certificat m\u00e9dical<\/strong>, les inscriptions seraient <strong>rejet\u00e9es<\/strong> si la situation <strong>n\u2019\u00e9tait pas r\u00e9gularis\u00e9e avant la cl\u00f4ture des inscriptions<\/strong>.<\/p>\n\n\n\n<p>Pour plus de d\u00e9tails, vous pouvez consulter <a href=\"https:\/\/www.ffgolf.org\/golf-amateur\/reglements\/droit-de-jeu-federal\" target=\"_blank\" rel=\"noreferrer noopener\">le droit de jeu f\u00e9d\u00e9ral via la ffgolf <\/a><\/p>\n","protected":false},"excerpt":{"rendered":"<p>LIGUE | LICENCE FFGOLF Licence 2025 Les tarifs de la licence 2025 \ud83d\udccc Commandez votre licence aupr\u00e8s d\u2019un Club de Golf Que vous soyez membre d\u2019un club ou joueur ind\u00e9pendant, vous devez commander votre licence aupr\u00e8s du secr\u00e9tariat d\u2019un golf. \ud83d\udd39 Si vous \u00eates membre d\u2019un club : La commande de la licence via votre [&hellip;]<\/p>\n","protected":false},"author":1,"featured_media":0,"parent":0,"menu_order":0,"comment_status":"closed","ping_status":"closed","template":"page-templates\/page-full-width.php","meta":{"footnotes":""},"class_list":["post-144","page","type-page","status-publish","hentry"],"jetpack_sharing_enabled":true,"_links":{"self":[{"href":"https:\/\/liguegolfbfc.org\/index.php\/wp-json\/wp\/v2\/pages\/144","targetHints":{"allow":["GET"]}}],"collection":[{"href":"https:\/\/liguegolfbfc.org\/index.php\/wp-json\/wp\/v2\/pages"}],"about":[{"href":"https:\/\/liguegolfbfc.org\/index.php\/wp-json\/wp\/v2\/types\/page"}],"author":[{"embeddable":true,"href":"https:\/\/liguegolfbfc.org\/index.php\/wp-json\/wp\/v2\/users\/1"}],"replies":[{"embeddable":true,"href":"https:\/\/liguegolfbfc.org\/index.php\/wp-json\/wp\/v2\/comments?post=144"}],"version-history":[{"count":16,"href":"https:\/\/liguegolfbfc.org\/index.php\/wp-json\/wp\/v2\/pages\/144\/revisions"}],"predecessor-version":[{"id":16986,"href":"https:\/\/liguegolfbfc.org\/index.php\/wp-json\/wp\/v2\/pages\/144\/revisions\/16986"}],"wp:attachment":[{"href":"https:\/\/liguegolfbfc.org\/index.php\/wp-json\/wp\/v2\/media?parent=144"}],"curies":[{"name":"wp","href":"https:\/\/api.w.org\/{rel}","templated":true}]}}