{"id":142,"date":"2020-03-10T09:18:19","date_gmt":"2020-03-10T08:18:19","guid":{"rendered":"http:\/\/liguegolfbfc.org\/?page_id=142"},"modified":"2026-04-02T14:35:17","modified_gmt":"2026-04-02T12:35:17","slug":"ligue-arbitrage","status":"publish","type":"page","link":"https:\/\/liguegolfbfc.org\/index.php\/ligue-arbitrage\/","title":{"rendered":"LIGUE | ARBITRAGE | ASBC"},"content":{"rendered":"\n<h2 class=\"wp-block-heading has-white-color has-text-color has-background\" id=\"ProjetSportif2023\" style=\"background:linear-gradient(135deg,rgb(0,51,96) 0%,rgb(0,51,96) 55%,rgb(0,51,96) 100%)\">2026 COMMISSION JEUX, R\u00c8GLEMENTS ET ARBITRAGE<\/h2>\n\n\n\n<p>Responsable et Formateur | Michel <strong>CORBERAND<\/strong> et Fr\u00e9d\u00e9ric <strong>RUCKSTHUL<\/strong> <br>Arbitre F\u00e9d\u00e9ral et D\u00e9l\u00e9gu\u00e9e CNA | Fr\u00e9d\u00e9ric <strong>RUCKSTHUL<\/strong><br>Arbitre Nationale et Formatrice | Jo\u00eblle <strong>GOGLU<\/strong><br>Arbitre F\u00e9d\u00e9ral et Formateur | Nicolas <strong>DANTZER<\/strong><\/p>\n\n\n\n<h2 class=\"wp-block-heading has-white-color has-text-color has-background\" id=\"ProjetSportif2023\" style=\"background:linear-gradient(135deg,rgb(0,51,96) 0%,rgb(0,51,96) 55%,rgb(0,51,96) 100%)\">ARBITRAGE<\/h2>\n\n\n\n<h2 class=\"wp-block-heading\"><strong>Concours d&rsquo;Arbitre F\u00e9d\u00e9ral <\/strong><\/h2>\n\n\n\n<p><br>Toutes nos f\u00e9licitations aux candidats ayant r\u00e9ussi leur concours d\u2019arbitre f\u00e9d\u00e9ral lors de la session de d\u00e9cembre 2025.<\/p>\n\n\n\n<ul class=\"wp-block-list\">\n<li><strong>S\u00e9bastien Fitte<\/strong> &#8211; Bourbon-Lancy (Arbitre de ligue depuis 2022)<\/li>\n\n\n\n<li><strong>Thierry Fugain<\/strong> &#8211; Val de Sorne (Arbitre de ligue depuis 2019)<\/li>\n\n\n\n<li><strong>Jean-Claude Levet<\/strong> &#8211; Roncemay (Arbitre de ligue depuis 2019)<\/li>\n<\/ul>\n\n\n\n<p>La Ligue compte d\u00e9sormais 10 arbitres de Ligue, 7 arbitres f\u00e9d\u00e9raux et 1 arbitre nationale.<\/p>\n\n\n\n<p><strong>Pour candidater \u00e0 la formation Arbitres de ligue ou f\u00e9d\u00e9ral <\/strong>veuillez compl\u00e9ter la <strong><a href=\"https:\/\/liguegolfbfc.org\/wp-content\/uploads\/2025\/01\/INSCRIPTION-Arbitre-de-Ligue-Golf.pdf\" target=\"_blank\" rel=\"noreferrer noopener\">Fiche d&rsquo;inscription<\/a><\/strong><\/p>\n\n\n\n<h4 class=\"wp-block-heading\"><a href=\"https:\/\/liguegolfbfc.org\/wp-content\/uploads\/2026\/03\/Arbitrage-BFC-2026.pdf\">Calendrier des arbitrages 2026<\/a><\/h4>\n\n\n\n<p><strong>R\u00e9union annuelle des arbitres<\/strong> 28 f\u00e9vrier 2026<br>Le golf de la Chassagne a accueilli les arbitres de la Ligue Bourgogne Franche-Comt\u00e9. <br>Journ\u00e9e, anim\u00e9e par Michel Corberand et Fr\u00e9d\u00e9ric Ruckstuhl, pr\u00e9paratoire \u00e0 la saison 2026<\/p>\n\n\n\n<p><em>article publi\u00e9 dans le magazine : \u00ab\u00a0Union Nationale des Retrait\u00e9s de la Police Nationale\u00a0\u00bb au printemps-\u00e9t\u00e9 2020<\/em><\/p>\n\n\n\n<div class=\"wp-block-columns is-layout-flex wp-container-core-columns-is-layout-9d6595d7 wp-block-columns-is-layout-flex\">\n<div class=\"wp-block-column is-layout-flow wp-block-column-is-layout-flow\">\n<p>Le jeu de golf se joue sur un ou plusieurs tours de 18 trous (ou moins) en frappant une balle avec un club (04H30 de jeu en g\u00e9n\u00e9ral) dans un parcours de verdure s&rsquo;\u00e9tendant g\u00e9n\u00e9ralement sur une superficie d&rsquo;une soixantaine d&rsquo;hectares.<\/p>\n\n\n\n<p>Chaque trou commence par un coup jou\u00e9 depuis la zone de d\u00e9part et finit quand la balle est entr\u00e9e dans le trou sur le green, le joueur joue le parcours comme il le trouve et joue la balle comme elle repose, mais il existe des exceptions o\u00f9 les r\u00e8gles autorisent le joueur \u00e0 modifier les conditions du parcours ou lui permettent de jouer la balle depuis un endroit diff\u00e9rent de celui o\u00f9 elle repose.<\/p>\n\n\n\n<p>Une comp\u00e9tition f\u00e9d\u00e9rale est g\u00e9n\u00e9ralement encadr\u00e9e par 3 arbitres f\u00e9d\u00e9raux (voir arbitre de ligue) qui se retrouvent 2 jours avant la comp\u00e9tition afin de mettre en place l&rsquo;organisation sportive : s&rsquo;assurer du respect du cahier des charges des \u00e9preuves nationales : mise en place de starters, recorders, pr\u00e9voir un tableau officiel sur lequel on trouvera tous les documents relatifs \u00e0 la comp\u00e9tition, entre autres les r\u00e8glements g\u00e9n\u00e9raux et sp\u00e9cifiques de l&rsquo;\u00e9preuve, plan , r\u00e8gles locales, temps de jeu\u2026mais aussi pour pr\u00e9parer le parcours : piquetage des limites, marquage des zones \u00e0 p\u00e9nalit\u00e9s, voir des terrains en conditions anormales, v\u00e9rification des hauteurs de tonte en fonction des zones du parcours, pr\u00e9voir au quotidien les mises en place des marques de d\u00e9part ainsi que la position des drapeaux sur les greens. <\/p>\n<\/div>\n\n\n\n<div class=\"wp-block-column is-layout-flow wp-block-column-is-layout-flow\">\n<p>Le travail de terrain est toujours en \u00e9troite collaboration avec le green keeper (responsable des jardiniers) et nous agissons ensemble en fonction des moyens mis \u00e0 notre disposition et des conditions m\u00e9t\u00e9orologiques, n&rsquo;oublions pas que ce jeu est un sport de plein air et quoique qu&rsquo;il advienne les tours doivent \u00eatre effectu\u00e9s.<\/p>\n\n\n\n<p>A la suite de cette pr\u00e9paration, nous nous pr\u00e9parons \u00e0 vivre au rythme de la comp\u00e9tition qui peut se d\u00e9rouler de 2 \u00e0 4 jours. Au cours de ces journ\u00e9es nous devons \u00eatre sur le terrain une heure avant le premier d\u00e9part pour le set up (voir si l&rsquo;organisation est en place, si rien n&rsquo;a chang\u00e9 par rapport \u00e0 la veille&#8230;d\u00e9gradations suite \u00e0 des passages d&rsquo;animaux\u2026) certes nous vivons des moments d&rsquo;attente mais aussi des mont\u00e9es d&rsquo;adr\u00e9naline quand il faut parer au plus press\u00e9 ou lorsque nous devons intervenir \u00e0 la demande de joueurs en d\u00e9saccord. Notre jugement reste sans appel.<\/p>\n\n\n\n<p>C&rsquo;est en cela que l&rsquo;arbitre joue un r\u00f4le important, il est le garant de l&rsquo;\u00e9quit\u00e9 entre tous les comp\u00e9titeurs. Il doit r\u00e9soudre des questions de fait et inciter \u00e0 appliquer les r\u00e8gles, valider les r\u00e9sultats \u00e0 la FFGolf chaque soir.<\/p>\n\n\n\n<p>4, 5 ou 6 jours fatigants mais valorisants se sont pass\u00e9s parfois correctement ou parfois avec des imperfections\u2026 mais chaque fois,&nbsp; l&rsquo;arbitre grandit de ses erreurs\u2026<\/p>\n\n\n\n<p class=\"has-white-color has-text-color has-background\" style=\"background:linear-gradient(135deg,rgb(0,51,96) 0%,rgb(0,51,96) 55%,rgb(0,51,96) 100%)\"><em><strong>Michel CORBERAND<\/strong>, arbitre f\u00e9d\u00e9ral, Ligue Bourgogne Franche-Comt\u00e9<\/em><\/p>\n<\/div>\n<\/div>\n\n\n\n<h2 class=\"wp-block-heading has-white-color has-text-color has-background\" id=\"ProjetSportif2023\" style=\"background:linear-gradient(135deg,rgb(0,51,96) 0%,rgb(0,51,96) 55%,rgb(0,51,96) 100%)\"><strong>LES ARBITRES DE LA LIGUE<\/strong><\/h2>\n\n\n\n<p><strong>Les arbitres de ligue 2026<\/strong><\/p>\n\n\n\n<figure class=\"wp-block-table\"><table><tbody><tr><td>T<strong>ype d&rsquo;arbitre<\/strong><\/td><td>N<strong>om et pr\u00e9nom<\/strong><\/td><td><strong>Club<\/strong><\/td><\/tr><tr><td>National<\/td><td>GOGLU Jo\u00eblle<\/td><td>Roncemay<\/td><\/tr><tr><td>F\u00e9d\u00e9ral \/ Formateur<\/td><td>CORBERAND Michel<\/td><td>Vosges du Sud<\/td><\/tr><tr><td>F\u00e9d\u00e9ral \/ Formateur<\/td><td>DANTZER Nicolas<\/td><td>Golf de Rougemont<\/td><\/tr><tr><td>F\u00e9d\u00e9ral \/ D\u00e9l\u00e9gu\u00e9 CNA<\/td><td>RUCKSTUHL Fr\u00e9d\u00e9ric<\/td><td>Prunevelle<\/td><\/tr><tr><td>F\u00e9d\u00e9ral<\/td><td>PETITJEAN Evelyne<\/td><td>Besan\u00e7on<\/td><\/tr><tr><td>F\u00e9d\u00e9ral<\/td><td>MARLIER Fr\u00e9d\u00e9ric<\/td><td>Vosges du Sud<\/td><\/tr><tr><td>F\u00e9d\u00e9ral stagiaire<\/td><td>FUGAIN Thierry<\/td><td>Val de Sorne<\/td><\/tr><tr><td>F\u00e9d\u00e9ral stagiaire<\/td><td>LEVET Jean-Claude<\/td><td>Roncemay<\/td><\/tr><tr><td>Ligue<\/td><td>GRANDGUILLAUME Jacques<\/td><td>Prunevelle<\/td><\/tr><tr><td>Ligue<\/td><td>KALENITCHENKO Jean-Marc<\/td><td>Val d&rsquo;Amour<\/td><\/tr><tr><td>Ligue<\/td><td>LYET Alain<\/td><td>Besan\u00e7on<\/td><\/tr><tr><td>Ligue<\/td><td>SCHATZ Claude<\/td><td>Quetigny<\/td><\/tr><tr><td>Ligue<\/td><td>BUIRETTE Herv\u00e9<\/td><td>Golf Club de Lyon<\/td><\/tr><tr><td>Ligue<\/td><td>PESCI Denis<\/td><td>La Chassagne<\/td><\/tr><tr><td>F\u00e9d\u00e9ral stagiaire<\/td><td>FITTE S\u00e9bastien<\/td><td>Bourbon Lancy<\/td><\/tr><tr><td>Ligue<\/td><td>FALCOZ Guy<\/td><td>Bournel<\/td><\/tr><tr><td>Ligue<\/td><td>SCHAAF Markus<\/td><td>Quetigny<\/td><\/tr><tr><td>Ligue stagiaire<\/td><td>JALLET Jo\u00ebl<\/td><td>ASPTT Dijon<\/td><\/tr><\/tbody><\/table><\/figure>\n\n\n\n<p>Le site de l&rsquo;arbitrage<br><a href=\"https:\/\/arbitrage.ffgolf.org\/cgi-bin\/arbitrage\/login.pl?init=No\">https:\/\/arbitrage.ffgolf.org\/cgi-bin\/arbitrage\/login.pl?init=No<\/a><br><br><strong>CARTOGRAPHIE DES ARBITRES EN BFC<\/strong><\/p>\n\n\n\n<figure class=\"wp-block-gallery has-nested-images columns-default is-cropped wp-block-gallery-1 is-layout-flex wp-block-gallery-is-layout-flex\">\n<figure class=\"wp-block-image size-full\"><a href=\"https:\/\/liguegolfbfc.org\/wp-content\/uploads\/2025\/01\/Image1-1.png\" data-rel=\"lightbox-gallery-i83ksiI6\" data-rl_title=\"\" data-rl_caption=\"\" title=\"\"><img loading=\"lazy\" decoding=\"async\" width=\"900\" height=\"506\" data-id=\"16351\" src=\"https:\/\/liguegolfbfc.org\/wp-content\/uploads\/2025\/01\/Image1-1.png\" alt=\"\" class=\"wp-image-16351\" srcset=\"https:\/\/liguegolfbfc.org\/wp-content\/uploads\/2025\/01\/Image1-1.png 900w, https:\/\/liguegolfbfc.org\/wp-content\/uploads\/2025\/01\/Image1-1-300x169.png 300w, https:\/\/liguegolfbfc.org\/wp-content\/uploads\/2025\/01\/Image1-1-768x432.png 768w\" sizes=\"auto, (max-width: 900px) 100vw, 900px\" \/><\/a><\/figure>\n<\/figure>\n\n\n\n<p><br><\/p>\n","protected":false},"excerpt":{"rendered":"<p>2026 COMMISSION JEUX, R\u00c8GLEMENTS ET ARBITRAGE Responsable et Formateur | Michel CORBERAND et Fr\u00e9d\u00e9ric RUCKSTHUL Arbitre F\u00e9d\u00e9ral et D\u00e9l\u00e9gu\u00e9e CNA | Fr\u00e9d\u00e9ric RUCKSTHULArbitre Nationale et Formatrice | Jo\u00eblle GOGLUArbitre F\u00e9d\u00e9ral et Formateur | Nicolas DANTZER ARBITRAGE Concours d&rsquo;Arbitre F\u00e9d\u00e9ral Toutes nos f\u00e9licitations aux candidats ayant r\u00e9ussi leur concours d\u2019arbitre f\u00e9d\u00e9ral lors de la session de [&hellip;]<\/p>\n","protected":false},"author":1,"featured_media":0,"parent":0,"menu_order":0,"comment_status":"closed","ping_status":"closed","template":"page-templates\/page-full-width.php","meta":{"footnotes":""},"class_list":["post-142","page","type-page","status-publish","hentry"],"jetpack_sharing_enabled":true,"_links":{"self":[{"href":"https:\/\/liguegolfbfc.org\/index.php\/wp-json\/wp\/v2\/pages\/142","targetHints":{"allow":["GET"]}}],"collection":[{"href":"https:\/\/liguegolfbfc.org\/index.php\/wp-json\/wp\/v2\/pages"}],"about":[{"href":"https:\/\/liguegolfbfc.org\/index.php\/wp-json\/wp\/v2\/types\/page"}],"author":[{"embeddable":true,"href":"https:\/\/liguegolfbfc.org\/index.php\/wp-json\/wp\/v2\/users\/1"}],"replies":[{"embeddable":true,"href":"https:\/\/liguegolfbfc.org\/index.php\/wp-json\/wp\/v2\/comments?post=142"}],"version-history":[{"count":108,"href":"https:\/\/liguegolfbfc.org\/index.php\/wp-json\/wp\/v2\/pages\/142\/revisions"}],"predecessor-version":[{"id":20132,"href":"https:\/\/liguegolfbfc.org\/index.php\/wp-json\/wp\/v2\/pages\/142\/revisions\/20132"}],"wp:attachment":[{"href":"https:\/\/liguegolfbfc.org\/index.php\/wp-json\/wp\/v2\/media?parent=142"}],"curies":[{"name":"wp","href":"https:\/\/api.w.org\/{rel}","templated":true}]}}