{"id":1402,"date":"2020-03-31T12:17:30","date_gmt":"2020-03-31T10:17:30","guid":{"rendered":"http:\/\/liguegolfbfc.org\/?page_id=1402"},"modified":"2025-05-13T14:22:21","modified_gmt":"2025-05-13T12:22:21","slug":"golf-entreprise-competition-federale","status":"publish","type":"page","link":"https:\/\/liguegolfbfc.org\/index.php\/golf-entreprise-competition-federale\/","title":{"rendered":"ENTREPRISE &#8211; CHAMPIONNAT de FRANCE"},"content":{"rendered":"\n<h2 class=\"wp-block-heading\">SAISON 2025<\/h2>\n\n\n\n<h4 class=\"wp-block-heading\">Les Divisions du 01 au 04 mai 2025<\/h4>\n\n\n\n<h5 class=\"wp-block-heading\"><strong>1\u00e8re DIVISION Golf Entreprise<\/strong>&#8211;<em>Golf de La Baule-Pas d&rsquo;\u00e9quipe de Ligue<\/em><\/h5>\n\n\n\n<h4 class=\"wp-block-heading\">2\u00e8me division Golf d&rsquo;Entreprise -Golf de Vichy Montpensier<\/h4>\n\n\n\n<figure class=\"wp-block-gallery has-nested-images columns-default is-cropped wp-block-gallery-1 is-layout-flex wp-block-gallery-is-layout-flex\">\n<figure class=\"wp-block-image size-full is-style-default\"><a href=\"https:\/\/liguegolfbfc.org\/wp-content\/uploads\/2025\/05\/2fopen25DIV2.jpg\" data-rel=\"lightbox-gallery-TnRnrxli\" data-rl_title=\"\" data-rl_caption=\"\" title=\"\"><img loading=\"lazy\" decoding=\"async\" width=\"540\" height=\"405\" data-id=\"17731\" src=\"https:\/\/liguegolfbfc.org\/wp-content\/uploads\/2025\/05\/2fopen25DIV2.jpg\" alt=\"\" class=\"wp-image-17731\" srcset=\"https:\/\/liguegolfbfc.org\/wp-content\/uploads\/2025\/05\/2fopen25DIV2.jpg 540w, https:\/\/liguegolfbfc.org\/wp-content\/uploads\/2025\/05\/2fopen25DIV2-300x225.jpg 300w\" sizes=\"auto, (max-width: 540px) 100vw, 540px\" \/><\/a><\/figure>\n<\/figure>\n\n\n\n<h5 class=\"wp-block-heading\"><strong>2fop<em>en25 reste en 2\u00e8me division<\/em><\/strong><\/h5>\n\n\n\n<h4 class=\"wp-block-heading\">3\u00e8me Division A &#8211; GOLF <em><strong>BLUE GREEN QUETIGNY GRAND DIJON-pas d&rsquo;\u00e9quipe de Ligue BFC<\/strong><\/em><\/h4>\n\n\n\n<figure class=\"wp-block-image size-large is-resized\"><img loading=\"lazy\" decoding=\"async\" src=\"https:\/\/liguegolfbfc.org\/wp-content\/uploads\/2025\/05\/match1_Acushnet-1-1024x576.jpg\" alt=\"\" class=\"wp-image-17733\" width=\"409\" height=\"229\" srcset=\"https:\/\/liguegolfbfc.org\/wp-content\/uploads\/2025\/05\/match1_Acushnet-1-1024x576.jpg 1024w, https:\/\/liguegolfbfc.org\/wp-content\/uploads\/2025\/05\/match1_Acushnet-1-300x169.jpg 300w, https:\/\/liguegolfbfc.org\/wp-content\/uploads\/2025\/05\/match1_Acushnet-1-768x432.jpg 768w, https:\/\/liguegolfbfc.org\/wp-content\/uploads\/2025\/05\/match1_Acushnet-1-1536x864.jpg 1536w, https:\/\/liguegolfbfc.org\/wp-content\/uploads\/2025\/05\/match1_Acushnet-1-2048x1152.jpg 2048w\" sizes=\"auto, (max-width: 409px) 100vw, 409px\" \/><\/figure>\n\n\n\n<h5 class=\"wp-block-heading\"><strong><em>ACUCHNET passe en 2\u00e8me division<\/em><\/strong><\/h5>\n\n\n\n<figure class=\"wp-block-image size-large is-resized\"><img loading=\"lazy\" decoding=\"async\" src=\"https:\/\/liguegolfbfc.org\/wp-content\/uploads\/2025\/05\/match2_AGJSEP-1-1024x576.jpg\" alt=\"\" class=\"wp-image-17737\" width=\"411\" height=\"230\" srcset=\"https:\/\/liguegolfbfc.org\/wp-content\/uploads\/2025\/05\/match2_AGJSEP-1-1024x576.jpg 1024w, https:\/\/liguegolfbfc.org\/wp-content\/uploads\/2025\/05\/match2_AGJSEP-1-300x169.jpg 300w, https:\/\/liguegolfbfc.org\/wp-content\/uploads\/2025\/05\/match2_AGJSEP-1-768x432.jpg 768w, https:\/\/liguegolfbfc.org\/wp-content\/uploads\/2025\/05\/match2_AGJSEP-1-1536x864.jpg 1536w, https:\/\/liguegolfbfc.org\/wp-content\/uploads\/2025\/05\/match2_AGJSEP-1-2048x1152.jpg 2048w\" sizes=\"auto, (max-width: 411px) 100vw, 411px\" \/><\/figure>\n\n\n\n<h5 class=\"wp-block-heading\"><em><strong>AGJEP passe en 2\u00e8me division<\/strong><\/em><\/h5>\n\n\n\n<h4 class=\"wp-block-heading\">Promotion-golf de Sabl\u00e9 Solesme<\/h4>\n\n\n\n<h5 class=\"wp-block-heading\"><strong><em>SR Belfort et ASCAP Sochaux ne passe pas en 3\u00e8me division<\/em><\/strong><\/h5>\n\n\n\n<p><strong><a rel=\"noreferrer noopener\" href=\"https:\/\/www.ffgolf.org\/golf-amateur\/golf-entreprise\/calendrier-resultats\/national-international\/2025\" target=\"_blank\">Calendriers et r\u00e9sultats ffg 2025<\/a><\/strong><\/p>\n\n\n\n<p><strong><a href=\"https:\/\/www.ffgolf.org\/golf-amateur\/golf-entreprise\/calendrier-resultats\/national-international\/2025\/championnat-de-france-par-equipes-d-entreprise-3eme-division-a\/page-scores-tournoi\" target=\"_blank\" rel=\"noreferrer noopener\">R\u00e9sultats<\/a><\/strong><\/p>\n\n\n\n<hr class=\"wp-block-separator has-alpha-channel-opacity\"\/>\n\n\n\n<p class=\"has-large-font-size\"><strong>Saison 2024<\/strong><\/p>\n\n\n\n<p><strong>Les Divisions&nbsp; du 02 au 05 mai<\/strong> 2024<\/p>\n\n\n\n<p><strong>1\u00e8re DIVISION Golf Entreprise<\/strong> \u2013 Golf de Longwy &#8211;<em> Pas d\u2019\u00e9quipe de ligue<\/em><\/p>\n\n\n\n<p><strong>2\u00e8me DIVISION Golf Entreprise<\/strong> \u2013 Golf de Rennes<\/p>\n\n\n\n<p class=\"has-vivid-purple-color has-text-color\">2fopen25 \u2013 6<sup>\u00e8me<\/sup> \u2013 reste en 2<sup>\u00e8me<\/sup> division<\/p>\n\n\n\n<p><strong>3\u00e8me DIVISION A Golf Entreprise<\/strong> \u2013 Golf de Seraincourt&nbsp; &#8211; <em>Pas d\u2019\u00e9quipe de ligue<\/em><\/p>\n\n\n\n<p><strong>Promotions Golf Entreprise<\/strong> \u2013 Golf de Orleans Lim\u00e8re<\/p>\n\n\n\n<p class=\"has-vivid-purple-color has-text-color\">SRB est 21<sup>\u00e8me<\/sup> et ne monte pas en 3<sup>\u00e8me<\/sup> division<\/p>\n\n\n\n<p class=\"has-vivid-purple-color has-text-color\">ASCAP est 24<sup>\u00e8me<\/sup> et ne monte pas en 3<sup>\u00e8me<\/sup> division<\/p>\n\n\n\n<h2 class=\"wp-block-heading\">Saison 2023<\/h2>\n\n\n\n<p>Tous les r\u00e9sultats sur <a href=\"https:\/\/www.ffgolf.org\/golf-amateur\/golf-entreprise\/calendrier-resultats\/national-international\/2023\">FFG Entreprises<\/a><\/p>\n\n\n\n<p class=\"has-light-green-cyan-background-color has-background\">1\u00e8re DIVISION Golf Entreprise &#8211; Golf de Toulouse du 05 au 08 mai 2023<\/p>\n\n\n\n<p>2FOPEN25 ne performe pas et termine 15\u00e8me sur 16 \u00e9quipes. Ils redescendent en 2\u00e8me Division<\/p>\n\n\n\n<p class=\"has-light-green-cyan-background-color has-background\">2\u00e8me DIVISION  Golf Entreprise &#8211; Golf de Domang\u00e8re du 05 au 08 mai 2023<\/p>\n\n\n\n<p>Pas d&rsquo;\u00e9quipe de ligue BFC<\/p>\n\n\n\n<p class=\"has-light-green-cyan-background-color has-background\">3\u00e8me DIVISION A Golf Entreprise &#8211; Golf de Valence Saint Dizier du 05 au 08 mai 2023<\/p>\n\n\n\n<p>ASCAP Sochaux ne se pr\u00e9sentant pas est d\u00e9clar\u00e9 forfait. <\/p>\n\n\n\n<p>Sport R\u00e9unis Belfort s&rsquo;est bien d\u00e9fendu, mais malgr\u00e9 tout redescend en Promotion.  13\u00e8me sur 16. <\/p>\n\n\n\n<p class=\"has-light-green-cyan-background-color has-background\">Promotions Golf Entreprise &#8211; Golf de MontGriffon du 05 au 08 mai 2023<\/p>\n\n\n\n<p>Pas d&rsquo;\u00e9quipe de ligue BFC<\/p>\n\n\n\n<h2 class=\"wp-block-heading\">Saison 2022<\/h2>\n\n\n\n<p class=\"has-white-color has-vivid-cyan-blue-background-color has-text-color has-background\">DIVISION 3 Golf Entreprise &#8211; Golf du Ch\u00e2teau d&rsquo;Avoise 21 au 23 mai 2022<\/p>\n\n\n\n<p><strong><a rel=\"noreferrer noopener\" href=\"https:\/\/liguegolfbfc.org\/wp-content\/uploads\/2022\/05\/D3A-Entreprise-2022-Resultats-Golf-du-chateau-dAvoise-2.pdf\" target=\"_blank\">RESULTATS DEFINITIFS <\/a><\/strong><br>Equipes montant en 2e division : AS Mazars et Axa France Golf<\/p>\n\n\n\n<p><strong><a href=\"https:\/\/liguegolfbfc.org\/wp-content\/uploads\/2022\/05\/demi-finale-1-et-2.pdf\" target=\"_blank\" rel=\"noreferrer noopener\">R\u00e9sultats Demi finale 1 et 2<\/a><\/strong><\/p>\n\n\n\n<p><strong><a rel=\"noreferrer noopener\" href=\"https:\/\/liguegolfbfc.org\/wp-content\/uploads\/2022\/05\/resultats-barrages-div-3-A-entreprise.pdf\" target=\"_blank\">R\u00e9sultats barrages <\/a><\/strong><br><strong><a rel=\"noreferrer noopener\" href=\"https:\/\/liguegolfbfc.org\/wp-content\/uploads\/2022\/05\/Resultats-quart-div-3A-entreprises.pdf\" target=\"_blank\">R\u00e9sultats quart de finale <\/a><\/strong><\/p>\n\n\n\n<p><mark style=\"background-color:rgba(0, 0, 0, 0);color:#13106e\" class=\"has-inline-color\">Sports R\u00e9unis Belfortains<\/mark> se maintient en 3\u00e8me division<\/p>\n\n\n\n<p><mark style=\"background-color:rgba(0, 0, 0, 0)\" class=\"has-inline-color has-vivid-red-color\"><em>AGJSEP DR<\/em> Bourgogne (Forfait)<\/mark><mark style=\"background-color:rgba(0, 0, 0, 0);color:#13106e\" class=\"has-inline-color\"> &#8211; <\/mark> <\/p>\n\n\n\n<figure class=\"wp-block-gallery has-nested-images columns-default is-cropped wp-block-gallery-2 is-layout-flex wp-block-gallery-is-layout-flex\">\n<figure class=\"wp-block-image size-large\"><img loading=\"lazy\" decoding=\"async\" width=\"528\" height=\"522\" data-id=\"9299\" src=\"https:\/\/liguegolfbfc.org\/wp-content\/uploads\/2022\/05\/IMG-6749site-rotated.jpg\" alt=\"Arbitres\" class=\"wp-image-9299\" srcset=\"https:\/\/liguegolfbfc.org\/wp-content\/uploads\/2022\/05\/IMG-6749site-rotated.jpg 528w, https:\/\/liguegolfbfc.org\/wp-content\/uploads\/2022\/05\/IMG-6749site-300x297.jpg 300w\" sizes=\"auto, (max-width: 528px) 100vw, 528px\" \/><figcaption class=\"wp-element-caption\">Nos arbitres : Guy Ballestrat ,  Fr\u00e9d\u00e9ric Sempeski et Frederic Rucktuhl (absent sur l&rsquo;image<\/figcaption><\/figure>\n\n\n\n<figure class=\"wp-block-image size-large\"><img loading=\"lazy\" decoding=\"async\" width=\"529\" height=\"300\" data-id=\"9297\" src=\"https:\/\/liguegolfbfc.org\/wp-content\/uploads\/2022\/05\/IMG-6729-site-rotated.jpg\" alt=\"\" class=\"wp-image-9297\" srcset=\"https:\/\/liguegolfbfc.org\/wp-content\/uploads\/2022\/05\/IMG-6729-site-rotated.jpg 529w, https:\/\/liguegolfbfc.org\/wp-content\/uploads\/2022\/05\/IMG-6729-site-300x170.jpg 300w\" sizes=\"auto, (max-width: 529px) 100vw, 529px\" \/><\/figure>\n\n\n\n<figure class=\"wp-block-image size-large\"><img loading=\"lazy\" decoding=\"async\" width=\"529\" height=\"300\" data-id=\"9298\" src=\"https:\/\/liguegolfbfc.org\/wp-content\/uploads\/2022\/05\/IMG-6732-site.jpg\" alt=\"\" class=\"wp-image-9298\" srcset=\"https:\/\/liguegolfbfc.org\/wp-content\/uploads\/2022\/05\/IMG-6732-site.jpg 529w, https:\/\/liguegolfbfc.org\/wp-content\/uploads\/2022\/05\/IMG-6732-site-300x170.jpg 300w\" sizes=\"auto, (max-width: 529px) 100vw, 529px\" \/><\/figure>\n<\/figure>\n\n\n\n<p class=\"has-white-color has-vivid-cyan-blue-background-color has-text-color has-background\"><mark style=\"background-color:rgba(0, 0, 0, 0);color:#22177b\" class=\"has-inline-color\">Du 19 au 22 mai 2022 <\/mark><\/p>\n\n\n\n<p><mark style=\"background-color:rgba(0, 0, 0, 0);color:#0e1765\" class=\"has-inline-color\"><strong>1\u00e8re Division  &#8211;<\/strong> Golf du Champ de Bataille <strong>&#8211; <\/strong><\/mark><em><mark style=\"background-color:rgba(0, 0, 0, 0)\" class=\"has-inline-color has-vivid-red-color\">Pas d&rsquo;AS de la Ligue Bourgogne Franche-Comt\u00e9<\/mark><\/em> <\/p>\n\n\n\n<p class=\"has-white-color has-vivid-cyan-blue-background-color has-text-color has-background\"><mark style=\"background-color:rgba(0, 0, 0, 0);color:#160e5e\" class=\"has-inline-color\"><strong>2\u00e8me Division &#8211;<\/strong> Golf de la Cordeli\u00e8re<\/mark> &#8211; 2F JS 25 devient vice Championne de France et monte en 1\u00e8re div.<\/p>\n\n\n\n<figure class=\"wp-block-image size-full is-resized\"><img loading=\"lazy\" decoding=\"async\" src=\"https:\/\/liguegolfbfc.org\/wp-content\/uploads\/2022\/05\/FB_IMG_1653256349948.jpg\" alt=\"\" class=\"wp-image-9290\" width=\"505\" height=\"378\" srcset=\"https:\/\/liguegolfbfc.org\/wp-content\/uploads\/2022\/05\/FB_IMG_1653256349948.jpg 1024w, https:\/\/liguegolfbfc.org\/wp-content\/uploads\/2022\/05\/FB_IMG_1653256349948-300x225.jpg 300w, https:\/\/liguegolfbfc.org\/wp-content\/uploads\/2022\/05\/FB_IMG_1653256349948-768x576.jpg 768w\" sizes=\"auto, (max-width: 505px) 100vw, 505px\" \/><figcaption class=\"wp-element-caption\">2FOPEN-JS25 devient Vice -Championne de France 2\u00e8me Div Golf d&rsquo;Entreprise et monte en 1\u00e8re division<\/figcaption><\/figure>\n\n\n\n<div data-wp-interactive=\"core\/file\" class=\"wp-block-file\"><object data-wp-bind--hidden=\"!state.hasPdfPreview\" hidden class=\"wp-block-file__embed\" data=\"https:\/\/liguegolfbfc.org\/wp-content\/uploads\/2022\/05\/D2-Entreprise-2022-Resultats-Golf-de-Troyes.pdf\" type=\"application\/pdf\" style=\"width:100%;height:200px\" aria-label=\"Contenu embarqu\u00e9 D2-Entreprise-2022-Resultats-Golf-de-Troyes.\"><\/object><a id=\"wp-block-file--media-19289800-e84a-408e-867a-759d30202bf8\" href=\"https:\/\/liguegolfbfc.org\/wp-content\/uploads\/2022\/05\/D2-Entreprise-2022-Resultats-Golf-de-Troyes.pdf\">D2-Entreprise-2022-Resultats-Golf-de-Troyes<\/a><a href=\"https:\/\/liguegolfbfc.org\/wp-content\/uploads\/2022\/05\/D2-Entreprise-2022-Resultats-Golf-de-Troyes.pdf\" class=\"wp-block-file__button wp-element-button\" download aria-describedby=\"wp-block-file--media-19289800-e84a-408e-867a-759d30202bf8\">T\u00e9l\u00e9charger<\/a><\/div>\n\n\n\n<p class=\"has-white-color has-vivid-cyan-blue-background-color has-text-color has-background\"><mark style=\"background-color:rgba(0, 0, 0, 0);color:#261460\" class=\"has-inline-color\"><strong>Promotion<\/strong> &#8211; Golf de Orl\u00e9ans &#8211; Lim\u00e8re &#8211; ASCAP Sochaux<\/mark><\/p>\n\n\n\n<figure class=\"wp-block-image size-large\"><img loading=\"lazy\" decoding=\"async\" width=\"1024\" height=\"768\" src=\"https:\/\/liguegolfbfc.org\/wp-content\/uploads\/2022\/05\/ASCAP-Promo-22-1024x768.jpg\" alt=\"\" class=\"wp-image-9324\" srcset=\"https:\/\/liguegolfbfc.org\/wp-content\/uploads\/2022\/05\/ASCAP-Promo-22-1024x768.jpg 1024w, https:\/\/liguegolfbfc.org\/wp-content\/uploads\/2022\/05\/ASCAP-Promo-22-300x225.jpg 300w, https:\/\/liguegolfbfc.org\/wp-content\/uploads\/2022\/05\/ASCAP-Promo-22-768x576.jpg 768w, https:\/\/liguegolfbfc.org\/wp-content\/uploads\/2022\/05\/ASCAP-Promo-22-1536x1152.jpg 1536w, https:\/\/liguegolfbfc.org\/wp-content\/uploads\/2022\/05\/ASCAP-Promo-22-2048x1536.jpg 2048w\" sizes=\"auto, (max-width: 1024px) 100vw, 1024px\" \/><figcaption class=\"wp-element-caption\"><strong>ASCAP Sochaux <\/strong>r\u00e9ussit enfin la mont\u00e9e en 3\u00e8me division&#8230; et <span class=\"has-inline-color has-vivid-red-color\"><strong><em>en battant les leaders apr\u00e8s 2 tours (AS Digital Group)<\/em><\/strong><\/span><\/figcaption><\/figure>\n\n\n\n<div data-wp-interactive=\"core\/file\" class=\"wp-block-file\"><object data-wp-bind--hidden=\"!state.hasPdfPreview\" hidden class=\"wp-block-file__embed\" data=\"https:\/\/liguegolfbfc.org\/wp-content\/uploads\/2022\/05\/Promotion-Entreprise-2022-Resultats-Golf-de-Limere.pdf\" type=\"application\/pdf\" style=\"width:100%;height:200px\" aria-label=\"Contenu embarqu\u00e9 Promotion-Entreprise-2022-Resultats-Golf-de-Limere.\"><\/object><a id=\"wp-block-file--media-16194ba5-d1c4-4f0c-9d7c-8c56936cdb03\" href=\"https:\/\/liguegolfbfc.org\/wp-content\/uploads\/2022\/05\/Promotion-Entreprise-2022-Resultats-Golf-de-Limere.pdf\">Promotion-Entreprise-2022-Resultats-Golf-de-Limere<\/a><a href=\"https:\/\/liguegolfbfc.org\/wp-content\/uploads\/2022\/05\/Promotion-Entreprise-2022-Resultats-Golf-de-Limere.pdf\" class=\"wp-block-file__button wp-element-button\" download aria-describedby=\"wp-block-file--media-16194ba5-d1c4-4f0c-9d7c-8c56936cdb03\">T\u00e9l\u00e9charger<\/a><\/div>\n\n\n\n<h3 class=\"wp-block-heading has-vivid-cyan-blue-color has-text-color\" style=\"font-size:22px\"><mark style=\"background-color:rgba(0, 0, 0, 0);color:#22177b\" class=\"has-inline-color\">SAISON 2021<\/mark><\/h3>\n\n\n\n<p><mark style=\"background-color:rgba(0, 0, 0, 0);color:#22177b\" class=\"has-inline-color\">Du 27 au 30 mai 2021 <\/mark><\/p>\n\n\n\n<p><mark style=\"background-color:rgba(0, 0, 0, 0);color:#0e1765\" class=\"has-inline-color\"><strong>1\u00e8re Division  &#8211;<\/strong> Golf de Saint Malo <strong>&#8211; <\/strong><\/mark><em><mark style=\"background-color:rgba(0, 0, 0, 0)\" class=\"has-inline-color has-vivid-red-color\">Pas d&rsquo;AS de la Ligue Bourgogne Franche-Comt\u00e9<\/mark><\/em> <\/p>\n\n\n\n<div class=\"wp-block-file\"><a id=\"wp-block-file--media-ecece7b9-2b94-4f99-bdd8-35b55efd9b75\" href=\"https:\/\/liguegolfbfc.org\/wp-content\/uploads\/2021\/05\/1ere-Div-Entrprise-finale-Tour-4.pdf\">1ere-Div-Entrprise-finale-Tour-4<\/a><a href=\"https:\/\/liguegolfbfc.org\/wp-content\/uploads\/2021\/05\/1ere-Div-Entrprise-finale-Tour-4.pdf\" class=\"wp-block-file__button wp-element-button\" download aria-describedby=\"wp-block-file--media-ecece7b9-2b94-4f99-bdd8-35b55efd9b75\">T\u00e9l\u00e9charger<\/a><\/div>\n\n\n\n<p><mark style=\"background-color:rgba(0, 0, 0, 0);color:#160e5e\" class=\"has-inline-color\"><strong>2\u00e8me Division &#8211;<\/strong> Golf de Gujan &#8211; Mestras &#8211; 2FOPEN-JS25<\/mark> <\/p>\n\n\n\n<figure class=\"wp-block-image size-large\"><img loading=\"lazy\" decoding=\"async\" width=\"630\" height=\"466\" src=\"https:\/\/liguegolfbfc.org\/wp-content\/uploads\/2021\/05\/210530-Div2-2fopen-1-1.jpg\" alt=\"\" class=\"wp-image-5512\" srcset=\"https:\/\/liguegolfbfc.org\/wp-content\/uploads\/2021\/05\/210530-Div2-2fopen-1-1.jpg 630w, https:\/\/liguegolfbfc.org\/wp-content\/uploads\/2021\/05\/210530-Div2-2fopen-1-1-300x222.jpg 300w\" sizes=\"auto, (max-width: 630px) 100vw, 630px\" \/><figcaption class=\"wp-element-caption\"><strong>2FOPEN-JS25 se maintient en 2\u00e8me Division<\/strong><\/figcaption><\/figure>\n\n\n\n<div class=\"wp-block-file\"><a id=\"wp-block-file--media-fb82575f-1a7d-494b-b0f7-9a850280baac\" href=\"https:\/\/liguegolfbfc.org\/wp-content\/uploads\/2021\/05\/2e-Division-Entreprise.pdf\">2e-Division-Entreprise<\/a><a href=\"https:\/\/liguegolfbfc.org\/wp-content\/uploads\/2021\/05\/2e-Division-Entreprise.pdf\" class=\"wp-block-file__button wp-element-button\" download aria-describedby=\"wp-block-file--media-fb82575f-1a7d-494b-b0f7-9a850280baac\">T\u00e9l\u00e9charger<\/a><\/div>\n\n\n\n<p><mark style=\"background-color:rgba(0, 0, 0, 0);color:#13106e\" class=\"has-inline-color\"><strong>3\u00e8me Division<\/strong> &#8211; Golf de Besan\u00e7on &#8211; AGJSEP DR Bourgogne &#8211; Sports R\u00e9unis Belfortains<\/mark> &#8211;<mark style=\"background-color:rgba(0, 0, 0, 0);color:#13106e\" class=\"has-inline-color\"> les deux \u00e9quipes se maintiennent en 3\u00e8me division<\/mark><\/p>\n\n\n\n<div class=\"wp-block-file\"><a id=\"wp-block-file--media-28d81f69-24d2-4a93-9ffa-ec8eae1d0db1\" href=\"https:\/\/liguegolfbfc.org\/wp-content\/uploads\/2021\/05\/3e-Division-B-Entreprise-1.pdf\">3e-Division-B-Entreprise-1<\/a><a href=\"https:\/\/liguegolfbfc.org\/wp-content\/uploads\/2021\/05\/3e-Division-B-Entreprise-1.pdf\" class=\"wp-block-file__button wp-element-button\" download aria-describedby=\"wp-block-file--media-28d81f69-24d2-4a93-9ffa-ec8eae1d0db1\">T\u00e9l\u00e9charger<\/a><\/div>\n\n\n\n<p><mark style=\"background-color:rgba(0, 0, 0, 0);color:#261460\" class=\"has-inline-color\"><strong>Promotion<\/strong> &#8211; Golf de MontGriffon &#8211; ASCAP Sochaux<\/mark><\/p>\n\n\n\n<figure class=\"wp-block-image size-large\"><img loading=\"lazy\" decoding=\"async\" width=\"410\" height=\"546\" src=\"https:\/\/liguegolfbfc.org\/wp-content\/uploads\/2021\/05\/ascap-Promo-21-Montgriffon-1.jpg\" alt=\"\" class=\"wp-image-5511\" srcset=\"https:\/\/liguegolfbfc.org\/wp-content\/uploads\/2021\/05\/ascap-Promo-21-Montgriffon-1.jpg 410w, https:\/\/liguegolfbfc.org\/wp-content\/uploads\/2021\/05\/ascap-Promo-21-Montgriffon-1-225x300.jpg 225w\" sizes=\"auto, (max-width: 410px) 100vw, 410px\" \/><figcaption class=\"wp-element-caption\"><strong>ASCAP Sochaux reste en Promotion, mais reviendra l&rsquo;an prochain encore plus motiv\u00e9<\/strong><\/figcaption><\/figure>\n\n\n\n<div class=\"wp-block-file\"><a id=\"wp-block-file--media-493273dd-24a0-4140-b628-d1b9eda290cb\" href=\"https:\/\/liguegolfbfc.org\/wp-content\/uploads\/2021\/05\/Interclubs-Promo-Corpo-21.pdf\">Interclubs-Promo-Corpo-21<\/a><a href=\"https:\/\/liguegolfbfc.org\/wp-content\/uploads\/2021\/05\/Interclubs-Promo-Corpo-21.pdf\" class=\"wp-block-file__button wp-element-button\" download aria-describedby=\"wp-block-file--media-493273dd-24a0-4140-b628-d1b9eda290cb\">T\u00e9l\u00e9charger<\/a><\/div>\n\n\n\n<h4 class=\"wp-block-heading has-vivid-cyan-blue-color has-text-color\" style=\"font-size:22px\"><mark style=\"background-color:rgba(0, 0, 0, 0)\" class=\"has-inline-color has-black-color\">SAISON 2020<\/mark><\/h4>\n\n\n\n<p><em><span class=\"has-inline-color has-vivid-red-color\">Annul\u00e9<\/span> <span class=\"has-inline-color has-vivid-red-color\">suite COVID-19<\/span><\/em><\/p>\n\n\n\n<h4 class=\"wp-block-heading has-vivid-red-color has-text-color\" style=\"font-size:22px\"><mark style=\"background-color:rgba(0, 0, 0, 0)\" class=\"has-inline-color has-black-color\">SAISON 2019<\/mark><\/h4>\n\n\n\n<p><em><span class=\"has-inline-color has-vivid-red-color\">En cours de mise \u00e0 jour<\/span><\/em><\/p>\n\n\n\n<h4 class=\"wp-block-heading has-vivid-red-color has-text-color\" style=\"font-size:22px\"><mark style=\"background-color:rgba(0, 0, 0, 0)\" class=\"has-inline-color has-black-color\">SAISON 2018<\/mark><\/h4>\n\n\n\n<p><em><span class=\"has-inline-color has-vivid-red-color\">En cours de mise \u00e0 jour<\/span><\/em><\/p>\n\n\n\n<h4 class=\"wp-block-heading has-vivid-red-color has-text-color\" style=\"font-size:22px\"><mark style=\"background-color:rgba(0, 0, 0, 0)\" class=\"has-inline-color has-black-color\">SAISON 2017<\/mark><\/h4>\n\n\n\n<p><em><span class=\"has-inline-color has-vivid-red-color\">En cours de mise \u00e0 jour<\/span><\/em><\/p>\n","protected":false},"excerpt":{"rendered":"<p>SAISON 2025 Les Divisions du 01 au 04 mai 2025 1\u00e8re DIVISION Golf Entreprise&#8211;Golf de La Baule-Pas d&rsquo;\u00e9quipe de Ligue 2\u00e8me division Golf d&rsquo;Entreprise -Golf de Vichy Montpensier 2fopen25 reste en 2\u00e8me division 3\u00e8me Division A &#8211; GOLF BLUE GREEN QUETIGNY GRAND DIJON-pas d&rsquo;\u00e9quipe de Ligue BFC ACUCHNET passe en 2\u00e8me division AGJEP passe en [&hellip;]<\/p>\n","protected":false},"author":1,"featured_media":0,"parent":0,"menu_order":0,"comment_status":"closed","ping_status":"closed","template":"page-templates\/page-full-width.php","meta":{"footnotes":""},"class_list":["post-1402","page","type-page","status-publish","hentry"],"jetpack_sharing_enabled":true,"_links":{"self":[{"href":"https:\/\/liguegolfbfc.org\/index.php\/wp-json\/wp\/v2\/pages\/1402","targetHints":{"allow":["GET"]}}],"collection":[{"href":"https:\/\/liguegolfbfc.org\/index.php\/wp-json\/wp\/v2\/pages"}],"about":[{"href":"https:\/\/liguegolfbfc.org\/index.php\/wp-json\/wp\/v2\/types\/page"}],"author":[{"embeddable":true,"href":"https:\/\/liguegolfbfc.org\/index.php\/wp-json\/wp\/v2\/users\/1"}],"replies":[{"embeddable":true,"href":"https:\/\/liguegolfbfc.org\/index.php\/wp-json\/wp\/v2\/comments?post=1402"}],"version-history":[{"count":79,"href":"https:\/\/liguegolfbfc.org\/index.php\/wp-json\/wp\/v2\/pages\/1402\/revisions"}],"predecessor-version":[{"id":17798,"href":"https:\/\/liguegolfbfc.org\/index.php\/wp-json\/wp\/v2\/pages\/1402\/revisions\/17798"}],"wp:attachment":[{"href":"https:\/\/liguegolfbfc.org\/index.php\/wp-json\/wp\/v2\/media?parent=1402"}],"curies":[{"name":"wp","href":"https:\/\/api.w.org\/{rel}","templated":true}]}}