{"id":140,"date":"2020-03-10T09:17:55","date_gmt":"2020-03-10T08:17:55","guid":{"rendered":"http:\/\/liguegolfbfc.org\/?page_id=140"},"modified":"2025-03-06T14:38:25","modified_gmt":"2025-03-06T13:38:25","slug":"ligue-dress-code","status":"publish","type":"page","link":"https:\/\/liguegolfbfc.org\/index.php\/ligue-dress-code\/","title":{"rendered":"LIGUE | DRESS CODE ET \u00c9TIQUETTE"},"content":{"rendered":"\n<h2 class=\"wp-block-heading has-white-color has-text-color has-background\" style=\"background:linear-gradient(135deg,rgb(0,51,96) 0%,rgb(0,51,96) 55%,rgb(0,51,96) 100%)\">Le Dress Code<\/h2>\n\n\n\n<blockquote class=\"wp-block-quote is-layout-flow wp-block-quote-is-layout-flow\">\n<p>Le golf se joue avec une tenue appropri\u00e9e.<\/p>\n<\/blockquote>\n\n\n\n<p>M\u00eame si les v\u00eatements deviennent de plus en plus techniques et s&rsquo;adaptent \u00e0 la modernit\u00e9, l&rsquo;ensemble des golfeurs adoptent un dress-code.<\/p>\n\n\n\n<p><strong>Pour les Dames et les Filles <\/strong> : un polo avec un col, \u00e0 manches courte ou sans manche, un pantalon, un short, une jupe ou une robe, des chaussures de golf avec des crampons ou des picots, une casquette ou une visi\u00e8re.<\/p>\n\n\n\n<p>Ce qui est interdit sur un parcours ou au practice mais autoris\u00e9 au Club house : les jeans, les tee-shirts, les d\u00e9bardeurs \u00e0 bretelle, les mini shorts.<\/p>\n\n\n\n<p><strong>Pour les Messieurs et les Gar\u00e7ons<\/strong> : un polo avec un col \u00e0 manche, un pantalon, un bermuda, des chaussettes, une ceinture, une casquette ou une visi\u00e8re.<\/p>\n\n\n\n<p>Ce qui est interdit sur un parcours ou au practice mais autoris\u00e9 au Club house : les jeans, les tee-shirts, les shorts, les pantacourts.<\/p>\n\n\n\n<p>Vous l&rsquo;avez compris, le Golf a conserv\u00e9 un dress-code qui s&rsquo;applique \u00e0 tous et dans l&rsquo;ensemble des Clubs en France comme \u00e0 l&rsquo;international.<\/p>\n\n\n\n<h3 class=\"wp-block-heading\">Le Dress Code d&rsquo;une \u00e9quipe<\/h3>\n\n\n\n<p><strong>Les \u00e9quipes des Clubs<\/strong> : Les Clubs de la Ligue de Golf Bourgogne Franche-Comt\u00e9, s&rsquo;affrontent lors de championnats de Ligue ou F\u00e9d\u00e9raux en \u00e9quipe ou en individuel. Les Clubs adoptent des tenues de golf aux couleurs de leur Club pour \u00eatre identifiables facilement, et arborent cot\u00e9 c\u0153ur le blason ou l&#8217;embl\u00e8me de leur Club.<\/p>\n\n\n\n<p><strong>Les membres du Comit\u00e9 Directeur de la Ligue<\/strong> ont \u00e9galement des tenues officielles de Ligue permettant de les identifier lors de c\u00e9r\u00e9monies de remise de prix par exemple, ou lors d&rsquo;\u00e9v\u00e9nement dans la R\u00e9gion.<\/p>\n\n\n\n<p>Un polo blanc et un pull bleu navy  avec le blason de la Ligue de Golf pour l&rsquo;ensemble du Comit\u00e9 Directeur.<\/p>\n\n\n\n<h2 class=\"wp-block-heading\">L&rsquo;\u00e9tiquette<\/h2>\n\n\n\n<blockquote class=\"wp-block-quote is-layout-flow wp-block-quote-is-layout-flow\">\n<p>Le golf se joue avec un comportement appropri\u00e9.<\/p>\n<\/blockquote>\n\n\n\n<p>Il est attendu des joueurs qu\u2019ils jouent dans l\u2019esprit du jeu de golf en : <\/p>\n\n\n\n<p>\u2022 <strong>Agissant avec int\u00e9grit\u00e9<\/strong> \u2013 par exemple en respectant les R\u00e8gles, en appliquant toutes les p\u00e9nalit\u00e9s, et en \u00e9tant honn\u00eates dans tous les aspects du jeu.<\/p>\n\n\n\n<p> \u2022 <strong>Faisant preuve de consid\u00e9ration envers les autres<\/strong> \u2013 par exemple en jouant dans un bon rythme, en prenant garde \u00e0 la s\u00e9curit\u00e9 des autres, et en ne perturbant pas le jeu des autres joueurs. <\/p>\n\n\n\n<p> \u2022 <strong>Prenant bien soin du parcours<\/strong> \u2013 par exemple en repla\u00e7ant les divots, aplanissant les bunkers, r\u00e9parant les impacts de balles, et en ne causant pas au parcours des dommages inutiles. <\/p>\n\n\n\n<figure class=\"wp-block-gallery has-nested-images columns-4 is-cropped wp-block-gallery-1 is-layout-flex wp-block-gallery-is-layout-flex\">\n<figure class=\"wp-block-image size-large\"><a href=\"https:\/\/liguegolfbfc.org\/wp-content\/uploads\/2020\/03\/dress-code-02.jpg\" data-rel=\"lightbox-gallery-sGf5dnR1\" data-rl_title=\"\" data-rl_caption=\"\" title=\"\"><img loading=\"lazy\" decoding=\"async\" width=\"576\" height=\"768\" data-id=\"875\" src=\"https:\/\/liguegolfbfc.org\/wp-content\/uploads\/2020\/03\/dress-code-02.jpg\" alt=\"\" class=\"wp-image-875\" srcset=\"https:\/\/liguegolfbfc.org\/wp-content\/uploads\/2020\/03\/dress-code-02.jpg 576w, https:\/\/liguegolfbfc.org\/wp-content\/uploads\/2020\/03\/dress-code-02-225x300.jpg 225w\" sizes=\"auto, (max-width: 576px) 100vw, 576px\" \/><\/a><\/figure>\n\n\n\n<figure class=\"wp-block-image size-large\"><a href=\"https:\/\/liguegolfbfc.org\/wp-content\/uploads\/2020\/03\/dress-code-04.jpg\" data-rel=\"lightbox-gallery-sGf5dnR1\" data-rl_title=\"\" data-rl_caption=\"\" title=\"\"><img loading=\"lazy\" decoding=\"async\" width=\"960\" height=\"720\" data-id=\"876\" src=\"https:\/\/liguegolfbfc.org\/wp-content\/uploads\/2020\/03\/dress-code-04.jpg\" alt=\"\" class=\"wp-image-876\" srcset=\"https:\/\/liguegolfbfc.org\/wp-content\/uploads\/2020\/03\/dress-code-04.jpg 960w, https:\/\/liguegolfbfc.org\/wp-content\/uploads\/2020\/03\/dress-code-04-300x225.jpg 300w, https:\/\/liguegolfbfc.org\/wp-content\/uploads\/2020\/03\/dress-code-04-768x576.jpg 768w\" sizes=\"auto, (max-width: 960px) 100vw, 960px\" \/><\/a><\/figure>\n\n\n\n<figure class=\"wp-block-image size-large\"><a href=\"https:\/\/liguegolfbfc.org\/wp-content\/uploads\/2020\/03\/dress-code-05.jpg\" data-rel=\"lightbox-gallery-sGf5dnR1\" data-rl_title=\"\" data-rl_caption=\"\" title=\"\"><img loading=\"lazy\" decoding=\"async\" width=\"675\" height=\"768\" data-id=\"877\" src=\"https:\/\/liguegolfbfc.org\/wp-content\/uploads\/2020\/03\/dress-code-05.jpg\" alt=\"\" class=\"wp-image-877\" srcset=\"https:\/\/liguegolfbfc.org\/wp-content\/uploads\/2020\/03\/dress-code-05.jpg 675w, https:\/\/liguegolfbfc.org\/wp-content\/uploads\/2020\/03\/dress-code-05-264x300.jpg 264w\" sizes=\"auto, (max-width: 675px) 100vw, 675px\" \/><\/a><\/figure>\n\n\n\n<figure class=\"wp-block-image size-large\"><a href=\"https:\/\/liguegolfbfc.org\/wp-content\/uploads\/2020\/03\/dress-code-01.jpg\" data-rel=\"lightbox-gallery-sGf5dnR1\" data-rl_title=\"\" data-rl_caption=\"\" title=\"\"><img loading=\"lazy\" decoding=\"async\" width=\"1024\" height=\"768\" data-id=\"878\" src=\"https:\/\/liguegolfbfc.org\/wp-content\/uploads\/2020\/03\/dress-code-01.jpg\" alt=\"\" class=\"wp-image-878\" srcset=\"https:\/\/liguegolfbfc.org\/wp-content\/uploads\/2020\/03\/dress-code-01.jpg 1024w, https:\/\/liguegolfbfc.org\/wp-content\/uploads\/2020\/03\/dress-code-01-300x225.jpg 300w, https:\/\/liguegolfbfc.org\/wp-content\/uploads\/2020\/03\/dress-code-01-768x576.jpg 768w\" sizes=\"auto, (max-width: 1024px) 100vw, 1024px\" \/><\/a><\/figure>\n\n\n\n<figure class=\"wp-block-image size-large\"><a href=\"https:\/\/liguegolfbfc.org\/wp-content\/uploads\/2020\/03\/dress-code-03.jpg\" data-rel=\"lightbox-gallery-sGf5dnR1\" data-rl_title=\"\" data-rl_caption=\"\" title=\"\"><img loading=\"lazy\" decoding=\"async\" width=\"576\" height=\"768\" data-id=\"879\" src=\"https:\/\/liguegolfbfc.org\/wp-content\/uploads\/2020\/03\/dress-code-03.jpg\" alt=\"\" class=\"wp-image-879\" srcset=\"https:\/\/liguegolfbfc.org\/wp-content\/uploads\/2020\/03\/dress-code-03.jpg 576w, https:\/\/liguegolfbfc.org\/wp-content\/uploads\/2020\/03\/dress-code-03-225x300.jpg 225w\" sizes=\"auto, (max-width: 576px) 100vw, 576px\" \/><\/a><\/figure>\n\n\n\n<figure class=\"wp-block-image size-large\"><a href=\"https:\/\/liguegolfbfc.org\/wp-content\/uploads\/2020\/03\/dress-code-06.jpg\" data-rel=\"lightbox-gallery-sGf5dnR1\" data-rl_title=\"\" data-rl_caption=\"\" title=\"\"><img loading=\"lazy\" decoding=\"async\" width=\"1024\" height=\"768\" data-id=\"881\" src=\"https:\/\/liguegolfbfc.org\/wp-content\/uploads\/2020\/03\/dress-code-06.jpg\" alt=\"\" class=\"wp-image-881\" srcset=\"https:\/\/liguegolfbfc.org\/wp-content\/uploads\/2020\/03\/dress-code-06.jpg 1024w, https:\/\/liguegolfbfc.org\/wp-content\/uploads\/2020\/03\/dress-code-06-300x225.jpg 300w, https:\/\/liguegolfbfc.org\/wp-content\/uploads\/2020\/03\/dress-code-06-768x576.jpg 768w\" sizes=\"auto, (max-width: 1024px) 100vw, 1024px\" \/><\/a><\/figure>\n\n\n\n<figure class=\"wp-block-image size-large\"><a href=\"https:\/\/liguegolfbfc.org\/wp-content\/uploads\/2020\/03\/dress-code-08.jpg\" data-rel=\"lightbox-gallery-sGf5dnR1\" data-rl_title=\"\" data-rl_caption=\"\" title=\"\"><img loading=\"lazy\" decoding=\"async\" width=\"1024\" height=\"768\" data-id=\"883\" src=\"https:\/\/liguegolfbfc.org\/wp-content\/uploads\/2020\/03\/dress-code-08.jpg\" alt=\"\" class=\"wp-image-883\" srcset=\"https:\/\/liguegolfbfc.org\/wp-content\/uploads\/2020\/03\/dress-code-08.jpg 1024w, https:\/\/liguegolfbfc.org\/wp-content\/uploads\/2020\/03\/dress-code-08-300x225.jpg 300w, https:\/\/liguegolfbfc.org\/wp-content\/uploads\/2020\/03\/dress-code-08-768x576.jpg 768w\" sizes=\"auto, (max-width: 1024px) 100vw, 1024px\" \/><\/a><\/figure>\n\n\n\n<figure class=\"wp-block-image size-large\"><a href=\"https:\/\/liguegolfbfc.org\/wp-content\/uploads\/2020\/03\/dress-code-07.jpg\" data-rel=\"lightbox-gallery-sGf5dnR1\" data-rl_title=\"\" data-rl_caption=\"\" title=\"\"><img loading=\"lazy\" decoding=\"async\" width=\"1024\" height=\"768\" data-id=\"884\" src=\"https:\/\/liguegolfbfc.org\/wp-content\/uploads\/2020\/03\/dress-code-07.jpg\" alt=\"\" class=\"wp-image-884\" srcset=\"https:\/\/liguegolfbfc.org\/wp-content\/uploads\/2020\/03\/dress-code-07.jpg 1024w, https:\/\/liguegolfbfc.org\/wp-content\/uploads\/2020\/03\/dress-code-07-300x225.jpg 300w, https:\/\/liguegolfbfc.org\/wp-content\/uploads\/2020\/03\/dress-code-07-768x576.jpg 768w\" sizes=\"auto, (max-width: 1024px) 100vw, 1024px\" \/><\/a><\/figure>\n<\/figure>\n","protected":false},"excerpt":{"rendered":"<p>Le Dress Code Le golf se joue avec une tenue appropri\u00e9e. M\u00eame si les v\u00eatements deviennent de plus en plus techniques et s&rsquo;adaptent \u00e0 la modernit\u00e9, l&rsquo;ensemble des golfeurs adoptent un dress-code. Pour les Dames et les Filles : un polo avec un col, \u00e0 manches courte ou sans manche, un pantalon, un short, une [&hellip;]<\/p>\n","protected":false},"author":1,"featured_media":0,"parent":0,"menu_order":0,"comment_status":"closed","ping_status":"closed","template":"page-templates\/page-full-width.php","meta":{"footnotes":""},"class_list":["post-140","page","type-page","status-publish","hentry"],"jetpack_sharing_enabled":true,"_links":{"self":[{"href":"https:\/\/liguegolfbfc.org\/index.php\/wp-json\/wp\/v2\/pages\/140","targetHints":{"allow":["GET"]}}],"collection":[{"href":"https:\/\/liguegolfbfc.org\/index.php\/wp-json\/wp\/v2\/pages"}],"about":[{"href":"https:\/\/liguegolfbfc.org\/index.php\/wp-json\/wp\/v2\/types\/page"}],"author":[{"embeddable":true,"href":"https:\/\/liguegolfbfc.org\/index.php\/wp-json\/wp\/v2\/users\/1"}],"replies":[{"embeddable":true,"href":"https:\/\/liguegolfbfc.org\/index.php\/wp-json\/wp\/v2\/comments?post=140"}],"version-history":[{"count":17,"href":"https:\/\/liguegolfbfc.org\/index.php\/wp-json\/wp\/v2\/pages\/140\/revisions"}],"predecessor-version":[{"id":16988,"href":"https:\/\/liguegolfbfc.org\/index.php\/wp-json\/wp\/v2\/pages\/140\/revisions\/16988"}],"wp:attachment":[{"href":"https:\/\/liguegolfbfc.org\/index.php\/wp-json\/wp\/v2\/media?parent=140"}],"curies":[{"name":"wp","href":"https:\/\/api.w.org\/{rel}","templated":true}]}}