{"id":136,"date":"2020-03-10T09:16:49","date_gmt":"2020-03-10T08:16:49","guid":{"rendered":"http:\/\/liguegolfbfc.org\/?page_id=136"},"modified":"2026-01-15T16:59:59","modified_gmt":"2026-01-15T15:59:59","slug":"ligue-comite-et-commissions","status":"publish","type":"page","link":"https:\/\/liguegolfbfc.org\/index.php\/ligue-comite-et-commissions\/","title":{"rendered":"LIGUE | COMIT\u00c9 ET COMMISSIONS"},"content":{"rendered":"\n<h2 class=\"wp-block-heading has-white-color has-text-color has-background\" id=\"ProjetSportif2023\" style=\"background:linear-gradient(135deg,rgb(0,51,96) 0%,rgb(0,51,96) 55%,rgb(0,51,96) 100%)\"><strong>BUREAU DIRECTEUR<\/strong><\/h2>\n\n\n\n<div class=\"wp-block-columns is-layout-flex wp-container-core-columns-is-layout-9d6595d7 wp-block-columns-is-layout-flex\">\n<div class=\"wp-block-column is-layout-flow wp-block-column-is-layout-flow\" style=\"flex-basis:100%\">\n<figure class=\"wp-block-table\"><table><tbody><tr><td class=\"has-text-align-center\" data-align=\"center\"><img loading=\"lazy\" decoding=\"async\" width=\"150\" height=\"200\" class=\"wp-image-15259\" style=\"width: 150px;\" src=\"https:\/\/liguegolfbfc.org\/wp-content\/uploads\/2024\/06\/Alain-Lyet-2-scaled.jpg\" alt=\"\" srcset=\"https:\/\/liguegolfbfc.org\/wp-content\/uploads\/2024\/06\/Alain-Lyet-2-scaled.jpg 1920w, https:\/\/liguegolfbfc.org\/wp-content\/uploads\/2024\/06\/Alain-Lyet-2-225x300.jpg 225w, https:\/\/liguegolfbfc.org\/wp-content\/uploads\/2024\/06\/Alain-Lyet-2-768x1024.jpg 768w, https:\/\/liguegolfbfc.org\/wp-content\/uploads\/2024\/06\/Alain-Lyet-2-1152x1536.jpg 1152w, https:\/\/liguegolfbfc.org\/wp-content\/uploads\/2024\/06\/Alain-Lyet-2-1536x2048.jpg 1536w\" sizes=\"auto, (max-width: 150px) 100vw, 150px\" \/><\/td><td class=\"has-text-align-center\" data-align=\"center\"><\/td><td class=\"has-text-align-center\" data-align=\"center\"><img decoding=\"async\" src=\"https:\/\/liguegolfbfc.org\/wp-content\/uploads\/2024\/12\/Christelle-764x1024.jpg\" alt=\"\" style=\"width: 150px;\"><\/td><td class=\"has-text-align-center\" data-align=\"center\"><img loading=\"lazy\" decoding=\"async\" width=\"150\" height=\"200\" class=\"wp-image-3878\" style=\"width: 150px;\" src=\"https:\/\/liguegolfbfc.org\/wp-content\/uploads\/2020\/12\/Claude-Schatz-300-x-400.jpg\" alt=\"\" srcset=\"https:\/\/liguegolfbfc.org\/wp-content\/uploads\/2020\/12\/Claude-Schatz-300-x-400.jpg 300w, https:\/\/liguegolfbfc.org\/wp-content\/uploads\/2020\/12\/Claude-Schatz-300-x-400-225x300.jpg 225w\" sizes=\"auto, (max-width: 150px) 100vw, 150px\" \/><\/td><\/tr><tr><td class=\"has-text-align-center\" data-align=\"center\"><strong>PR\u00c9SIDENT<\/strong><br>Alain <strong>LYET<\/strong><br><em>Golf de Besan\u00e7on<\/em><\/td><td class=\"has-text-align-center\" data-align=\"center\"><strong>TR\u00c9SORIER<\/strong><br>Patrick <strong>TISSERANT<\/strong><br><em>Golf de Besan\u00e7on<\/em><\/td><td class=\"has-text-align-center\" data-align=\"center\"><strong>SECR\u00c9TAIRE<\/strong> <strong>G\u00c9N\u00c9RALE<\/strong><br>Christelle <strong>MAIROT<\/strong><br><em>Golf de la Chassagne<\/em><\/td><td class=\"has-text-align-center\" data-align=\"center\"><strong>VICE-PR\u00c9SIDENT <\/strong><br>Claude <strong>SCHATZ<\/strong><br><em>Golf de Quetigny<\/em><\/td><\/tr><\/tbody><\/table><\/figure>\n<\/div>\n<\/div>\n\n\n\n<h2 class=\"wp-block-heading has-white-color has-text-color has-background\" id=\"ProjetSportif2023\" style=\"background:linear-gradient(135deg,rgb(0,51,96) 0%,rgb(0,51,96) 55%,rgb(0,51,96) 100%)\"><strong>COMITE DIRECTEUR <\/strong><\/h2>\n\n\n\n<hr class=\"wp-block-separator has-css-opacity\"\/>\n\n\n\n<hr class=\"wp-block-separator has-css-opacity\"\/>\n\n\n\n<h3 class=\"wp-block-heading has-black-color has-cyan-bluish-gray-background-color has-text-color has-background\">Ann\u00e9e 2025<\/h3>\n\n\n\n<figure class=\"wp-block-table aligncenter\"><table><tbody><tr><td class=\"has-text-align-center\" data-align=\"center\"><img loading=\"lazy\" decoding=\"async\" width=\"150\" height=\"188\" class=\"wp-image-3889\" style=\"width: 150px;\" alt=\"\" src=\"https:\/\/liguegolfbfc.org\/wp-content\/uploads\/2020\/12\/Yves-Beurrier-300-x-400.png\" srcset=\"https:\/\/liguegolfbfc.org\/wp-content\/uploads\/2020\/12\/Yves-Beurrier-300-x-400.png 300w, https:\/\/liguegolfbfc.org\/wp-content\/uploads\/2020\/12\/Yves-Beurrier-300-x-400-240x300.png 240w\" sizes=\"auto, (max-width: 150px) 100vw, 150px\" \/><\/td><td class=\"has-text-align-center\" data-align=\"center\"><img decoding=\"async\" class=\"wp-image-3889\" style=\"width: 150px;\" alt=\"\" src=\"https:\/\/liguegolfbfc.org\/wp-content\/uploads\/2025\/02\/Sebastien-Bidault-300-x-400.png\"><\/td><td class=\"has-text-align-center\" data-align=\"center\"><img loading=\"lazy\" decoding=\"async\" width=\"150\" height=\"208\" class=\"wp-image-3888\" style=\"width: 150px;\" src=\"https:\/\/liguegolfbfc.org\/wp-content\/uploads\/2020\/12\/Wilfrid-Boireau-300-x-400-e1608023613628.png\" alt=\"\"><\/td><\/tr><tr><td class=\"has-text-align-center\" data-align=\"center\">Yves <strong>BEURRIER<\/strong><br>0681300676<br>Commission Communication \/<br>Partenariats &#8211; R\u00e9f\u00e9rent RMS9<br><em>AS Orange<\/em> Golf Entreprise <\/td><td class=\"has-text-align-center\" data-align=\"center\">S\u00e9bastien <strong>BIDAULT<\/strong><br>0661209497<br><a href=\"https:\/\/liguegolfbfc.org\/index.php\/ligue-paragolf\/\" target=\"_blank\" rel=\"noreferrer noopener\">Commission Handigolf<\/a><br><em>Golf de Beaune<\/em><\/td><td class=\"has-text-align-center\" data-align=\"center\">Wilfrid <strong>BOIREAU<\/strong><br>0685680871<br><a rel=\"noreferrer noopener\" href=\"https:\/\/liguegolfbfc.org\/index.php\/jeunes-filiere-jeune\/\" target=\"_blank\">D\u00e9l\u00e9gu\u00e9 Jeunes<\/a><br><em>Golf de Bournel<\/em><\/td><\/tr><tr><td class=\"has-text-align-center\" data-align=\"center\">&#8212;&#8212;&#8212;&#8212;&#8211;<\/td><td class=\"has-text-align-center\" data-align=\"center\">&#8212;&#8212;&#8212;&#8212;&#8212;<\/td><td class=\"has-text-align-center\" data-align=\"center\">&#8212;&#8212;&#8212;&#8212;&#8212;&#8212;<\/td><\/tr><tr><td class=\"has-text-align-center\" data-align=\"center\"><img loading=\"lazy\" decoding=\"async\" width=\"150\" height=\"200\" class=\"wp-image-3885\" style=\"width: 150px;\" src=\"https:\/\/liguegolfbfc.org\/wp-content\/uploads\/2020\/12\/Michel-Corberand-300-x-400.png\" alt=\"\" srcset=\"https:\/\/liguegolfbfc.org\/wp-content\/uploads\/2020\/12\/Michel-Corberand-300-x-400.png 300w, https:\/\/liguegolfbfc.org\/wp-content\/uploads\/2020\/12\/Michel-Corberand-300-x-400-225x300.png 225w\" sizes=\"auto, (max-width: 150px) 100vw, 150px\" \/><\/td><td class=\"has-text-align-center\" data-align=\"center\"><img loading=\"lazy\" decoding=\"async\" width=\"178\" height=\"178\" class=\"wp-image-19277\" style=\"width: 178px;\" src=\"https:\/\/liguegolfbfc.org\/wp-content\/uploads\/2025\/12\/image-3.png\" alt=\"\" srcset=\"https:\/\/liguegolfbfc.org\/wp-content\/uploads\/2025\/12\/image-3.png 398w, https:\/\/liguegolfbfc.org\/wp-content\/uploads\/2025\/12\/image-3-300x300.png 300w, https:\/\/liguegolfbfc.org\/wp-content\/uploads\/2025\/12\/image-3-150x150.png 150w\" sizes=\"auto, (max-width: 178px) 100vw, 178px\" \/><\/td><td class=\"has-text-align-center\" data-align=\"center\"><img decoding=\"async\" style=\"width: 150px;\" src=\"https:\/\/liguegolfbfc.org\/wp-content\/uploads\/2025\/02\/Valerie-Geay-300-x-400.png\" alt=\"\"><\/td><\/tr><tr><td class=\"has-text-align-center\" data-align=\"center\">Michel <strong>CORBERAND<\/strong><br>0684524340<br><a href=\"https:\/\/liguegolfbfc.org\/index.php\/ligue-arbitrage\/\" target=\"_blank\" rel=\"noreferrer noopener\">Commission arbitrage et formation<\/a><br><em>Golf de<\/em>s Vosges du Sud<\/td><td class=\"has-text-align-center\" data-align=\"center\">Frank <strong>FONTVIELLE<\/strong><br>0615161600<br>M\u00e9decin de Ligue<br><em><em>Golf de Quetigny<\/em><\/em><\/td><td class=\"has-text-align-center\" data-align=\"center\">Val\u00e9rie<strong> GEAY<\/strong><br>0664778597<br><a href=\"https:\/\/liguegolfbfc.org\/index.php\/jeunes-golf-scolaire\/\" target=\"_blank\" rel=\"noreferrer noopener\">D\u00e9l\u00e9gu\u00e9e golf scolaire<\/a><br><em>Golf de <\/em>Rougemont le Ch\u00e2teau<\/td><\/tr><tr><td class=\"has-text-align-center\" data-align=\"center\">&#8212;&#8212;&#8212;&#8212;&#8211;<\/td><td class=\"has-text-align-center\" data-align=\"center\">&#8212;&#8212;&#8212;&#8212;&#8212;&#8212;<\/td><td class=\"has-text-align-center\" data-align=\"center\">&#8212;&#8212;&#8212;&#8212;&#8212;-<\/td><\/tr><tr><td class=\"has-text-align-center\" data-align=\"center\"><img decoding=\"async\" style=\"width: 150px;\" src=\"https:\/\/liguegolfbfc.org\/wp-content\/uploads\/2025\/02\/Catherine-Grand-Perret-300-x-400.png\" alt=\"\"><\/td><td class=\"has-text-align-center\" data-align=\"center\"><img decoding=\"async\" style=\"width: 172px;\" src=\"https:\/\/liguegolfbfc.org\/wp-content\/uploads\/2025\/01\/Photo-Jaillard-Damien-768x1024.jpg\" alt=\"\"><\/td><td class=\"has-text-align-center\" data-align=\"center\"><img decoding=\"async\" style=\"width: 150px;\" src=\"https:\/\/liguegolfbfc.org\/wp-content\/uploads\/2025\/02\/Kenny-Juillet-300-x-400.png\" alt=\"\"><\/td><\/tr><tr><td class=\"has-text-align-center\" data-align=\"center\">Catherine <strong>GRAND-PERRET<\/strong><br>0608915702<br>Responsable F\u00e9minines<br><em>Golf du <\/em>Val de Sorne<\/td><td class=\"has-text-align-center\" data-align=\"center\">Damien<strong> JAILLARD<\/strong><br>0613964696<br><a href=\"https:\/\/liguegolfbfc.org\/index.php\/jeunes-filiere-jeune\/\" target=\"_blank\" rel=\"noreferrer noopener\">D\u00e9l\u00e9gu\u00e9 Jeunes <\/a>et <a href=\"https:\/\/liguegolfbfc.org\/index.php\/jeunes-golf-scolaire\/\" target=\"_blank\" rel=\"noreferrer noopener\">Golf Universitaire<\/a><br><em>Golf de Quetigny<\/em><\/td><td class=\"has-text-align-center\" data-align=\"center\">Kenny <strong>JUILLET<\/strong><br>0776061671<br>Relation Clubs<br><em>Golf de Quetigny<\/em><\/td><\/tr><tr><td class=\"has-text-align-center\" data-align=\"center\">&#8212;&#8212;&#8212;&#8212;-<\/td><td class=\"has-text-align-center\" data-align=\"center\">&#8212;&#8212;&#8212;&#8212;&#8212;<\/td><td class=\"has-text-align-center\" data-align=\"center\">&#8212;&#8212;&#8212;&#8212;&#8212;&#8212;&#8211;<\/td><\/tr><tr><td class=\"has-text-align-center\" data-align=\"center\"><img loading=\"lazy\" decoding=\"async\" width=\"150\" height=\"200\" class=\"wp-image-15259\" style=\"width: 150px;\" src=\"https:\/\/liguegolfbfc.org\/wp-content\/uploads\/2024\/06\/Alain-Lyet-2-scaled.jpg\" alt=\"\" srcset=\"https:\/\/liguegolfbfc.org\/wp-content\/uploads\/2024\/06\/Alain-Lyet-2-scaled.jpg 1920w, https:\/\/liguegolfbfc.org\/wp-content\/uploads\/2024\/06\/Alain-Lyet-2-225x300.jpg 225w, https:\/\/liguegolfbfc.org\/wp-content\/uploads\/2024\/06\/Alain-Lyet-2-768x1024.jpg 768w, https:\/\/liguegolfbfc.org\/wp-content\/uploads\/2024\/06\/Alain-Lyet-2-1152x1536.jpg 1152w, https:\/\/liguegolfbfc.org\/wp-content\/uploads\/2024\/06\/Alain-Lyet-2-1536x2048.jpg 1536w\" sizes=\"auto, (max-width: 150px) 100vw, 150px\" \/><\/td><td class=\"has-text-align-center\" data-align=\"center\"><img decoding=\"async\" style=\"width: 150px;\" src=\"https:\/\/liguegolfbfc.org\/wp-content\/uploads\/2024\/12\/Christelle-764x1024.jpg\" alt=\"\"><\/td><td class=\"has-text-align-center\" data-align=\"center\"><img decoding=\"async\" style=\"text-align: start; white-space: normal; width: 150px;\" src=\"https:\/\/liguegolfbfc.org\/wp-content\/uploads\/2025\/02\/Cyril-Pasteursite.jpg\" alt=\"\"><\/td><\/tr><tr><td class=\"has-text-align-center\" data-align=\"center\">Alain <strong>LYET<\/strong><br>0608029273<br><strong>Pr\u00e9sident de la Ligue<\/strong><br><em>Golf de Besan\u00e7on<\/em><\/td><td class=\"has-text-align-center\" data-align=\"center\">Christelle<strong> MAIROT<\/strong><br>0615667391<br>Secr\u00e9taire G\u00e9n\u00e9rale<br><em>Golf de <em>la Chassagne<\/em><\/em><\/td><td class=\"has-text-align-center\" data-align=\"center\">Cyril <strong>PASTEUR<\/strong><br>0684403861<br><a href=\"https:\/\/liguegolfbfc.org\/index.php\/jeunes-golf-scolaire\/\" target=\"_blank\" rel=\"noreferrer noopener\">Commission Golf Scolaire<\/a><br><em>Golf de Besan\u00e7on<\/em><\/td><\/tr><tr><td class=\"has-text-align-center\" data-align=\"center\">&#8212;&#8212;&#8212;&#8212;&#8212;&#8212;<\/td><td class=\"has-text-align-center\" data-align=\"center\">&#8212;&#8212;&#8212;&#8212;&#8212;<\/td><td class=\"has-text-align-center\" data-align=\"center\">&#8212;&#8212;&#8212;&#8212;&#8212;&#8212;&#8212;<\/td><\/tr><tr><td class=\"has-text-align-center\" data-align=\"center\"><img loading=\"lazy\" decoding=\"async\" width=\"150\" height=\"200\" class=\"wp-image-3878\" style=\"width: 150px;\" src=\"https:\/\/liguegolfbfc.org\/wp-content\/uploads\/2020\/12\/Claude-Schatz-300-x-400.jpg\" alt=\"\" srcset=\"https:\/\/liguegolfbfc.org\/wp-content\/uploads\/2020\/12\/Claude-Schatz-300-x-400.jpg 300w, https:\/\/liguegolfbfc.org\/wp-content\/uploads\/2020\/12\/Claude-Schatz-300-x-400-225x300.jpg 225w\" sizes=\"auto, (max-width: 150px) 100vw, 150px\" \/><\/td><td class=\"has-text-align-center\" data-align=\"center\"><\/td><td class=\"has-text-align-center\" data-align=\"center\"><img loading=\"lazy\" decoding=\"async\" width=\"150\" height=\"172\" class=\"wp-image-3886\" style=\"width: 150px;\" src=\"https:\/\/liguegolfbfc.org\/wp-content\/uploads\/2025\/02\/Paul-Venturi-300-x-400.png\" alt=\"\"><\/td><\/tr><tr><td class=\"has-text-align-center\" data-align=\"center\">Claude <strong>SCHATZ<\/strong><br>0661290509<br>Vice-Pr\u00e9sident <br>en charge <br>du D\u00e9veloppement du Territoire<br><em>Golf de Quetigny<\/em><\/td><td class=\"has-text-align-center\" data-align=\"center\">Patrick <strong>TISSERANT<\/strong><br>06 80 25 92 37<br>Tr\u00e9sorier<br><em>Golf de Besan\u00e7on<\/em><\/td><td class=\"has-text-align-center\" data-align=\"center\">Paul <strong>VENTURI<\/strong><br>0671852674<br><a href=\"https:\/\/liguegolfbfc.org\/index.php\/golf-entreprise-comp-de-ligue\/\" target=\"_blank\" rel=\"noreferrer noopener\">Commission Golf Entreprise<\/a><br><em>Golf de Prunevelle<\/em><\/td><\/tr><\/tbody><\/table><\/figure>\n\n\n\n<h2 class=\"wp-block-heading has-white-color has-text-color has-background\" id=\"ProjetSportif2023\" style=\"background:linear-gradient(135deg,rgb(0,51,96) 0%,rgb(0,51,96) 55%,rgb(0,51,96) 100%)\">SALARI\u00c9ES DE LA LIGUE<\/h2>\n\n\n\n<div class=\"wp-block-columns is-layout-flex wp-container-core-columns-is-layout-9d6595d7 wp-block-columns-is-layout-flex\">\n<div class=\"wp-block-column is-layout-flow wp-block-column-is-layout-flow\">\n<p class=\"has-text-align-right\">Caroline<strong> BOSSENNEC<\/strong> <br><strong>Administration, Comptabilit\u00e9<br>Commission Sportive, <br>P\u00f4le Jeunes<\/strong><br><br>0380250972<br>contact@liguegolfbfc.org<\/p>\n\n\n\n<p><\/p>\n\n\n\n<p><\/p>\n\n\n\n<p class=\"has-text-align-right\"><\/p>\n<\/div>\n\n\n\n<div class=\"wp-block-column is-layout-flow wp-block-column-is-layout-flow\">\n<figure class=\"wp-block-image size-full is-resized is-style-rounded\"><img loading=\"lazy\" decoding=\"async\" width=\"526\" height=\"533\" src=\"https:\/\/liguegolfbfc.org\/wp-content\/uploads\/2025\/06\/504345308_10161734514114401_3906907900577191735_n.jpg\" alt=\"\" class=\"wp-image-18032\" style=\"width:136px;height:137px\" srcset=\"https:\/\/liguegolfbfc.org\/wp-content\/uploads\/2025\/06\/504345308_10161734514114401_3906907900577191735_n.jpg 526w, https:\/\/liguegolfbfc.org\/wp-content\/uploads\/2025\/06\/504345308_10161734514114401_3906907900577191735_n-296x300.jpg 296w\" sizes=\"auto, (max-width: 526px) 100vw, 526px\" \/><\/figure>\n<\/div>\n\n\n\n<div class=\"wp-block-column is-layout-flow wp-block-column-is-layout-flow\">\n<p class=\"has-text-align-right\">Emmanuelle<strong> GERHART<\/strong><br><strong>Conseill\u00e8re Technique F\u00e9d\u00e9rale<\/strong><br><br><\/p>\n\n\n\n<p class=\"has-text-align-right\">0611670197<br>emmanuelle.gerhart@gmail.com<\/p>\n\n\n\n<p><\/p>\n\n\n\n<p><\/p>\n\n\n\n<p class=\"has-text-align-right\"><\/p>\n<\/div>\n\n\n\n<div class=\"wp-block-column is-layout-flow wp-block-column-is-layout-flow\">\n<figure class=\"wp-block-image size-full is-resized is-style-rounded\"><img loading=\"lazy\" decoding=\"async\" width=\"536\" height=\"652\" src=\"https:\/\/liguegolfbfc.org\/wp-content\/uploads\/2025\/06\/GERHART.png\" alt=\"\" class=\"wp-image-18035\" style=\"width:141px;height:171px\" srcset=\"https:\/\/liguegolfbfc.org\/wp-content\/uploads\/2025\/06\/GERHART.png 536w, https:\/\/liguegolfbfc.org\/wp-content\/uploads\/2025\/06\/GERHART-247x300.png 247w\" sizes=\"auto, (max-width: 536px) 100vw, 536px\" \/><\/figure>\n<\/div>\n<\/div>\n\n\n\n<p><\/p>\n\n\n\n<hr class=\"wp-block-separator has-css-opacity\"\/>\n\n\n\n<h2 class=\"wp-block-heading has-white-color has-text-color has-background\" id=\"ProjetSportif2023\" style=\"background:linear-gradient(135deg,rgb(0,51,96) 0%,rgb(0,51,96) 55%,rgb(0,51,96) 100%)\"><strong>\u00c9QUIPE TECHNIQUE R\u00c9GIONALE<\/strong><\/h2>\n\n\n\n<div class=\"wp-block-columns is-layout-flex wp-container-core-columns-is-layout-9d6595d7 wp-block-columns-is-layout-flex\">\n<div class=\"wp-block-column is-layout-flow wp-block-column-is-layout-flow\" style=\"flex-basis:100%\">\n<div class=\"wp-block-columns is-layout-flex wp-container-core-columns-is-layout-9d6595d7 wp-block-columns-is-layout-flex\">\n<div class=\"wp-block-column is-layout-flow wp-block-column-is-layout-flow\" style=\"flex-basis:100%\">\n<figure class=\"wp-block-table aligncenter\"><table><tbody><tr><td class=\"has-text-align-center\" data-align=\"center\"><img decoding=\"async\" style=\"width: 170px;\" src=\"https:\/\/liguegolfbfc.org\/wp-content\/uploads\/2025\/03\/Sans-titre.jpg\" alt=\"\"><\/td><td class=\"has-text-align-center\" data-align=\"center\"><img decoding=\"async\" style=\"width: 170px;\" src=\"https:\/\/liguegolfbfc.org\/wp-content\/uploads\/2025\/03\/simon.jpg\" alt=\"\"><\/td><td class=\"has-text-align-center\" data-align=\"center\"><img decoding=\"async\" style=\"width: 170px;\" src=\"https:\/\/liguegolfbfc.org\/wp-content\/uploads\/2025\/03\/mervin-1.png\" alt=\"\"><\/td><td class=\"has-text-align-center\" data-align=\"center\"><img decoding=\"async\" style=\"width: 170px;\" src=\"https:\/\/liguegolfbfc.org\/wp-content\/uploads\/2025\/03\/joel.jpg\" alt=\"\"><\/td><\/tr><tr><td class=\"has-text-align-center\" data-align=\"center\">Quentin <strong>LETONDEUR<\/strong> <br><a href=\"https:\/\/liguegolfbfc.org\/index.php\/jeunes-stages-regroupement\/\" target=\"_blank\" rel=\"noreferrer noopener\">Groupe U10<\/a><br>          Zone Franche-Comt\u00e9              <br>         0615160329        <br><\/td><td class=\"has-text-align-center\" data-align=\"center\">Simon <strong>FERNOUX<\/strong><br><a rel=\"noreferrer noopener\" href=\"https:\/\/liguegolfbfc.org\/index.php\/jeunes-stages-regroupement\/\" target=\"_blank\">Groupe U10 <\/a><br>Zone Bourgogne<br>0681957587<br><br><br><\/td><td class=\"has-text-align-center\" data-align=\"center\">   Mervin <strong>ROCCHI<\/strong><br>  <a rel=\"noreferrer noopener\" href=\"https:\/\/liguegolfbfc.org\/index.php\/jeunes-haut-niveau-2\/\" target=\"_blank\">   Groupe Cible <\/a>  <br>       0685567816<strong> <\/strong>   <br><br>      <\/td><td class=\"has-text-align-center\" data-align=\"center\"> Jo\u00ebl <strong>VEZIN<\/strong><br>  Groupe Interligue<br>     0688689030<br><br><br><\/td><\/tr><\/tbody><\/table><\/figure>\n<\/div>\n<\/div>\n<\/div>\n<\/div>\n\n\n\n<hr class=\"wp-block-separator has-css-opacity\"\/>\n\n\n\n<p><\/p>\n","protected":false},"excerpt":{"rendered":"<p>BUREAU DIRECTEUR PR\u00c9SIDENTAlain LYETGolf de Besan\u00e7on TR\u00c9SORIERPatrick TISSERANTGolf de Besan\u00e7on SECR\u00c9TAIRE G\u00c9N\u00c9RALEChristelle MAIROTGolf de la Chassagne VICE-PR\u00c9SIDENT Claude SCHATZGolf de Quetigny COMITE DIRECTEUR Ann\u00e9e 2025 Yves BEURRIER0681300676Commission Communication \/Partenariats &#8211; R\u00e9f\u00e9rent RMS9AS Orange Golf Entreprise S\u00e9bastien BIDAULT0661209497Commission HandigolfGolf de Beaune Wilfrid BOIREAU0685680871D\u00e9l\u00e9gu\u00e9 JeunesGolf de Bournel &#8212;&#8212;&#8212;&#8212;&#8211; &#8212;&#8212;&#8212;&#8212;&#8212; &#8212;&#8212;&#8212;&#8212;&#8212;&#8212; Michel CORBERAND0684524340Commission arbitrage et formationGolf des Vosges [&hellip;]<\/p>\n","protected":false},"author":1,"featured_media":0,"parent":0,"menu_order":0,"comment_status":"closed","ping_status":"closed","template":"page-templates\/page-full-width.php","meta":{"footnotes":""},"class_list":["post-136","page","type-page","status-publish","hentry"],"jetpack_sharing_enabled":true,"_links":{"self":[{"href":"https:\/\/liguegolfbfc.org\/index.php\/wp-json\/wp\/v2\/pages\/136","targetHints":{"allow":["GET"]}}],"collection":[{"href":"https:\/\/liguegolfbfc.org\/index.php\/wp-json\/wp\/v2\/pages"}],"about":[{"href":"https:\/\/liguegolfbfc.org\/index.php\/wp-json\/wp\/v2\/types\/page"}],"author":[{"embeddable":true,"href":"https:\/\/liguegolfbfc.org\/index.php\/wp-json\/wp\/v2\/users\/1"}],"replies":[{"embeddable":true,"href":"https:\/\/liguegolfbfc.org\/index.php\/wp-json\/wp\/v2\/comments?post=136"}],"version-history":[{"count":151,"href":"https:\/\/liguegolfbfc.org\/index.php\/wp-json\/wp\/v2\/pages\/136\/revisions"}],"predecessor-version":[{"id":19321,"href":"https:\/\/liguegolfbfc.org\/index.php\/wp-json\/wp\/v2\/pages\/136\/revisions\/19321"}],"wp:attachment":[{"href":"https:\/\/liguegolfbfc.org\/index.php\/wp-json\/wp\/v2\/media?parent=136"}],"curies":[{"name":"wp","href":"https:\/\/api.w.org\/{rel}","templated":true}]}}