{"id":134,"date":"2020-03-10T09:16:25","date_gmt":"2020-03-10T08:16:25","guid":{"rendered":"http:\/\/liguegolfbfc.org\/?page_id=134"},"modified":"2025-03-06T14:34:42","modified_gmt":"2025-03-06T13:34:42","slug":"ligue-historique","status":"publish","type":"page","link":"https:\/\/liguegolfbfc.org\/index.php\/ligue-historique\/","title":{"rendered":"LIGUE | HISTORIQUE"},"content":{"rendered":"\n<h2 class=\"wp-block-heading has-white-color has-text-color has-background\" id=\"ProjetSportif2023\" style=\"background:linear-gradient(135deg,rgb(0,51,96) 0%,rgb(0,51,96) 55%,rgb(0,51,96) 100%)\">HISTORIQUE<\/h2>\n\n\n\n<p>La ligue de Golf de Bourgogne Franche-Comt\u00e9, c\u2019est 61 clubs affili\u00e9s, 12000 licenci\u00e9s r\u00e9partis dans 8 d\u00e9partements, une aire g\u00e9ographique qui en fait une des r\u00e9gions les plus importantes de France, allant de la fronti\u00e8re suisse aux confins proche de la r\u00e9gion parisienne. C\u2019est une r\u00e9gion riche de traditions, riche d\u2019histoire depuis la p\u00e9riode romaine, au c\u0153ur de l\u2019\u00e9pop\u00e9e europ\u00e9enne. Cette histoire est toujours bien pr\u00e9sente dans le paysage d\u2019un certain nombre de nos golfs (Chailly, Tanlay, Roncemay, Bournel) , h\u00e9ritage d\u2019un pass\u00e9 riche. A tous nos visiteurs nous souhaitons de prendre le temps de la d\u00e9couverte de DIJON, BESANCON et de tous les magnifiques sites historiques signatures de notre r\u00e9gion. A d\u00e9guster sans mod\u00e9ration.<\/p>\n","protected":false},"excerpt":{"rendered":"<p>HISTORIQUE La ligue de Golf de Bourgogne Franche-Comt\u00e9, c\u2019est 61 clubs affili\u00e9s, 12000 licenci\u00e9s r\u00e9partis dans 8 d\u00e9partements, une aire g\u00e9ographique qui en fait une des r\u00e9gions les plus importantes de France, allant de la fronti\u00e8re suisse aux confins proche de la r\u00e9gion parisienne. C\u2019est une r\u00e9gion riche de traditions, riche d\u2019histoire depuis la p\u00e9riode [&hellip;]<\/p>\n","protected":false},"author":1,"featured_media":0,"parent":0,"menu_order":0,"comment_status":"closed","ping_status":"closed","template":"page-templates\/page-full-width.php","meta":{"footnotes":""},"class_list":["post-134","page","type-page","status-publish","hentry"],"jetpack_sharing_enabled":true,"_links":{"self":[{"href":"https:\/\/liguegolfbfc.org\/index.php\/wp-json\/wp\/v2\/pages\/134","targetHints":{"allow":["GET"]}}],"collection":[{"href":"https:\/\/liguegolfbfc.org\/index.php\/wp-json\/wp\/v2\/pages"}],"about":[{"href":"https:\/\/liguegolfbfc.org\/index.php\/wp-json\/wp\/v2\/types\/page"}],"author":[{"embeddable":true,"href":"https:\/\/liguegolfbfc.org\/index.php\/wp-json\/wp\/v2\/users\/1"}],"replies":[{"embeddable":true,"href":"https:\/\/liguegolfbfc.org\/index.php\/wp-json\/wp\/v2\/comments?post=134"}],"version-history":[{"count":9,"href":"https:\/\/liguegolfbfc.org\/index.php\/wp-json\/wp\/v2\/pages\/134\/revisions"}],"predecessor-version":[{"id":16984,"href":"https:\/\/liguegolfbfc.org\/index.php\/wp-json\/wp\/v2\/pages\/134\/revisions\/16984"}],"wp:attachment":[{"href":"https:\/\/liguegolfbfc.org\/index.php\/wp-json\/wp\/v2\/media?parent=134"}],"curies":[{"name":"wp","href":"https:\/\/api.w.org\/{rel}","templated":true}]}}