{"id":1081,"date":"2020-03-24T17:38:34","date_gmt":"2020-03-24T16:38:34","guid":{"rendered":"http:\/\/liguegolfbfc.org\/?page_id=1081"},"modified":"2025-07-29T15:58:25","modified_gmt":"2025-07-29T13:58:25","slug":"communique","status":"publish","type":"page","link":"https:\/\/liguegolfbfc.org\/index.php\/communique\/","title":{"rendered":""},"content":{"rendered":"<div>You need to add a widget, row, or prebuilt layout before you&rsquo;ll see anything here. \ud83d\ude42<\/div>\n\n\n<p> <strong>CANICULE<\/strong><br><strong><a rel=\"noreferrer noopener\" href=\"https:\/\/liguegolfbfc.org\/wp-content\/uploads\/2025\/07\/Fiche_canicule_golf_2023_VF.pdf\" target=\"_blank\">Fiche d\u00e9di\u00e9e aux sportifs et \u00e0 leur entourage <\/a><\/strong><br><strong>PROTOCOLE NATIONAL COMP\u00c9TITION<\/strong><br><strong><a rel=\"noreferrer noopener\" href=\"https:\/\/liguegolfbfc.org\/wp-content\/uploads\/2025\/07\/Protocole_de_gestion_des_vagues_de_chaleur.pdf\" target=\"_blank\">Gestion des vagues de chaleur<\/a><\/strong><\/p>\n\n\n\n<p><strong><a href=\"https:\/\/www.sports.gouv.fr\/guide-pour-un-ete-sportif-et-responsable-2849?sc_src=email_10912412&amp;sc_lid=753253791&amp;sc_uid=576448210&amp;sc_llid=-1&amp;sc_eh=&amp;sc_src=email_10950422&amp;sc_lid=756786224&amp;sc_uid=xpaMkIlaiL&amp;sc_llid=1287&amp;sc_eh=\" target=\"_blank\" rel=\"noreferrer noopener\">Guide et recommandations pour un \u00e9t\u00e9 sportif et responsable<\/a><\/strong><br><\/p>\n","protected":false},"excerpt":{"rendered":"<p>CANICULEFiche d\u00e9di\u00e9e aux sportifs et \u00e0 leur entourage PROTOCOLE NATIONAL COMP\u00c9TITIONGestion des vagues de chaleur Guide et recommandations pour un \u00e9t\u00e9 sportif et responsable<\/p>\n","protected":false},"author":1,"featured_media":0,"parent":0,"menu_order":0,"comment_status":"closed","ping_status":"closed","template":"page-templates\/page-builder.php","meta":{"footnotes":""},"class_list":["post-1081","page","type-page","status-publish","hentry"],"jetpack_sharing_enabled":true,"_links":{"self":[{"href":"https:\/\/liguegolfbfc.org\/index.php\/wp-json\/wp\/v2\/pages\/1081","targetHints":{"allow":["GET"]}}],"collection":[{"href":"https:\/\/liguegolfbfc.org\/index.php\/wp-json\/wp\/v2\/pages"}],"about":[{"href":"https:\/\/liguegolfbfc.org\/index.php\/wp-json\/wp\/v2\/types\/page"}],"author":[{"embeddable":true,"href":"https:\/\/liguegolfbfc.org\/index.php\/wp-json\/wp\/v2\/users\/1"}],"replies":[{"embeddable":true,"href":"https:\/\/liguegolfbfc.org\/index.php\/wp-json\/wp\/v2\/comments?post=1081"}],"version-history":[{"count":112,"href":"https:\/\/liguegolfbfc.org\/index.php\/wp-json\/wp\/v2\/pages\/1081\/revisions"}],"predecessor-version":[{"id":18582,"href":"https:\/\/liguegolfbfc.org\/index.php\/wp-json\/wp\/v2\/pages\/1081\/revisions\/18582"}],"wp:attachment":[{"href":"https:\/\/liguegolfbfc.org\/index.php\/wp-json\/wp\/v2\/media?parent=1081"}],"curies":[{"name":"wp","href":"https:\/\/api.w.org\/{rel}","templated":true}]}}