{"id":105,"date":"2020-03-10T08:27:41","date_gmt":"2020-03-10T07:27:41","guid":{"rendered":"http:\/\/liguegolfbfc.org\/?page_id=105"},"modified":"2026-03-31T14:16:24","modified_gmt":"2026-03-31T12:16:24","slug":"grand-prix-autres-regions","status":"publish","type":"page","link":"https:\/\/liguegolfbfc.org\/index.php\/grand-prix-autres-regions\/","title":{"rendered":"GRAND PRIX DES LIGUES AUTRES R\u00c9GIONS"},"content":{"rendered":"\n<h2 class=\"wp-block-heading has-white-color has-midnight-gradient-background has-text-color has-background\" id=\"ProjetSportif2023\">GRAND PRIX DES LIGUES AUTRES R\u00c9GIONS 2026<\/h2>\n\n\n\n<p><strong><a href=\"https:\/\/liguegolfbfc.org\/wp-content\/uploads\/2026\/03\/Cahier-des-charges-GP-FFG.pdf\">Cahier des charges des GPA 2026<\/a><\/strong><br>Calendrier et R\u00e9sultats <strong><a href=\"https:\/\/www.ffgolf.org\/golf-amateur\/toutes-categories\/calendrier-resultats\/grands-prix\/2026\">Site FFG<\/a><\/strong><br><\/p>\n\n\n\n<hr class=\"wp-block-separator has-alpha-channel-opacity\"\/>\n\n\n\n<h2 class=\"wp-block-heading\">Grand Prix de Bourges<\/h2>\n\n\n\n<p>28-29 mars 2026 I &nbsp;<\/p>\n\n\n\n<p><a href=\"https:\/\/pages.ffgolf.org\/resultats\/liste-competitions\/f4cabbd00d9cedf39198f100f785598c\"><strong>R\u00e9sultats<\/strong> <\/a>: <br>Tacquard Myl\u00e8ne 5e\/12 (86\/79)<\/p>\n\n\n\n<hr class=\"wp-block-separator has-alpha-channel-opacity\"\/>\n\n\n\n<h2 class=\"wp-block-heading\">GRAND PRIX <\/h2>\n\n\n\n<p><strong>R\u00e9sultats<\/strong> :<\/p>\n\n\n\n<hr class=\"wp-block-separator has-alpha-channel-opacity\"\/>\n\n\n\n<h2 class=\"wp-block-heading\">GRAND PRIX <\/h2>\n\n\n\n<p><strong>R\u00e9sultats Messieurs <\/strong> <\/p>\n\n\n\n<hr class=\"wp-block-separator has-alpha-channel-opacity\"\/>\n\n\n\n<h2 class=\"wp-block-heading\">GRAND PRIX<\/h2>\n\n\n\n<p><strong>R\u00e9sultats Messieurs<\/strong> <\/p>\n\n\n\n<hr class=\"wp-block-separator has-alpha-channel-opacity\"\/>\n\n\n\n<h2 class=\"wp-block-heading\">GRAND PRIX <\/h2>\n\n\n\n<p>2026 I &nbsp;GOLF DE <\/p>\n\n\n\n<p>R\u00e9sultats<\/p>\n\n\n\n<hr class=\"wp-block-separator has-alpha-channel-opacity\"\/>\n\n\n\n<p><\/p>\n","protected":false},"excerpt":{"rendered":"<p>GRAND PRIX DES LIGUES AUTRES R\u00c9GIONS 2026 Cahier des charges des GPA 2026Calendrier et R\u00e9sultats Site FFG Grand Prix de Bourges 28-29 mars 2026 I &nbsp; R\u00e9sultats : Tacquard Myl\u00e8ne 5e\/12 (86\/79) GRAND PRIX R\u00e9sultats : GRAND PRIX R\u00e9sultats Messieurs GRAND PRIX R\u00e9sultats Messieurs GRAND PRIX 2026 I &nbsp;GOLF DE R\u00e9sultats<\/p>\n","protected":false},"author":1,"featured_media":0,"parent":0,"menu_order":0,"comment_status":"closed","ping_status":"closed","template":"page-templates\/page-full-width.php","meta":{"footnotes":""},"class_list":["post-105","page","type-page","status-publish","hentry"],"jetpack_sharing_enabled":true,"_links":{"self":[{"href":"https:\/\/liguegolfbfc.org\/index.php\/wp-json\/wp\/v2\/pages\/105","targetHints":{"allow":["GET"]}}],"collection":[{"href":"https:\/\/liguegolfbfc.org\/index.php\/wp-json\/wp\/v2\/pages"}],"about":[{"href":"https:\/\/liguegolfbfc.org\/index.php\/wp-json\/wp\/v2\/types\/page"}],"author":[{"embeddable":true,"href":"https:\/\/liguegolfbfc.org\/index.php\/wp-json\/wp\/v2\/users\/1"}],"replies":[{"embeddable":true,"href":"https:\/\/liguegolfbfc.org\/index.php\/wp-json\/wp\/v2\/comments?post=105"}],"version-history":[{"count":164,"href":"https:\/\/liguegolfbfc.org\/index.php\/wp-json\/wp\/v2\/pages\/105\/revisions"}],"predecessor-version":[{"id":20111,"href":"https:\/\/liguegolfbfc.org\/index.php\/wp-json\/wp\/v2\/pages\/105\/revisions\/20111"}],"wp:attachment":[{"href":"https:\/\/liguegolfbfc.org\/index.php\/wp-json\/wp\/v2\/media?parent=105"}],"curies":[{"name":"wp","href":"https:\/\/api.w.org\/{rel}","templated":true}]}}