{"id":103,"date":"2020-03-10T08:27:14","date_gmt":"2020-03-10T07:27:14","guid":{"rendered":"http:\/\/liguegolfbfc.org\/?page_id=103"},"modified":"2026-04-15T17:45:20","modified_gmt":"2026-04-15T15:45:20","slug":"grand-prix-de-la-ligue","status":"publish","type":"page","link":"https:\/\/liguegolfbfc.org\/index.php\/grand-prix-de-la-ligue\/","title":{"rendered":"GRAND PRIX DE LA LIGUE BOURGOGNE FRANCHE-COMTE"},"content":{"rendered":"\n<p><em>Les d\u00e9parts du 1er tour des comp\u00e9titions individuelles et par  \u00e9quipe sont publi\u00e9es sur le Site Internet de la Ligue et\/ou sur la Page  Facebook, au plus tard la veille de l\u2019\u00e9preuve. Les participants peuvent  aussi contacter directement le Club ou utiliser l\u2019application FFGolf via  leur smartphone pour connaitre leur horaire de d\u00e9part. La Ligue se  r\u00e9serve le droit de modifier ou d\u2019annuler une \u00e9preuve. En cas doute sur  la tenue d\u2019une \u00e9preuve, merci de prendre contact directement avec le  Club qui re\u00e7oit l\u2019\u00e9preuve.<\/em><\/p>\n\n\n\n<p class=\"has-white-color has-text-color has-background\" style=\"background-color:#48963a\"><strong>GRANDS PRIX DE LIGUE 2026<\/strong><\/p>\n\n\n\n<div class=\"wp-block-columns is-layout-flex wp-container-core-columns-is-layout-9d6595d7 wp-block-columns-is-layout-flex\">\n<div class=\"wp-block-column is-layout-flow wp-block-column-is-layout-flow\"><\/div>\n\n\n\n<div class=\"wp-block-column is-layout-flow wp-block-column-is-layout-flow\">\n<figure class=\"wp-block-gallery has-nested-images columns-default is-cropped wp-block-gallery-1 is-layout-flex wp-block-gallery-is-layout-flex\">\n<figure class=\"wp-block-image size-large\"><img loading=\"lazy\" decoding=\"async\" width=\"724\" height=\"1024\" data-id=\"19545\" src=\"https:\/\/liguegolfbfc.org\/wp-content\/uploads\/2026\/02\/GPA-724x1024.png\" alt=\"\" class=\"wp-image-19545\" srcset=\"https:\/\/liguegolfbfc.org\/wp-content\/uploads\/2026\/02\/GPA-724x1024.png 724w, https:\/\/liguegolfbfc.org\/wp-content\/uploads\/2026\/02\/GPA-212x300.png 212w, https:\/\/liguegolfbfc.org\/wp-content\/uploads\/2026\/02\/GPA-768x1086.png 768w, https:\/\/liguegolfbfc.org\/wp-content\/uploads\/2026\/02\/GPA-1086x1536.png 1086w, https:\/\/liguegolfbfc.org\/wp-content\/uploads\/2026\/02\/GPA.png 1414w\" sizes=\"auto, (max-width: 724px) 100vw, 724px\" \/><\/figure>\n<\/figure>\n<\/div>\n\n\n\n<div class=\"wp-block-column is-layout-flow wp-block-column-is-layout-flow\"><\/div>\n<\/div>\n\n\n\n<p><strong>CHARTE DES GRANDS PRIX 2026<\/strong><br><strong><a href=\"https:\/\/liguegolfbfc.org\/wp-content\/uploads\/2026\/03\/Cahier-des-charge-GP-FFG-Version-au-19-fevrier.pdf\">Cahier des charges des grands prix FFG 2026<\/a><\/strong><br><strong><a href=\"file:\/\/\/C:\/Users\/LBG-PO-001\/Downloads\/Cat%C3%A9gories%20et%20vainqueurs%20des%20Grands%20Prix%202025.pdf\">Cat\u00e9gories des GPA FFGOLF 2025<\/a><\/strong><\/p>\n\n\n\n<p><strong>Droit f\u00e9d\u00e9ral obligatoire \/ Certificat m\u00e9dical ou questionnaire de sant\u00e9 \u00e0 jour<\/strong><\/p>\n\n\n\n<hr class=\"wp-block-separator has-alpha-channel-opacity\"\/>\n\n\n\n<div class=\"wp-block-columns is-layout-flex wp-container-core-columns-is-layout-9d6595d7 wp-block-columns-is-layout-flex\">\n<div class=\"wp-block-column is-layout-flow wp-block-column-is-layout-flow\" style=\"flex-basis:33.33%\">\n<figure class=\"wp-block-gallery has-nested-images columns-default is-cropped wp-block-gallery-2 is-layout-flex wp-block-gallery-is-layout-flex\"><\/figure>\n<\/div>\n\n\n\n<div class=\"wp-block-column is-layout-flow wp-block-column-is-layout-flow\" style=\"flex-basis:66.66%\">\n<h2 class=\"wp-block-heading\">Grand Prix de Dijon Bourgogne<\/h2>\n\n\n\n<p>18-19 avril 2026<\/p>\n\n\n\n<p>Toutes les informations sur le site du club <strong><a href=\"https:\/\/www.golf-dijon.fr\/evenement\/grand-prix-dijon-bourgogne\/\">en cliquant ICI<\/a><\/strong><\/p>\n\n\n\n<p><a href=\"https:\/\/www.golf-dijon.fr\/wp-content\/uploads\/2025\/04\/resultat-dame-tour-1-et-2.pdf\"><strong>R\u00e9sultats 2025 D<\/strong>ames Tours 1 &amp; 2<\/a><br><a href=\"https:\/\/www.golf-dijon.fr\/wp-content\/uploads\/2025\/04\/resultat-homme-tour-1-et-2.pdf\"><strong>R\u00e9sultats 2025 <\/strong>Hommes Tours 1 &amp; 2<\/a><\/p>\n\n\n\n<p>Victoire de<strong> Alicia Grandjean<\/strong> ( Bouleau +1,5) 77 et 75 et de <strong>Arthur Mansuy <\/strong>( Metz Technolopole +3,5) 76 et 75<\/p>\n\n\n\n<p>Nos joueurs locaux n&rsquo;ont pas d\u00e9m\u00e9rit\u00e9 avec la s<strong>econde place<\/strong> de <strong>Camille Padieu<\/strong> et la <strong>3\u00e8me place \u00e0 \u00e9galit\u00e9 de Gr\u00e9goire Hulin et David Roussel.<\/strong><\/p>\n<\/div>\n<\/div>\n\n\n\n<hr class=\"wp-block-separator has-alpha-channel-opacity\"\/>\n\n\n\n<div class=\"wp-block-columns is-layout-flex wp-container-core-columns-is-layout-9d6595d7 wp-block-columns-is-layout-flex\">\n<div class=\"wp-block-column is-layout-flow wp-block-column-is-layout-flow\" style=\"flex-basis:33.33%\">\n<figure class=\"wp-block-gallery has-nested-images columns-default is-cropped wp-block-gallery-3 is-layout-flex wp-block-gallery-is-layout-flex\">\n<figure class=\"wp-block-image size-large\"><img loading=\"lazy\" decoding=\"async\" width=\"724\" height=\"1024\" data-id=\"20222\" src=\"https:\/\/liguegolfbfc.org\/wp-content\/uploads\/2026\/04\/Grand-prix-2026-1-1-724x1024.png\" alt=\"\" class=\"wp-image-20222\" srcset=\"https:\/\/liguegolfbfc.org\/wp-content\/uploads\/2026\/04\/Grand-prix-2026-1-1-724x1024.png 724w, https:\/\/liguegolfbfc.org\/wp-content\/uploads\/2026\/04\/Grand-prix-2026-1-1-212x300.png 212w, https:\/\/liguegolfbfc.org\/wp-content\/uploads\/2026\/04\/Grand-prix-2026-1-1-768x1086.png 768w, https:\/\/liguegolfbfc.org\/wp-content\/uploads\/2026\/04\/Grand-prix-2026-1-1-1086x1536.png 1086w, https:\/\/liguegolfbfc.org\/wp-content\/uploads\/2026\/04\/Grand-prix-2026-1-1-1448x2048.png 1448w, https:\/\/liguegolfbfc.org\/wp-content\/uploads\/2026\/04\/Grand-prix-2026-1-1.png 1655w\" sizes=\"auto, (max-width: 724px) 100vw, 724px\" \/><\/figure>\n<\/figure>\n<\/div>\n\n\n\n<div class=\"wp-block-column is-layout-flow wp-block-column-is-layout-flow\" style=\"flex-basis:66.66%\">\n<h2 class=\"wp-block-heading\">Grand Prix de Quetigny<\/h2>\n\n\n\n<p><strong>9-10 mai 2026<\/strong><\/p>\n\n\n\n<div class=\"wp-block-columns is-layout-flex wp-container-core-columns-is-layout-9d6595d7 wp-block-columns-is-layout-flex\">\n<div class=\"wp-block-column is-layout-flow wp-block-column-is-layout-flow\">\n<div class=\"wp-block-buttons is-content-justification-center is-layout-flex wp-container-core-buttons-is-layout-16018d1d wp-block-buttons-is-layout-flex\">\n<div class=\"wp-block-button\"><a class=\"wp-block-button__link wp-element-button\" href=\"https:\/\/liguegolfbfc.org\/wp-content\/uploads\/2026\/04\/GRAND-PRIX-quetigny-Bulletin-inscription-2025-1.pdf\">Inscription<\/a><\/div>\n<\/div>\n<\/div>\n\n\n\n<div class=\"wp-block-column is-layout-flow wp-block-column-is-layout-flow\">\n<div class=\"wp-block-buttons is-content-justification-center is-layout-flex wp-container-core-buttons-is-layout-16018d1d wp-block-buttons-is-layout-flex\">\n<div class=\"wp-block-button\"><a class=\"wp-block-button__link wp-element-button\" href=\"https:\/\/liguegolfbfc.org\/wp-content\/uploads\/2026\/04\/Reglement-Grand-Prix-2026.pdf\">R\u00e8glement<\/a><\/div>\n<\/div>\n<\/div>\n<\/div>\n\n\n\n<p><strong><a href=\"https:\/\/liguegolfbfc.org\/wp-content\/uploads\/2025\/05\/RESULTATS-DAMES.pdf\" target=\"_blank\" rel=\"noreferrer noopener\">R\u00e9sultats 2025 Dames <\/a><\/strong><br>1\u00e8re U11 Filles\/ Prune Diguerher &#8211; 2e Camille Padieu &#8211; 3e Lisa Julien (Le Mans)<\/p>\n\n\n\n<figure class=\"wp-block-gallery has-nested-images columns-default is-cropped wp-block-gallery-4 is-layout-flex wp-block-gallery-is-layout-flex\">\n<figure class=\"wp-block-image size-large\"><a href=\"https:\/\/liguegolfbfc.org\/wp-content\/uploads\/2025\/05\/les-vainqueurs-dames.jpg\" data-rel=\"lightbox-gallery-UrTCSpeW\" data-rl_title=\"\" data-rl_caption=\"\" title=\"\"><img loading=\"lazy\" decoding=\"async\" width=\"1024\" height=\"1024\" data-id=\"17771\" src=\"https:\/\/liguegolfbfc.org\/wp-content\/uploads\/2025\/05\/les-vainqueurs-dames-1024x1024.jpg\" alt=\"\" class=\"wp-image-17771\" srcset=\"https:\/\/liguegolfbfc.org\/wp-content\/uploads\/2025\/05\/les-vainqueurs-dames-1024x1024.jpg 1024w, https:\/\/liguegolfbfc.org\/wp-content\/uploads\/2025\/05\/les-vainqueurs-dames-300x300.jpg 300w, https:\/\/liguegolfbfc.org\/wp-content\/uploads\/2025\/05\/les-vainqueurs-dames-150x150.jpg 150w, https:\/\/liguegolfbfc.org\/wp-content\/uploads\/2025\/05\/les-vainqueurs-dames-768x768.jpg 768w, https:\/\/liguegolfbfc.org\/wp-content\/uploads\/2025\/05\/les-vainqueurs-dames-550x550.jpg 550w, https:\/\/liguegolfbfc.org\/wp-content\/uploads\/2025\/05\/les-vainqueurs-dames.jpg 1440w\" sizes=\"auto, (max-width: 1024px) 100vw, 1024px\" \/><\/a><\/figure>\n\n\n\n<figure class=\"wp-block-image size-large\"><a href=\"https:\/\/liguegolfbfc.org\/wp-content\/uploads\/2025\/05\/Victoire-de-Prune-Diguerher.jpg\" data-rel=\"lightbox-gallery-UrTCSpeW\" data-rl_title=\"\" data-rl_caption=\"\" title=\"\"><img loading=\"lazy\" decoding=\"async\" width=\"1024\" height=\"1024\" data-id=\"17772\" src=\"https:\/\/liguegolfbfc.org\/wp-content\/uploads\/2025\/05\/Victoire-de-Prune-Diguerher-1024x1024.jpg\" alt=\"\" class=\"wp-image-17772\" srcset=\"https:\/\/liguegolfbfc.org\/wp-content\/uploads\/2025\/05\/Victoire-de-Prune-Diguerher-1024x1024.jpg 1024w, https:\/\/liguegolfbfc.org\/wp-content\/uploads\/2025\/05\/Victoire-de-Prune-Diguerher-300x300.jpg 300w, https:\/\/liguegolfbfc.org\/wp-content\/uploads\/2025\/05\/Victoire-de-Prune-Diguerher-150x150.jpg 150w, https:\/\/liguegolfbfc.org\/wp-content\/uploads\/2025\/05\/Victoire-de-Prune-Diguerher-768x768.jpg 768w, https:\/\/liguegolfbfc.org\/wp-content\/uploads\/2025\/05\/Victoire-de-Prune-Diguerher-550x550.jpg 550w, https:\/\/liguegolfbfc.org\/wp-content\/uploads\/2025\/05\/Victoire-de-Prune-Diguerher.jpg 1440w\" sizes=\"auto, (max-width: 1024px) 100vw, 1024px\" \/><\/a><\/figure>\n<\/figure>\n\n\n\n<p><strong><a href=\"https:\/\/liguegolfbfc.org\/wp-content\/uploads\/2025\/05\/Reslutats-M.pdf\" target=\"_blank\" rel=\"noreferrer noopener\">R\u00e9sultats Messieurs<\/a><\/strong><br>1er Christophe Ormancey (La Chassagne) &#8211; 2e Ewen Delample (Bourg en Bresse) &#8211; 3e Tibo Van De Nest (Str<\/p>\n\n\n\n<p><br><br><\/p>\n<\/div>\n<\/div>\n\n\n\n<hr class=\"wp-block-separator has-alpha-channel-opacity\"\/>\n\n\n\n<div class=\"wp-block-columns is-layout-flex wp-container-core-columns-is-layout-9d6595d7 wp-block-columns-is-layout-flex\">\n<div class=\"wp-block-column is-layout-flow wp-block-column-is-layout-flow\" style=\"flex-basis:33.33%\">\n<figure class=\"wp-block-gallery has-nested-images columns-default is-cropped wp-block-gallery-5 is-layout-flex wp-block-gallery-is-layout-flex\">\n<figure class=\"wp-block-image size-large\"><img loading=\"lazy\" decoding=\"async\" width=\"275\" height=\"413\" data-id=\"19689\" src=\"https:\/\/liguegolfbfc.org\/wp-content\/uploads\/2026\/03\/image004.jpg\" alt=\"\" class=\"wp-image-19689\" srcset=\"https:\/\/liguegolfbfc.org\/wp-content\/uploads\/2026\/03\/image004.jpg 275w, https:\/\/liguegolfbfc.org\/wp-content\/uploads\/2026\/03\/image004-200x300.jpg 200w\" sizes=\"auto, (max-width: 275px) 100vw, 275px\" \/><\/figure>\n<\/figure>\n<\/div>\n\n\n\n<div class=\"wp-block-column is-layout-flow wp-block-column-is-layout-flow\" style=\"flex-basis:66.66%\">\n<h2 class=\"wp-block-heading\">Grand Prix de Chailly<\/h2>\n\n\n\n<p><strong>13-14 juin 2026<\/strong><\/p>\n\n\n\n<p>Les informations officielles du Grand Prix sont \u00e0 consulter ci-dessous<br><br><\/p>\n\n\n\n<div class=\"wp-block-file\"><a id=\"wp-block-file--media-ff17770f-c65a-4f11-a0e3-30126b6a22f8\" href=\"https:\/\/liguegolfbfc.org\/wp-content\/uploads\/2026\/03\/bulletin-inscription-indiv-GP-2026-1.docx\">bulletin-inscription-indiv-GP-2026<\/a><a href=\"https:\/\/liguegolfbfc.org\/wp-content\/uploads\/2026\/03\/bulletin-inscription-indiv-GP-2026-1.docx\" class=\"wp-block-file__button wp-element-button\" download aria-describedby=\"wp-block-file--media-ff17770f-c65a-4f11-a0e3-30126b6a22f8\">T\u00e9l\u00e9charger<\/a><\/div>\n<\/div>\n<\/div>\n\n\n\n<hr class=\"wp-block-separator has-alpha-channel-opacity\"\/>\n\n\n\n<div class=\"wp-block-columns is-layout-flex wp-container-core-columns-is-layout-9d6595d7 wp-block-columns-is-layout-flex\">\n<div class=\"wp-block-column is-layout-flow wp-block-column-is-layout-flow\" style=\"flex-basis:33.33%\">\n<figure class=\"wp-block-gallery has-nested-images columns-default is-cropped wp-block-gallery-6 is-layout-flex wp-block-gallery-is-layout-flex\"><\/figure>\n<\/div>\n\n\n\n<div class=\"wp-block-column is-layout-flow wp-block-column-is-layout-flow\" style=\"flex-basis:66.66%\">\n<h2 class=\"wp-block-heading\">Grand Prix de Val de Sorne<\/h2>\n\n\n\n<p><strong>3-4-5 juillet 2026<\/strong> (3 tours)<\/p>\n\n\n\n<p><strong><a href=\"https:\/\/liguegolfbfc.org\/wp-content\/uploads\/2025\/07\/958c530179686_1b-re-sultats-sans-nouveaux-index.pdf\" target=\"_blank\" rel=\"noreferrer noopener\">R\u00e9sultats<\/a><\/strong> <strong>2025<\/strong><\/p>\n\n\n\n<p><strong>DAMES<\/strong><br>1 HEIL-ZASKURSKI, Manon GOLF ACADEMIE 57 1,2 70 71 141<br>2 HEYBERGER, Maelys MIONNAY 0,2 76 72 148<br>3 ELUECQUE-TOLETTI, Julie VAL DE SORNE 1,9 76 73 149<\/p>\n\n\n\n<p>8e PADIEU CAMILLE, Dijon Bourgogne \/ 82\/70<br>12e LEFEVRE Candice, Dijon Bourgogne 78\/83<br>13e PITAULT Rose, Dijon Bourgogne 81\/82<\/p>\n\n\n\n<p><strong>MESSIEURS<\/strong><br>1 GUIGUI-BARUCHEL, Samuel AIX LES BAINS +1,6 69 71 140<br>2 PHILIPPE, Edouard GOUVERNEUR +1,7 71 70 141<br>3 ROUSSEL, David DIJO<\/p>\n<\/div>\n<\/div>\n\n\n\n<hr class=\"wp-block-separator has-alpha-channel-opacity\"\/>\n\n\n\n<div class=\"wp-block-columns is-layout-flex wp-container-core-columns-is-layout-9d6595d7 wp-block-columns-is-layout-flex\">\n<div class=\"wp-block-column is-layout-flow wp-block-column-is-layout-flow\" style=\"flex-basis:33.33%\">\n<figure class=\"wp-block-gallery has-nested-images columns-default is-cropped wp-block-gallery-7 is-layout-flex wp-block-gallery-is-layout-flex\"><\/figure>\n<\/div>\n\n\n\n<div class=\"wp-block-column is-layout-flow wp-block-column-is-layout-flow\" style=\"flex-basis:66.66%\">\n<h2 class=\"wp-block-heading\">Grand Prix de ROUGEMONT LE CH\u00c2TEAU  <\/h2>\n\n\n\n<p><strong>21-22-23 ao\u00fbt 2026<\/strong><\/p>\n\n\n\n<p><br><strong><a href=\"https:\/\/pages.ffgolf.org\/resultats\/liste-competitions\/11e8981a0e94f3b33b69d3673b851e4d\" target=\"_blank\" rel=\"noreferrer noopener\">R\u00c9SULTATS<\/a><\/strong> <strong>2025<\/strong><br> <sup><strong>Dames<\/strong><\/sup><br>1ere Seiler Alix (Rhin) 77\/76<br>2e <strong>Tacquard Myl\u00e8ne<\/strong> (Prunevelle) 83\/80<br>3e <strong>Boireau Naila<\/strong> (Bournel) 75\/79<br><strong>Messieurs<\/strong><br>1er Widemann Alexandre (Rhin) 75\/64<br>2e Figueiredo Valentin (Bouleaux) 70\/70<br>3e <strong>Cevirgen Alan<\/strong> (Rougemont) 69\/75<\/p>\n\n\n\n<hr class=\"wp-block-separator has-alpha-channel-opacity\"\/>\n<\/div>\n<\/div>\n\n\n\n<hr class=\"wp-block-separator has-alpha-channel-opacity\"\/>\n\n\n\n<div class=\"wp-block-columns is-layout-flex wp-container-core-columns-is-layout-9d6595d7 wp-block-columns-is-layout-flex\">\n<div class=\"wp-block-column is-layout-flow wp-block-column-is-layout-flow\" style=\"flex-basis:33.33%\"><\/div>\n\n\n\n<div class=\"wp-block-column is-layout-flow wp-block-column-is-layout-flow\" style=\"flex-basis:66.66%\">\n<h2 class=\"wp-block-heading\">Nedey Classic Pro-Am et Nedey Classic<br>Grand Prix\/Omnium PRUNEVELLE <\/h2>\n\n\n\n<p><strong>18 au 21 septembre 2025<\/strong><\/p>\n\n\n\n<p>PRO AM |<strong> Bulletin d\u2019inscription<\/strong><br>OMNIUM : <strong>Modalit\u00e9 d&rsquo;inscriptions<\/strong> &#8211; <strong>R\u00e8glement de l&rsquo;\u00e9preuve<\/strong><\/p>\n<\/div>\n<\/div>\n\n\n\n<hr class=\"wp-block-separator has-alpha-channel-opacity\"\/>\n\n\n\n<div class=\"wp-block-columns is-layout-flex wp-container-core-columns-is-layout-9d6595d7 wp-block-columns-is-layout-flex\">\n<div class=\"wp-block-column is-layout-flow wp-block-column-is-layout-flow\" style=\"flex-basis:33.33%\"><\/div>\n\n\n\n<div class=\"wp-block-column is-layout-flow wp-block-column-is-layout-flow\" style=\"flex-basis:66.66%\">\n<h2 class=\"wp-block-heading\">Grand Prix de la Chassagne<\/h2>\n\n\n\n<p><strong>3-4 octobre 2026<\/strong><\/p>\n\n\n\n<p><br><strong><a href=\"https:\/\/liguegolfbfc.org\/wp-content\/uploads\/2025\/10\/Resultats-GP-La-Chassagne-2025.pdf\">R\u00e9sultats<\/a><\/strong> <strong>2025<\/strong><\/p>\n\n\n\n<p>1 <strong>GIRE Alban<\/strong> RCF LA BOULIE 1,0 77 66 143<br>2 <strong>JERONIMO Evan <\/strong>BOULEAUX +1,0 77 66 143<br>3 <strong>RAT Jules<\/strong> CHASSAGNE PRO 79 66 145<\/p>\n\n\n\n<p>1 <strong>PITAULT Rose<\/strong> DIJON BOURGOGNE 5,5 80 76 156<br>2 <strong>ELUECQUE-TOLETTI Julie<\/strong> VAL DE SORNE 0,2 80 83 163<br>3 <strong>BOENI Margot<\/strong> KEMPFERHOF 3,2 85 84 169<\/p>\n\n\n\n<div class=\"wp-block-columns is-layout-flex wp-container-core-columns-is-layout-9d6595d7 wp-block-columns-is-layout-flex\">\n<div class=\"wp-block-column is-layout-flow wp-block-column-is-layout-flow\">\n<figure class=\"wp-block-image size-large\"><img loading=\"lazy\" decoding=\"async\" width=\"1024\" height=\"537\" src=\"https:\/\/liguegolfbfc.org\/wp-content\/uploads\/2025\/10\/557654724_1313437990794223_7370591260732056545_n-1024x537.jpg\" alt=\"\" class=\"wp-image-19030\" srcset=\"https:\/\/liguegolfbfc.org\/wp-content\/uploads\/2025\/10\/557654724_1313437990794223_7370591260732056545_n-1024x537.jpg 1024w, https:\/\/liguegolfbfc.org\/wp-content\/uploads\/2025\/10\/557654724_1313437990794223_7370591260732056545_n-300x157.jpg 300w, https:\/\/liguegolfbfc.org\/wp-content\/uploads\/2025\/10\/557654724_1313437990794223_7370591260732056545_n-768x402.jpg 768w, https:\/\/liguegolfbfc.org\/wp-content\/uploads\/2025\/10\/557654724_1313437990794223_7370591260732056545_n.jpg 1250w\" sizes=\"auto, (max-width: 1024px) 100vw, 1024px\" \/><\/figure>\n<\/div>\n\n\n\n<div class=\"wp-block-column is-layout-flow wp-block-column-is-layout-flow\">\n<figure class=\"wp-block-gallery has-nested-images columns-default is-cropped wp-block-gallery-8 is-layout-flex wp-block-gallery-is-layout-flex\">\n<figure class=\"wp-block-image size-large\"><img loading=\"lazy\" decoding=\"async\" width=\"530\" height=\"278\" data-id=\"19031\" src=\"https:\/\/liguegolfbfc.org\/wp-content\/uploads\/2025\/10\/SITE-CHASSAGNE-Rose-Pitault-1.jpg\" alt=\"\" class=\"wp-image-19031\" srcset=\"https:\/\/liguegolfbfc.org\/wp-content\/uploads\/2025\/10\/SITE-CHASSAGNE-Rose-Pitault-1.jpg 530w, https:\/\/liguegolfbfc.org\/wp-content\/uploads\/2025\/10\/SITE-CHASSAGNE-Rose-Pitault-1-300x157.jpg 300w\" sizes=\"auto, (max-width: 530px) 100vw, 530px\" \/><\/figure>\n<\/figure>\n<\/div>\n<\/div>\n\n\n\n<div class=\"wp-block-columns is-layout-flex wp-container-core-columns-is-layout-9d6595d7 wp-block-columns-is-layout-flex\">\n<div class=\"wp-block-column is-layout-flow wp-block-column-is-layout-flow\">\n<figure class=\"wp-block-gallery has-nested-images columns-default is-cropped wp-block-gallery-9 is-layout-flex wp-block-gallery-is-layout-flex\">\n<figure class=\"wp-block-image size-large\"><img loading=\"lazy\" decoding=\"async\" width=\"1024\" height=\"537\" data-id=\"19033\" src=\"https:\/\/liguegolfbfc.org\/wp-content\/uploads\/2025\/10\/559900608_1313438577460831_6147580666131089008_n-1024x537.jpg\" alt=\"\" class=\"wp-image-19033\" srcset=\"https:\/\/liguegolfbfc.org\/wp-content\/uploads\/2025\/10\/559900608_1313438577460831_6147580666131089008_n-1024x537.jpg 1024w, https:\/\/liguegolfbfc.org\/wp-content\/uploads\/2025\/10\/559900608_1313438577460831_6147580666131089008_n-300x157.jpg 300w, https:\/\/liguegolfbfc.org\/wp-content\/uploads\/2025\/10\/559900608_1313438577460831_6147580666131089008_n-768x402.jpg 768w, https:\/\/liguegolfbfc.org\/wp-content\/uploads\/2025\/10\/559900608_1313438577460831_6147580666131089008_n.jpg 1250w\" sizes=\"auto, (max-width: 1024px) 100vw, 1024px\" \/><\/figure>\n<\/figure>\n<\/div>\n\n\n\n<div class=\"wp-block-column is-layout-flow wp-block-column-is-layout-flow\">\n<figure class=\"wp-block-gallery has-nested-images columns-default is-cropped wp-block-gallery-10 is-layout-flex wp-block-gallery-is-layout-flex\">\n<figure class=\"wp-block-image size-large\"><img loading=\"lazy\" decoding=\"async\" width=\"1024\" height=\"537\" data-id=\"19034\" src=\"https:\/\/liguegolfbfc.org\/wp-content\/uploads\/2025\/10\/558741362_1313438590794163_7965060379962142379_n-1024x537.jpg\" alt=\"\" class=\"wp-image-19034\" srcset=\"https:\/\/liguegolfbfc.org\/wp-content\/uploads\/2025\/10\/558741362_1313438590794163_7965060379962142379_n-1024x537.jpg 1024w, https:\/\/liguegolfbfc.org\/wp-content\/uploads\/2025\/10\/558741362_1313438590794163_7965060379962142379_n-300x157.jpg 300w, https:\/\/liguegolfbfc.org\/wp-content\/uploads\/2025\/10\/558741362_1313438590794163_7965060379962142379_n-768x402.jpg 768w, https:\/\/liguegolfbfc.org\/wp-content\/uploads\/2025\/10\/558741362_1313438590794163_7965060379962142379_n.jpg 1189w\" sizes=\"auto, (max-width: 1024px) 100vw, 1024px\" \/><\/figure>\n<\/figure>\n<\/div>\n<\/div>\n\n\n\n<div class=\"wp-block-columns is-layout-flex wp-container-core-columns-is-layout-9d6595d7 wp-block-columns-is-layout-flex\">\n<div class=\"wp-block-column is-layout-flow wp-block-column-is-layout-flow\">\n<figure class=\"wp-block-gallery has-nested-images columns-default is-cropped wp-block-gallery-11 is-layout-flex wp-block-gallery-is-layout-flex\">\n<figure class=\"wp-block-image size-large\"><img loading=\"lazy\" decoding=\"async\" width=\"1024\" height=\"537\" data-id=\"19035\" src=\"https:\/\/liguegolfbfc.org\/wp-content\/uploads\/2025\/10\/559184467_1313438584127497_2343089275002645224_n-1024x537.jpg\" alt=\"\" class=\"wp-image-19035\" srcset=\"https:\/\/liguegolfbfc.org\/wp-content\/uploads\/2025\/10\/559184467_1313438584127497_2343089275002645224_n-1024x537.jpg 1024w, https:\/\/liguegolfbfc.org\/wp-content\/uploads\/2025\/10\/559184467_1313438584127497_2343089275002645224_n-300x157.jpg 300w, https:\/\/liguegolfbfc.org\/wp-content\/uploads\/2025\/10\/559184467_1313438584127497_2343089275002645224_n-768x402.jpg 768w, https:\/\/liguegolfbfc.org\/wp-content\/uploads\/2025\/10\/559184467_1313438584127497_2343089275002645224_n.jpg 1250w\" sizes=\"auto, (max-width: 1024px) 100vw, 1024px\" \/><\/figure>\n<\/figure>\n<\/div>\n\n\n\n<div class=\"wp-block-column is-layout-flow wp-block-column-is-layout-flow\">\n<figure class=\"wp-block-gallery has-nested-images columns-default is-cropped wp-block-gallery-12 is-layout-flex wp-block-gallery-is-layout-flex\">\n<figure class=\"wp-block-image size-large\"><img loading=\"lazy\" decoding=\"async\" width=\"1024\" height=\"537\" data-id=\"19037\" src=\"https:\/\/liguegolfbfc.org\/wp-content\/uploads\/2025\/10\/561293492_1313438580794164_1696837035232898016_n-1024x537.jpg\" alt=\"\" class=\"wp-image-19037\" srcset=\"https:\/\/liguegolfbfc.org\/wp-content\/uploads\/2025\/10\/561293492_1313438580794164_1696837035232898016_n-1024x537.jpg 1024w, https:\/\/liguegolfbfc.org\/wp-content\/uploads\/2025\/10\/561293492_1313438580794164_1696837035232898016_n-300x157.jpg 300w, https:\/\/liguegolfbfc.org\/wp-content\/uploads\/2025\/10\/561293492_1313438580794164_1696837035232898016_n-768x402.jpg 768w, https:\/\/liguegolfbfc.org\/wp-content\/uploads\/2025\/10\/561293492_1313438580794164_1696837035232898016_n.jpg 1250w\" sizes=\"auto, (max-width: 1024px) 100vw, 1024px\" \/><\/figure>\n<\/figure>\n<\/div>\n<\/div>\n<\/div>\n<\/div>\n\n\n\n<p><\/p>\n\n\n\n<p><br><\/p>\n\n\n\n<p><\/p>\n","protected":false},"excerpt":{"rendered":"<p>Les d\u00e9parts du 1er tour des comp\u00e9titions individuelles et par \u00e9quipe sont publi\u00e9es sur le Site Internet de la Ligue et\/ou sur la Page Facebook, au plus tard la veille de l\u2019\u00e9preuve. Les participants peuvent aussi contacter directement le Club ou utiliser l\u2019application FFGolf via leur smartphone pour connaitre leur horaire de d\u00e9part. La Ligue [&hellip;]<\/p>\n","protected":false},"author":1,"featured_media":0,"parent":0,"menu_order":0,"comment_status":"closed","ping_status":"closed","template":"page-templates\/page-full-width.php","meta":{"footnotes":""},"class_list":["post-103","page","type-page","status-publish","hentry"],"jetpack_sharing_enabled":true,"_links":{"self":[{"href":"https:\/\/liguegolfbfc.org\/index.php\/wp-json\/wp\/v2\/pages\/103","targetHints":{"allow":["GET"]}}],"collection":[{"href":"https:\/\/liguegolfbfc.org\/index.php\/wp-json\/wp\/v2\/pages"}],"about":[{"href":"https:\/\/liguegolfbfc.org\/index.php\/wp-json\/wp\/v2\/types\/page"}],"author":[{"embeddable":true,"href":"https:\/\/liguegolfbfc.org\/index.php\/wp-json\/wp\/v2\/users\/1"}],"replies":[{"embeddable":true,"href":"https:\/\/liguegolfbfc.org\/index.php\/wp-json\/wp\/v2\/comments?post=103"}],"version-history":[{"count":321,"href":"https:\/\/liguegolfbfc.org\/index.php\/wp-json\/wp\/v2\/pages\/103\/revisions"}],"predecessor-version":[{"id":20230,"href":"https:\/\/liguegolfbfc.org\/index.php\/wp-json\/wp\/v2\/pages\/103\/revisions\/20230"}],"wp:attachment":[{"href":"https:\/\/liguegolfbfc.org\/index.php\/wp-json\/wp\/v2\/media?parent=103"}],"curies":[{"name":"wp","href":"https:\/\/api.w.org\/{rel}","templated":true}]}}